{"id":845,"date":"2024-06-11T15:17:58","date_gmt":"2024-06-11T13:17:58","guid":{"rendered":"https:\/\/masterproducts.store\/?page_id=845"},"modified":"2024-06-13T00:43:18","modified_gmt":"2024-06-12T22:43:18","slug":"datenschutzbestimmungen","status":"publish","type":"page","link":"https:\/\/masterproducts.store\/de\/datenschutzbestimmungen\/","title":{"rendered":"Datenschutzbestimmungen"},"content":{"rendered":"<h2>Datenschutzrichtlinie<\/h2>\n<p>Diese Datenschutzrichtlinie gilt, wenn die Website &#8218;masterproducts.store&#8216;, die im Besitz von Master Products Inoxidable S.L. ist, genutzt wird und wenn die auf der Website verf\u00fcgbaren Kontaktmittel (Telefon, E-Mail und soziale Medien) genutzt werden.<br \/>\nMaster Products Inoxidable S.L. verarbeitet Daten rechtm\u00e4\u00dfig, fair und transparent. Es verarbeitet nur Daten, die angemessen, relevant und auf das Notwendige beschr\u00e4nkt sind, in Bezug auf die Zwecke, f\u00fcr die sie erhoben werden, und verarbeitet sie nicht f\u00fcr Zwecke, die mit diesen unvereinbar sind.<br \/>\nDiese Richtlinie ist dauerhaft \u00fcber den auf der Website aktivierten Link \u201eDatenschutz\u201c zug\u00e4nglich und kann jederzeit aufgrund einer gesetzlichen \u00c4nderung oder durch \u00c4nderung der Dienstkonfiguration oder der ausge\u00fcbten Gesch\u00e4ftst\u00e4tigkeit aktualisiert werden.<\/p>\n<p>Wer ist f\u00fcr die Datenverarbeitung verantwortlich?<br \/>\nUnternehmen: Master Products Inoxidable S.L.<br \/>\nCIF: B55310817<br \/>\nPostanschrift: Pol. Ind. Ve\u00efnat de la Banyeta Nova 10, 17843 \u2013 Palol de Revardit (Girona)<br \/>\nTelefon: +34 972.299.355<br \/>\nE-Mail: info@masterproducts.es<\/p>\n<p>Zu welchen Zwecken und auf welcher Rechtsgrundlage verarbeiten wir die Daten?<br \/>\nZum Surfen auf der Website &#8218;masterproducts.store&#8216; m\u00fcssen keine Daten bereitgestellt werden. Die Pflicht zur Beantwortung der gestellten Fragen oder zur Bereitstellung der \u00fcber die Website angeforderten Daten wird durch ein Sternchen (*) nach der Frage oder dem Formularfeld angezeigt. Wenn die erforderlichen Daten nicht bereitgestellt werden, ist es nicht m\u00f6glich, den angeforderten Service oder die Funktionalit\u00e4t bereitzustellen.<br \/>\nBei Master Products Inoxidable S.L. verarbeiten wir die registrierten Informationen f\u00fcr die folgenden Zwecke:<br \/>\nKontakt: Die \u00fcber das Kontaktformular der Website oder \u00fcber andere auf der Website bereitgestellte Kontaktmittel erhaltenen Daten werden verwendet, um Anfragen oder gemeldete Vorf\u00e4lle zu verwalten. Die Rechtsgrundlage f\u00fcr die Verarbeitung ist die Einwilligung der betroffenen Person und das berechtigte Interesse von Master Products Inoxidable S.L., die erhaltenen Anfragen zu beantworten und zu verwalten.<br \/>\nAus\u00fcbung von Rechten durch betroffene Personen: Die bereitgestellten Daten werden verwendet, um auf Anfragen von betroffenen Personen zu reagieren, die ihre Rechte gem\u00e4\u00df den Datenschutzbestimmungen aus\u00fcben. Die Rechtsgrundlage f\u00fcr die Verarbeitung ist die Erf\u00fcllung einer rechtlichen Verpflichtung.<br \/>\nDatenschutz-Benachrichtigungen: Die bereitgestellten Daten werden verwendet, um Vorf\u00e4lle und Benachrichtigungen im Zusammenhang mit der Sicherheit gem\u00e4\u00df den Datenschutzbestimmungen zu verwalten. Die Rechtsgrundlage f\u00fcr die Verarbeitung ist die Erf\u00fcllung einer rechtlichen Verpflichtung.<br \/>\nMaster Products Inoxidable S.L. verwendet Cookies, die keine R\u00fcckschl\u00fcsse auf personenbezogene Daten der Besucher zulassen. F\u00fcr die Richtlinie zur Installation und Verwaltung von Datenspeicher- und Abrufger\u00e4ten auf Endger\u00e4ten der Website siehe die Cookie-Richtlinie.<br \/>\nMaster Products Inoxidable S.L. wird personenbezogene Daten der betroffenen Personen nur in \u00dcbereinstimmung mit den in dieser Richtlinie beschriebenen Zwecken verarbeiten. Die betroffenen Personen werden \u00fcber die Verarbeitung ihrer Daten in den oben genannten Bedingungen durch die Annahme dieser Datenschutzrichtlinie in den entsprechenden Abschnitten der auf der Website vorgesehenen Formulare informiert.<br \/>\nDie bereitgestellten und erhobenen Daten werden nur f\u00fcr die notwendige Zeit und f\u00fcr die Zwecke verarbeitet, f\u00fcr die sie zu jedem Zeitpunkt erhoben wurden, sowie um m\u00f6gliche Verantwortlichkeiten zu bestimmen, die sich aus den Verarbeitungszwecken ergeben k\u00f6nnen. Master Products Inoxidable S.L. hat unterschiedliche Aufbewahrungsfristen in Abh\u00e4ngigkeit von der Art der Daten und dem anwendbaren Zweck ihrer Verarbeitung festgelegt.<br \/>\nDie Benutzer sollten davon absehen, personenbezogene Daten anderer betroffener Personen bereitzustellen, es sei denn, sie verf\u00fcgen \u00fcber die entsprechende Genehmigung, wonach diese betroffenen Personen zuvor und ordnungsgem\u00e4\u00df \u00fcber den Inhalt dieser Datenschutzrichtlinie informiert wurden und insbesondere der Weitergabe ihrer Daten an Master Products Inoxidable S.L. zugestimmt haben, um sie entsprechend den entsprechenden Zwecken zu verarbeiten.<\/p>\n<p>An wen werden die Daten weitergegeben?<br \/>\nMaster Products Inoxidable S.L. gibt keine personenbezogenen Daten an Dritte weiter, es sei denn, ein Gesetz mit Gesetzesrang sieht etwas anderes vor oder es ist notwendig, um den beauftragten Service zu erbringen. Master Products Inoxidable S.L. kann personenbezogene Daten an die zust\u00e4ndigen Beh\u00f6rden weitergeben: Finanz- und Zollbeh\u00f6rden, Justizbeh\u00f6rden, Strafverfolgungsbeh\u00f6rden und alle anderen Empf\u00e4nger, die gem\u00e4\u00df den geltenden Vorschriften anwendbar sind.<br \/>\nDie von uns verarbeiteten Daten werden nur in den Einrichtungen unseres Dienstanbieters innerhalb des Gebiets der Europ\u00e4ischen Union gespeichert.<\/p>\n<p>Welche Rechte haben Sie in Bezug auf Ihre Daten?<br \/>\nJeder hat das Recht, eine Best\u00e4tigung dar\u00fcber zu erhalten, ob Master Products Inoxidable S.L. personenbezogene Daten verarbeitet, die ihn betreffen, auf seine personenbezogenen Daten zuzugreifen und die Berichtigung ungenauer Daten oder die Vervollst\u00e4ndigung unvollst\u00e4ndiger Daten zu verlangen.<br \/>\nSie haben auch das Recht, die L\u00f6schung ihrer Daten zu verlangen, wenn die Daten unter anderem f\u00fcr die Zwecke, f\u00fcr die sie erhoben wurden, nicht mehr erforderlich sind. Master Products Inoxidable S.L. wird diese unverz\u00fcglich l\u00f6schen, es sei denn, es ist notwendig, sie zur Erf\u00fcllung einer rechtlichen Verpflichtung oder zur Geltendmachung, Aus\u00fcbung oder Verteidigung von Anspr\u00fcchen aufzubewahren.<br \/>\nUnter bestimmten Umst\u00e4nden k\u00f6nnen betroffene Personen die Einschr\u00e4nkung der Verarbeitung ihrer Daten verlangen, in diesem Fall werden sie gesperrt und k\u00f6nnen nur zur Geltendmachung, Aus\u00fcbung oder Verteidigung von Anspr\u00fcchen verarbeitet werden.<br \/>\nEbenso haben betroffene Personen unter bestimmten Umst\u00e4nden das Recht, die personenbezogenen Daten, die sie Master Products Inoxidable S.L. bereitgestellt haben, in einem strukturierten, g\u00e4ngigen und maschinenlesbaren Format zu erhalten.<br \/>\nUnter bestimmten Umst\u00e4nden und aus Gr\u00fcnden, die sich auf ihre besondere Situation beziehen, k\u00f6nnen sie der Verarbeitung ihrer Daten widersprechen, und Master Products Inoxidable S.L. wird die Verarbeitung einstellen, es sei denn, es liegen zwingende berechtigte Gr\u00fcnde vor oder die Verarbeitung dient der Geltendmachung, Aus\u00fcbung oder Verteidigung von Anspr\u00fcchen.<br \/>\nAlle diese Rechte k\u00f6nnen jederzeit ausge\u00fcbt werden, indem ein Antrag per Post an die Rechtsabteilung von Master Products Inoxidable S.L. an die folgende Adresse geschickt wird: Pol. Ind. Ve\u00efnat de la Banyeta Nova 10, 17843 \u2013 Palol de Revardit (Girona); oder per E-Mail an info@masterproducts.es.<br \/>\nWenn die Einwilligung der betroffenen Person zur Verarbeitung der Daten eingeholt wurde, kann diese jederzeit widerrufen werden, indem dies unter den im vorherigen Absatz beschriebenen Bedingungen mitgeteilt wird. Dieser Widerruf hat keine r\u00fcckwirkende Wirkung.<br \/>\nWenn die betroffene Person der Ansicht ist, dass sie bei der Aus\u00fcbung ihrer Rechte nicht zufriedenstellend behandelt wurde, kann sie eine Beschwerde bei der spanischen Datenschutzbeh\u00f6rde, der zust\u00e4ndigen Aufsichtsbeh\u00f6rde f\u00fcr Datenschutz, einreichen. Die Kontaktdaten lauten: Calle Jorge Juan 6 \u2013 28001 Madrid.<\/p>\n<p>&nbsp;<\/p>\n<p>&nbsp;<\/p>\n<p>&nbsp;<\/p>\n","protected":false},"excerpt":{"rendered":"<p>Datenschutzrichtlinie Diese Datenschutzrichtlinie gilt, wenn die Website &#8218;masterproducts.store&#8216;, die im Besitz von Master Products Inoxidable S.L. ist, genutzt wird und wenn die auf der Website verf\u00fcgbaren Kontaktmittel (Telefon, E-Mail und soziale Medien) genutzt werden. Master Products Inoxidable S.L. verarbeitet Daten rechtm\u00e4\u00dfig, fair und transparent. Es verarbeitet nur Daten, die angemessen, relevant und auf das Notwendige&#8230;<\/p>\n","protected":false},"author":1,"featured_media":0,"parent":0,"menu_order":0,"comment_status":"closed","ping_status":"closed","template":"","meta":{"footnotes":""},"class_list":["post-845","page","type-page","status-publish","hentry"],"yoast_head":"<!-- This site is optimized with the Yoast SEO plugin v27.4 - https:\/\/yoast.com\/product\/yoast-seo-wordpress\/ -->\n<title>Datenschutzbestimmungen - Master Products Store<\/title>\n<meta name=\"robots\" content=\"index, follow, max-snippet:-1, max-image-preview:large, max-video-preview:-1\" \/>\n<link rel=\"canonical\" href=\"https:\/\/masterproducts.store\/de\/datenschutzbestimmungen\/\" \/>\n<meta property=\"og:locale\" content=\"de_DE\" \/>\n<meta property=\"og:type\" content=\"article\" \/>\n<meta property=\"og:title\" content=\"Datenschutzbestimmungen - Master Products Store\" \/>\n<meta property=\"og:description\" content=\"Datenschutzrichtlinie Diese Datenschutzrichtlinie gilt, wenn die Website &#8218;masterproducts.store&#8216;, die im Besitz von Master Products Inoxidable S.L. ist, genutzt wird und wenn die auf der Website verf\u00fcgbaren Kontaktmittel (Telefon, E-Mail und soziale Medien) genutzt werden. Master Products Inoxidable S.L. verarbeitet Daten rechtm\u00e4\u00dfig, fair und transparent. Es verarbeitet nur Daten, die angemessen, relevant und auf das Notwendige...\" \/>\n<meta property=\"og:url\" content=\"https:\/\/masterproducts.store\/de\/datenschutzbestimmungen\/\" \/>\n<meta property=\"og:site_name\" content=\"Master Products Store\" \/>\n<meta property=\"article:publisher\" content=\"https:\/\/www.facebook.com\/masterproductsofficial\" \/>\n<meta property=\"article:modified_time\" content=\"2024-06-12T22:43:18+00:00\" \/>\n<meta name=\"twitter:card\" content=\"summary_large_image\" \/>\n<meta name=\"twitter:label1\" content=\"Gesch\u00e4tzte Lesezeit\" \/>\n\t<meta name=\"twitter:data1\" content=\"5\u00a0Minuten\" \/>\n<script type=\"application\/ld+json\" class=\"yoast-schema-graph\">{\"@context\":\"https:\\\/\\\/schema.org\",\"@graph\":[{\"@type\":\"WebPage\",\"@id\":\"https:\\\/\\\/masterproducts.store\\\/de\\\/datenschutzbestimmungen\\\/\",\"url\":\"https:\\\/\\\/masterproducts.store\\\/de\\\/datenschutzbestimmungen\\\/\",\"name\":\"Datenschutzbestimmungen - Master Products Store\",\"isPartOf\":{\"@id\":\"https:\\\/\\\/masterproducts.store\\\/de\\\/#website\"},\"datePublished\":\"2024-06-11T13:17:58+00:00\",\"dateModified\":\"2024-06-12T22:43:18+00:00\",\"breadcrumb\":{\"@id\":\"https:\\\/\\\/masterproducts.store\\\/de\\\/datenschutzbestimmungen\\\/#breadcrumb\"},\"inLanguage\":\"de\",\"potentialAction\":[{\"@type\":\"ReadAction\",\"target\":[\"https:\\\/\\\/masterproducts.store\\\/de\\\/datenschutzbestimmungen\\\/\"]}]},{\"@type\":\"BreadcrumbList\",\"@id\":\"https:\\\/\\\/masterproducts.store\\\/de\\\/datenschutzbestimmungen\\\/#breadcrumb\",\"itemListElement\":[{\"@type\":\"ListItem\",\"position\":1,\"name\":\"Portada\",\"item\":\"https:\\\/\\\/masterproducts.store\\\/de\\\/\"},{\"@type\":\"ListItem\",\"position\":2,\"name\":\"Datenschutzbestimmungen\"}]},{\"@type\":\"WebSite\",\"@id\":\"https:\\\/\\\/masterproducts.store\\\/de\\\/#website\",\"url\":\"https:\\\/\\\/masterproducts.store\\\/de\\\/\",\"name\":\"Master Products Store\",\"description\":\"Equipos de Poscosecha para cannabis, \u00a1A tu alcance!\",\"publisher\":{\"@id\":\"https:\\\/\\\/masterproducts.store\\\/de\\\/#organization\"},\"potentialAction\":[{\"@type\":\"SearchAction\",\"target\":{\"@type\":\"EntryPoint\",\"urlTemplate\":\"https:\\\/\\\/masterproducts.store\\\/de\\\/?s={search_term_string}\"},\"query-input\":{\"@type\":\"PropertyValueSpecification\",\"valueRequired\":true,\"valueName\":\"search_term_string\"}}],\"inLanguage\":\"de\"},{\"@type\":\"Organization\",\"@id\":\"https:\\\/\\\/masterproducts.store\\\/de\\\/#organization\",\"name\":\"Master Products Store\",\"url\":\"https:\\\/\\\/masterproducts.store\\\/de\\\/\",\"logo\":{\"@type\":\"ImageObject\",\"inLanguage\":\"de\",\"@id\":\"https:\\\/\\\/masterproducts.store\\\/de\\\/#\\\/schema\\\/logo\\\/image\\\/\",\"url\":\"https:\\\/\\\/masterproducts.store\\\/wp-content\\\/uploads\\\/2024\\\/06\\\/MP-Logotip_png-1024x188-1.png\",\"contentUrl\":\"https:\\\/\\\/masterproducts.store\\\/wp-content\\\/uploads\\\/2024\\\/06\\\/MP-Logotip_png-1024x188-1.png\",\"width\":1024,\"height\":188,\"caption\":\"Master Products Store\"},\"image\":{\"@id\":\"https:\\\/\\\/masterproducts.store\\\/de\\\/#\\\/schema\\\/logo\\\/image\\\/\"},\"sameAs\":[\"https:\\\/\\\/www.facebook.com\\\/masterproductsofficial\"]}]}<\/script>\n<!-- \/ Yoast SEO plugin. -->","yoast_head_json":{"title":"Datenschutzbestimmungen - Master Products Store","robots":{"index":"index","follow":"follow","max-snippet":"max-snippet:-1","max-image-preview":"max-image-preview:large","max-video-preview":"max-video-preview:-1"},"canonical":"https:\/\/masterproducts.store\/de\/datenschutzbestimmungen\/","og_locale":"de_DE","og_type":"article","og_title":"Datenschutzbestimmungen - Master Products Store","og_description":"Datenschutzrichtlinie Diese Datenschutzrichtlinie gilt, wenn die Website &#8218;masterproducts.store&#8216;, die im Besitz von Master Products Inoxidable S.L. ist, genutzt wird und wenn die auf der Website verf\u00fcgbaren Kontaktmittel (Telefon, E-Mail und soziale Medien) genutzt werden. Master Products Inoxidable S.L. verarbeitet Daten rechtm\u00e4\u00dfig, fair und transparent. Es verarbeitet nur Daten, die angemessen, relevant und auf das Notwendige...","og_url":"https:\/\/masterproducts.store\/de\/datenschutzbestimmungen\/","og_site_name":"Master Products Store","article_publisher":"https:\/\/www.facebook.com\/masterproductsofficial","article_modified_time":"2024-06-12T22:43:18+00:00","twitter_card":"summary_large_image","twitter_misc":{"Gesch\u00e4tzte Lesezeit":"5\u00a0Minuten"},"schema":{"@context":"https:\/\/schema.org","@graph":[{"@type":"WebPage","@id":"https:\/\/masterproducts.store\/de\/datenschutzbestimmungen\/","url":"https:\/\/masterproducts.store\/de\/datenschutzbestimmungen\/","name":"Datenschutzbestimmungen - Master Products Store","isPartOf":{"@id":"https:\/\/masterproducts.store\/de\/#website"},"datePublished":"2024-06-11T13:17:58+00:00","dateModified":"2024-06-12T22:43:18+00:00","breadcrumb":{"@id":"https:\/\/masterproducts.store\/de\/datenschutzbestimmungen\/#breadcrumb"},"inLanguage":"de","potentialAction":[{"@type":"ReadAction","target":["https:\/\/masterproducts.store\/de\/datenschutzbestimmungen\/"]}]},{"@type":"BreadcrumbList","@id":"https:\/\/masterproducts.store\/de\/datenschutzbestimmungen\/#breadcrumb","itemListElement":[{"@type":"ListItem","position":1,"name":"Portada","item":"https:\/\/masterproducts.store\/de\/"},{"@type":"ListItem","position":2,"name":"Datenschutzbestimmungen"}]},{"@type":"WebSite","@id":"https:\/\/masterproducts.store\/de\/#website","url":"https:\/\/masterproducts.store\/de\/","name":"Master Products Store","description":"Equipos de Poscosecha para cannabis, \u00a1A tu alcance!","publisher":{"@id":"https:\/\/masterproducts.store\/de\/#organization"},"potentialAction":[{"@type":"SearchAction","target":{"@type":"EntryPoint","urlTemplate":"https:\/\/masterproducts.store\/de\/?s={search_term_string}"},"query-input":{"@type":"PropertyValueSpecification","valueRequired":true,"valueName":"search_term_string"}}],"inLanguage":"de"},{"@type":"Organization","@id":"https:\/\/masterproducts.store\/de\/#organization","name":"Master Products Store","url":"https:\/\/masterproducts.store\/de\/","logo":{"@type":"ImageObject","inLanguage":"de","@id":"https:\/\/masterproducts.store\/de\/#\/schema\/logo\/image\/","url":"https:\/\/masterproducts.store\/wp-content\/uploads\/2024\/06\/MP-Logotip_png-1024x188-1.png","contentUrl":"https:\/\/masterproducts.store\/wp-content\/uploads\/2024\/06\/MP-Logotip_png-1024x188-1.png","width":1024,"height":188,"caption":"Master Products Store"},"image":{"@id":"https:\/\/masterproducts.store\/de\/#\/schema\/logo\/image\/"},"sameAs":["https:\/\/www.facebook.com\/masterproductsofficial"]}]}},"_links":{"self":[{"href":"https:\/\/masterproducts.store\/de\/wp-json\/wp\/v2\/pages\/845","targetHints":{"allow":["GET"]}}],"collection":[{"href":"https:\/\/masterproducts.store\/de\/wp-json\/wp\/v2\/pages"}],"about":[{"href":"https:\/\/masterproducts.store\/de\/wp-json\/wp\/v2\/types\/page"}],"author":[{"embeddable":true,"href":"https:\/\/masterproducts.store\/de\/wp-json\/wp\/v2\/users\/1"}],"replies":[{"embeddable":true,"href":"https:\/\/masterproducts.store\/de\/wp-json\/wp\/v2\/comments?post=845"}],"version-history":[{"count":0,"href":"https:\/\/masterproducts.store\/de\/wp-json\/wp\/v2\/pages\/845\/revisions"}],"wp:attachment":[{"href":"https:\/\/masterproducts.store\/de\/wp-json\/wp\/v2\/media?parent=845"}],"curies":[{"name":"wp","href":"https:\/\/api.w.org\/{rel}","templated":true}]}}