{"id":1752,"date":"2025-02-27T10:25:26","date_gmt":"2025-02-27T09:25:26","guid":{"rendered":"https:\/\/masterproducts.store\/?post_type=product&#038;p=1752"},"modified":"2025-12-15T11:18:52","modified_gmt":"2025-12-15T10:18:52","slug":"mx-ice-200-lite","status":"publish","type":"product","link":"https:\/\/masterproducts.store\/de\/producto\/mx-ice-200-lite\/","title":{"rendered":"MX Ice 200 LiTE"},"content":{"rendered":"<section class=\"l-section wpb_row height_medium\"><div class=\"l-section-h i-cf\"><div class=\"g-cols vc_row via_grid cols_1 laptops-cols_inherit tablets-cols_inherit mobiles-cols_1 valign_top type_default stacking_default\"><div class=\"wpb_column vc_column_container\"><div class=\"vc_column-inner\"><nav class=\"g-breadcrumbs separator_custom align_none hide_current\" itemscope itemtype=\"http:\/\/schema.org\/BreadcrumbList\"><div class=\"g-breadcrumbs-item\" itemscope itemprop=\"itemListElement\" itemtype=\"http:\/\/schema.org\/ListItem\"><a itemprop=\"item\" href=\"https:\/\/masterproducts.store\/de\/\"><span itemprop=\"name\">Start<\/span><\/a><meta itemprop=\"position\" content=\"1\"\/><\/div><div class=\"g-breadcrumbs-separator\">\/<\/div><div class=\"g-breadcrumbs-item\">Seiten<\/div><\/nav><div class=\"w-separator size_small\"><\/div><h1 class=\"w-post-elm post_title entry-title color_link_inherit\">MX Ice 200 LiTE<\/h1><div class=\"w-separator size_small\"><\/div><div class=\"wpb_text_column\"><div class=\"wpb_wrapper\"><h2 class=\"titulo-slider-destacado-lite\">DIE BUBBLE-HASCH-REVOLUTION<br \/>\nIST HIER!<\/h2>\n<\/div><\/div><div class=\"w-separator size_medium\"><\/div><div class=\"wpb_text_column\"><div class=\"wpb_wrapper\"><p><strong>L\u00f6semittelfrei und Eis-Extraktionssystem<\/strong><br \/>\nDer MX ICE 200 LiTE wurde speziell entwickelt, um die Bed\u00fcrfnisse von Z\u00fcchtern und Unternehmern wie Ihnen zu erf\u00fcllen, die nach einfach zu bedienenden, unkomplizierten und zug\u00e4nglichen Extraktionssystemen suchen.<br \/>\nDank seiner innovativen Technologie isoliert es die Dr\u00fcsentrichome von Cannabis, um hochwertiges Harz zu produzieren, besser bekannt als \u201eBubble Hash\u201c oder \u201eIceolator Hash\u201c. Es wird ein nat\u00fcrliches Verfahren verwendet, das ohne chemische L\u00f6sungsmittel auskommt und ein Endprodukt von optimaler Qualit\u00e4t garantiert.<br \/>\nDer MX ICE 200 LiTE ist so konzipiert, dass er von einer einzigen Person bedient werden kann. Er automatisiert und vereinfacht den Prozess der Haschisch-Extraktion so weit wie m\u00f6glich, einfach und effizient.<\/p>\n<p><strong>Einfach, funktionell, LiTE.<\/strong><\/p>\n<\/div><\/div><\/div><\/div><\/div><\/div><\/section><section class=\"l-section wpb_row us_custom_54635556 height_auto width_full\"><div class=\"l-section-h i-cf\"><div class=\"g-cols vc_row via_grid cols_1 laptops-cols_inherit tablets-cols_inherit mobiles-cols_1 valign_top type_boxes stacking_default\" style=\"--gap:0rem;\"><div class=\"wpb_column vc_column_container type_sticky\"><div class=\"vc_column-inner\"><div class=\"wpb_text_column\"><div class=\"wpb_wrapper\"><h3 style=\"text-align: left; font-size: 2rem;\"><strong>MX ICE 200 LiTE<\/strong><br \/>\n<span style=\"color: #49a186; font-weight: bold;\">Maximale Leistung<\/span><\/h3>\n<\/div><\/div><div class=\"w-separator size_small\"><\/div><div class=\"w-tabs style_default switch_click accordion has_scrolling\" style=\"--sections-title-size:inherit\"><div class=\"w-tabs-sections titles-align_none icon_chevron cpos_right\"><div class=\"w-tabs-section\" id=\"ka35\"><button class=\"w-tabs-section-header\" aria-controls=\"content-ka35\" aria-expanded=\"false\"><div class=\"w-tabs-section-title\">Beschreibung<\/div><div class=\"w-tabs-section-control\"><\/div><\/button><div  class=\"w-tabs-section-content\" id=\"content-ka35\"><div class=\"w-tabs-section-content-h i-cf\"><div class=\"wpb_text_column\"><div class=\"wpb_wrapper\"><p>\u2022 Hergestellt aus rostfreiem Stahl<br \/>\n\u2022 120W Motorleistung<br \/>\n\u2022 2 vollst\u00e4ndig isolierte Beh\u00e4lter (R\u00fchren und Sammeln)<br \/>\n\u2022 Sicherheitskammer zum Schutz und Erhalt der Trichome<br \/>\n\u2022 Mechanisches Bedienfeld<br \/>\n\u2022 Geschwindigkeitsregler<br \/>\n\u2022 Timer<br \/>\n\u2022 Wasserfluss-Rotationssystem<br \/>\n\u2022 Thermometer<br \/>\n\u2022 Werkzeugloses Demontagesystem<br \/>\n\u2022 Halterung f\u00fcr den R\u00fchrbeh\u00e4lter<br \/>\n\u2022 Drehbare Rollen f\u00fcr den Sammelbeh\u00e4lter<br \/>\n\u2022 Umw\u00e4lzpumpe (optional)<\/p>\n<\/div><\/div><div class=\"w-separator size_small\"><\/div><div class=\"w-separator size_custom\" style=\"height:15px\"><\/div><div class=\"g-cols wpb_row taula via_grid cols_2 laptops-cols_inherit tablets-cols_inherit mobiles-cols_1 valign_middle type_default\" style=\"--gap:1rem;\"><div class=\"wpb_column vc_column_container\"><div class=\"vc_column-inner\"><style>\r\n        .production-card-container .text1 {\r\n            font-size: 5rem;\r\n            text-decoration: none;\r\n            text-transform: none;\r\n            line-height: 0.8;\r\n            color:#000;\r\n            font-weight:900;\r\n        }\r\n        a.production-card-holder {\r\n            text-decoration: none;\r\n            color:#000;\r\n        }\r\n        .production-card-footer{\r\n            font-size:1.2rem;\r\n            text-align:center;\r\n\t\t\tfont-weight:700;\r\n        }\r\n         a.production-card-holder:hover{\r\n            color:#000;\r\n        }\r\n        .production-card-head {\r\n            display: flex;\r\n            align-items: flex-end;\r\n            gap:4px;\r\n            justify-content: center;\r\n        }\r\n\t\t@media only screen and (max-width: 1500px) {\r\n\t\t.production-card-container .text1 {\r\n            font-size: 4rem;\r\n        }\r\n\t\t}\r\n    <\/style><a class=\"production-card-holder\">\r\n        <div class=\"production-card-container\">\r\n            <div class=\"production-card-head\">\r\n                <div class=\"image1\">\r\n                    <img decoding=\"async\" src=\"https:\/\/masterproducts.store\/wp-content\/uploads\/2025\/02\/Captura-de-pantalla-2025-02-27-a-las-11.26.00-1.png\"\/>\r\n                <\/div>\r\n                <div class=\"text1\"><\/div>\r\n                <div class=\"image2\">\r\n                    <img decoding=\"async\" src=\"https:\/\/masterproducts.store\/wp-content\/uploads\/2025\/02\/75L_AL-150x150-1.png\"\/>\r\n                <\/div>\r\n            <\/div>\r\n            <div class=\"production-card-footer\"><\/div>\r\n        <\/div>\r\n    <\/a><\/div><\/div><div class=\"wpb_column vc_column_container\"><div class=\"vc_column-inner\"><div class=\"w-iconbox iconpos_top style_default color_primary align_center no_text icontype_img\"><a target=\"_blank\" rel=\"nofollow\" href=\"https:\/\/masterproducts.store\/wp-content\/uploads\/2025\/02\/MX-ICE-200-LiTE_DE.pdf\" class=\"w-iconbox-link\" aria-label=\"Benutzerhandbuch\"><div class=\"w-iconbox-icon\" style=\"font-size:5rem;\"><img loading=\"lazy\" decoding=\"async\" width=\"512\" height=\"382\" src=\"https:\/\/masterproducts.store\/wp-content\/uploads\/2024\/06\/logo-pdf-1.png\" class=\"attachment-full size-full\" alt=\"\" srcset=\"https:\/\/masterproducts.store\/wp-content\/uploads\/2024\/06\/logo-pdf-1.png 512w, https:\/\/masterproducts.store\/wp-content\/uploads\/2024\/06\/logo-pdf-1-300x224.png 300w\" sizes=\"auto, (max-width: 512px) 100vw, 512px\" \/><\/div><\/a><div class=\"w-iconbox-meta\"><a target=\"_blank\" rel=\"nofollow\" href=\"https:\/\/masterproducts.store\/wp-content\/uploads\/2025\/02\/MX-ICE-200-LiTE_DE.pdf\" class=\"w-iconbox-link\" aria-label=\"Benutzerhandbuch\"><span class=\"w-iconbox-title\">Benutzerhandbuch<\/span><\/a><\/div><\/div><\/div><\/div><\/div><\/div><\/div><\/div><div class=\"w-tabs-section\" id=\"mf4b\"><button class=\"w-tabs-section-header\" aria-controls=\"content-mf4b\" aria-expanded=\"false\"><div class=\"w-tabs-section-title\">Technische Daten<\/div><div class=\"w-tabs-section-control\"><\/div><\/button><div  class=\"w-tabs-section-content\" id=\"content-mf4b\"><div class=\"w-tabs-section-content-h i-cf\"><div class=\"wpb_text_column\"><div class=\"wpb_wrapper\"><table class=\"table is-fullwidth has-poppins p-6\" data-v-78f6ea54=\"\">\n<tbody data-v-78f6ea54=\"\">\n<tr data-v-78f6ea54=\"\">\n<td data-v-78f6ea54=\"\"><strong>Elektrische Verbindung: \u00a0 \u00a0\u00a0<\/strong><\/td>\n<td data-v-78f6ea54=\"\"><span>230V \/ 50 Hz<\/span><\/td>\n<\/tr>\n<tr data-v-78f6ea54=\"\">\n<td data-v-78f6ea54=\"\"><strong>Gewicht<\/strong><\/td>\n<td data-v-78f6ea54=\"\">80 kg<\/td>\n<\/tr>\n<tr data-v-78f6ea54=\"\">\n<td data-v-78f6ea54=\"\"><strong>Beh\u00e4lterabmessungen \u00a0 \u00a0 \u00a0 \u00a0<\/strong><\/td>\n<td data-v-78f6ea54=\"\">50 x 50 x 55 cm<\/td>\n<\/tr>\n<tr data-v-78f6ea54=\"\">\n<td data-v-78f6ea54=\"\"><strong>Material der Struktur<\/strong><\/td>\n<td data-v-78f6ea54=\"\">Edelstahl<\/td>\n<\/tr>\n<tr data-v-78f6ea54=\"\">\n<td data-v-78f6ea54=\"\"><strong>Material der Beh\u00e4lter<\/strong><\/td>\n<td data-v-78f6ea54=\"\">Edelstahl<\/td>\n<\/tr>\n<tr data-v-78f6ea54=\"\">\n<td data-v-78f6ea54=\"\"><strong>Standardkapazit\u00e4t<\/strong><\/td>\n<td data-v-78f6ea54=\"\">75 L<\/td>\n<\/tr>\n<tr data-v-78f6ea54=\"\">\n<td data-v-78f6ea54=\"\"><strong>Geschwindigkeitsregler<\/strong><\/td>\n<td data-v-78f6ea54=\"\">Ja<\/td>\n<\/tr>\n<tr data-v-78f6ea54=\"\">\n<td data-v-78f6ea54=\"\"><strong>Ger\u00e4uschpegel<\/strong><\/td>\n<td data-v-78f6ea54=\"\">70 dB<\/td>\n<\/tr>\n<tr data-v-78f6ea54=\"\">\n<td data-v-78f6ea54=\"\"><strong>Zertifikate<\/strong><\/td>\n<td data-v-78f6ea54=\"\">CE, RoHS<\/td>\n<\/tr>\n<tr data-v-78f6ea54=\"\">\n<td data-v-78f6ea54=\"\"><strong>Garantie<\/strong><\/td>\n<td data-v-78f6ea54=\"\">2 Jahre<\/td>\n<\/tr>\n<\/tbody>\n<\/table>\n<\/div><\/div><\/div><\/div><\/div><\/div><\/div><div class=\"w-separator size_small\"><\/div><div class=\"w-hwrapper us_custom_b2b33b1a master-precio-banner valign_middle stack_on_mobiles align_center\"><p class=\"w-post-elm product_field price us_custom_9cbe97f1 has_text_color\"><span class=\"woocommerce-Price-amount amount\"><bdi>3.950,00&nbsp;<span class=\"woocommerce-Price-currencySymbol\">&euro;<\/span><\/bdi><\/span> <small class=\"woocommerce-price-suffix\">+ MwSt<\/small><\/p><div class=\"w-post-elm add_to_cart us_custom_6df4bc3a has_text_color\"><p class=\"stock in-stock\">20 vorr\u00e4tig<\/p>\n\n\t\n\t<form class=\"cart\" action=\"https:\/\/masterproducts.store\/de\/producto\/mx-ice-200-lite\/\" method=\"post\" enctype='multipart\/form-data'>\n\t\t\n\t\t<div class=\"quantity\">\n\t\t<label class=\"screen-reader-text\" for=\"quantity_69f5c4cead1aa\">MX Ice 200 LiTE Menge<\/label>\n\t<input\n\t\ttype=\"number\"\n\t\t\t\tid=\"quantity_69f5c4cead1aa\"\n\t\tclass=\"input-text qty text\"\n\t\tname=\"quantity\"\n\t\tvalue=\"1\"\n\t\taria-label=\"Produktmenge\"\n\t\t\t\tmin=\"1\"\n\t\t\t\t\tmax=\"20\"\n\t\t\t\t\t\t\tstep=\"1\"\n\t\t\tplaceholder=\"\"\n\t\t\tinputmode=\"numeric\"\n\t\t\tautocomplete=\"off\"\n\t\t\t\/>\n\t<\/div>\n\n\t\t<button type=\"submit\" name=\"add-to-cart\" value=\"1752\" class=\"single_add_to_cart_button button alt\">In den Warenkorb<\/button>\n\n\t\t\t<\/form>\n\n\t\n<div class=\"woocommerce-notices-wrapper\"><\/div><\/div><\/div><div class=\"w-separator size_small\"><\/div><\/div><\/div><\/div><\/div><\/section>\n","protected":false},"excerpt":{"rendered":"<p>.<\/p>\n","protected":false},"featured_media":3801,"comment_status":"open","ping_status":"closed","template":"","meta":[],"product_brand":[],"product_cat":[40],"product_tag":[442],"class_list":{"0":"post-1752","1":"product","2":"type-product","3":"status-publish","4":"has-post-thumbnail","6":"product_cat-lite-de","7":"product_tag-mx-ice-200-lite","9":"first","10":"instock","11":"taxable","12":"shipping-taxable","13":"purchasable","14":"product-type-simple"},"yoast_head":"<!-- This site is optimized with the Yoast SEO plugin v27.5 - https:\/\/yoast.com\/product\/yoast-seo-wordpress\/ -->\n<title>MX Ice 200 LiTE - Master Products Store<\/title>\n<meta name=\"robots\" content=\"index, follow, max-snippet:-1, max-image-preview:large, max-video-preview:-1\" \/>\n<link rel=\"canonical\" href=\"https:\/\/masterproducts.store\/de\/producto\/mx-ice-200-lite\/\" \/>\n<meta property=\"og:locale\" content=\"de_DE\" \/>\n<meta property=\"og:type\" content=\"article\" \/>\n<meta property=\"og:title\" content=\"MX Ice 200 LiTE - Master Products Store\" \/>\n<meta property=\"og:description\" content=\".\" \/>\n<meta property=\"og:url\" content=\"https:\/\/masterproducts.store\/de\/producto\/mx-ice-200-lite\/\" \/>\n<meta property=\"og:site_name\" content=\"Master Products Store\" \/>\n<meta property=\"article:publisher\" content=\"https:\/\/www.facebook.com\/masterproductsofficial\" \/>\n<meta property=\"article:modified_time\" content=\"2025-12-15T10:18:52+00:00\" \/>\n<meta property=\"og:image\" content=\"https:\/\/masterproducts.store\/wp-content\/uploads\/2025\/02\/1-3-1.webp\" \/>\n\t<meta property=\"og:image:width\" content=\"1000\" \/>\n\t<meta property=\"og:image:height\" content=\"1000\" \/>\n\t<meta property=\"og:image:type\" content=\"image\/webp\" \/>\n<meta name=\"twitter:card\" content=\"summary_large_image\" \/>\n<meta name=\"twitter:label1\" content=\"Gesch\u00e4tzte Lesezeit\" \/>\n\t<meta name=\"twitter:data1\" content=\"2\u00a0Minuten\" \/>\n<script type=\"application\/ld+json\" class=\"yoast-schema-graph\">{\"@context\":\"https:\\\/\\\/schema.org\",\"@graph\":[{\"@type\":\"WebPage\",\"@id\":\"https:\\\/\\\/masterproducts.store\\\/de\\\/producto\\\/mx-ice-200-lite\\\/\",\"url\":\"https:\\\/\\\/masterproducts.store\\\/de\\\/producto\\\/mx-ice-200-lite\\\/\",\"name\":\"MX Ice 200 LiTE - Master Products Store\",\"isPartOf\":{\"@id\":\"https:\\\/\\\/masterproducts.store\\\/de\\\/#website\"},\"primaryImageOfPage\":{\"@id\":\"https:\\\/\\\/masterproducts.store\\\/de\\\/producto\\\/mx-ice-200-lite\\\/#primaryimage\"},\"image\":{\"@id\":\"https:\\\/\\\/masterproducts.store\\\/de\\\/producto\\\/mx-ice-200-lite\\\/#primaryimage\"},\"thumbnailUrl\":\"https:\\\/\\\/masterproducts.store\\\/wp-content\\\/uploads\\\/2025\\\/02\\\/1-3-1.webp\",\"datePublished\":\"2025-02-27T09:25:26+00:00\",\"dateModified\":\"2025-12-15T10:18:52+00:00\",\"breadcrumb\":{\"@id\":\"https:\\\/\\\/masterproducts.store\\\/de\\\/producto\\\/mx-ice-200-lite\\\/#breadcrumb\"},\"inLanguage\":\"de\",\"potentialAction\":[{\"@type\":\"ReadAction\",\"target\":[\"https:\\\/\\\/masterproducts.store\\\/de\\\/producto\\\/mx-ice-200-lite\\\/\"]}]},{\"@type\":\"ImageObject\",\"inLanguage\":\"de\",\"@id\":\"https:\\\/\\\/masterproducts.store\\\/de\\\/producto\\\/mx-ice-200-lite\\\/#primaryimage\",\"url\":\"https:\\\/\\\/masterproducts.store\\\/wp-content\\\/uploads\\\/2025\\\/02\\\/1-3-1.webp\",\"contentUrl\":\"https:\\\/\\\/masterproducts.store\\\/wp-content\\\/uploads\\\/2025\\\/02\\\/1-3-1.webp\",\"width\":1000,\"height\":1000},{\"@type\":\"BreadcrumbList\",\"@id\":\"https:\\\/\\\/masterproducts.store\\\/de\\\/producto\\\/mx-ice-200-lite\\\/#breadcrumb\",\"itemListElement\":[{\"@type\":\"ListItem\",\"position\":1,\"name\":\"Portada\",\"item\":\"https:\\\/\\\/masterproducts.store\\\/de\\\/\"},{\"@type\":\"ListItem\",\"position\":2,\"name\":\"Shop\",\"item\":\"https:\\\/\\\/masterproducts.store\\\/de\\\/shop\\\/\"},{\"@type\":\"ListItem\",\"position\":3,\"name\":\"MX Ice 200 LiTE\"}]},{\"@type\":\"WebSite\",\"@id\":\"https:\\\/\\\/masterproducts.store\\\/de\\\/#website\",\"url\":\"https:\\\/\\\/masterproducts.store\\\/de\\\/\",\"name\":\"Master Products Store\",\"description\":\"Equipos de Poscosecha para cannabis, \u00a1A tu alcance!\",\"publisher\":{\"@id\":\"https:\\\/\\\/masterproducts.store\\\/de\\\/#organization\"},\"potentialAction\":[{\"@type\":\"SearchAction\",\"target\":{\"@type\":\"EntryPoint\",\"urlTemplate\":\"https:\\\/\\\/masterproducts.store\\\/de\\\/?s={search_term_string}\"},\"query-input\":{\"@type\":\"PropertyValueSpecification\",\"valueRequired\":true,\"valueName\":\"search_term_string\"}}],\"inLanguage\":\"de\"},{\"@type\":\"Organization\",\"@id\":\"https:\\\/\\\/masterproducts.store\\\/de\\\/#organization\",\"name\":\"Master Products Store\",\"url\":\"https:\\\/\\\/masterproducts.store\\\/de\\\/\",\"logo\":{\"@type\":\"ImageObject\",\"inLanguage\":\"de\",\"@id\":\"https:\\\/\\\/masterproducts.store\\\/de\\\/#\\\/schema\\\/logo\\\/image\\\/\",\"url\":\"https:\\\/\\\/masterproducts.store\\\/wp-content\\\/uploads\\\/2024\\\/06\\\/MP-Logotip_png-1024x188-1.png\",\"contentUrl\":\"https:\\\/\\\/masterproducts.store\\\/wp-content\\\/uploads\\\/2024\\\/06\\\/MP-Logotip_png-1024x188-1.png\",\"width\":1024,\"height\":188,\"caption\":\"Master Products Store\"},\"image\":{\"@id\":\"https:\\\/\\\/masterproducts.store\\\/de\\\/#\\\/schema\\\/logo\\\/image\\\/\"},\"sameAs\":[\"https:\\\/\\\/www.facebook.com\\\/masterproductsofficial\"]}]}<\/script>\n<!-- \/ Yoast SEO plugin. -->","yoast_head_json":{"title":"MX Ice 200 LiTE - Master Products Store","robots":{"index":"index","follow":"follow","max-snippet":"max-snippet:-1","max-image-preview":"max-image-preview:large","max-video-preview":"max-video-preview:-1"},"canonical":"https:\/\/masterproducts.store\/de\/producto\/mx-ice-200-lite\/","og_locale":"de_DE","og_type":"article","og_title":"MX Ice 200 LiTE - Master Products Store","og_description":".","og_url":"https:\/\/masterproducts.store\/de\/producto\/mx-ice-200-lite\/","og_site_name":"Master Products Store","article_publisher":"https:\/\/www.facebook.com\/masterproductsofficial","article_modified_time":"2025-12-15T10:18:52+00:00","og_image":[{"width":1000,"height":1000,"url":"https:\/\/masterproducts.store\/wp-content\/uploads\/2025\/02\/1-3-1.webp","type":"image\/webp"}],"twitter_card":"summary_large_image","twitter_misc":{"Gesch\u00e4tzte Lesezeit":"2\u00a0Minuten"},"schema":{"@context":"https:\/\/schema.org","@graph":[{"@type":"WebPage","@id":"https:\/\/masterproducts.store\/de\/producto\/mx-ice-200-lite\/","url":"https:\/\/masterproducts.store\/de\/producto\/mx-ice-200-lite\/","name":"MX Ice 200 LiTE - Master Products Store","isPartOf":{"@id":"https:\/\/masterproducts.store\/de\/#website"},"primaryImageOfPage":{"@id":"https:\/\/masterproducts.store\/de\/producto\/mx-ice-200-lite\/#primaryimage"},"image":{"@id":"https:\/\/masterproducts.store\/de\/producto\/mx-ice-200-lite\/#primaryimage"},"thumbnailUrl":"https:\/\/masterproducts.store\/wp-content\/uploads\/2025\/02\/1-3-1.webp","datePublished":"2025-02-27T09:25:26+00:00","dateModified":"2025-12-15T10:18:52+00:00","breadcrumb":{"@id":"https:\/\/masterproducts.store\/de\/producto\/mx-ice-200-lite\/#breadcrumb"},"inLanguage":"de","potentialAction":[{"@type":"ReadAction","target":["https:\/\/masterproducts.store\/de\/producto\/mx-ice-200-lite\/"]}]},{"@type":"ImageObject","inLanguage":"de","@id":"https:\/\/masterproducts.store\/de\/producto\/mx-ice-200-lite\/#primaryimage","url":"https:\/\/masterproducts.store\/wp-content\/uploads\/2025\/02\/1-3-1.webp","contentUrl":"https:\/\/masterproducts.store\/wp-content\/uploads\/2025\/02\/1-3-1.webp","width":1000,"height":1000},{"@type":"BreadcrumbList","@id":"https:\/\/masterproducts.store\/de\/producto\/mx-ice-200-lite\/#breadcrumb","itemListElement":[{"@type":"ListItem","position":1,"name":"Portada","item":"https:\/\/masterproducts.store\/de\/"},{"@type":"ListItem","position":2,"name":"Shop","item":"https:\/\/masterproducts.store\/de\/shop\/"},{"@type":"ListItem","position":3,"name":"MX Ice 200 LiTE"}]},{"@type":"WebSite","@id":"https:\/\/masterproducts.store\/de\/#website","url":"https:\/\/masterproducts.store\/de\/","name":"Master Products Store","description":"Equipos de Poscosecha para cannabis, \u00a1A tu alcance!","publisher":{"@id":"https:\/\/masterproducts.store\/de\/#organization"},"potentialAction":[{"@type":"SearchAction","target":{"@type":"EntryPoint","urlTemplate":"https:\/\/masterproducts.store\/de\/?s={search_term_string}"},"query-input":{"@type":"PropertyValueSpecification","valueRequired":true,"valueName":"search_term_string"}}],"inLanguage":"de"},{"@type":"Organization","@id":"https:\/\/masterproducts.store\/de\/#organization","name":"Master Products Store","url":"https:\/\/masterproducts.store\/de\/","logo":{"@type":"ImageObject","inLanguage":"de","@id":"https:\/\/masterproducts.store\/de\/#\/schema\/logo\/image\/","url":"https:\/\/masterproducts.store\/wp-content\/uploads\/2024\/06\/MP-Logotip_png-1024x188-1.png","contentUrl":"https:\/\/masterproducts.store\/wp-content\/uploads\/2024\/06\/MP-Logotip_png-1024x188-1.png","width":1024,"height":188,"caption":"Master Products Store"},"image":{"@id":"https:\/\/masterproducts.store\/de\/#\/schema\/logo\/image\/"},"sameAs":["https:\/\/www.facebook.com\/masterproductsofficial"]}]}},"_links":{"self":[{"href":"https:\/\/masterproducts.store\/de\/wp-json\/wp\/v2\/product\/1752","targetHints":{"allow":["GET"]}}],"collection":[{"href":"https:\/\/masterproducts.store\/de\/wp-json\/wp\/v2\/product"}],"about":[{"href":"https:\/\/masterproducts.store\/de\/wp-json\/wp\/v2\/types\/product"}],"replies":[{"embeddable":true,"href":"https:\/\/masterproducts.store\/de\/wp-json\/wp\/v2\/comments?post=1752"}],"wp:featuredmedia":[{"embeddable":true,"href":"https:\/\/masterproducts.store\/de\/wp-json\/wp\/v2\/media\/3801"}],"wp:attachment":[{"href":"https:\/\/masterproducts.store\/de\/wp-json\/wp\/v2\/media?parent=1752"}],"wp:term":[{"taxonomy":"product_brand","embeddable":true,"href":"https:\/\/masterproducts.store\/de\/wp-json\/wp\/v2\/product_brand?post=1752"},{"taxonomy":"product_cat","embeddable":true,"href":"https:\/\/masterproducts.store\/de\/wp-json\/wp\/v2\/product_cat?post=1752"},{"taxonomy":"product_tag","embeddable":true,"href":"https:\/\/masterproducts.store\/de\/wp-json\/wp\/v2\/product_tag?post=1752"}],"curies":[{"name":"wp","href":"https:\/\/api.w.org\/{rel}","templated":true}]}}