{"id":1929,"date":"2025-03-07T10:59:59","date_gmt":"2025-03-07T09:59:59","guid":{"rendered":"https:\/\/masterproducts.store\/?post_type=product&#038;p=1929"},"modified":"2025-04-07T15:55:11","modified_gmt":"2025-04-07T13:55:11","slug":"mb-bucker-200-lite","status":"publish","type":"product","link":"https:\/\/masterproducts.store\/de\/producto\/mb-bucker-200-lite\/","title":{"rendered":"MB BUCKER 200 LiTE"},"content":{"rendered":"<section class=\"l-section wpb_row height_medium\"><div class=\"l-section-h i-cf\"><div class=\"g-cols vc_row via_grid cols_1 laptops-cols_inherit tablets-cols_inherit mobiles-cols_1 valign_top type_default stacking_default\"><div class=\"wpb_column vc_column_container\"><div class=\"vc_column-inner\"><nav class=\"g-breadcrumbs separator_custom align_none\" itemscope itemtype=\"http:\/\/schema.org\/BreadcrumbList\"><div class=\"g-breadcrumbs-item\" itemscope itemprop=\"itemListElement\" itemtype=\"http:\/\/schema.org\/ListItem\"><a itemprop=\"item\" href=\"https:\/\/masterproducts.store\/de\/\"><span itemprop=\"name\">Start<\/span><\/a><meta itemprop=\"position\" content=\"1\"\/><\/div><div class=\"g-breadcrumbs-separator\">\/<\/div><div class=\"g-breadcrumbs-item\">Seiten<\/div><\/nav><div class=\"w-separator size_small\"><\/div><h1 class=\"w-post-elm post_title entry-title color_link_inherit\">MB BUCKER 200 LiTE<\/h1><div class=\"w-separator size_small\"><\/div><div class=\"wpb_text_column\"><div class=\"wpb_wrapper\"><h2 class=\"titulo-slider-destacado-lite\">DIE KOMPAKTESTE BUD-ENTFERNERMASCHINE AUF DEM MARKT<\/h2>\n<\/div><\/div><div class=\"w-separator size_medium\"><\/div><div class=\"wpb_text_column\"><div class=\"wpb_wrapper\"><p>Die MB BUCKER 200 LiTE ist eine erschwingliche und effiziente cannabis-bl\u00fcten-entfernermaschine, die speziell f\u00fcr kleine roduzenten entwickelt wurde, d<strong>ie ihren arbeitsprozess optimieren m\u00f6chten, ohne die qualit\u00e4t zu beeintr\u00e4chtigen<\/strong>. Hergestellt aus edelstahl, kombiniert diese maschine langlebigkeit, einfachheit und hohe leistung in einem kompakten design, das sich an jede bl\u00fctenvariante und -bedingung anpasst.<\/p>\n<p>Dank ihrer ingenieurskunst erm\u00f6glicht die MB BUCKER 200 LiTE einen schnellen und pr\u00e4zisen entbl\u00e4tterungsprozess, der die handhabung der bl\u00fcten minimiert und das risiko von sch\u00e4den reduziert. Ihr system garantiert eine effiziente trennung von zweigen und bl\u00fctenst\u00e4ngeln, optimiert und gew\u00e4hrleistet qualit\u00e4t bei jedem schritt des prozesses. Dar\u00fcber hinaus garantieren die benutzerfreundliche bedienung und die robuste struktur eine lange lebensdauer mit minimalem wartungsaufwand.<\/p>\n<p><strong>Einfach, funktional, LiTE.<\/strong><\/p>\n<\/div><\/div><\/div><\/div><\/div><\/div><\/section><section class=\"l-section wpb_row us_custom_54635556 height_auto width_full\"><div class=\"l-section-h i-cf\"><div class=\"g-cols vc_row via_grid cols_1 laptops-cols_inherit tablets-cols_inherit mobiles-cols_1 valign_top type_boxes stacking_default\" style=\"--gap:0rem;\"><div class=\"wpb_column vc_column_container type_sticky\"><div class=\"vc_column-inner\"><div class=\"w-slider style_none fit_scaledown nav_dots has_ratio count_3\" style=\"--aspect-ratio: 1\/1;\"><div class=\"w-slider-h\"><div class=\"royalSlider\"><div class=\"rsContent\"><a class=\"rsImg\" data-rsw=\"600\" data-rsh=\"782\" href=\"https:\/\/masterproducts.store\/wp-content\/uploads\/2025\/03\/2_2536-1-600x782.png\"><span data-alt=\"\"><\/span><\/a><\/div><div class=\"rsContent\"><a class=\"rsImg\" data-rsw=\"600\" data-rsh=\"827\" href=\"https:\/\/masterproducts.store\/wp-content\/uploads\/2025\/03\/3_2561-600x827.png\"><span data-alt=\"\"><\/span><\/a><\/div><div class=\"rsContent\"><a class=\"rsImg\" data-rsw=\"600\" data-rsh=\"818\" href=\"https:\/\/masterproducts.store\/wp-content\/uploads\/2025\/03\/1_2548-600x818.png\"><span data-alt=\"\"><\/span><\/a><\/div><\/div><img decoding=\"async\" src=\"https:\/\/masterproducts.store\/wp-content\/uploads\/2025\/03\/2_2536-1-600x782.png\" width=\"600\" height=\"782\" alt loading=\"lazy\"><\/div><div class=\"w-slider-json\" onclick='return {&quot;autoScaleSlider&quot;:false,&quot;addActiveClass&quot;:true,&quot;loop&quot;:true,&quot;fadeInLoadedSlide&quot;:false,&quot;slidesSpacing&quot;:0,&quot;imageScalePadding&quot;:0,&quot;numImagesToPreload&quot;:2,&quot;arrowsNav&quot;:false,&quot;arrowsNavAutoHide&quot;:false,&quot;transitionType&quot;:&quot;fade&quot;,&quot;transitionSpeed&quot;:250,&quot;block&quot;:{&quot;moveEffect&quot;:&quot;none&quot;,&quot;speed&quot;:300},&quot;thumbs&quot;:{&quot;fitInViewport&quot;:false,&quot;firstMargin&quot;:false,&quot;spacing&quot;:4},&quot;controlNavigation&quot;:&quot;bullets&quot;,&quot;autoplay&quot;:{&quot;enabled&quot;:true,&quot;pauseOnHover&quot;:true,&quot;delay&quot;:3000}}'><\/div><\/div><div class=\"wpb_text_column\"><div class=\"wpb_wrapper\"><h3 style=\"text-align: left; font-size: 2rem;\"><strong>MB BUCKER 200 LiTE<\/strong><br \/>\n<span style=\"color: #49a186; font-weight: bold;\">Arbeitet mit frischen und getrockneten bl\u00fcten<\/span><\/h3>\n<\/div><\/div><div class=\"w-separator size_small\"><\/div><div class=\"w-tabs style_default switch_click accordion has_scrolling\" style=\"--sections-title-size:inherit\"><div class=\"w-tabs-sections titles-align_none icon_chevron cpos_right\"><div class=\"w-tabs-section\" id=\"w32e\"><button class=\"w-tabs-section-header\" aria-controls=\"content-w32e\" aria-expanded=\"false\"><div class=\"w-tabs-section-title\">Beschreibung<\/div><div class=\"w-tabs-section-control\"><\/div><\/button><div  class=\"w-tabs-section-content\" id=\"content-w32e\"><div class=\"w-tabs-section-content-h i-cf\"><div class=\"wpb_text_column\"><div class=\"wpb_wrapper\"><p>\u2022 Hergestellt aus edelstahl.<br \/>\n\u2022 Leistungsstarker 400W-reduktionsmotor.<br \/>\n\u2022 Geschwindigkeitsregler.<br \/>\n\u2022 R\u00fcckw\u00e4rtsrichtungsschalter, um m\u00f6gliche verstopfungen zu vermeiden.<br \/>\n\u2022 Einfach zug\u00e4nglicher hebel zum einstellen des rollerdrucks.<br \/>\n\u2022 Minimale trichomverlust und maximale bl\u00fctenintegrit\u00e4t.<br \/>\n\u2022 Erm\u00f6glicht die arbeit mit frischen und\/oder getrockneten bl\u00fcten.<br \/>\n\u2022 Einfaches und schnelles reinigen und Installieren.<br \/>\n\u2022 Einfache wartung.<\/p>\n<\/div><\/div><div class=\"w-separator size_small\"><\/div><div class=\"w-separator size_custom\" style=\"height:15px\"><\/div><div class=\"g-cols wpb_row taula via_grid cols_2 laptops-cols_inherit tablets-cols_inherit mobiles-cols_1 valign_middle type_default\" style=\"--gap:1rem;\"><div class=\"wpb_column vc_column_container\"><div class=\"vc_column-inner\"><style>\r\n        .production-card-container .text1 {\r\n            font-size: 5rem;\r\n            text-decoration: none;\r\n            text-transform: none;\r\n            line-height: 0.8;\r\n            color:#000;\r\n            font-weight:900;\r\n        }\r\n        a.production-card-holder {\r\n            text-decoration: none;\r\n            color:#000;\r\n        }\r\n        .production-card-footer{\r\n            font-size:1.2rem;\r\n            text-align:center;\r\n\t\t\tfont-weight:700;\r\n        }\r\n         a.production-card-holder:hover{\r\n            color:#000;\r\n        }\r\n        .production-card-head {\r\n            display: flex;\r\n            align-items: flex-end;\r\n            gap:4px;\r\n            justify-content: center;\r\n        }\r\n\t\t@media only screen and (max-width: 1500px) {\r\n\t\t.production-card-container .text1 {\r\n            font-size: 4rem;\r\n        }\r\n\t\t}\r\n    <\/style><a class=\"production-card-holder\">\r\n        <div class=\"production-card-container\">\r\n            <div class=\"production-card-head\">\r\n                <div class=\"image1\">\r\n                    <img decoding=\"async\" src=\"https:\/\/masterproducts.store\/wp-content\/uploads\/2025\/03\/AL-01.png\"\/>\r\n                <\/div>\r\n                <div class=\"text1\"><\/div>\r\n                <div class=\"image2\">\r\n                    <img decoding=\"async\" src=\"https:\/\/masterproducts.store\/wp-content\/uploads\/2025\/03\/AL-02.png\"\/>\r\n                <\/div>\r\n            <\/div>\r\n            <div class=\"production-card-footer\"><\/div>\r\n        <\/div>\r\n    <\/a><\/div><\/div><div class=\"wpb_column vc_column_container\"><div class=\"vc_column-inner\"><div class=\"w-iconbox iconpos_top style_default color_primary align_center no_text icontype_img\"><a target=\"_blank\" rel=\"nofollow\" href=\"https:\/\/masterproducts.store\/wp-content\/uploads\/2025\/03\/MB-Bucker-200-LiTE_ESP.pdf\" class=\"w-iconbox-link\" aria-label=\"Technische daten\"><div class=\"w-iconbox-icon\" style=\"font-size:5rem;\"><img loading=\"lazy\" decoding=\"async\" width=\"512\" height=\"382\" src=\"https:\/\/masterproducts.store\/wp-content\/uploads\/2024\/06\/logo-pdf-1.png\" class=\"attachment-full size-full\" alt=\"\" srcset=\"https:\/\/masterproducts.store\/wp-content\/uploads\/2024\/06\/logo-pdf-1.png 512w, https:\/\/masterproducts.store\/wp-content\/uploads\/2024\/06\/logo-pdf-1-300x224.png 300w\" sizes=\"auto, (max-width: 512px) 100vw, 512px\" \/><\/div><\/a><div class=\"w-iconbox-meta\"><a target=\"_blank\" rel=\"nofollow\" href=\"https:\/\/masterproducts.store\/wp-content\/uploads\/2025\/03\/MB-Bucker-200-LiTE_ESP.pdf\" class=\"w-iconbox-link\" aria-label=\"Technische daten\"><span class=\"w-iconbox-title\">Technische daten<\/span><\/a><\/div><\/div><\/div><\/div><\/div><\/div><\/div><\/div><div class=\"w-tabs-section\" id=\"tc24\"><button class=\"w-tabs-section-header\" aria-controls=\"content-tc24\" aria-expanded=\"false\"><div class=\"w-tabs-section-title\">Technische daten<\/div><div class=\"w-tabs-section-control\"><\/div><\/button><div  class=\"w-tabs-section-content\" id=\"content-tc24\"><div class=\"w-tabs-section-content-h i-cf\"><div class=\"wpb_text_column\"><div class=\"wpb_wrapper\"><table class=\"table is-fullwidth has-poppins p-6\" data-v-78f6ea54=\"\">\n<tbody data-v-78f6ea54=\"\">\n<tr data-v-78f6ea54=\"\">\n<td data-v-78f6ea54=\"\"><strong>Elektrische verbindung:\u00a0\u00a0 \u00a0 \u00a0\u00a0<\/strong><\/td>\n<td data-v-78f6ea54=\"\"><span>230V 50\/60 HZ<\/span><\/td>\n<\/tr>\n<tr data-v-78f6ea54=\"\">\n<td data-v-78f6ea54=\"\"><strong>Motorleistung:<\/strong><\/td>\n<td data-v-78f6ea54=\"\">400 W<\/td>\n<\/tr>\n<tr data-v-78f6ea54=\"\">\n<td data-v-78f6ea54=\"\"><strong>Abmessungen \u00a0 \u00a0<\/strong><\/td>\n<td data-v-78f6ea54=\"\">37 x 27,5 x 51 cm<\/td>\n<\/tr>\n<tr data-v-78f6ea54=\"\">\n<td data-v-78f6ea54=\"\"><strong>Gewicht: <\/strong><\/td>\n<td data-v-78f6ea54=\"\">22 Kg<\/td>\n<\/tr>\n<tr data-v-78f6ea54=\"\">\n<td data-v-78f6ea54=\"\"><strong>Material: <\/strong><\/td>\n<td data-v-78f6ea54=\"\">Edelstahl<\/td>\n<\/tr>\n<tr data-v-78f6ea54=\"\">\n<td data-v-78f6ea54=\"\"><strong>Geschwindigkeitsregler: <\/strong><\/td>\n<td data-v-78f6ea54=\"\">Ja<\/td>\n<\/tr>\n<tr data-v-78f6ea54=\"\">\n<td data-v-78f6ea54=\"\"><strong>Richtungs\u00e4nderung: <\/strong><\/td>\n<td data-v-78f6ea54=\"\">Ja<\/td>\n<\/tr>\n<tr data-v-78f6ea54=\"\">\n<td data-v-78f6ea54=\"\"><strong>Lautst\u00e4rke:<\/strong><\/td>\n<td data-v-78f6ea54=\"\">80 dB<\/td>\n<\/tr>\n<tr data-v-78f6ea54=\"\">\n<td data-v-78f6ea54=\"\"><strong>Garantie: <\/strong><\/td>\n<td data-v-78f6ea54=\"\">2 Jahre<\/td>\n<\/tr>\n<\/tbody>\n<\/table>\n<\/div><\/div><\/div><\/div><\/div><\/div><\/div><div class=\"w-separator size_small\"><\/div><div class=\"w-hwrapper us_custom_b2b33b1a master-precio-banner valign_middle stack_on_mobiles align_center\"><p class=\"w-post-elm product_field price us_custom_9cbe97f1 has_text_color\"><span class=\"woocommerce-Price-amount amount\"><bdi>3.400,00&nbsp;<span class=\"woocommerce-Price-currencySymbol\">&euro;<\/span><\/bdi><\/span> <small class=\"woocommerce-price-suffix\">+ MwSt<\/small><\/p><div class=\"w-post-elm add_to_cart us_custom_6df4bc3a has_text_color\"><p class=\"stock in-stock\">20 vorr\u00e4tig<\/p>\n\n\t\n\t<form class=\"cart\" action=\"https:\/\/masterproducts.store\/de\/producto\/mb-bucker-200-lite\/\" method=\"post\" enctype='multipart\/form-data'>\n\t\t\n\t\t<div class=\"quantity\">\n\t\t<label class=\"screen-reader-text\" for=\"quantity_69e0b6708e1e5\">MB BUCKER 200 LiTE Menge<\/label>\n\t<input\n\t\ttype=\"number\"\n\t\t\t\tid=\"quantity_69e0b6708e1e5\"\n\t\tclass=\"input-text qty text\"\n\t\tname=\"quantity\"\n\t\tvalue=\"1\"\n\t\taria-label=\"Produktmenge\"\n\t\t\t\tmin=\"1\"\n\t\t\t\t\tmax=\"20\"\n\t\t\t\t\t\t\tstep=\"1\"\n\t\t\tplaceholder=\"\"\n\t\t\tinputmode=\"numeric\"\n\t\t\tautocomplete=\"off\"\n\t\t\t\/>\n\t<\/div>\n\n\t\t<button type=\"submit\" name=\"add-to-cart\" value=\"1929\" class=\"single_add_to_cart_button button alt\">In den Warenkorb<\/button>\n\n\t\t\t<\/form>\n\n\t\n<div class=\"woocommerce-notices-wrapper\"><\/div><\/div><\/div><div class=\"w-separator size_small\"><\/div><\/div><\/div><\/div><\/div><\/section>\n","protected":false},"excerpt":{"rendered":"Start\/SeitenMB BUCKER 200 LiTE DIE KOMPAKTESTE BUD-ENTFERNERMASCHINE AUF DEM MARKT Die MB BUCKER 200 LiTE ist eine erschwingliche und effiziente cannabis-bl\u00fcten-entfernermaschine, die speziell f\u00fcr kleine roduzenten entwickelt wurde, die ihren arbeitsprozess optimieren m\u00f6chten, ohne die qualit\u00e4t zu beeintr\u00e4chtigen. Hergestellt aus edelstahl, kombiniert diese maschine langlebigkeit, einfachheit und hohe leistung in einem kompakten design, das sich...","protected":false},"featured_media":2751,"comment_status":"open","ping_status":"closed","template":"","meta":[],"product_brand":[],"product_cat":[40],"product_tag":[],"class_list":{"0":"post-1929","1":"product","2":"type-product","3":"status-publish","4":"has-post-thumbnail","6":"product_cat-lite-de","8":"first","9":"instock","10":"taxable","11":"shipping-taxable","12":"purchasable","13":"product-type-simple"},"yoast_head":"<!-- This site is optimized with the Yoast SEO plugin v27.4 - https:\/\/yoast.com\/product\/yoast-seo-wordpress\/ -->\n<title>MB BUCKER 200 LiTE - Master Products Store<\/title>\n<meta name=\"robots\" content=\"index, follow, max-snippet:-1, max-image-preview:large, max-video-preview:-1\" \/>\n<link rel=\"canonical\" href=\"https:\/\/masterproducts.store\/de\/producto\/mb-bucker-200-lite\/\" \/>\n<meta property=\"og:locale\" content=\"de_DE\" \/>\n<meta property=\"og:type\" content=\"article\" \/>\n<meta property=\"og:title\" content=\"MB BUCKER 200 LiTE - Master Products Store\" \/>\n<meta property=\"og:url\" content=\"https:\/\/masterproducts.store\/de\/producto\/mb-bucker-200-lite\/\" \/>\n<meta property=\"og:site_name\" content=\"Master Products Store\" \/>\n<meta property=\"article:publisher\" content=\"https:\/\/www.facebook.com\/masterproductsofficial\" \/>\n<meta property=\"article:modified_time\" content=\"2025-04-07T13:55:11+00:00\" \/>\n<meta property=\"og:image\" content=\"https:\/\/masterproducts.store\/wp-content\/uploads\/2025\/03\/2.jpg\" \/>\n\t<meta property=\"og:image:width\" content=\"1800\" \/>\n\t<meta property=\"og:image:height\" content=\"1800\" \/>\n\t<meta property=\"og:image:type\" content=\"image\/jpeg\" \/>\n<meta name=\"twitter:card\" content=\"summary_large_image\" \/>\n<meta name=\"twitter:label1\" content=\"Gesch\u00e4tzte Lesezeit\" \/>\n\t<meta name=\"twitter:data1\" content=\"2\u00a0Minuten\" \/>\n<script type=\"application\/ld+json\" class=\"yoast-schema-graph\">{\"@context\":\"https:\\\/\\\/schema.org\",\"@graph\":[{\"@type\":\"WebPage\",\"@id\":\"https:\\\/\\\/masterproducts.store\\\/de\\\/producto\\\/mb-bucker-200-lite\\\/\",\"url\":\"https:\\\/\\\/masterproducts.store\\\/de\\\/producto\\\/mb-bucker-200-lite\\\/\",\"name\":\"MB BUCKER 200 LiTE - Master Products Store\",\"isPartOf\":{\"@id\":\"https:\\\/\\\/masterproducts.store\\\/de\\\/#website\"},\"primaryImageOfPage\":{\"@id\":\"https:\\\/\\\/masterproducts.store\\\/de\\\/producto\\\/mb-bucker-200-lite\\\/#primaryimage\"},\"image\":{\"@id\":\"https:\\\/\\\/masterproducts.store\\\/de\\\/producto\\\/mb-bucker-200-lite\\\/#primaryimage\"},\"thumbnailUrl\":\"https:\\\/\\\/masterproducts.store\\\/wp-content\\\/uploads\\\/2025\\\/03\\\/2.jpg\",\"datePublished\":\"2025-03-07T09:59:59+00:00\",\"dateModified\":\"2025-04-07T13:55:11+00:00\",\"breadcrumb\":{\"@id\":\"https:\\\/\\\/masterproducts.store\\\/de\\\/producto\\\/mb-bucker-200-lite\\\/#breadcrumb\"},\"inLanguage\":\"de\",\"potentialAction\":[{\"@type\":\"ReadAction\",\"target\":[\"https:\\\/\\\/masterproducts.store\\\/de\\\/producto\\\/mb-bucker-200-lite\\\/\"]}]},{\"@type\":\"ImageObject\",\"inLanguage\":\"de\",\"@id\":\"https:\\\/\\\/masterproducts.store\\\/de\\\/producto\\\/mb-bucker-200-lite\\\/#primaryimage\",\"url\":\"https:\\\/\\\/masterproducts.store\\\/wp-content\\\/uploads\\\/2025\\\/03\\\/2.jpg\",\"contentUrl\":\"https:\\\/\\\/masterproducts.store\\\/wp-content\\\/uploads\\\/2025\\\/03\\\/2.jpg\",\"width\":1800,\"height\":1800},{\"@type\":\"BreadcrumbList\",\"@id\":\"https:\\\/\\\/masterproducts.store\\\/de\\\/producto\\\/mb-bucker-200-lite\\\/#breadcrumb\",\"itemListElement\":[{\"@type\":\"ListItem\",\"position\":1,\"name\":\"Portada\",\"item\":\"https:\\\/\\\/masterproducts.store\\\/de\\\/\"},{\"@type\":\"ListItem\",\"position\":2,\"name\":\"Shop\",\"item\":\"https:\\\/\\\/masterproducts.store\\\/de\\\/shop\\\/\"},{\"@type\":\"ListItem\",\"position\":3,\"name\":\"MB BUCKER 200 LiTE\"}]},{\"@type\":\"WebSite\",\"@id\":\"https:\\\/\\\/masterproducts.store\\\/de\\\/#website\",\"url\":\"https:\\\/\\\/masterproducts.store\\\/de\\\/\",\"name\":\"Master Products Store\",\"description\":\"Equipos de Poscosecha para cannabis, \u00a1A tu alcance!\",\"publisher\":{\"@id\":\"https:\\\/\\\/masterproducts.store\\\/de\\\/#organization\"},\"potentialAction\":[{\"@type\":\"SearchAction\",\"target\":{\"@type\":\"EntryPoint\",\"urlTemplate\":\"https:\\\/\\\/masterproducts.store\\\/de\\\/?s={search_term_string}\"},\"query-input\":{\"@type\":\"PropertyValueSpecification\",\"valueRequired\":true,\"valueName\":\"search_term_string\"}}],\"inLanguage\":\"de\"},{\"@type\":\"Organization\",\"@id\":\"https:\\\/\\\/masterproducts.store\\\/de\\\/#organization\",\"name\":\"Master Products Store\",\"url\":\"https:\\\/\\\/masterproducts.store\\\/de\\\/\",\"logo\":{\"@type\":\"ImageObject\",\"inLanguage\":\"de\",\"@id\":\"https:\\\/\\\/masterproducts.store\\\/de\\\/#\\\/schema\\\/logo\\\/image\\\/\",\"url\":\"https:\\\/\\\/masterproducts.store\\\/wp-content\\\/uploads\\\/2024\\\/06\\\/MP-Logotip_png-1024x188-1.png\",\"contentUrl\":\"https:\\\/\\\/masterproducts.store\\\/wp-content\\\/uploads\\\/2024\\\/06\\\/MP-Logotip_png-1024x188-1.png\",\"width\":1024,\"height\":188,\"caption\":\"Master Products Store\"},\"image\":{\"@id\":\"https:\\\/\\\/masterproducts.store\\\/de\\\/#\\\/schema\\\/logo\\\/image\\\/\"},\"sameAs\":[\"https:\\\/\\\/www.facebook.com\\\/masterproductsofficial\"]}]}<\/script>\n<!-- \/ Yoast SEO plugin. -->","yoast_head_json":{"title":"MB BUCKER 200 LiTE - Master Products Store","robots":{"index":"index","follow":"follow","max-snippet":"max-snippet:-1","max-image-preview":"max-image-preview:large","max-video-preview":"max-video-preview:-1"},"canonical":"https:\/\/masterproducts.store\/de\/producto\/mb-bucker-200-lite\/","og_locale":"de_DE","og_type":"article","og_title":"MB BUCKER 200 LiTE - Master Products Store","og_url":"https:\/\/masterproducts.store\/de\/producto\/mb-bucker-200-lite\/","og_site_name":"Master Products Store","article_publisher":"https:\/\/www.facebook.com\/masterproductsofficial","article_modified_time":"2025-04-07T13:55:11+00:00","og_image":[{"width":1800,"height":1800,"url":"https:\/\/masterproducts.store\/wp-content\/uploads\/2025\/03\/2.jpg","type":"image\/jpeg"}],"twitter_card":"summary_large_image","twitter_misc":{"Gesch\u00e4tzte Lesezeit":"2\u00a0Minuten"},"schema":{"@context":"https:\/\/schema.org","@graph":[{"@type":"WebPage","@id":"https:\/\/masterproducts.store\/de\/producto\/mb-bucker-200-lite\/","url":"https:\/\/masterproducts.store\/de\/producto\/mb-bucker-200-lite\/","name":"MB BUCKER 200 LiTE - Master Products Store","isPartOf":{"@id":"https:\/\/masterproducts.store\/de\/#website"},"primaryImageOfPage":{"@id":"https:\/\/masterproducts.store\/de\/producto\/mb-bucker-200-lite\/#primaryimage"},"image":{"@id":"https:\/\/masterproducts.store\/de\/producto\/mb-bucker-200-lite\/#primaryimage"},"thumbnailUrl":"https:\/\/masterproducts.store\/wp-content\/uploads\/2025\/03\/2.jpg","datePublished":"2025-03-07T09:59:59+00:00","dateModified":"2025-04-07T13:55:11+00:00","breadcrumb":{"@id":"https:\/\/masterproducts.store\/de\/producto\/mb-bucker-200-lite\/#breadcrumb"},"inLanguage":"de","potentialAction":[{"@type":"ReadAction","target":["https:\/\/masterproducts.store\/de\/producto\/mb-bucker-200-lite\/"]}]},{"@type":"ImageObject","inLanguage":"de","@id":"https:\/\/masterproducts.store\/de\/producto\/mb-bucker-200-lite\/#primaryimage","url":"https:\/\/masterproducts.store\/wp-content\/uploads\/2025\/03\/2.jpg","contentUrl":"https:\/\/masterproducts.store\/wp-content\/uploads\/2025\/03\/2.jpg","width":1800,"height":1800},{"@type":"BreadcrumbList","@id":"https:\/\/masterproducts.store\/de\/producto\/mb-bucker-200-lite\/#breadcrumb","itemListElement":[{"@type":"ListItem","position":1,"name":"Portada","item":"https:\/\/masterproducts.store\/de\/"},{"@type":"ListItem","position":2,"name":"Shop","item":"https:\/\/masterproducts.store\/de\/shop\/"},{"@type":"ListItem","position":3,"name":"MB BUCKER 200 LiTE"}]},{"@type":"WebSite","@id":"https:\/\/masterproducts.store\/de\/#website","url":"https:\/\/masterproducts.store\/de\/","name":"Master Products Store","description":"Equipos de Poscosecha para cannabis, \u00a1A tu alcance!","publisher":{"@id":"https:\/\/masterproducts.store\/de\/#organization"},"potentialAction":[{"@type":"SearchAction","target":{"@type":"EntryPoint","urlTemplate":"https:\/\/masterproducts.store\/de\/?s={search_term_string}"},"query-input":{"@type":"PropertyValueSpecification","valueRequired":true,"valueName":"search_term_string"}}],"inLanguage":"de"},{"@type":"Organization","@id":"https:\/\/masterproducts.store\/de\/#organization","name":"Master Products Store","url":"https:\/\/masterproducts.store\/de\/","logo":{"@type":"ImageObject","inLanguage":"de","@id":"https:\/\/masterproducts.store\/de\/#\/schema\/logo\/image\/","url":"https:\/\/masterproducts.store\/wp-content\/uploads\/2024\/06\/MP-Logotip_png-1024x188-1.png","contentUrl":"https:\/\/masterproducts.store\/wp-content\/uploads\/2024\/06\/MP-Logotip_png-1024x188-1.png","width":1024,"height":188,"caption":"Master Products Store"},"image":{"@id":"https:\/\/masterproducts.store\/de\/#\/schema\/logo\/image\/"},"sameAs":["https:\/\/www.facebook.com\/masterproductsofficial"]}]}},"_links":{"self":[{"href":"https:\/\/masterproducts.store\/de\/wp-json\/wp\/v2\/product\/1929","targetHints":{"allow":["GET"]}}],"collection":[{"href":"https:\/\/masterproducts.store\/de\/wp-json\/wp\/v2\/product"}],"about":[{"href":"https:\/\/masterproducts.store\/de\/wp-json\/wp\/v2\/types\/product"}],"replies":[{"embeddable":true,"href":"https:\/\/masterproducts.store\/de\/wp-json\/wp\/v2\/comments?post=1929"}],"wp:featuredmedia":[{"embeddable":true,"href":"https:\/\/masterproducts.store\/de\/wp-json\/wp\/v2\/media\/2751"}],"wp:attachment":[{"href":"https:\/\/masterproducts.store\/de\/wp-json\/wp\/v2\/media?parent=1929"}],"wp:term":[{"taxonomy":"product_brand","embeddable":true,"href":"https:\/\/masterproducts.store\/de\/wp-json\/wp\/v2\/product_brand?post=1929"},{"taxonomy":"product_cat","embeddable":true,"href":"https:\/\/masterproducts.store\/de\/wp-json\/wp\/v2\/product_cat?post=1929"},{"taxonomy":"product_tag","embeddable":true,"href":"https:\/\/masterproducts.store\/de\/wp-json\/wp\/v2\/product_tag?post=1929"}],"curies":[{"name":"wp","href":"https:\/\/api.w.org\/{rel}","templated":true}]}}