{"id":1987,"date":"2025-03-07T12:42:55","date_gmt":"2025-03-07T11:42:55","guid":{"rendered":"https:\/\/masterproducts.store\/?post_type=product&#038;p=1987"},"modified":"2025-04-07T15:59:29","modified_gmt":"2025-04-07T13:59:29","slug":"mt-tumbler-200-lite","status":"publish","type":"product","link":"https:\/\/masterproducts.store\/de\/producto\/mt-tumbler-200-lite\/","title":{"rendered":"MT TUMBLER 200 LiTE"},"content":{"rendered":"<section class=\"l-section wpb_row height_medium\"><div class=\"l-section-h i-cf\"><div class=\"g-cols vc_row via_grid cols_1 laptops-cols_inherit tablets-cols_inherit mobiles-cols_1 valign_top type_default stacking_default\"><div class=\"wpb_column vc_column_container\"><div class=\"vc_column-inner\"><nav class=\"g-breadcrumbs separator_custom align_none\" itemscope itemtype=\"http:\/\/schema.org\/BreadcrumbList\"><div class=\"g-breadcrumbs-item\" itemscope itemprop=\"itemListElement\" itemtype=\"http:\/\/schema.org\/ListItem\"><a itemprop=\"item\" href=\"https:\/\/masterproducts.store\/de\/\"><span itemprop=\"name\">Start<\/span><\/a><meta itemprop=\"position\" content=\"1\"\/><\/div><div class=\"g-breadcrumbs-separator\">\/<\/div><div class=\"g-breadcrumbs-item\">Seiten<\/div><\/nav><div class=\"w-separator size_small\"><\/div><h1 class=\"w-post-elm post_title entry-title color_link_inherit\">MT TUMBLER 200 LiTE<\/h1><div class=\"w-separator size_small\"><\/div><div class=\"wpb_text_column\"><div class=\"wpb_wrapper\"><h2 class=\"titulo-slider-destacado-lite\">DER KOMPAKTESTE TRIMMER<br \/>\nF\u00dcR FRISHE UND GETROCKNETE BL\u00dcTEN<\/h2>\n<\/div><\/div><div class=\"w-separator size_medium\"><\/div><div class=\"wpb_text_column\"><div class=\"wpb_wrapper\"><p>Unser MT Tumbler 200 LiTE ist speziell entwickelt, um ein effizientes, pr\u00e4zises und unkompliziertes Cannabis-Trimming zu erm\u00f6glichen. Es garantiert nicht nur eine optimale Leistung, sondern zeichnet sich auch durch au\u00dfergew\u00f6hnliche Haltbarkeit und einfache Wartung aus \u2013 alles zu einem erschwinglichen Preis.<\/p>\n<p>Ausgestattet mit einem leistungsstarken Motor und gefertigt aus hochwertigen Komponenten, bietet der MT Tumbler 200 LiTE das perfekte Gleichgewicht zwischen Ingenieurkunst und Zug\u00e4nglichkeit und gew\u00e4hrleistet ein makelloses Finish sowohl beim Trimmen von frischen als auch getrockneten Cannabisbl\u00fcten.<\/p>\n<p>&gt;F\u00fcr den Komfort des Benutzers entwickelt, verf\u00fcgt er \u00fcber einen Trichter, der das Bef\u00fcllen des Produkts erleichtert. Entdecke alle Funktionen, die der MT Tumbler 200 LiTE dir bieten kann, und bringe deine Erfahrung auf das n\u00e4chste Level mit der Qualit\u00e4t, Effizienz und Zuverl\u00e4ssigkeit, die uns durch unsere jahrelange Erfahrung auszeichnen.<\/p>\n<p><strong>Einfach, funktional, LiTE.<\/strong><\/p>\n<\/div><\/div><\/div><\/div><\/div><\/div><\/section><section class=\"l-section wpb_row us_custom_54635556 height_auto width_full\"><div class=\"l-section-h i-cf\"><div class=\"g-cols vc_row via_grid cols_1 laptops-cols_inherit tablets-cols_inherit mobiles-cols_1 valign_top type_boxes stacking_default\" style=\"--gap:0rem;\"><div class=\"wpb_column vc_column_container type_sticky\"><div class=\"vc_column-inner\"><div class=\"wpb_text_column\"><div class=\"wpb_wrapper\"><h3 style=\"text-align: left; font-size: 2rem;\"><strong>MT TUMBLER 200 LiTE<\/strong><br \/>\n<span style=\"color: #49a186; font-weight: bold;\">Maximale leistung<\/span><\/h3>\n<\/div><\/div><div class=\"w-separator size_small\"><\/div><div class=\"w-tabs style_default switch_click accordion has_scrolling\" style=\"--sections-title-size:inherit\"><div class=\"w-tabs-sections titles-align_none icon_chevron cpos_right\"><div class=\"w-tabs-section\" id=\"jbad\"><button class=\"w-tabs-section-header\" aria-controls=\"content-jbad\" aria-expanded=\"false\"><div class=\"w-tabs-section-title\">Beschreibung<\/div><div class=\"w-tabs-section-control\"><\/div><\/button><div  class=\"w-tabs-section-content\" id=\"content-jbad\"><div class=\"w-tabs-section-content-h i-cf\"><div class=\"wpb_text_column\"><div class=\"wpb_wrapper\"><p>\u2022 Hergestellt aus Edelstahl.<br \/>\n\u2022 Flexible und verstellbare Gegenklinge f\u00fcr pr\u00e4zise Schnitte.<br \/>\n\u2022 Unabh\u00e4ngige Motoren f\u00fcr die Klinge und den Motor.<br \/>\n\u2022 Schneiderm\u00fchle mit 3 strategisch platzierten Klingen.<br \/>\n\u2022 Schutzh\u00fclle aus Edelstahl.<br \/>\n\u2022 Trichter f\u00fcr eine einfache Beladung des Produkts.<br \/>\n\u2022 Inklusive Absaugungssystem.<br \/>\n\u2022 Doppelte Maschen zur Sammlung des Trims und des Staubs.<br \/>\n\u2022 H\u00f6henverstellbarer Trommel.<br \/>\n\u2022 System ohne Werkzeuge.<br \/>\n\u2022 Einfache Reinigung und Wartung.<\/p>\n<\/div><\/div><div class=\"w-separator size_small\"><\/div><div class=\"w-separator size_custom\" style=\"height:15px\"><\/div><div class=\"g-cols wpb_row taula via_grid cols_2 laptops-cols_inherit tablets-cols_inherit mobiles-cols_1 valign_middle type_default\" style=\"--gap:1rem;\"><div class=\"wpb_column vc_column_container\"><div class=\"vc_column-inner\"><div class=\"wpb_text_column\"><div class=\"wpb_wrapper\"><p><em><strong>TRIM WET<\/strong><\/em><\/p>\n<\/div><\/div><div class=\"w-separator us_custom_4076faf9 has_text_color size_custom with_line width_default thick_1 style_solid color_border align_center\" style=\"height:15px\"><div class=\"w-separator-h\"><\/div><\/div><style>\r\n        .production-card-container .text1 {\r\n            font-size: 5rem;\r\n            text-decoration: none;\r\n            text-transform: none;\r\n            line-height: 0.8;\r\n            color:#000;\r\n            font-weight:900;\r\n        }\r\n        a.production-card-holder {\r\n            text-decoration: none;\r\n            color:#000;\r\n        }\r\n        .production-card-footer{\r\n            font-size:1.2rem;\r\n            text-align:center;\r\n\t\t\tfont-weight:700;\r\n        }\r\n         a.production-card-holder:hover{\r\n            color:#000;\r\n        }\r\n        .production-card-head {\r\n            display: flex;\r\n            align-items: flex-end;\r\n            gap:4px;\r\n            justify-content: center;\r\n        }\r\n\t\t@media only screen and (max-width: 1500px) {\r\n\t\t.production-card-container .text1 {\r\n            font-size: 4rem;\r\n        }\r\n\t\t}\r\n    <\/style><a class=\"production-card-holder\">\r\n        <div class=\"production-card-container\">\r\n            <div class=\"production-card-head\">\r\n                <div class=\"image1\">\r\n                    <img decoding=\"async\" src=\"https:\/\/masterproducts.store\/wp-content\/uploads\/2025\/03\/ppl-1-03.png\"\/>\r\n                <\/div>\r\n                <div class=\"text1\"><\/div>\r\n                <div class=\"image2\">\r\n                    <img decoding=\"async\" src=\"https:\/\/masterproducts.store\/wp-content\/uploads\/2025\/03\/ppl-1-04.png\"\/>\r\n                <\/div>\r\n            <\/div>\r\n            <div class=\"production-card-footer\"><\/div>\r\n        <\/div>\r\n    <\/a><\/div><\/div><div class=\"wpb_column vc_column_container\"><div class=\"vc_column-inner\"><\/div><\/div><\/div><div class=\"g-cols wpb_row taula via_grid cols_2 laptops-cols_inherit tablets-cols_inherit mobiles-cols_1 valign_middle type_default\" style=\"--gap:1rem;\"><div class=\"wpb_column vc_column_container\"><div class=\"vc_column-inner\"><div class=\"wpb_text_column\"><div class=\"wpb_wrapper\"><p><em><strong>TRIM DRY<\/strong><\/em><\/p>\n<\/div><\/div><div class=\"w-separator us_custom_4076faf9 has_text_color size_custom with_line width_default thick_1 style_solid color_border align_center\" style=\"height:15px\"><div class=\"w-separator-h\"><\/div><\/div><style>\r\n        .production-card-container .text1 {\r\n            font-size: 5rem;\r\n            text-decoration: none;\r\n            text-transform: none;\r\n            line-height: 0.8;\r\n            color:#000;\r\n            font-weight:900;\r\n        }\r\n        a.production-card-holder {\r\n            text-decoration: none;\r\n            color:#000;\r\n        }\r\n        .production-card-footer{\r\n            font-size:1.2rem;\r\n            text-align:center;\r\n\t\t\tfont-weight:700;\r\n        }\r\n         a.production-card-holder:hover{\r\n            color:#000;\r\n        }\r\n        .production-card-head {\r\n            display: flex;\r\n            align-items: flex-end;\r\n            gap:4px;\r\n            justify-content: center;\r\n        }\r\n\t\t@media only screen and (max-width: 1500px) {\r\n\t\t.production-card-container .text1 {\r\n            font-size: 4rem;\r\n        }\r\n\t\t}\r\n    <\/style><a class=\"production-card-holder\">\r\n        <div class=\"production-card-container\">\r\n            <div class=\"production-card-head\">\r\n                <div class=\"image1\">\r\n                    <img decoding=\"async\" src=\"https:\/\/masterproducts.store\/wp-content\/uploads\/2025\/03\/Sin-titulo-1-05-1.png\"\/>\r\n                <\/div>\r\n                <div class=\"text1\"><\/div>\r\n                <div class=\"image2\">\r\n                    <img decoding=\"async\" src=\"https:\/\/masterproducts.store\/wp-content\/uploads\/2025\/03\/Sin-titulo-1-06.png\"\/>\r\n                <\/div>\r\n            <\/div>\r\n            <div class=\"production-card-footer\"><\/div>\r\n        <\/div>\r\n    <\/a><\/div><\/div><div class=\"wpb_column vc_column_container\"><div class=\"vc_column-inner\"><div class=\"w-iconbox iconpos_top style_default color_primary align_center no_text icontype_img\"><a target=\"_blank\" rel=\"nofollow\" href=\"https:\/\/masterproducts.store\/wp-content\/uploads\/2025\/03\/MT-Tumbler-200-LiTE_ESP.pdf\" class=\"w-iconbox-link\" aria-label=\"Technisches Datenblatt\"><div class=\"w-iconbox-icon\" style=\"font-size:5rem;\"><img loading=\"lazy\" decoding=\"async\" width=\"512\" height=\"382\" src=\"https:\/\/masterproducts.store\/wp-content\/uploads\/2024\/06\/logo-pdf-1.png\" class=\"attachment-full size-full\" alt=\"\" srcset=\"https:\/\/masterproducts.store\/wp-content\/uploads\/2024\/06\/logo-pdf-1.png 512w, https:\/\/masterproducts.store\/wp-content\/uploads\/2024\/06\/logo-pdf-1-300x224.png 300w\" sizes=\"auto, (max-width: 512px) 100vw, 512px\" \/><\/div><\/a><div class=\"w-iconbox-meta\"><a target=\"_blank\" rel=\"nofollow\" href=\"https:\/\/masterproducts.store\/wp-content\/uploads\/2025\/03\/MT-Tumbler-200-LiTE_ESP.pdf\" class=\"w-iconbox-link\" aria-label=\"Technisches Datenblatt\"><span class=\"w-iconbox-title\">Technisches Datenblatt<\/span><\/a><\/div><\/div><\/div><\/div><\/div><\/div><\/div><\/div><div class=\"w-tabs-section\" id=\"r04f\"><button class=\"w-tabs-section-header\" aria-controls=\"content-r04f\" aria-expanded=\"false\"><div class=\"w-tabs-section-title\">Technische Daten<\/div><div class=\"w-tabs-section-control\"><\/div><\/button><div  class=\"w-tabs-section-content\" id=\"content-r04f\"><div class=\"w-tabs-section-content-h i-cf\"><div class=\"wpb_text_column\"><div class=\"wpb_wrapper\"><table class=\"table is-fullwidth has-poppins p-6\" data-v-78f6ea54=\"\">\n<tbody data-v-78f6ea54=\"\">\n<tr data-v-78f6ea54=\"\">\n<td data-v-78f6ea54=\"\"><strong>Elektrischer anschluss<\/strong><\/td>\n<td data-v-78f6ea54=\"\"><span>230V 50\/60 HZ<\/span><\/td>\n<\/tr>\n<tr data-v-78f6ea54=\"\">\n<td data-v-78f6ea54=\"\"><strong>Motorleistung<\/strong><\/td>\n<td data-v-78f6ea54=\"\">15 W<\/td>\n<\/tr>\n<tr data-v-78f6ea54=\"\">\n<td data-v-78f6ea54=\"\"><strong>Leistung des klingenmotors<\/strong><\/td>\n<td data-v-78f6ea54=\"\">180 W<\/td>\n<\/tr>\n<tr data-v-78f6ea54=\"\">\n<td data-v-78f6ea54=\"\"><strong>Gewicht<\/strong><\/td>\n<td data-v-78f6ea54=\"\">25 Kg<\/td>\n<\/tr>\n<tr data-v-78f6ea54=\"\">\n<td data-v-78f6ea54=\"\"><strong>Material des maschine und der klingen<\/strong><\/td>\n<td data-v-78f6ea54=\"\">Rostfreier stahl<\/td>\n<\/tr>\n<tr data-v-78f6ea54=\"\">\n<td data-v-78f6ea54=\"\"><strong>Abmessungen<\/strong><\/td>\n<td data-v-78f6ea54=\"\">80 x 30 x 45 cm<\/td>\n<\/tr>\n<tr data-v-78f6ea54=\"\">\n<td data-v-78f6ea54=\"\"><strong>Absaugsystem<\/strong><\/td>\n<td data-v-78f6ea54=\"\">Ja<\/td>\n<\/tr>\n<tr data-v-78f6ea54=\"\">\n<td data-v-78f6ea54=\"\"><strong>Anzahl der klingen<\/strong><\/td>\n<td data-v-78f6ea54=\"\">3 einheiten<\/td>\n<\/tr>\n<tr data-v-78f6ea54=\"\">\n<td data-v-78f6ea54=\"\"><strong>Ger\u00e4uschpegel<\/strong><\/td>\n<td data-v-78f6ea54=\"\">80 dB<\/td>\n<\/tr>\n<tr data-v-78f6ea54=\"\">\n<td data-v-78f6ea54=\"\"><strong>Garantie<\/strong><\/td>\n<td data-v-78f6ea54=\"\">2 jahre<\/td>\n<\/tr>\n<\/tbody>\n<\/table>\n<\/div><\/div><\/div><\/div><\/div><\/div><\/div><div class=\"w-separator size_small\"><\/div><div class=\"w-hwrapper us_custom_b2b33b1a master-precio-banner valign_middle stack_on_mobiles align_center\"><p class=\"w-post-elm product_field price us_custom_9cbe97f1 has_text_color\"><span class=\"woocommerce-Price-amount amount\"><bdi>3.900,00&nbsp;<span class=\"woocommerce-Price-currencySymbol\">&euro;<\/span><\/bdi><\/span> <small class=\"woocommerce-price-suffix\">+ MwSt<\/small><\/p><div class=\"w-post-elm add_to_cart us_custom_6df4bc3a has_text_color\"><p class=\"stock in-stock\">20 vorr\u00e4tig<\/p>\n\n\t\n\t<form class=\"cart\" action=\"https:\/\/masterproducts.store\/de\/producto\/mt-tumbler-200-lite\/\" method=\"post\" enctype='multipart\/form-data'>\n\t\t\n\t\t<div class=\"quantity\">\n\t\t<label class=\"screen-reader-text\" for=\"quantity_69f452cd489ca\">MT TUMBLER 200 LiTE Menge<\/label>\n\t<input\n\t\ttype=\"number\"\n\t\t\t\tid=\"quantity_69f452cd489ca\"\n\t\tclass=\"input-text qty text\"\n\t\tname=\"quantity\"\n\t\tvalue=\"1\"\n\t\taria-label=\"Produktmenge\"\n\t\t\t\tmin=\"1\"\n\t\t\t\t\tmax=\"20\"\n\t\t\t\t\t\t\tstep=\"1\"\n\t\t\tplaceholder=\"\"\n\t\t\tinputmode=\"numeric\"\n\t\t\tautocomplete=\"off\"\n\t\t\t\/>\n\t<\/div>\n\n\t\t<button type=\"submit\" name=\"add-to-cart\" value=\"1987\" class=\"single_add_to_cart_button button alt\">In den Warenkorb<\/button>\n\n\t\t\t<\/form>\n\n\t\n<div class=\"woocommerce-notices-wrapper\"><\/div><\/div><\/div><div class=\"w-separator size_small\"><\/div><\/div><\/div><\/div><\/div><\/section>\n","protected":false},"excerpt":{"rendered":"Start\/SeitenMT TUMBLER 200 LiTE DER KOMPAKTESTE TRIMMER F\u00dcR FRISHE UND GETROCKNETE BL\u00dcTEN Unser MT Tumbler 200 LiTE ist speziell entwickelt, um ein effizientes, pr\u00e4zises und unkompliziertes Cannabis-Trimming zu erm\u00f6glichen. Es garantiert nicht nur eine optimale Leistung, sondern zeichnet sich auch durch au\u00dfergew\u00f6hnliche Haltbarkeit und einfache Wartung aus \u2013 alles zu einem erschwinglichen Preis. Ausgestattet mit...","protected":false},"featured_media":3809,"comment_status":"open","ping_status":"closed","template":"","meta":[],"product_brand":[],"product_cat":[40],"product_tag":[],"class_list":{"0":"post-1987","1":"product","2":"type-product","3":"status-publish","4":"has-post-thumbnail","6":"product_cat-lite-de","8":"first","9":"instock","10":"taxable","11":"shipping-taxable","12":"purchasable","13":"product-type-simple"},"yoast_head":"<!-- This site is optimized with the Yoast SEO plugin v27.5 - https:\/\/yoast.com\/product\/yoast-seo-wordpress\/ -->\n<title>MT TUMBLER 200 LiTE - Master Products Store<\/title>\n<meta name=\"robots\" content=\"index, follow, max-snippet:-1, max-image-preview:large, max-video-preview:-1\" \/>\n<link rel=\"canonical\" href=\"https:\/\/masterproducts.store\/de\/producto\/mt-tumbler-200-lite\/\" \/>\n<meta property=\"og:locale\" content=\"de_DE\" \/>\n<meta property=\"og:type\" content=\"article\" \/>\n<meta property=\"og:title\" content=\"MT TUMBLER 200 LiTE - Master Products Store\" \/>\n<meta property=\"og:url\" content=\"https:\/\/masterproducts.store\/de\/producto\/mt-tumbler-200-lite\/\" \/>\n<meta property=\"og:site_name\" content=\"Master Products Store\" \/>\n<meta property=\"article:publisher\" content=\"https:\/\/www.facebook.com\/masterproductsofficial\" \/>\n<meta property=\"article:modified_time\" content=\"2025-04-07T13:59:29+00:00\" \/>\n<meta property=\"og:image\" content=\"https:\/\/masterproducts.store\/wp-content\/uploads\/2025\/03\/store-100_.webp\" \/>\n\t<meta property=\"og:image:width\" content=\"1000\" \/>\n\t<meta property=\"og:image:height\" content=\"1000\" \/>\n\t<meta property=\"og:image:type\" content=\"image\/webp\" \/>\n<meta name=\"twitter:card\" content=\"summary_large_image\" \/>\n<meta name=\"twitter:label1\" content=\"Gesch\u00e4tzte Lesezeit\" \/>\n\t<meta name=\"twitter:data1\" content=\"2\u00a0Minuten\" \/>\n<script type=\"application\/ld+json\" class=\"yoast-schema-graph\">{\"@context\":\"https:\\\/\\\/schema.org\",\"@graph\":[{\"@type\":\"WebPage\",\"@id\":\"https:\\\/\\\/masterproducts.store\\\/de\\\/producto\\\/mt-tumbler-200-lite\\\/\",\"url\":\"https:\\\/\\\/masterproducts.store\\\/de\\\/producto\\\/mt-tumbler-200-lite\\\/\",\"name\":\"MT TUMBLER 200 LiTE - Master Products Store\",\"isPartOf\":{\"@id\":\"https:\\\/\\\/masterproducts.store\\\/de\\\/#website\"},\"primaryImageOfPage\":{\"@id\":\"https:\\\/\\\/masterproducts.store\\\/de\\\/producto\\\/mt-tumbler-200-lite\\\/#primaryimage\"},\"image\":{\"@id\":\"https:\\\/\\\/masterproducts.store\\\/de\\\/producto\\\/mt-tumbler-200-lite\\\/#primaryimage\"},\"thumbnailUrl\":\"https:\\\/\\\/masterproducts.store\\\/wp-content\\\/uploads\\\/2025\\\/03\\\/store-100_.webp\",\"datePublished\":\"2025-03-07T11:42:55+00:00\",\"dateModified\":\"2025-04-07T13:59:29+00:00\",\"breadcrumb\":{\"@id\":\"https:\\\/\\\/masterproducts.store\\\/de\\\/producto\\\/mt-tumbler-200-lite\\\/#breadcrumb\"},\"inLanguage\":\"de\",\"potentialAction\":[{\"@type\":\"ReadAction\",\"target\":[\"https:\\\/\\\/masterproducts.store\\\/de\\\/producto\\\/mt-tumbler-200-lite\\\/\"]}]},{\"@type\":\"ImageObject\",\"inLanguage\":\"de\",\"@id\":\"https:\\\/\\\/masterproducts.store\\\/de\\\/producto\\\/mt-tumbler-200-lite\\\/#primaryimage\",\"url\":\"https:\\\/\\\/masterproducts.store\\\/wp-content\\\/uploads\\\/2025\\\/03\\\/store-100_.webp\",\"contentUrl\":\"https:\\\/\\\/masterproducts.store\\\/wp-content\\\/uploads\\\/2025\\\/03\\\/store-100_.webp\",\"width\":1000,\"height\":1000},{\"@type\":\"BreadcrumbList\",\"@id\":\"https:\\\/\\\/masterproducts.store\\\/de\\\/producto\\\/mt-tumbler-200-lite\\\/#breadcrumb\",\"itemListElement\":[{\"@type\":\"ListItem\",\"position\":1,\"name\":\"Portada\",\"item\":\"https:\\\/\\\/masterproducts.store\\\/de\\\/\"},{\"@type\":\"ListItem\",\"position\":2,\"name\":\"Shop\",\"item\":\"https:\\\/\\\/masterproducts.store\\\/de\\\/shop\\\/\"},{\"@type\":\"ListItem\",\"position\":3,\"name\":\"MT TUMBLER 200 LiTE\"}]},{\"@type\":\"WebSite\",\"@id\":\"https:\\\/\\\/masterproducts.store\\\/de\\\/#website\",\"url\":\"https:\\\/\\\/masterproducts.store\\\/de\\\/\",\"name\":\"Master Products Store\",\"description\":\"Equipos de Poscosecha para cannabis, \u00a1A tu alcance!\",\"publisher\":{\"@id\":\"https:\\\/\\\/masterproducts.store\\\/de\\\/#organization\"},\"potentialAction\":[{\"@type\":\"SearchAction\",\"target\":{\"@type\":\"EntryPoint\",\"urlTemplate\":\"https:\\\/\\\/masterproducts.store\\\/de\\\/?s={search_term_string}\"},\"query-input\":{\"@type\":\"PropertyValueSpecification\",\"valueRequired\":true,\"valueName\":\"search_term_string\"}}],\"inLanguage\":\"de\"},{\"@type\":\"Organization\",\"@id\":\"https:\\\/\\\/masterproducts.store\\\/de\\\/#organization\",\"name\":\"Master Products Store\",\"url\":\"https:\\\/\\\/masterproducts.store\\\/de\\\/\",\"logo\":{\"@type\":\"ImageObject\",\"inLanguage\":\"de\",\"@id\":\"https:\\\/\\\/masterproducts.store\\\/de\\\/#\\\/schema\\\/logo\\\/image\\\/\",\"url\":\"https:\\\/\\\/masterproducts.store\\\/wp-content\\\/uploads\\\/2024\\\/06\\\/MP-Logotip_png-1024x188-1.png\",\"contentUrl\":\"https:\\\/\\\/masterproducts.store\\\/wp-content\\\/uploads\\\/2024\\\/06\\\/MP-Logotip_png-1024x188-1.png\",\"width\":1024,\"height\":188,\"caption\":\"Master Products Store\"},\"image\":{\"@id\":\"https:\\\/\\\/masterproducts.store\\\/de\\\/#\\\/schema\\\/logo\\\/image\\\/\"},\"sameAs\":[\"https:\\\/\\\/www.facebook.com\\\/masterproductsofficial\"]}]}<\/script>\n<!-- \/ Yoast SEO plugin. -->","yoast_head_json":{"title":"MT TUMBLER 200 LiTE - Master Products Store","robots":{"index":"index","follow":"follow","max-snippet":"max-snippet:-1","max-image-preview":"max-image-preview:large","max-video-preview":"max-video-preview:-1"},"canonical":"https:\/\/masterproducts.store\/de\/producto\/mt-tumbler-200-lite\/","og_locale":"de_DE","og_type":"article","og_title":"MT TUMBLER 200 LiTE - Master Products Store","og_url":"https:\/\/masterproducts.store\/de\/producto\/mt-tumbler-200-lite\/","og_site_name":"Master Products Store","article_publisher":"https:\/\/www.facebook.com\/masterproductsofficial","article_modified_time":"2025-04-07T13:59:29+00:00","og_image":[{"width":1000,"height":1000,"url":"https:\/\/masterproducts.store\/wp-content\/uploads\/2025\/03\/store-100_.webp","type":"image\/webp"}],"twitter_card":"summary_large_image","twitter_misc":{"Gesch\u00e4tzte Lesezeit":"2\u00a0Minuten"},"schema":{"@context":"https:\/\/schema.org","@graph":[{"@type":"WebPage","@id":"https:\/\/masterproducts.store\/de\/producto\/mt-tumbler-200-lite\/","url":"https:\/\/masterproducts.store\/de\/producto\/mt-tumbler-200-lite\/","name":"MT TUMBLER 200 LiTE - Master Products Store","isPartOf":{"@id":"https:\/\/masterproducts.store\/de\/#website"},"primaryImageOfPage":{"@id":"https:\/\/masterproducts.store\/de\/producto\/mt-tumbler-200-lite\/#primaryimage"},"image":{"@id":"https:\/\/masterproducts.store\/de\/producto\/mt-tumbler-200-lite\/#primaryimage"},"thumbnailUrl":"https:\/\/masterproducts.store\/wp-content\/uploads\/2025\/03\/store-100_.webp","datePublished":"2025-03-07T11:42:55+00:00","dateModified":"2025-04-07T13:59:29+00:00","breadcrumb":{"@id":"https:\/\/masterproducts.store\/de\/producto\/mt-tumbler-200-lite\/#breadcrumb"},"inLanguage":"de","potentialAction":[{"@type":"ReadAction","target":["https:\/\/masterproducts.store\/de\/producto\/mt-tumbler-200-lite\/"]}]},{"@type":"ImageObject","inLanguage":"de","@id":"https:\/\/masterproducts.store\/de\/producto\/mt-tumbler-200-lite\/#primaryimage","url":"https:\/\/masterproducts.store\/wp-content\/uploads\/2025\/03\/store-100_.webp","contentUrl":"https:\/\/masterproducts.store\/wp-content\/uploads\/2025\/03\/store-100_.webp","width":1000,"height":1000},{"@type":"BreadcrumbList","@id":"https:\/\/masterproducts.store\/de\/producto\/mt-tumbler-200-lite\/#breadcrumb","itemListElement":[{"@type":"ListItem","position":1,"name":"Portada","item":"https:\/\/masterproducts.store\/de\/"},{"@type":"ListItem","position":2,"name":"Shop","item":"https:\/\/masterproducts.store\/de\/shop\/"},{"@type":"ListItem","position":3,"name":"MT TUMBLER 200 LiTE"}]},{"@type":"WebSite","@id":"https:\/\/masterproducts.store\/de\/#website","url":"https:\/\/masterproducts.store\/de\/","name":"Master Products Store","description":"Equipos de Poscosecha para cannabis, \u00a1A tu alcance!","publisher":{"@id":"https:\/\/masterproducts.store\/de\/#organization"},"potentialAction":[{"@type":"SearchAction","target":{"@type":"EntryPoint","urlTemplate":"https:\/\/masterproducts.store\/de\/?s={search_term_string}"},"query-input":{"@type":"PropertyValueSpecification","valueRequired":true,"valueName":"search_term_string"}}],"inLanguage":"de"},{"@type":"Organization","@id":"https:\/\/masterproducts.store\/de\/#organization","name":"Master Products Store","url":"https:\/\/masterproducts.store\/de\/","logo":{"@type":"ImageObject","inLanguage":"de","@id":"https:\/\/masterproducts.store\/de\/#\/schema\/logo\/image\/","url":"https:\/\/masterproducts.store\/wp-content\/uploads\/2024\/06\/MP-Logotip_png-1024x188-1.png","contentUrl":"https:\/\/masterproducts.store\/wp-content\/uploads\/2024\/06\/MP-Logotip_png-1024x188-1.png","width":1024,"height":188,"caption":"Master Products Store"},"image":{"@id":"https:\/\/masterproducts.store\/de\/#\/schema\/logo\/image\/"},"sameAs":["https:\/\/www.facebook.com\/masterproductsofficial"]}]}},"_links":{"self":[{"href":"https:\/\/masterproducts.store\/de\/wp-json\/wp\/v2\/product\/1987","targetHints":{"allow":["GET"]}}],"collection":[{"href":"https:\/\/masterproducts.store\/de\/wp-json\/wp\/v2\/product"}],"about":[{"href":"https:\/\/masterproducts.store\/de\/wp-json\/wp\/v2\/types\/product"}],"replies":[{"embeddable":true,"href":"https:\/\/masterproducts.store\/de\/wp-json\/wp\/v2\/comments?post=1987"}],"wp:featuredmedia":[{"embeddable":true,"href":"https:\/\/masterproducts.store\/de\/wp-json\/wp\/v2\/media\/3809"}],"wp:attachment":[{"href":"https:\/\/masterproducts.store\/de\/wp-json\/wp\/v2\/media?parent=1987"}],"wp:term":[{"taxonomy":"product_brand","embeddable":true,"href":"https:\/\/masterproducts.store\/de\/wp-json\/wp\/v2\/product_brand?post=1987"},{"taxonomy":"product_cat","embeddable":true,"href":"https:\/\/masterproducts.store\/de\/wp-json\/wp\/v2\/product_cat?post=1987"},{"taxonomy":"product_tag","embeddable":true,"href":"https:\/\/masterproducts.store\/de\/wp-json\/wp\/v2\/product_tag?post=1987"}],"curies":[{"name":"wp","href":"https:\/\/api.w.org\/{rel}","templated":true}]}}