{"id":3384,"date":"2025-12-01T16:35:04","date_gmt":"2025-12-01T15:35:04","guid":{"rendered":"https:\/\/masterproducts.store\/?post_type=product&#038;p=3384"},"modified":"2025-12-10T08:50:57","modified_gmt":"2025-12-10T07:50:57","slug":"spare-blade-mt-dry-100-lite","status":"publish","type":"product","link":"https:\/\/masterproducts.store\/de\/producto\/spare-blade-mt-dry-100-lite\/","title":{"rendered":"ERSATZKLINGE MT DRY 100 LiTE"},"content":{"rendered":"<p data-start=\"0\" data-end=\"268\">Hochbelastbare Nylonklingen, geeignet f\u00fcr den Lebensmittelkontakt. Dieses Material ist nicht nur langlebig und leicht zu reinigen, sondern verhindert auch die Besch\u00e4digung der Bl\u00fcten durch Reibung oder Hitze und gew\u00e4hrleistet einen sicheren und hygienischen Schnitt.<\/p>\n<p data-start=\"270\" data-end=\"587\">Dank ihres optimierten Designs bieten sie ein ultra-pr\u00e4zises Schneidsystem, das die Struktur und Trichome der Bl\u00fcten bewahrt und ein gleichm\u00e4\u00dfiges, sauberes und feines Ergebnis erzielt. Das Resultat: perfekt getrimmte Bl\u00fcten, ohne deren Eigenschaften zu beeintr\u00e4chtigen oder die Qualit\u00e4t des Endprodukts zu mindern.<\/p>\n<p data-start=\"589\" data-end=\"642\" data-is-last-node=\"\" data-is-only-node=\"\">Einfaches Montieren und Demontieren dank der Spanner.<\/p>\n","protected":false},"excerpt":{"rendered":"<p>acc<\/p>\n","protected":false},"featured_media":3359,"comment_status":"open","ping_status":"closed","template":"","meta":[],"product_brand":[],"product_cat":[118],"product_tag":[440],"class_list":{"0":"post-3384","1":"product","2":"type-product","3":"status-publish","4":"has-post-thumbnail","6":"product_cat-zubehor","7":"product_tag-mt-dry-100-lite","9":"first","10":"instock","11":"taxable","12":"shipping-taxable","13":"purchasable","14":"product-type-simple"},"yoast_head":"<!-- This site is optimized with the Yoast SEO plugin v27.5 - https:\/\/yoast.com\/product\/yoast-seo-wordpress\/ -->\n<title>Klingenersatz MT Dry 100 LiTE | Pr\u00e4ziser Schnitt aus lebensmittelechtem Material - Master Products Store<\/title>\n<meta name=\"description\" content=\"Ersatzklinge aus hochfestem, lebensmittelechtem Nylon f\u00fcr die MT Dry 100 LiTE. Gew\u00e4hrleistet einen ultrapr\u00e4zisen Schnitt, sch\u00fctzt die Trichome und sorgt f\u00fcr ein sauberes, gleichm\u00e4\u00dfiges Finish.\" \/>\n<meta name=\"robots\" content=\"index, follow, max-snippet:-1, max-image-preview:large, max-video-preview:-1\" \/>\n<link rel=\"canonical\" href=\"https:\/\/masterproducts.store\/de\/producto\/spare-blade-mt-dry-100-lite\/\" \/>\n<meta property=\"og:locale\" content=\"de_DE\" \/>\n<meta property=\"og:type\" content=\"article\" \/>\n<meta property=\"og:title\" content=\"Klingenersatz MT Dry 100 LiTE | Pr\u00e4ziser Schnitt aus lebensmittelechtem Material - Master Products Store\" \/>\n<meta property=\"og:description\" content=\"Ersatzklinge aus hochfestem, lebensmittelechtem Nylon f\u00fcr die MT Dry 100 LiTE. Gew\u00e4hrleistet einen ultrapr\u00e4zisen Schnitt, sch\u00fctzt die Trichome und sorgt f\u00fcr ein sauberes, gleichm\u00e4\u00dfiges Finish.\" \/>\n<meta property=\"og:url\" content=\"https:\/\/masterproducts.store\/de\/producto\/spare-blade-mt-dry-100-lite\/\" \/>\n<meta property=\"og:site_name\" content=\"Master Products Store\" \/>\n<meta property=\"article:publisher\" content=\"https:\/\/www.facebook.com\/masterproductsofficial\" \/>\n<meta property=\"article:modified_time\" content=\"2025-12-10T07:50:57+00:00\" \/>\n<meta property=\"og:image\" content=\"https:\/\/masterproducts.store\/wp-content\/uploads\/2025\/11\/Cuchilla-MT-Dry-100-LiTE.webp\" \/>\n\t<meta property=\"og:image:width\" content=\"799\" \/>\n\t<meta property=\"og:image:height\" content=\"1920\" \/>\n\t<meta property=\"og:image:type\" content=\"image\/webp\" \/>\n<meta name=\"twitter:card\" content=\"summary_large_image\" \/>\n<meta name=\"twitter:label1\" content=\"Gesch\u00e4tzte Lesezeit\" \/>\n\t<meta name=\"twitter:data1\" content=\"1\u00a0Minute\" \/>\n<script type=\"application\/ld+json\" class=\"yoast-schema-graph\">{\"@context\":\"https:\\\/\\\/schema.org\",\"@graph\":[{\"@type\":\"WebPage\",\"@id\":\"https:\\\/\\\/masterproducts.store\\\/de\\\/producto\\\/spare-blade-mt-dry-100-lite\\\/\",\"url\":\"https:\\\/\\\/masterproducts.store\\\/de\\\/producto\\\/spare-blade-mt-dry-100-lite\\\/\",\"name\":\"Klingenersatz MT Dry 100 LiTE | Pr\u00e4ziser Schnitt aus lebensmittelechtem Material - Master Products Store\",\"isPartOf\":{\"@id\":\"https:\\\/\\\/masterproducts.store\\\/de\\\/#website\"},\"primaryImageOfPage\":{\"@id\":\"https:\\\/\\\/masterproducts.store\\\/de\\\/producto\\\/spare-blade-mt-dry-100-lite\\\/#primaryimage\"},\"image\":{\"@id\":\"https:\\\/\\\/masterproducts.store\\\/de\\\/producto\\\/spare-blade-mt-dry-100-lite\\\/#primaryimage\"},\"thumbnailUrl\":\"https:\\\/\\\/masterproducts.store\\\/wp-content\\\/uploads\\\/2025\\\/11\\\/Cuchilla-MT-Dry-100-LiTE.webp\",\"datePublished\":\"2025-12-01T15:35:04+00:00\",\"dateModified\":\"2025-12-10T07:50:57+00:00\",\"description\":\"Ersatzklinge aus hochfestem, lebensmittelechtem Nylon f\u00fcr die MT Dry 100 LiTE. Gew\u00e4hrleistet einen ultrapr\u00e4zisen Schnitt, sch\u00fctzt die Trichome und sorgt f\u00fcr ein sauberes, gleichm\u00e4\u00dfiges Finish.\",\"breadcrumb\":{\"@id\":\"https:\\\/\\\/masterproducts.store\\\/de\\\/producto\\\/spare-blade-mt-dry-100-lite\\\/#breadcrumb\"},\"inLanguage\":\"de\",\"potentialAction\":[{\"@type\":\"ReadAction\",\"target\":[\"https:\\\/\\\/masterproducts.store\\\/de\\\/producto\\\/spare-blade-mt-dry-100-lite\\\/\"]}]},{\"@type\":\"ImageObject\",\"inLanguage\":\"de\",\"@id\":\"https:\\\/\\\/masterproducts.store\\\/de\\\/producto\\\/spare-blade-mt-dry-100-lite\\\/#primaryimage\",\"url\":\"https:\\\/\\\/masterproducts.store\\\/wp-content\\\/uploads\\\/2025\\\/11\\\/Cuchilla-MT-Dry-100-LiTE.webp\",\"contentUrl\":\"https:\\\/\\\/masterproducts.store\\\/wp-content\\\/uploads\\\/2025\\\/11\\\/Cuchilla-MT-Dry-100-LiTE.webp\",\"width\":799,\"height\":1920},{\"@type\":\"BreadcrumbList\",\"@id\":\"https:\\\/\\\/masterproducts.store\\\/de\\\/producto\\\/spare-blade-mt-dry-100-lite\\\/#breadcrumb\",\"itemListElement\":[{\"@type\":\"ListItem\",\"position\":1,\"name\":\"Portada\",\"item\":\"https:\\\/\\\/masterproducts.store\\\/de\\\/\"},{\"@type\":\"ListItem\",\"position\":2,\"name\":\"Shop\",\"item\":\"https:\\\/\\\/masterproducts.store\\\/de\\\/shop\\\/\"},{\"@type\":\"ListItem\",\"position\":3,\"name\":\"ERSATZKLINGE MT DRY 100 LiTE\"}]},{\"@type\":\"WebSite\",\"@id\":\"https:\\\/\\\/masterproducts.store\\\/de\\\/#website\",\"url\":\"https:\\\/\\\/masterproducts.store\\\/de\\\/\",\"name\":\"Master Products Store\",\"description\":\"Equipos de Poscosecha para cannabis, \u00a1A tu alcance!\",\"publisher\":{\"@id\":\"https:\\\/\\\/masterproducts.store\\\/de\\\/#organization\"},\"potentialAction\":[{\"@type\":\"SearchAction\",\"target\":{\"@type\":\"EntryPoint\",\"urlTemplate\":\"https:\\\/\\\/masterproducts.store\\\/de\\\/?s={search_term_string}\"},\"query-input\":{\"@type\":\"PropertyValueSpecification\",\"valueRequired\":true,\"valueName\":\"search_term_string\"}}],\"inLanguage\":\"de\"},{\"@type\":\"Organization\",\"@id\":\"https:\\\/\\\/masterproducts.store\\\/de\\\/#organization\",\"name\":\"Master Products Store\",\"url\":\"https:\\\/\\\/masterproducts.store\\\/de\\\/\",\"logo\":{\"@type\":\"ImageObject\",\"inLanguage\":\"de\",\"@id\":\"https:\\\/\\\/masterproducts.store\\\/de\\\/#\\\/schema\\\/logo\\\/image\\\/\",\"url\":\"https:\\\/\\\/masterproducts.store\\\/wp-content\\\/uploads\\\/2024\\\/06\\\/MP-Logotip_png-1024x188-1.png\",\"contentUrl\":\"https:\\\/\\\/masterproducts.store\\\/wp-content\\\/uploads\\\/2024\\\/06\\\/MP-Logotip_png-1024x188-1.png\",\"width\":1024,\"height\":188,\"caption\":\"Master Products Store\"},\"image\":{\"@id\":\"https:\\\/\\\/masterproducts.store\\\/de\\\/#\\\/schema\\\/logo\\\/image\\\/\"},\"sameAs\":[\"https:\\\/\\\/www.facebook.com\\\/masterproductsofficial\"]}]}<\/script>\n<!-- \/ Yoast SEO plugin. -->","yoast_head_json":{"title":"Klingenersatz MT Dry 100 LiTE | Pr\u00e4ziser Schnitt aus lebensmittelechtem Material - Master Products Store","description":"Ersatzklinge aus hochfestem, lebensmittelechtem Nylon f\u00fcr die MT Dry 100 LiTE. Gew\u00e4hrleistet einen ultrapr\u00e4zisen Schnitt, sch\u00fctzt die Trichome und sorgt f\u00fcr ein sauberes, gleichm\u00e4\u00dfiges Finish.","robots":{"index":"index","follow":"follow","max-snippet":"max-snippet:-1","max-image-preview":"max-image-preview:large","max-video-preview":"max-video-preview:-1"},"canonical":"https:\/\/masterproducts.store\/de\/producto\/spare-blade-mt-dry-100-lite\/","og_locale":"de_DE","og_type":"article","og_title":"Klingenersatz MT Dry 100 LiTE | Pr\u00e4ziser Schnitt aus lebensmittelechtem Material - Master Products Store","og_description":"Ersatzklinge aus hochfestem, lebensmittelechtem Nylon f\u00fcr die MT Dry 100 LiTE. Gew\u00e4hrleistet einen ultrapr\u00e4zisen Schnitt, sch\u00fctzt die Trichome und sorgt f\u00fcr ein sauberes, gleichm\u00e4\u00dfiges Finish.","og_url":"https:\/\/masterproducts.store\/de\/producto\/spare-blade-mt-dry-100-lite\/","og_site_name":"Master Products Store","article_publisher":"https:\/\/www.facebook.com\/masterproductsofficial","article_modified_time":"2025-12-10T07:50:57+00:00","og_image":[{"width":799,"height":1920,"url":"https:\/\/masterproducts.store\/wp-content\/uploads\/2025\/11\/Cuchilla-MT-Dry-100-LiTE.webp","type":"image\/webp"}],"twitter_card":"summary_large_image","twitter_misc":{"Gesch\u00e4tzte Lesezeit":"1\u00a0Minute"},"schema":{"@context":"https:\/\/schema.org","@graph":[{"@type":"WebPage","@id":"https:\/\/masterproducts.store\/de\/producto\/spare-blade-mt-dry-100-lite\/","url":"https:\/\/masterproducts.store\/de\/producto\/spare-blade-mt-dry-100-lite\/","name":"Klingenersatz MT Dry 100 LiTE | Pr\u00e4ziser Schnitt aus lebensmittelechtem Material - Master Products Store","isPartOf":{"@id":"https:\/\/masterproducts.store\/de\/#website"},"primaryImageOfPage":{"@id":"https:\/\/masterproducts.store\/de\/producto\/spare-blade-mt-dry-100-lite\/#primaryimage"},"image":{"@id":"https:\/\/masterproducts.store\/de\/producto\/spare-blade-mt-dry-100-lite\/#primaryimage"},"thumbnailUrl":"https:\/\/masterproducts.store\/wp-content\/uploads\/2025\/11\/Cuchilla-MT-Dry-100-LiTE.webp","datePublished":"2025-12-01T15:35:04+00:00","dateModified":"2025-12-10T07:50:57+00:00","description":"Ersatzklinge aus hochfestem, lebensmittelechtem Nylon f\u00fcr die MT Dry 100 LiTE. Gew\u00e4hrleistet einen ultrapr\u00e4zisen Schnitt, sch\u00fctzt die Trichome und sorgt f\u00fcr ein sauberes, gleichm\u00e4\u00dfiges Finish.","breadcrumb":{"@id":"https:\/\/masterproducts.store\/de\/producto\/spare-blade-mt-dry-100-lite\/#breadcrumb"},"inLanguage":"de","potentialAction":[{"@type":"ReadAction","target":["https:\/\/masterproducts.store\/de\/producto\/spare-blade-mt-dry-100-lite\/"]}]},{"@type":"ImageObject","inLanguage":"de","@id":"https:\/\/masterproducts.store\/de\/producto\/spare-blade-mt-dry-100-lite\/#primaryimage","url":"https:\/\/masterproducts.store\/wp-content\/uploads\/2025\/11\/Cuchilla-MT-Dry-100-LiTE.webp","contentUrl":"https:\/\/masterproducts.store\/wp-content\/uploads\/2025\/11\/Cuchilla-MT-Dry-100-LiTE.webp","width":799,"height":1920},{"@type":"BreadcrumbList","@id":"https:\/\/masterproducts.store\/de\/producto\/spare-blade-mt-dry-100-lite\/#breadcrumb","itemListElement":[{"@type":"ListItem","position":1,"name":"Portada","item":"https:\/\/masterproducts.store\/de\/"},{"@type":"ListItem","position":2,"name":"Shop","item":"https:\/\/masterproducts.store\/de\/shop\/"},{"@type":"ListItem","position":3,"name":"ERSATZKLINGE MT DRY 100 LiTE"}]},{"@type":"WebSite","@id":"https:\/\/masterproducts.store\/de\/#website","url":"https:\/\/masterproducts.store\/de\/","name":"Master Products Store","description":"Equipos de Poscosecha para cannabis, \u00a1A tu alcance!","publisher":{"@id":"https:\/\/masterproducts.store\/de\/#organization"},"potentialAction":[{"@type":"SearchAction","target":{"@type":"EntryPoint","urlTemplate":"https:\/\/masterproducts.store\/de\/?s={search_term_string}"},"query-input":{"@type":"PropertyValueSpecification","valueRequired":true,"valueName":"search_term_string"}}],"inLanguage":"de"},{"@type":"Organization","@id":"https:\/\/masterproducts.store\/de\/#organization","name":"Master Products Store","url":"https:\/\/masterproducts.store\/de\/","logo":{"@type":"ImageObject","inLanguage":"de","@id":"https:\/\/masterproducts.store\/de\/#\/schema\/logo\/image\/","url":"https:\/\/masterproducts.store\/wp-content\/uploads\/2024\/06\/MP-Logotip_png-1024x188-1.png","contentUrl":"https:\/\/masterproducts.store\/wp-content\/uploads\/2024\/06\/MP-Logotip_png-1024x188-1.png","width":1024,"height":188,"caption":"Master Products Store"},"image":{"@id":"https:\/\/masterproducts.store\/de\/#\/schema\/logo\/image\/"},"sameAs":["https:\/\/www.facebook.com\/masterproductsofficial"]}]}},"_links":{"self":[{"href":"https:\/\/masterproducts.store\/de\/wp-json\/wp\/v2\/product\/3384","targetHints":{"allow":["GET"]}}],"collection":[{"href":"https:\/\/masterproducts.store\/de\/wp-json\/wp\/v2\/product"}],"about":[{"href":"https:\/\/masterproducts.store\/de\/wp-json\/wp\/v2\/types\/product"}],"replies":[{"embeddable":true,"href":"https:\/\/masterproducts.store\/de\/wp-json\/wp\/v2\/comments?post=3384"}],"wp:featuredmedia":[{"embeddable":true,"href":"https:\/\/masterproducts.store\/de\/wp-json\/wp\/v2\/media\/3359"}],"wp:attachment":[{"href":"https:\/\/masterproducts.store\/de\/wp-json\/wp\/v2\/media?parent=3384"}],"wp:term":[{"taxonomy":"product_brand","embeddable":true,"href":"https:\/\/masterproducts.store\/de\/wp-json\/wp\/v2\/product_brand?post=3384"},{"taxonomy":"product_cat","embeddable":true,"href":"https:\/\/masterproducts.store\/de\/wp-json\/wp\/v2\/product_cat?post=3384"},{"taxonomy":"product_tag","embeddable":true,"href":"https:\/\/masterproducts.store\/de\/wp-json\/wp\/v2\/product_tag?post=3384"}],"curies":[{"name":"wp","href":"https:\/\/api.w.org\/{rel}","templated":true}]}}