{"id":3396,"date":"2025-12-01T16:35:01","date_gmt":"2025-12-01T15:35:01","guid":{"rendered":"https:\/\/masterproducts.store\/?post_type=product&#038;p=3396"},"modified":"2025-12-10T09:11:09","modified_gmt":"2025-12-10T08:11:09","slug":"spare-polen-extractor-barrel-hexagon-mtd100-120-microns-without-lids","status":"publish","type":"product","link":"https:\/\/masterproducts.store\/de\/producto\/spare-polen-extractor-barrel-hexagon-mtd100-120-microns-without-lids\/","title":{"rendered":"POLLENTROMMEL-EXTRAKTOR HEXAGON MTD100"},"content":{"rendered":"<p data-start=\"0\" data-end=\"144\">120-Mikron-Mikronetz-Pollentrommel aus Edelstahl. M\u00f6glichkeit, die Netze einzeln auszutauschen und ihre Mikrongr\u00f6\u00dfe an Ihr Produkt anzupassen.<\/p>\n<p data-start=\"146\" data-end=\"547\" data-is-last-node=\"\" data-is-only-node=\"\">Verwenden Sie die MT Dry 100 Lite einfach als Pollenauszieher, indem Sie nur die Trommel wechseln, und stellen Sie Ihr Dry Sift schnell und einfach her. Ihre hexagonale Struktur sorgt f\u00fcr eine effizientere Rotationsbewegung, wodurch die Cannabisbl\u00fcten direkter und fester aufprallen. Dieses Design optimiert die Extraktion und Sammlung der Trichome und gew\u00e4hrleistet eine hochwertige Pollenproduktion.<\/p>\n","protected":false},"excerpt":{"rendered":"<p>120-Mikron-Mikronetz-Pollentrommel aus Edelstahl. M\u00f6glichkeit, die Netze einzeln auszutauschen und ihre Mikrongr\u00f6\u00dfe an Ihr Produkt anzupassen. Verwenden Sie die MT Dry 100 Lite einfach als Pollenauszieher, indem Sie nur die Trommel wechseln, und stellen Sie Ihr Dry Sift schnell und einfach her. Ihre hexagonale Struktur sorgt f\u00fcr eine effizientere Rotationsbewegung, wodurch die Cannabisbl\u00fcten direkter und fester&#8230;<\/p>\n","protected":false},"featured_media":3355,"comment_status":"open","ping_status":"closed","template":"","meta":[],"product_brand":[],"product_cat":[118],"product_tag":[440],"class_list":{"0":"post-3396","1":"product","2":"type-product","3":"status-publish","4":"has-post-thumbnail","6":"product_cat-zubehor","7":"product_tag-mt-dry-100-lite","9":"first","10":"instock","11":"taxable","12":"shipping-taxable","13":"purchasable","14":"product-type-simple"},"yoast_head":"<!-- This site is optimized with the Yoast SEO plugin v27.4 - https:\/\/yoast.com\/product\/yoast-seo-wordpress\/ -->\n<title>Hexagonale Pollen-Extraktionstrommel MTD100 | 120-Mikron Edelstahlgewebe - Master Products Store<\/title>\n<meta name=\"description\" content=\"Pollen-Extraktionstrommel f\u00fcr die MT Dry 100 Lite mit 120-Mikron-Edelstahlgewebe. Hexagonale Form f\u00fcr effiziente Rotation und optimale Trichomgewinnung. Austauschbare Siebe.\" \/>\n<meta name=\"robots\" content=\"index, follow, max-snippet:-1, max-image-preview:large, max-video-preview:-1\" \/>\n<link rel=\"canonical\" href=\"https:\/\/masterproducts.store\/de\/producto\/spare-polen-extractor-barrel-hexagon-mtd100-120-microns-without-lids\/\" \/>\n<meta property=\"og:locale\" content=\"de_DE\" \/>\n<meta property=\"og:type\" content=\"article\" \/>\n<meta property=\"og:title\" content=\"Hexagonale Pollen-Extraktionstrommel MTD100 | 120-Mikron Edelstahlgewebe - Master Products Store\" \/>\n<meta property=\"og:description\" content=\"Pollen-Extraktionstrommel f\u00fcr die MT Dry 100 Lite mit 120-Mikron-Edelstahlgewebe. Hexagonale Form f\u00fcr effiziente Rotation und optimale Trichomgewinnung. Austauschbare Siebe.\" \/>\n<meta property=\"og:url\" content=\"https:\/\/masterproducts.store\/de\/producto\/spare-polen-extractor-barrel-hexagon-mtd100-120-microns-without-lids\/\" \/>\n<meta property=\"og:site_name\" content=\"Master Products Store\" \/>\n<meta property=\"article:publisher\" content=\"https:\/\/www.facebook.com\/masterproductsofficial\" \/>\n<meta property=\"article:modified_time\" content=\"2025-12-10T08:11:09+00:00\" \/>\n<meta property=\"og:image\" content=\"https:\/\/masterproducts.store\/wp-content\/uploads\/2025\/11\/001-ok.webp\" \/>\n\t<meta property=\"og:image:width\" content=\"1920\" \/>\n\t<meta property=\"og:image:height\" content=\"1440\" \/>\n\t<meta property=\"og:image:type\" content=\"image\/webp\" \/>\n<meta name=\"twitter:card\" content=\"summary_large_image\" \/>\n<meta name=\"twitter:label1\" content=\"Gesch\u00e4tzte Lesezeit\" \/>\n\t<meta name=\"twitter:data1\" content=\"1\u00a0Minute\" \/>\n<script type=\"application\/ld+json\" class=\"yoast-schema-graph\">{\"@context\":\"https:\\\/\\\/schema.org\",\"@graph\":[{\"@type\":\"WebPage\",\"@id\":\"https:\\\/\\\/masterproducts.store\\\/de\\\/producto\\\/spare-polen-extractor-barrel-hexagon-mtd100-120-microns-without-lids\\\/\",\"url\":\"https:\\\/\\\/masterproducts.store\\\/de\\\/producto\\\/spare-polen-extractor-barrel-hexagon-mtd100-120-microns-without-lids\\\/\",\"name\":\"Hexagonale Pollen-Extraktionstrommel MTD100 | 120-Mikron Edelstahlgewebe - Master Products Store\",\"isPartOf\":{\"@id\":\"https:\\\/\\\/masterproducts.store\\\/de\\\/#website\"},\"primaryImageOfPage\":{\"@id\":\"https:\\\/\\\/masterproducts.store\\\/de\\\/producto\\\/spare-polen-extractor-barrel-hexagon-mtd100-120-microns-without-lids\\\/#primaryimage\"},\"image\":{\"@id\":\"https:\\\/\\\/masterproducts.store\\\/de\\\/producto\\\/spare-polen-extractor-barrel-hexagon-mtd100-120-microns-without-lids\\\/#primaryimage\"},\"thumbnailUrl\":\"https:\\\/\\\/masterproducts.store\\\/wp-content\\\/uploads\\\/2025\\\/11\\\/001-ok.webp\",\"datePublished\":\"2025-12-01T15:35:01+00:00\",\"dateModified\":\"2025-12-10T08:11:09+00:00\",\"description\":\"Pollen-Extraktionstrommel f\u00fcr die MT Dry 100 Lite mit 120-Mikron-Edelstahlgewebe. Hexagonale Form f\u00fcr effiziente Rotation und optimale Trichomgewinnung. Austauschbare Siebe.\",\"breadcrumb\":{\"@id\":\"https:\\\/\\\/masterproducts.store\\\/de\\\/producto\\\/spare-polen-extractor-barrel-hexagon-mtd100-120-microns-without-lids\\\/#breadcrumb\"},\"inLanguage\":\"de\",\"potentialAction\":[{\"@type\":\"ReadAction\",\"target\":[\"https:\\\/\\\/masterproducts.store\\\/de\\\/producto\\\/spare-polen-extractor-barrel-hexagon-mtd100-120-microns-without-lids\\\/\"]}]},{\"@type\":\"ImageObject\",\"inLanguage\":\"de\",\"@id\":\"https:\\\/\\\/masterproducts.store\\\/de\\\/producto\\\/spare-polen-extractor-barrel-hexagon-mtd100-120-microns-without-lids\\\/#primaryimage\",\"url\":\"https:\\\/\\\/masterproducts.store\\\/wp-content\\\/uploads\\\/2025\\\/11\\\/001-ok.webp\",\"contentUrl\":\"https:\\\/\\\/masterproducts.store\\\/wp-content\\\/uploads\\\/2025\\\/11\\\/001-ok.webp\",\"width\":1920,\"height\":1440},{\"@type\":\"BreadcrumbList\",\"@id\":\"https:\\\/\\\/masterproducts.store\\\/de\\\/producto\\\/spare-polen-extractor-barrel-hexagon-mtd100-120-microns-without-lids\\\/#breadcrumb\",\"itemListElement\":[{\"@type\":\"ListItem\",\"position\":1,\"name\":\"Portada\",\"item\":\"https:\\\/\\\/masterproducts.store\\\/de\\\/\"},{\"@type\":\"ListItem\",\"position\":2,\"name\":\"Shop\",\"item\":\"https:\\\/\\\/masterproducts.store\\\/de\\\/shop\\\/\"},{\"@type\":\"ListItem\",\"position\":3,\"name\":\"POLLENTROMMEL-EXTRAKTOR HEXAGON MTD100\"}]},{\"@type\":\"WebSite\",\"@id\":\"https:\\\/\\\/masterproducts.store\\\/de\\\/#website\",\"url\":\"https:\\\/\\\/masterproducts.store\\\/de\\\/\",\"name\":\"Master Products Store\",\"description\":\"Equipos de Poscosecha para cannabis, \u00a1A tu alcance!\",\"publisher\":{\"@id\":\"https:\\\/\\\/masterproducts.store\\\/de\\\/#organization\"},\"potentialAction\":[{\"@type\":\"SearchAction\",\"target\":{\"@type\":\"EntryPoint\",\"urlTemplate\":\"https:\\\/\\\/masterproducts.store\\\/de\\\/?s={search_term_string}\"},\"query-input\":{\"@type\":\"PropertyValueSpecification\",\"valueRequired\":true,\"valueName\":\"search_term_string\"}}],\"inLanguage\":\"de\"},{\"@type\":\"Organization\",\"@id\":\"https:\\\/\\\/masterproducts.store\\\/de\\\/#organization\",\"name\":\"Master Products Store\",\"url\":\"https:\\\/\\\/masterproducts.store\\\/de\\\/\",\"logo\":{\"@type\":\"ImageObject\",\"inLanguage\":\"de\",\"@id\":\"https:\\\/\\\/masterproducts.store\\\/de\\\/#\\\/schema\\\/logo\\\/image\\\/\",\"url\":\"https:\\\/\\\/masterproducts.store\\\/wp-content\\\/uploads\\\/2024\\\/06\\\/MP-Logotip_png-1024x188-1.png\",\"contentUrl\":\"https:\\\/\\\/masterproducts.store\\\/wp-content\\\/uploads\\\/2024\\\/06\\\/MP-Logotip_png-1024x188-1.png\",\"width\":1024,\"height\":188,\"caption\":\"Master Products Store\"},\"image\":{\"@id\":\"https:\\\/\\\/masterproducts.store\\\/de\\\/#\\\/schema\\\/logo\\\/image\\\/\"},\"sameAs\":[\"https:\\\/\\\/www.facebook.com\\\/masterproductsofficial\"]}]}<\/script>\n<!-- \/ Yoast SEO plugin. -->","yoast_head_json":{"title":"Hexagonale Pollen-Extraktionstrommel MTD100 | 120-Mikron Edelstahlgewebe - Master Products Store","description":"Pollen-Extraktionstrommel f\u00fcr die MT Dry 100 Lite mit 120-Mikron-Edelstahlgewebe. Hexagonale Form f\u00fcr effiziente Rotation und optimale Trichomgewinnung. Austauschbare Siebe.","robots":{"index":"index","follow":"follow","max-snippet":"max-snippet:-1","max-image-preview":"max-image-preview:large","max-video-preview":"max-video-preview:-1"},"canonical":"https:\/\/masterproducts.store\/de\/producto\/spare-polen-extractor-barrel-hexagon-mtd100-120-microns-without-lids\/","og_locale":"de_DE","og_type":"article","og_title":"Hexagonale Pollen-Extraktionstrommel MTD100 | 120-Mikron Edelstahlgewebe - Master Products Store","og_description":"Pollen-Extraktionstrommel f\u00fcr die MT Dry 100 Lite mit 120-Mikron-Edelstahlgewebe. Hexagonale Form f\u00fcr effiziente Rotation und optimale Trichomgewinnung. Austauschbare Siebe.","og_url":"https:\/\/masterproducts.store\/de\/producto\/spare-polen-extractor-barrel-hexagon-mtd100-120-microns-without-lids\/","og_site_name":"Master Products Store","article_publisher":"https:\/\/www.facebook.com\/masterproductsofficial","article_modified_time":"2025-12-10T08:11:09+00:00","og_image":[{"width":1920,"height":1440,"url":"https:\/\/masterproducts.store\/wp-content\/uploads\/2025\/11\/001-ok.webp","type":"image\/webp"}],"twitter_card":"summary_large_image","twitter_misc":{"Gesch\u00e4tzte Lesezeit":"1\u00a0Minute"},"schema":{"@context":"https:\/\/schema.org","@graph":[{"@type":"WebPage","@id":"https:\/\/masterproducts.store\/de\/producto\/spare-polen-extractor-barrel-hexagon-mtd100-120-microns-without-lids\/","url":"https:\/\/masterproducts.store\/de\/producto\/spare-polen-extractor-barrel-hexagon-mtd100-120-microns-without-lids\/","name":"Hexagonale Pollen-Extraktionstrommel MTD100 | 120-Mikron Edelstahlgewebe - Master Products Store","isPartOf":{"@id":"https:\/\/masterproducts.store\/de\/#website"},"primaryImageOfPage":{"@id":"https:\/\/masterproducts.store\/de\/producto\/spare-polen-extractor-barrel-hexagon-mtd100-120-microns-without-lids\/#primaryimage"},"image":{"@id":"https:\/\/masterproducts.store\/de\/producto\/spare-polen-extractor-barrel-hexagon-mtd100-120-microns-without-lids\/#primaryimage"},"thumbnailUrl":"https:\/\/masterproducts.store\/wp-content\/uploads\/2025\/11\/001-ok.webp","datePublished":"2025-12-01T15:35:01+00:00","dateModified":"2025-12-10T08:11:09+00:00","description":"Pollen-Extraktionstrommel f\u00fcr die MT Dry 100 Lite mit 120-Mikron-Edelstahlgewebe. Hexagonale Form f\u00fcr effiziente Rotation und optimale Trichomgewinnung. Austauschbare Siebe.","breadcrumb":{"@id":"https:\/\/masterproducts.store\/de\/producto\/spare-polen-extractor-barrel-hexagon-mtd100-120-microns-without-lids\/#breadcrumb"},"inLanguage":"de","potentialAction":[{"@type":"ReadAction","target":["https:\/\/masterproducts.store\/de\/producto\/spare-polen-extractor-barrel-hexagon-mtd100-120-microns-without-lids\/"]}]},{"@type":"ImageObject","inLanguage":"de","@id":"https:\/\/masterproducts.store\/de\/producto\/spare-polen-extractor-barrel-hexagon-mtd100-120-microns-without-lids\/#primaryimage","url":"https:\/\/masterproducts.store\/wp-content\/uploads\/2025\/11\/001-ok.webp","contentUrl":"https:\/\/masterproducts.store\/wp-content\/uploads\/2025\/11\/001-ok.webp","width":1920,"height":1440},{"@type":"BreadcrumbList","@id":"https:\/\/masterproducts.store\/de\/producto\/spare-polen-extractor-barrel-hexagon-mtd100-120-microns-without-lids\/#breadcrumb","itemListElement":[{"@type":"ListItem","position":1,"name":"Portada","item":"https:\/\/masterproducts.store\/de\/"},{"@type":"ListItem","position":2,"name":"Shop","item":"https:\/\/masterproducts.store\/de\/shop\/"},{"@type":"ListItem","position":3,"name":"POLLENTROMMEL-EXTRAKTOR HEXAGON MTD100"}]},{"@type":"WebSite","@id":"https:\/\/masterproducts.store\/de\/#website","url":"https:\/\/masterproducts.store\/de\/","name":"Master Products Store","description":"Equipos de Poscosecha para cannabis, \u00a1A tu alcance!","publisher":{"@id":"https:\/\/masterproducts.store\/de\/#organization"},"potentialAction":[{"@type":"SearchAction","target":{"@type":"EntryPoint","urlTemplate":"https:\/\/masterproducts.store\/de\/?s={search_term_string}"},"query-input":{"@type":"PropertyValueSpecification","valueRequired":true,"valueName":"search_term_string"}}],"inLanguage":"de"},{"@type":"Organization","@id":"https:\/\/masterproducts.store\/de\/#organization","name":"Master Products Store","url":"https:\/\/masterproducts.store\/de\/","logo":{"@type":"ImageObject","inLanguage":"de","@id":"https:\/\/masterproducts.store\/de\/#\/schema\/logo\/image\/","url":"https:\/\/masterproducts.store\/wp-content\/uploads\/2024\/06\/MP-Logotip_png-1024x188-1.png","contentUrl":"https:\/\/masterproducts.store\/wp-content\/uploads\/2024\/06\/MP-Logotip_png-1024x188-1.png","width":1024,"height":188,"caption":"Master Products Store"},"image":{"@id":"https:\/\/masterproducts.store\/de\/#\/schema\/logo\/image\/"},"sameAs":["https:\/\/www.facebook.com\/masterproductsofficial"]}]}},"_links":{"self":[{"href":"https:\/\/masterproducts.store\/de\/wp-json\/wp\/v2\/product\/3396","targetHints":{"allow":["GET"]}}],"collection":[{"href":"https:\/\/masterproducts.store\/de\/wp-json\/wp\/v2\/product"}],"about":[{"href":"https:\/\/masterproducts.store\/de\/wp-json\/wp\/v2\/types\/product"}],"replies":[{"embeddable":true,"href":"https:\/\/masterproducts.store\/de\/wp-json\/wp\/v2\/comments?post=3396"}],"wp:featuredmedia":[{"embeddable":true,"href":"https:\/\/masterproducts.store\/de\/wp-json\/wp\/v2\/media\/3355"}],"wp:attachment":[{"href":"https:\/\/masterproducts.store\/de\/wp-json\/wp\/v2\/media?parent=3396"}],"wp:term":[{"taxonomy":"product_brand","embeddable":true,"href":"https:\/\/masterproducts.store\/de\/wp-json\/wp\/v2\/product_brand?post=3396"},{"taxonomy":"product_cat","embeddable":true,"href":"https:\/\/masterproducts.store\/de\/wp-json\/wp\/v2\/product_cat?post=3396"},{"taxonomy":"product_tag","embeddable":true,"href":"https:\/\/masterproducts.store\/de\/wp-json\/wp\/v2\/product_tag?post=3396"}],"curies":[{"name":"wp","href":"https:\/\/api.w.org\/{rel}","templated":true}]}}