{"id":3468,"date":"2025-12-01T16:34:57","date_gmt":"2025-12-01T15:34:57","guid":{"rendered":"https:\/\/masterproducts.store\/?post_type=product&#038;p=3468"},"modified":"2025-12-10T10:00:30","modified_gmt":"2025-12-10T09:00:30","slug":"ersatzklinge-mt-dry-200","status":"publish","type":"product","link":"https:\/\/masterproducts.store\/de\/producto\/ersatzklinge-mt-dry-200\/","title":{"rendered":"ERSATZKLINGE MT DRY 200"},"content":{"rendered":"<p data-start=\"34\" data-end=\"296\">Klingen aus hochfestem Nylon, geeignet f\u00fcr den Lebensmittelbereich. Dieses Material ist nicht nur langlebig und leicht zu reinigen, sondern verhindert auch Sch\u00e4den an den Bl\u00fcten durch Reibung oder Hitze und sorgt f\u00fcr einen sicheren und hygienischen Schnitt.<\/p>\n<p data-start=\"298\" data-end=\"626\">Dank ihres optimierten Designs bieten sie ein ultra-pr\u00e4zises Schneidsystem, das die Struktur und Trichome der Bl\u00fcten respektiert und ein gleichm\u00e4\u00dfiges, sauberes und feines Ergebnis erzielt. Das Ergebnis: perfekt geschnittene Bl\u00fcten, ohne deren Eigenschaften zu besch\u00e4digen oder die Qualit\u00e4t des Endprodukts zu beeintr\u00e4chtigen.<\/p>\n<p data-start=\"628\" data-end=\"699\" data-is-last-node=\"\" data-is-only-node=\"\">Einfach zu montieren und zu demontieren dank der Spannvorrichtungen.<\/p>\n","protected":false},"excerpt":{"rendered":"<p>Klingen aus hochfestem Nylon, geeignet f\u00fcr den Lebensmittelbereich. Dieses Material ist nicht nur langlebig und leicht zu reinigen, sondern verhindert auch Sch\u00e4den an den Bl\u00fcten durch Reibung oder Hitze und sorgt f\u00fcr einen sicheren und hygienischen Schnitt. Dank ihres optimierten Designs bieten sie ein ultra-pr\u00e4zises Schneidsystem, das die Struktur und Trichome der Bl\u00fcten respektiert und&#8230;<\/p>\n","protected":false},"featured_media":3343,"comment_status":"open","ping_status":"closed","template":"","meta":[],"product_brand":[],"product_cat":[118],"product_tag":[441],"class_list":{"0":"post-3468","1":"product","2":"type-product","3":"status-publish","4":"has-post-thumbnail","6":"product_cat-zubehor","7":"product_tag-mt-dry-200","9":"first","10":"instock","11":"taxable","12":"shipping-taxable","13":"purchasable","14":"product-type-simple"},"yoast_head":"<!-- This site is optimized with the Yoast SEO plugin v27.4 - https:\/\/yoast.com\/product\/yoast-seo-wordpress\/ -->\n<title>Klingenersatz MT Dry 200 | Ultrapr\u00e4ziser Schnitt aus lebensmittelechtem Nylon - Master Products Store<\/title>\n<meta name=\"description\" content=\"Hochfestes, lebensmittelechtes Nylonmesser f\u00fcr die MT Dry 200. Pr\u00e4ziser, sauberer Schnitt, der Trichome sch\u00fctzt und die Bl\u00fctenqualit\u00e4t erh\u00e4lt.\" \/>\n<meta name=\"robots\" content=\"index, follow, max-snippet:-1, max-image-preview:large, max-video-preview:-1\" \/>\n<link rel=\"canonical\" href=\"https:\/\/masterproducts.store\/de\/producto\/ersatzklinge-mt-dry-200\/\" \/>\n<meta property=\"og:locale\" content=\"de_DE\" \/>\n<meta property=\"og:type\" content=\"article\" \/>\n<meta property=\"og:title\" content=\"Klingenersatz MT Dry 200 | Ultrapr\u00e4ziser Schnitt aus lebensmittelechtem Nylon - Master Products Store\" \/>\n<meta property=\"og:description\" content=\"Hochfestes, lebensmittelechtes Nylonmesser f\u00fcr die MT Dry 200. Pr\u00e4ziser, sauberer Schnitt, der Trichome sch\u00fctzt und die Bl\u00fctenqualit\u00e4t erh\u00e4lt.\" \/>\n<meta property=\"og:url\" content=\"https:\/\/masterproducts.store\/de\/producto\/ersatzklinge-mt-dry-200\/\" \/>\n<meta property=\"og:site_name\" content=\"Master Products Store\" \/>\n<meta property=\"article:publisher\" content=\"https:\/\/www.facebook.com\/masterproductsofficial\" \/>\n<meta property=\"article:modified_time\" content=\"2025-12-10T09:00:30+00:00\" \/>\n<meta property=\"og:image\" content=\"https:\/\/masterproducts.store\/wp-content\/uploads\/2025\/11\/MTDRY200-Blades.webp\" \/>\n\t<meta property=\"og:image:width\" content=\"1920\" \/>\n\t<meta property=\"og:image:height\" content=\"1442\" \/>\n\t<meta property=\"og:image:type\" content=\"image\/webp\" \/>\n<meta name=\"twitter:card\" content=\"summary_large_image\" \/>\n<meta name=\"twitter:label1\" content=\"Gesch\u00e4tzte Lesezeit\" \/>\n\t<meta name=\"twitter:data1\" content=\"1\u00a0Minute\" \/>\n<script type=\"application\/ld+json\" class=\"yoast-schema-graph\">{\"@context\":\"https:\\\/\\\/schema.org\",\"@graph\":[{\"@type\":\"WebPage\",\"@id\":\"https:\\\/\\\/masterproducts.store\\\/de\\\/producto\\\/ersatzklinge-mt-dry-200\\\/\",\"url\":\"https:\\\/\\\/masterproducts.store\\\/de\\\/producto\\\/ersatzklinge-mt-dry-200\\\/\",\"name\":\"Klingenersatz MT Dry 200 | Ultrapr\u00e4ziser Schnitt aus lebensmittelechtem Nylon - Master Products Store\",\"isPartOf\":{\"@id\":\"https:\\\/\\\/masterproducts.store\\\/de\\\/#website\"},\"primaryImageOfPage\":{\"@id\":\"https:\\\/\\\/masterproducts.store\\\/de\\\/producto\\\/ersatzklinge-mt-dry-200\\\/#primaryimage\"},\"image\":{\"@id\":\"https:\\\/\\\/masterproducts.store\\\/de\\\/producto\\\/ersatzklinge-mt-dry-200\\\/#primaryimage\"},\"thumbnailUrl\":\"https:\\\/\\\/masterproducts.store\\\/wp-content\\\/uploads\\\/2025\\\/11\\\/MTDRY200-Blades.webp\",\"datePublished\":\"2025-12-01T15:34:57+00:00\",\"dateModified\":\"2025-12-10T09:00:30+00:00\",\"description\":\"Hochfestes, lebensmittelechtes Nylonmesser f\u00fcr die MT Dry 200. Pr\u00e4ziser, sauberer Schnitt, der Trichome sch\u00fctzt und die Bl\u00fctenqualit\u00e4t erh\u00e4lt.\",\"breadcrumb\":{\"@id\":\"https:\\\/\\\/masterproducts.store\\\/de\\\/producto\\\/ersatzklinge-mt-dry-200\\\/#breadcrumb\"},\"inLanguage\":\"de\",\"potentialAction\":[{\"@type\":\"ReadAction\",\"target\":[\"https:\\\/\\\/masterproducts.store\\\/de\\\/producto\\\/ersatzklinge-mt-dry-200\\\/\"]}]},{\"@type\":\"ImageObject\",\"inLanguage\":\"de\",\"@id\":\"https:\\\/\\\/masterproducts.store\\\/de\\\/producto\\\/ersatzklinge-mt-dry-200\\\/#primaryimage\",\"url\":\"https:\\\/\\\/masterproducts.store\\\/wp-content\\\/uploads\\\/2025\\\/11\\\/MTDRY200-Blades.webp\",\"contentUrl\":\"https:\\\/\\\/masterproducts.store\\\/wp-content\\\/uploads\\\/2025\\\/11\\\/MTDRY200-Blades.webp\",\"width\":1920,\"height\":1442},{\"@type\":\"BreadcrumbList\",\"@id\":\"https:\\\/\\\/masterproducts.store\\\/de\\\/producto\\\/ersatzklinge-mt-dry-200\\\/#breadcrumb\",\"itemListElement\":[{\"@type\":\"ListItem\",\"position\":1,\"name\":\"Portada\",\"item\":\"https:\\\/\\\/masterproducts.store\\\/de\\\/\"},{\"@type\":\"ListItem\",\"position\":2,\"name\":\"Shop\",\"item\":\"https:\\\/\\\/masterproducts.store\\\/de\\\/shop\\\/\"},{\"@type\":\"ListItem\",\"position\":3,\"name\":\"ERSATZKLINGE MT DRY 200\"}]},{\"@type\":\"WebSite\",\"@id\":\"https:\\\/\\\/masterproducts.store\\\/de\\\/#website\",\"url\":\"https:\\\/\\\/masterproducts.store\\\/de\\\/\",\"name\":\"Master Products Store\",\"description\":\"Equipos de Poscosecha para cannabis, \u00a1A tu alcance!\",\"publisher\":{\"@id\":\"https:\\\/\\\/masterproducts.store\\\/de\\\/#organization\"},\"potentialAction\":[{\"@type\":\"SearchAction\",\"target\":{\"@type\":\"EntryPoint\",\"urlTemplate\":\"https:\\\/\\\/masterproducts.store\\\/de\\\/?s={search_term_string}\"},\"query-input\":{\"@type\":\"PropertyValueSpecification\",\"valueRequired\":true,\"valueName\":\"search_term_string\"}}],\"inLanguage\":\"de\"},{\"@type\":\"Organization\",\"@id\":\"https:\\\/\\\/masterproducts.store\\\/de\\\/#organization\",\"name\":\"Master Products Store\",\"url\":\"https:\\\/\\\/masterproducts.store\\\/de\\\/\",\"logo\":{\"@type\":\"ImageObject\",\"inLanguage\":\"de\",\"@id\":\"https:\\\/\\\/masterproducts.store\\\/de\\\/#\\\/schema\\\/logo\\\/image\\\/\",\"url\":\"https:\\\/\\\/masterproducts.store\\\/wp-content\\\/uploads\\\/2024\\\/06\\\/MP-Logotip_png-1024x188-1.png\",\"contentUrl\":\"https:\\\/\\\/masterproducts.store\\\/wp-content\\\/uploads\\\/2024\\\/06\\\/MP-Logotip_png-1024x188-1.png\",\"width\":1024,\"height\":188,\"caption\":\"Master Products Store\"},\"image\":{\"@id\":\"https:\\\/\\\/masterproducts.store\\\/de\\\/#\\\/schema\\\/logo\\\/image\\\/\"},\"sameAs\":[\"https:\\\/\\\/www.facebook.com\\\/masterproductsofficial\"]}]}<\/script>\n<!-- \/ Yoast SEO plugin. -->","yoast_head_json":{"title":"Klingenersatz MT Dry 200 | Ultrapr\u00e4ziser Schnitt aus lebensmittelechtem Nylon - Master Products Store","description":"Hochfestes, lebensmittelechtes Nylonmesser f\u00fcr die MT Dry 200. Pr\u00e4ziser, sauberer Schnitt, der Trichome sch\u00fctzt und die Bl\u00fctenqualit\u00e4t erh\u00e4lt.","robots":{"index":"index","follow":"follow","max-snippet":"max-snippet:-1","max-image-preview":"max-image-preview:large","max-video-preview":"max-video-preview:-1"},"canonical":"https:\/\/masterproducts.store\/de\/producto\/ersatzklinge-mt-dry-200\/","og_locale":"de_DE","og_type":"article","og_title":"Klingenersatz MT Dry 200 | Ultrapr\u00e4ziser Schnitt aus lebensmittelechtem Nylon - Master Products Store","og_description":"Hochfestes, lebensmittelechtes Nylonmesser f\u00fcr die MT Dry 200. Pr\u00e4ziser, sauberer Schnitt, der Trichome sch\u00fctzt und die Bl\u00fctenqualit\u00e4t erh\u00e4lt.","og_url":"https:\/\/masterproducts.store\/de\/producto\/ersatzklinge-mt-dry-200\/","og_site_name":"Master Products Store","article_publisher":"https:\/\/www.facebook.com\/masterproductsofficial","article_modified_time":"2025-12-10T09:00:30+00:00","og_image":[{"width":1920,"height":1442,"url":"https:\/\/masterproducts.store\/wp-content\/uploads\/2025\/11\/MTDRY200-Blades.webp","type":"image\/webp"}],"twitter_card":"summary_large_image","twitter_misc":{"Gesch\u00e4tzte Lesezeit":"1\u00a0Minute"},"schema":{"@context":"https:\/\/schema.org","@graph":[{"@type":"WebPage","@id":"https:\/\/masterproducts.store\/de\/producto\/ersatzklinge-mt-dry-200\/","url":"https:\/\/masterproducts.store\/de\/producto\/ersatzklinge-mt-dry-200\/","name":"Klingenersatz MT Dry 200 | Ultrapr\u00e4ziser Schnitt aus lebensmittelechtem Nylon - Master Products Store","isPartOf":{"@id":"https:\/\/masterproducts.store\/de\/#website"},"primaryImageOfPage":{"@id":"https:\/\/masterproducts.store\/de\/producto\/ersatzklinge-mt-dry-200\/#primaryimage"},"image":{"@id":"https:\/\/masterproducts.store\/de\/producto\/ersatzklinge-mt-dry-200\/#primaryimage"},"thumbnailUrl":"https:\/\/masterproducts.store\/wp-content\/uploads\/2025\/11\/MTDRY200-Blades.webp","datePublished":"2025-12-01T15:34:57+00:00","dateModified":"2025-12-10T09:00:30+00:00","description":"Hochfestes, lebensmittelechtes Nylonmesser f\u00fcr die MT Dry 200. Pr\u00e4ziser, sauberer Schnitt, der Trichome sch\u00fctzt und die Bl\u00fctenqualit\u00e4t erh\u00e4lt.","breadcrumb":{"@id":"https:\/\/masterproducts.store\/de\/producto\/ersatzklinge-mt-dry-200\/#breadcrumb"},"inLanguage":"de","potentialAction":[{"@type":"ReadAction","target":["https:\/\/masterproducts.store\/de\/producto\/ersatzklinge-mt-dry-200\/"]}]},{"@type":"ImageObject","inLanguage":"de","@id":"https:\/\/masterproducts.store\/de\/producto\/ersatzklinge-mt-dry-200\/#primaryimage","url":"https:\/\/masterproducts.store\/wp-content\/uploads\/2025\/11\/MTDRY200-Blades.webp","contentUrl":"https:\/\/masterproducts.store\/wp-content\/uploads\/2025\/11\/MTDRY200-Blades.webp","width":1920,"height":1442},{"@type":"BreadcrumbList","@id":"https:\/\/masterproducts.store\/de\/producto\/ersatzklinge-mt-dry-200\/#breadcrumb","itemListElement":[{"@type":"ListItem","position":1,"name":"Portada","item":"https:\/\/masterproducts.store\/de\/"},{"@type":"ListItem","position":2,"name":"Shop","item":"https:\/\/masterproducts.store\/de\/shop\/"},{"@type":"ListItem","position":3,"name":"ERSATZKLINGE MT DRY 200"}]},{"@type":"WebSite","@id":"https:\/\/masterproducts.store\/de\/#website","url":"https:\/\/masterproducts.store\/de\/","name":"Master Products Store","description":"Equipos de Poscosecha para cannabis, \u00a1A tu alcance!","publisher":{"@id":"https:\/\/masterproducts.store\/de\/#organization"},"potentialAction":[{"@type":"SearchAction","target":{"@type":"EntryPoint","urlTemplate":"https:\/\/masterproducts.store\/de\/?s={search_term_string}"},"query-input":{"@type":"PropertyValueSpecification","valueRequired":true,"valueName":"search_term_string"}}],"inLanguage":"de"},{"@type":"Organization","@id":"https:\/\/masterproducts.store\/de\/#organization","name":"Master Products Store","url":"https:\/\/masterproducts.store\/de\/","logo":{"@type":"ImageObject","inLanguage":"de","@id":"https:\/\/masterproducts.store\/de\/#\/schema\/logo\/image\/","url":"https:\/\/masterproducts.store\/wp-content\/uploads\/2024\/06\/MP-Logotip_png-1024x188-1.png","contentUrl":"https:\/\/masterproducts.store\/wp-content\/uploads\/2024\/06\/MP-Logotip_png-1024x188-1.png","width":1024,"height":188,"caption":"Master Products Store"},"image":{"@id":"https:\/\/masterproducts.store\/de\/#\/schema\/logo\/image\/"},"sameAs":["https:\/\/www.facebook.com\/masterproductsofficial"]}]}},"_links":{"self":[{"href":"https:\/\/masterproducts.store\/de\/wp-json\/wp\/v2\/product\/3468","targetHints":{"allow":["GET"]}}],"collection":[{"href":"https:\/\/masterproducts.store\/de\/wp-json\/wp\/v2\/product"}],"about":[{"href":"https:\/\/masterproducts.store\/de\/wp-json\/wp\/v2\/types\/product"}],"replies":[{"embeddable":true,"href":"https:\/\/masterproducts.store\/de\/wp-json\/wp\/v2\/comments?post=3468"}],"wp:featuredmedia":[{"embeddable":true,"href":"https:\/\/masterproducts.store\/de\/wp-json\/wp\/v2\/media\/3343"}],"wp:attachment":[{"href":"https:\/\/masterproducts.store\/de\/wp-json\/wp\/v2\/media?parent=3468"}],"wp:term":[{"taxonomy":"product_brand","embeddable":true,"href":"https:\/\/masterproducts.store\/de\/wp-json\/wp\/v2\/product_brand?post=3468"},{"taxonomy":"product_cat","embeddable":true,"href":"https:\/\/masterproducts.store\/de\/wp-json\/wp\/v2\/product_cat?post=3468"},{"taxonomy":"product_tag","embeddable":true,"href":"https:\/\/masterproducts.store\/de\/wp-json\/wp\/v2\/product_tag?post=3468"}],"curies":[{"name":"wp","href":"https:\/\/api.w.org\/{rel}","templated":true}]}}