{"id":779,"date":"2024-06-03T11:00:39","date_gmt":"2024-06-03T11:00:39","guid":{"rendered":"https:\/\/masterproducts.store\/product\/mt-pocket\/"},"modified":"2025-04-07T16:02:40","modified_gmt":"2025-04-07T14:02:40","slug":"mt-pocket","status":"publish","type":"product","link":"https:\/\/masterproducts.store\/de\/producto\/mt-pocket\/","title":{"rendered":"MT POCKET"},"content":{"rendered":"<section class=\"l-section wpb_row height_medium\"><div class=\"l-section-h i-cf\"><div class=\"g-cols vc_row via_grid cols_1 laptops-cols_inherit tablets-cols_inherit mobiles-cols_1 valign_top type_default stacking_default\"><div class=\"wpb_column vc_column_container\"><div class=\"vc_column-inner\"><nav class=\"g-breadcrumbs separator_custom align_none\" itemscope itemtype=\"http:\/\/schema.org\/BreadcrumbList\"><div class=\"g-breadcrumbs-item\" itemscope itemprop=\"itemListElement\" itemtype=\"http:\/\/schema.org\/ListItem\"><a itemprop=\"item\" href=\"https:\/\/masterproducts.store\/de\/\"><span itemprop=\"name\">Start<\/span><\/a><meta itemprop=\"position\" content=\"1\"\/><\/div><div class=\"g-breadcrumbs-separator\">\/<\/div><div class=\"g-breadcrumbs-item\">Seiten<\/div><\/nav><div class=\"w-separator size_small\"><\/div><h1 class=\"w-post-elm post_title entry-title color_link_inherit\">MT POCKET<\/h1><div class=\"w-separator size_small\"><\/div><div class=\"wpb_text_column\"><div class=\"wpb_wrapper\"><h2 class=\"titulo-slider-destacado\">DER KLEINE TRIMMER<\/h2>\n<\/div><\/div><div class=\"w-separator size_medium\"><\/div><div class=\"wpb_text_column\"><div class=\"wpb_wrapper\"><p>Der MT Pocket ist der kleinste Cannabis-Sch\u00e4ler in der Familie. Er ist aus rostfreiem Stahl gefertigt und verwandelt jeden Raum im Handumdrehen in einen Peelingraum. Er hat eine 25 cm lange Arbeitsfl\u00e4che und kann dank seines Verankerungssystems an jedem Tisch befestigt werden, ohne dass Schrauben oder Werkzeug erforderlich sind.<\/p>\n<p>Er ist in der Lage, 4 kg\/h frische Blumen mit einer hohen Schnittqualit\u00e4t zu verarbeiten, so dass er die Arbeit von 3 Personen erledigen kann.<\/p>\n<p>Mit dem MT Pocket erhalten Sie ein professionelles Ergebnis, ohne sich \u00fcber Rauschen Gedanken machen zu m\u00fcssen. Trotz seiner Leistung ist der MT Pocket mit einem Ger\u00e4uschpegel von nur 70 Dezibel extrem leise.<\/p>\n<\/div><\/div><\/div><\/div><\/div><\/div><\/section><section class=\"l-section wpb_row us_custom_85c922cc height_small\"><div class=\"l-section-h i-cf\"><div class=\"g-cols vc_row via_grid cols_1 laptops-cols_inherit tablets-cols_inherit mobiles-cols_1 valign_top type_default stacking_default\"><div class=\"wpb_column vc_column_container\"><div class=\"vc_column-inner\"><div class=\"wpb_text_column us_custom_6df4bc3a has_text_color\"><div class=\"wpb_wrapper\"><h2 class=\"titulo-slider-destacado\" style=\"text-align: center; color: #fff;\"><strong>EFFIZIENTER TRAGBARER SCH\u00c4LER<\/strong><\/h2>\n<\/div><\/div><\/div><\/div><\/div><\/div><\/section><section class=\"l-section wpb_row us_custom_54635556 height_auto width_full\" id=\"descripcio\"><div class=\"l-section-h i-cf\"><div class=\"g-cols vc_row via_grid cols_1 laptops-cols_inherit tablets-cols_inherit mobiles-cols_1 valign_top type_boxes stacking_default\"><div class=\"wpb_column vc_column_container type_sticky\"><div class=\"vc_column-inner\"><div class=\"wpb_text_column\"><div class=\"wpb_wrapper\"><h3 style=\"text-align: left; font-size: 2rem;\"><strong>MT POCKET<\/strong><br \/>\n<span style=\"color: #d90613; font-weight: bold;\">Klein in der Gr\u00f6\u00dfe, gro\u00df in der Leistung.<\/span><\/h3>\n<\/div><\/div><div class=\"w-separator size_small\"><\/div><div class=\"w-tabs style_default switch_click accordion has_scrolling\" style=\"--sections-title-size:inherit\"><div class=\"w-tabs-sections titles-align_none icon_chevron cpos_right\"><div class=\"w-tabs-section\" id=\"r6fc\"><button class=\"w-tabs-section-header\" aria-controls=\"content-r6fc\" aria-expanded=\"false\"><div class=\"w-tabs-section-title\">Beschreibung<\/div><div class=\"w-tabs-section-control\"><\/div><\/button><div  class=\"w-tabs-section-content\" id=\"content-r6fc\"><div class=\"w-tabs-section-content-h i-cf\"><div class=\"wpb_text_column cos\"><div class=\"wpb_wrapper\"><p>\u2022 2 h\u00f6henverstellbare Klingen aus geh\u00e4rtetem Stahl mit Antihaftbeschichtung.<\/p>\n<p>\u2022 Aus rostfreiem Stahl, ohne jede Art von Farbe.<\/p>\n<p>\u2022 Die Arbeit entspricht der von 3 Operatoren.<\/p>\n<p>\u2022 Inklusive zwei Gitter, die ohne Werkzeug austauschbar sind.<\/p>\n<p>\u2022 Mikroperforierter Stoffbeutel f\u00fcr die Laubsammlung.<\/p>\n<p>\u2022 \u00c4u\u00dferst leise.<\/p>\n<p>\u2022 Einfach an jedem Tisch zu befestigen, ohne Schrauben oder L\u00f6cher.<\/p>\n<p>\u2022 In Sekundenschnelle komplett zerlegt.<\/p>\n<p>\u2022 Gesamtgewicht von nur 5 kg.<\/p>\n<\/div><\/div><div class=\"w-separator size_custom\" style=\"height:15px\"><\/div><div class=\"g-cols wpb_row via_grid cols_4 laptops-cols_inherit tablets-cols_inherit mobiles-cols_1 valign_top type_default\" style=\"--gap:3rem;\"><div class=\"wpb_column vc_column_container\"><div class=\"vc_column-inner\"><style>\r\n        .production-card-container .text1 {\r\n            font-size: 5rem;\r\n            text-decoration: none;\r\n            text-transform: none;\r\n            line-height: 0.8;\r\n            color:#000;\r\n            font-weight:900;\r\n        }\r\n        a.production-card-holder {\r\n            text-decoration: none;\r\n            color:#000;\r\n        }\r\n        .production-card-footer{\r\n            font-size:1.2rem;\r\n            text-align:center;\r\n\t\t\tfont-weight:700;\r\n        }\r\n         a.production-card-holder:hover{\r\n            color:#000;\r\n        }\r\n        .production-card-head {\r\n            display: flex;\r\n            align-items: flex-end;\r\n            gap:4px;\r\n            justify-content: center;\r\n        }\r\n\t\t@media only screen and (max-width: 1500px) {\r\n\t\t.production-card-container .text1 {\r\n            font-size: 4rem;\r\n        }\r\n\t\t}\r\n    <\/style><a class=\"production-card-holder\">\r\n        <div class=\"production-card-container\">\r\n            <div class=\"production-card-head\">\r\n                <div class=\"image1\">\r\n                    <img decoding=\"async\" src=\"https:\/\/masterproducts.store\/wp-content\/uploads\/2024\/07\/pro-people.png\"\/>\r\n                <\/div>\r\n                <div class=\"text1\">3<\/div>\r\n                <div class=\"image2\">\r\n                    <img decoding=\"async\" src=\"https:\/\/masterproducts.store\/wp-content\/uploads\/2024\/07\/pers.png\"\/>\r\n                <\/div>\r\n            <\/div>\r\n            <div class=\"production-card-footer\">\u00c4QUIVALENT<\/div>\r\n        <\/div>\r\n    <\/a><\/div><\/div><div class=\"wpb_column vc_column_container\"><div class=\"vc_column-inner\"><style>\r\n        .production-card-container .text1 {\r\n            font-size: 5rem;\r\n            text-decoration: none;\r\n            text-transform: none;\r\n            line-height: 0.8;\r\n            color:#000;\r\n            font-weight:900;\r\n        }\r\n        a.production-card-holder {\r\n            text-decoration: none;\r\n            color:#000;\r\n        }\r\n        .production-card-footer{\r\n            font-size:1.2rem;\r\n            text-align:center;\r\n\t\t\tfont-weight:700;\r\n        }\r\n         a.production-card-holder:hover{\r\n            color:#000;\r\n        }\r\n        .production-card-head {\r\n            display: flex;\r\n            align-items: flex-end;\r\n            gap:4px;\r\n            justify-content: center;\r\n        }\r\n\t\t@media only screen and (max-width: 1500px) {\r\n\t\t.production-card-container .text1 {\r\n            font-size: 4rem;\r\n        }\r\n\t\t}\r\n    <\/style><a class=\"production-card-holder\">\r\n        <div class=\"production-card-container\">\r\n            <div class=\"production-card-head\">\r\n                <div class=\"image1\">\r\n                    <img decoding=\"async\" src=\"https:\/\/masterproducts.store\/wp-content\/uploads\/2024\/06\/kg-h-prof.png\"\/>\r\n                <\/div>\r\n                <div class=\"text1\">4<\/div>\r\n                <div class=\"image2\">\r\n                    <img decoding=\"async\" src=\"https:\/\/masterproducts.store\/wp-content\/uploads\/2024\/06\/kg-h.png\"\/>\r\n                <\/div>\r\n            <\/div>\r\n            <div class=\"production-card-footer\">PRODUKTION<\/div>\r\n        <\/div>\r\n    <\/a><\/div><\/div><div class=\"wpb_column vc_column_container\"><div class=\"vc_column-inner\"><div class=\"w-iconbox iconpos_top style_default color_primary align_center no_text icontype_img\"><a target=\"_blank\" rel=\"nofollow\" href=\"https:\/\/masterproducts.es\/wp-content\/uploads\/2023\/01\/MT-POCKET-FT-ESP263.pdf\" class=\"w-iconbox-link\" aria-label=\"Technische Daten\"><div class=\"w-iconbox-icon\" style=\"font-size:5rem;\"><img loading=\"lazy\" decoding=\"async\" width=\"512\" height=\"382\" src=\"https:\/\/masterproducts.store\/wp-content\/uploads\/2024\/06\/logo-pdf-1.png\" class=\"attachment-full size-full\" alt=\"\" srcset=\"https:\/\/masterproducts.store\/wp-content\/uploads\/2024\/06\/logo-pdf-1.png 512w, https:\/\/masterproducts.store\/wp-content\/uploads\/2024\/06\/logo-pdf-1-300x224.png 300w\" sizes=\"auto, (max-width: 512px) 100vw, 512px\" \/><\/div><\/a><div class=\"w-iconbox-meta\"><a target=\"_blank\" rel=\"nofollow\" href=\"https:\/\/masterproducts.es\/wp-content\/uploads\/2023\/01\/MT-POCKET-FT-ESP263.pdf\" class=\"w-iconbox-link\" aria-label=\"Technische Daten\"><span class=\"w-iconbox-title\">Technische Daten<\/span><\/a><\/div><\/div><\/div><\/div><div class=\"wpb_column vc_column_container\"><div class=\"vc_column-inner\"><div class=\"w-iconbox iconpos_top style_default color_primary align_center no_text icontype_img\"><a target=\"_blank\" rel=\"nofollow\" href=\"https:\/\/masterproducts.es\/wp-content\/uploads\/2023\/01\/CMP-1464-00-B746.pdf\" class=\"w-iconbox-link\" aria-label=\"Benutzerhandbuch\"><div class=\"w-iconbox-icon\" style=\"font-size:5rem;\"><img loading=\"lazy\" decoding=\"async\" width=\"512\" height=\"382\" src=\"https:\/\/masterproducts.store\/wp-content\/uploads\/2024\/06\/logo-pdf-1.png\" class=\"attachment-full size-full\" alt=\"\" srcset=\"https:\/\/masterproducts.store\/wp-content\/uploads\/2024\/06\/logo-pdf-1.png 512w, https:\/\/masterproducts.store\/wp-content\/uploads\/2024\/06\/logo-pdf-1-300x224.png 300w\" sizes=\"auto, (max-width: 512px) 100vw, 512px\" \/><\/div><\/a><div class=\"w-iconbox-meta\"><a target=\"_blank\" rel=\"nofollow\" href=\"https:\/\/masterproducts.es\/wp-content\/uploads\/2023\/01\/CMP-1464-00-B746.pdf\" class=\"w-iconbox-link\" aria-label=\"Benutzerhandbuch\"><span class=\"w-iconbox-title\">Benutzerhandbuch<\/span><\/a><\/div><\/div><\/div><\/div><\/div><\/div><\/div><\/div><div class=\"w-tabs-section\" id=\"b130\"><button class=\"w-tabs-section-header\" aria-controls=\"content-b130\" aria-expanded=\"false\"><div class=\"w-tabs-section-title\">Technische Daten<\/div><div class=\"w-tabs-section-control\"><\/div><\/button><div  class=\"w-tabs-section-content\" id=\"content-b130\"><div class=\"w-tabs-section-content-h i-cf\"><div class=\"wpb_text_column cos\"><div class=\"wpb_wrapper\"><table class=\"table is-fullwidth has-poppins p-6\" data-v-78f6ea54=\"\">\n<tbody data-v-78f6ea54=\"\">\n<tr data-v-78f6ea54=\"\">\n<td data-v-78f6ea54=\"\"><b class=\"has-poppins\" data-v-78f6ea54=\"\">Elektrischer Anschluss<\/b><\/td>\n<td data-v-78f6ea54=\"\">230 V 50\/60 Hz<\/td>\n<\/tr>\n<tr data-v-78f6ea54=\"\">\n<td data-v-78f6ea54=\"\"><b class=\"has-poppins\" data-v-78f6ea54=\"\">Motorleistung<\/b><\/td>\n<td data-v-78f6ea54=\"\">120 W<\/td>\n<\/tr>\n<tr data-v-78f6ea54=\"\">\n<td data-v-78f6ea54=\"\"><b class=\"has-poppins\" data-v-78f6ea54=\"\">Gewicht<\/b><\/td>\n<td data-v-78f6ea54=\"\">5 kg<\/td>\n<\/tr>\n<tr data-v-78f6ea54=\"\">\n<td data-v-78f6ea54=\"\"><b class=\"has-poppins\" data-v-78f6ea54=\"\">Abmessungen der Maschine<\/b><\/td>\n<td data-v-78f6ea54=\"\">35 x 25 x 20 cm<\/td>\n<\/tr>\n<tr data-v-78f6ea54=\"\">\n<td data-v-78f6ea54=\"\"><b class=\"has-poppins\" data-v-78f6ea54=\"\">Abmessungen der Box<\/b><\/td>\n<td data-v-78f6ea54=\"\">35 x 27 x 24 cm<\/td>\n<\/tr>\n<tr data-v-78f6ea54=\"\">\n<td data-v-78f6ea54=\"\"><b class=\"has-poppins\" data-v-78f6ea54=\"\">Frische Produktion<\/b><\/td>\n<td data-v-78f6ea54=\"\">4 kg\/h<\/td>\n<\/tr>\n<tr data-v-78f6ea54=\"\">\n<td data-v-78f6ea54=\"\"><b class=\"has-poppins\" data-v-78f6ea54=\"\">Anzahl der Klingen<\/b><\/td>\n<td data-v-78f6ea54=\"\">2 Einheiten<\/td>\n<\/tr>\n<tr data-v-78f6ea54=\"\">\n<td data-v-78f6ea54=\"\"><b class=\"has-poppins\" data-v-78f6ea54=\"\">Arbeitsbereich<\/b><\/td>\n<td data-v-78f6ea54=\"\">22 cm<\/td>\n<\/tr>\n<tr data-v-78f6ea54=\"\">\n<td data-v-78f6ea54=\"\"><b class=\"has-poppins\" data-v-78f6ea54=\"\">Ger\u00e4uschpegel<\/b><\/td>\n<td data-v-78f6ea54=\"\">70 dB<\/td>\n<\/tr>\n<tr data-v-78f6ea54=\"\">\n<td data-v-78f6ea54=\"\"><b class=\"has-poppins\" data-v-78f6ea54=\"\">Material der Maschine<\/b><\/td>\n<td data-v-78f6ea54=\"\">Rostfreier Stahl<\/td>\n<\/tr>\n<tr data-v-78f6ea54=\"\">\n<td data-v-78f6ea54=\"\"><b class=\"has-poppins\" data-v-78f6ea54=\"\">H\u00f6he der Klinge einstellbar<\/b><\/td>\n<td data-v-78f6ea54=\"\">Ja<\/td>\n<\/tr>\n<tr data-v-78f6ea54=\"\">\n<td data-v-78f6ea54=\"\"><b class=\"has-poppins\" data-v-78f6ea54=\"\">Inklusive 8 mm Gitter<\/b><\/td>\n<td data-v-78f6ea54=\"\">Ja<\/td>\n<\/tr>\n<tr data-v-78f6ea54=\"\">\n<td data-v-78f6ea54=\"\"><b class=\"has-poppins\" data-v-78f6ea54=\"\">Inklusive 10 mm Raster<\/b><\/td>\n<td data-v-78f6ea54=\"\">Ja<\/td>\n<\/tr>\n<tr data-v-78f6ea54=\"\">\n<td data-v-78f6ea54=\"\"><b class=\"has-poppins\" data-v-78f6ea54=\"\">Luftansaugung<\/b><\/td>\n<td data-v-78f6ea54=\"\">Ja<\/td>\n<\/tr>\n<tr data-v-78f6ea54=\"\">\n<td data-v-78f6ea54=\"\"><b class=\"has-poppins\" data-v-78f6ea54=\"\">Garantie<\/b><\/td>\n<td data-v-78f6ea54=\"\">5 Jahre<\/td>\n<\/tr>\n<\/tbody>\n<\/table>\n<\/div><\/div><div class=\"w-separator size_small\"><\/div><\/div><\/div><\/div><\/div><\/div><div class=\"w-separator size_small\"><\/div><div class=\"w-hwrapper us_custom_ec6c63ac master-precio-banner valign_middle stack_on_mobiles align_center\"><p class=\"w-post-elm product_field price us_custom_9cbe97f1 has_text_color\"><span class=\"woocommerce-Price-amount amount\"><bdi>790,00&nbsp;<span class=\"woocommerce-Price-currencySymbol\">&euro;<\/span><\/bdi><\/span> <small class=\"woocommerce-price-suffix\">+ MwSt<\/small><\/p><div class=\"w-post-elm add_to_cart us_custom_6df4bc3a has_text_color\">\n\t\n\t<form class=\"cart\" action=\"https:\/\/masterproducts.store\/de\/producto\/mt-pocket\/\" method=\"post\" enctype='multipart\/form-data'>\n\t\t\n\t\t<div class=\"quantity\">\n\t\t<label class=\"screen-reader-text\" for=\"quantity_69deec2c0f879\">MT POCKET Menge<\/label>\n\t<input\n\t\ttype=\"number\"\n\t\t\t\tid=\"quantity_69deec2c0f879\"\n\t\tclass=\"input-text qty text\"\n\t\tname=\"quantity\"\n\t\tvalue=\"1\"\n\t\taria-label=\"Produktmenge\"\n\t\t\t\tmin=\"1\"\n\t\t\t\t\t\t\tstep=\"1\"\n\t\t\tplaceholder=\"\"\n\t\t\tinputmode=\"numeric\"\n\t\t\tautocomplete=\"off\"\n\t\t\t\/>\n\t<\/div>\n\n\t\t<button type=\"submit\" name=\"add-to-cart\" value=\"779\" class=\"single_add_to_cart_button button alt\">In den Warenkorb<\/button>\n\n\t\t\t<\/form>\n\n\t\n<div class=\"woocommerce-notices-wrapper\"><\/div><\/div><\/div><\/div><\/div><\/div><\/div><\/section>\n","protected":false},"excerpt":{"rendered":"Start\/SeitenMT POCKET DER KLEINE TRIMMER Der MT Pocket ist der kleinste Cannabis-Sch\u00e4ler in der Familie. Er ist aus rostfreiem Stahl gefertigt und verwandelt jeden Raum im Handumdrehen in einen Peelingraum. Er hat eine 25 cm lange Arbeitsfl\u00e4che und kann dank seines Verankerungssystems an jedem Tisch befestigt werden, ohne dass Schrauben oder Werkzeug erforderlich sind. Er...","protected":false},"featured_media":3789,"comment_status":"open","ping_status":"closed","template":"","meta":[],"product_brand":[],"product_cat":[38],"product_tag":[],"class_list":{"0":"post-779","1":"product","2":"type-product","3":"status-publish","4":"has-post-thumbnail","6":"product_cat-professional-de","8":"first","9":"instock","10":"taxable","11":"shipping-taxable","12":"purchasable","13":"product-type-simple"},"yoast_head":"<!-- This site is optimized with the Yoast SEO plugin v27.3 - https:\/\/yoast.com\/product\/yoast-seo-wordpress\/ -->\n<title>MT POCKET - Master Products Store<\/title>\n<meta name=\"robots\" content=\"index, follow, max-snippet:-1, max-image-preview:large, max-video-preview:-1\" \/>\n<link rel=\"canonical\" href=\"https:\/\/masterproducts.store\/de\/producto\/mt-pocket\/\" \/>\n<meta property=\"og:locale\" content=\"de_DE\" \/>\n<meta property=\"og:type\" content=\"article\" \/>\n<meta property=\"og:title\" content=\"MT POCKET - Master Products Store\" \/>\n<meta property=\"og:url\" content=\"https:\/\/masterproducts.store\/de\/producto\/mt-pocket\/\" \/>\n<meta property=\"og:site_name\" content=\"Master Products Store\" \/>\n<meta property=\"article:publisher\" content=\"https:\/\/www.facebook.com\/masterproductsofficial\" \/>\n<meta property=\"article:modified_time\" content=\"2025-04-07T14:02:40+00:00\" \/>\n<meta property=\"og:image\" content=\"https:\/\/masterproducts.store\/wp-content\/uploads\/2024\/06\/0.webp\" \/>\n\t<meta property=\"og:image:width\" content=\"1000\" \/>\n\t<meta property=\"og:image:height\" content=\"1000\" \/>\n\t<meta property=\"og:image:type\" content=\"image\/webp\" \/>\n<meta name=\"twitter:card\" content=\"summary_large_image\" \/>\n<meta name=\"twitter:label1\" content=\"Gesch\u00e4tzte Lesezeit\" \/>\n\t<meta name=\"twitter:data1\" content=\"2\u00a0Minuten\" \/>\n<script type=\"application\/ld+json\" class=\"yoast-schema-graph\">{\"@context\":\"https:\\\/\\\/schema.org\",\"@graph\":[{\"@type\":\"WebPage\",\"@id\":\"https:\\\/\\\/masterproducts.store\\\/de\\\/producto\\\/mt-pocket\\\/\",\"url\":\"https:\\\/\\\/masterproducts.store\\\/de\\\/producto\\\/mt-pocket\\\/\",\"name\":\"MT POCKET - Master Products Store\",\"isPartOf\":{\"@id\":\"https:\\\/\\\/masterproducts.store\\\/de\\\/#website\"},\"primaryImageOfPage\":{\"@id\":\"https:\\\/\\\/masterproducts.store\\\/de\\\/producto\\\/mt-pocket\\\/#primaryimage\"},\"image\":{\"@id\":\"https:\\\/\\\/masterproducts.store\\\/de\\\/producto\\\/mt-pocket\\\/#primaryimage\"},\"thumbnailUrl\":\"https:\\\/\\\/masterproducts.store\\\/wp-content\\\/uploads\\\/2024\\\/06\\\/0.webp\",\"datePublished\":\"2024-06-03T11:00:39+00:00\",\"dateModified\":\"2025-04-07T14:02:40+00:00\",\"breadcrumb\":{\"@id\":\"https:\\\/\\\/masterproducts.store\\\/de\\\/producto\\\/mt-pocket\\\/#breadcrumb\"},\"inLanguage\":\"de\",\"potentialAction\":[{\"@type\":\"ReadAction\",\"target\":[\"https:\\\/\\\/masterproducts.store\\\/de\\\/producto\\\/mt-pocket\\\/\"]}]},{\"@type\":\"ImageObject\",\"inLanguage\":\"de\",\"@id\":\"https:\\\/\\\/masterproducts.store\\\/de\\\/producto\\\/mt-pocket\\\/#primaryimage\",\"url\":\"https:\\\/\\\/masterproducts.store\\\/wp-content\\\/uploads\\\/2024\\\/06\\\/0.webp\",\"contentUrl\":\"https:\\\/\\\/masterproducts.store\\\/wp-content\\\/uploads\\\/2024\\\/06\\\/0.webp\",\"width\":1000,\"height\":1000},{\"@type\":\"BreadcrumbList\",\"@id\":\"https:\\\/\\\/masterproducts.store\\\/de\\\/producto\\\/mt-pocket\\\/#breadcrumb\",\"itemListElement\":[{\"@type\":\"ListItem\",\"position\":1,\"name\":\"Portada\",\"item\":\"https:\\\/\\\/masterproducts.store\\\/de\\\/\"},{\"@type\":\"ListItem\",\"position\":2,\"name\":\"Shop\",\"item\":\"https:\\\/\\\/masterproducts.store\\\/de\\\/shop\\\/\"},{\"@type\":\"ListItem\",\"position\":3,\"name\":\"MT POCKET\"}]},{\"@type\":\"WebSite\",\"@id\":\"https:\\\/\\\/masterproducts.store\\\/de\\\/#website\",\"url\":\"https:\\\/\\\/masterproducts.store\\\/de\\\/\",\"name\":\"Master Products Store\",\"description\":\"Equipos de Poscosecha para cannabis, \u00a1A tu alcance!\",\"publisher\":{\"@id\":\"https:\\\/\\\/masterproducts.store\\\/de\\\/#organization\"},\"potentialAction\":[{\"@type\":\"SearchAction\",\"target\":{\"@type\":\"EntryPoint\",\"urlTemplate\":\"https:\\\/\\\/masterproducts.store\\\/de\\\/?s={search_term_string}\"},\"query-input\":{\"@type\":\"PropertyValueSpecification\",\"valueRequired\":true,\"valueName\":\"search_term_string\"}}],\"inLanguage\":\"de\"},{\"@type\":\"Organization\",\"@id\":\"https:\\\/\\\/masterproducts.store\\\/de\\\/#organization\",\"name\":\"Master Products Store\",\"url\":\"https:\\\/\\\/masterproducts.store\\\/de\\\/\",\"logo\":{\"@type\":\"ImageObject\",\"inLanguage\":\"de\",\"@id\":\"https:\\\/\\\/masterproducts.store\\\/de\\\/#\\\/schema\\\/logo\\\/image\\\/\",\"url\":\"https:\\\/\\\/masterproducts.store\\\/wp-content\\\/uploads\\\/2024\\\/06\\\/MP-Logotip_png-1024x188-1.png\",\"contentUrl\":\"https:\\\/\\\/masterproducts.store\\\/wp-content\\\/uploads\\\/2024\\\/06\\\/MP-Logotip_png-1024x188-1.png\",\"width\":1024,\"height\":188,\"caption\":\"Master Products Store\"},\"image\":{\"@id\":\"https:\\\/\\\/masterproducts.store\\\/de\\\/#\\\/schema\\\/logo\\\/image\\\/\"},\"sameAs\":[\"https:\\\/\\\/www.facebook.com\\\/masterproductsofficial\"]}]}<\/script>\n<!-- \/ Yoast SEO plugin. -->","yoast_head_json":{"title":"MT POCKET - Master Products Store","robots":{"index":"index","follow":"follow","max-snippet":"max-snippet:-1","max-image-preview":"max-image-preview:large","max-video-preview":"max-video-preview:-1"},"canonical":"https:\/\/masterproducts.store\/de\/producto\/mt-pocket\/","og_locale":"de_DE","og_type":"article","og_title":"MT POCKET - Master Products Store","og_url":"https:\/\/masterproducts.store\/de\/producto\/mt-pocket\/","og_site_name":"Master Products Store","article_publisher":"https:\/\/www.facebook.com\/masterproductsofficial","article_modified_time":"2025-04-07T14:02:40+00:00","og_image":[{"width":1000,"height":1000,"url":"https:\/\/masterproducts.store\/wp-content\/uploads\/2024\/06\/0.webp","type":"image\/webp"}],"twitter_card":"summary_large_image","twitter_misc":{"Gesch\u00e4tzte Lesezeit":"2\u00a0Minuten"},"schema":{"@context":"https:\/\/schema.org","@graph":[{"@type":"WebPage","@id":"https:\/\/masterproducts.store\/de\/producto\/mt-pocket\/","url":"https:\/\/masterproducts.store\/de\/producto\/mt-pocket\/","name":"MT POCKET - Master Products Store","isPartOf":{"@id":"https:\/\/masterproducts.store\/de\/#website"},"primaryImageOfPage":{"@id":"https:\/\/masterproducts.store\/de\/producto\/mt-pocket\/#primaryimage"},"image":{"@id":"https:\/\/masterproducts.store\/de\/producto\/mt-pocket\/#primaryimage"},"thumbnailUrl":"https:\/\/masterproducts.store\/wp-content\/uploads\/2024\/06\/0.webp","datePublished":"2024-06-03T11:00:39+00:00","dateModified":"2025-04-07T14:02:40+00:00","breadcrumb":{"@id":"https:\/\/masterproducts.store\/de\/producto\/mt-pocket\/#breadcrumb"},"inLanguage":"de","potentialAction":[{"@type":"ReadAction","target":["https:\/\/masterproducts.store\/de\/producto\/mt-pocket\/"]}]},{"@type":"ImageObject","inLanguage":"de","@id":"https:\/\/masterproducts.store\/de\/producto\/mt-pocket\/#primaryimage","url":"https:\/\/masterproducts.store\/wp-content\/uploads\/2024\/06\/0.webp","contentUrl":"https:\/\/masterproducts.store\/wp-content\/uploads\/2024\/06\/0.webp","width":1000,"height":1000},{"@type":"BreadcrumbList","@id":"https:\/\/masterproducts.store\/de\/producto\/mt-pocket\/#breadcrumb","itemListElement":[{"@type":"ListItem","position":1,"name":"Portada","item":"https:\/\/masterproducts.store\/de\/"},{"@type":"ListItem","position":2,"name":"Shop","item":"https:\/\/masterproducts.store\/de\/shop\/"},{"@type":"ListItem","position":3,"name":"MT POCKET"}]},{"@type":"WebSite","@id":"https:\/\/masterproducts.store\/de\/#website","url":"https:\/\/masterproducts.store\/de\/","name":"Master Products Store","description":"Equipos de Poscosecha para cannabis, \u00a1A tu alcance!","publisher":{"@id":"https:\/\/masterproducts.store\/de\/#organization"},"potentialAction":[{"@type":"SearchAction","target":{"@type":"EntryPoint","urlTemplate":"https:\/\/masterproducts.store\/de\/?s={search_term_string}"},"query-input":{"@type":"PropertyValueSpecification","valueRequired":true,"valueName":"search_term_string"}}],"inLanguage":"de"},{"@type":"Organization","@id":"https:\/\/masterproducts.store\/de\/#organization","name":"Master Products Store","url":"https:\/\/masterproducts.store\/de\/","logo":{"@type":"ImageObject","inLanguage":"de","@id":"https:\/\/masterproducts.store\/de\/#\/schema\/logo\/image\/","url":"https:\/\/masterproducts.store\/wp-content\/uploads\/2024\/06\/MP-Logotip_png-1024x188-1.png","contentUrl":"https:\/\/masterproducts.store\/wp-content\/uploads\/2024\/06\/MP-Logotip_png-1024x188-1.png","width":1024,"height":188,"caption":"Master Products Store"},"image":{"@id":"https:\/\/masterproducts.store\/de\/#\/schema\/logo\/image\/"},"sameAs":["https:\/\/www.facebook.com\/masterproductsofficial"]}]}},"_links":{"self":[{"href":"https:\/\/masterproducts.store\/de\/wp-json\/wp\/v2\/product\/779","targetHints":{"allow":["GET"]}}],"collection":[{"href":"https:\/\/masterproducts.store\/de\/wp-json\/wp\/v2\/product"}],"about":[{"href":"https:\/\/masterproducts.store\/de\/wp-json\/wp\/v2\/types\/product"}],"replies":[{"embeddable":true,"href":"https:\/\/masterproducts.store\/de\/wp-json\/wp\/v2\/comments?post=779"}],"wp:featuredmedia":[{"embeddable":true,"href":"https:\/\/masterproducts.store\/de\/wp-json\/wp\/v2\/media\/3789"}],"wp:attachment":[{"href":"https:\/\/masterproducts.store\/de\/wp-json\/wp\/v2\/media?parent=779"}],"wp:term":[{"taxonomy":"product_brand","embeddable":true,"href":"https:\/\/masterproducts.store\/de\/wp-json\/wp\/v2\/product_brand?post=779"},{"taxonomy":"product_cat","embeddable":true,"href":"https:\/\/masterproducts.store\/de\/wp-json\/wp\/v2\/product_cat?post=779"},{"taxonomy":"product_tag","embeddable":true,"href":"https:\/\/masterproducts.store\/de\/wp-json\/wp\/v2\/product_tag?post=779"}],"curies":[{"name":"wp","href":"https:\/\/api.w.org\/{rel}","templated":true}]}}