{"id":790,"date":"2024-06-03T11:01:54","date_gmt":"2024-06-03T11:01:54","guid":{"rendered":"https:\/\/masterproducts.store\/product\/mt-dry-100-lite\/"},"modified":"2025-12-15T11:19:19","modified_gmt":"2025-12-15T10:19:19","slug":"mt-dry-100-lite","status":"publish","type":"product","link":"https:\/\/masterproducts.store\/de\/producto\/mt-dry-100-lite\/","title":{"rendered":"MT DRY 100 LiTE"},"content":{"rendered":"<section class=\"l-section wpb_row height_medium\"><div class=\"l-section-h i-cf\"><div class=\"g-cols vc_row via_grid cols_1 laptops-cols_inherit tablets-cols_inherit mobiles-cols_1 valign_top type_default stacking_default\"><div class=\"wpb_column vc_column_container\"><div class=\"vc_column-inner\"><nav class=\"g-breadcrumbs separator_custom align_none hide_current\" itemscope itemtype=\"http:\/\/schema.org\/BreadcrumbList\"><div class=\"g-breadcrumbs-item\" itemscope itemprop=\"itemListElement\" itemtype=\"http:\/\/schema.org\/ListItem\"><a itemprop=\"item\" href=\"https:\/\/masterproducts.store\/de\/\"><span itemprop=\"name\">Start<\/span><\/a><meta itemprop=\"position\" content=\"1\"\/><\/div><div class=\"g-breadcrumbs-separator\">\/<\/div><div class=\"g-breadcrumbs-item\">Seiten<\/div><\/nav><div class=\"w-separator size_small\"><\/div><h1 class=\"w-post-elm post_title entry-title color_link_inherit\">MT DRY 100 LiTE<\/h1><div class=\"w-separator size_small\"><\/div><div class=\"wpb_text_column\"><div class=\"wpb_wrapper\"><h2 class=\"titulo-slider-destacado-lite\">DER <em>TRIMMER <\/em><br \/>\nMEHR KOMPAKT<br \/>\nIN IHRER REICHWEITE!<\/h2>\n<\/div><\/div><div class=\"w-separator size_medium\"><\/div><div class=\"wpb_text_column\"><div class=\"wpb_wrapper\"><p><strong>Die ideale L\u00f6sung f\u00fcr kleine, aber bedeutende Produzenten<\/strong><\/p>\n<div class=\"flex flex-grow flex-col max-w-full\">\n<div class=\"min-h-&#091;20px&#093; text-message flex w-full flex-col items-end gap-2 whitespace-pre-wrap break-words &#091;.text-message+&amp;&#093;:mt-5 overflow-x-auto\" dir=\"auto\" data-message-author-role=\"assistant\" data-message-id=\"0ff07c6b-426e-4a8a-9773-319bffb11848\">\n<div class=\"flex w-full flex-col gap-1 empty:hidden first:pt-&#091;3px&#093;\">\n<div class=\"markdown prose w-full break-words dark:prose-invert light\"><\/div>\n<\/div>\n<\/div>\n<\/div>\n<div class=\"mt-1 flex gap-3 empty:hidden -ml-2\">\n<div class=\"items-center justify-start rounded-xl p-1 flex\">\n<div class=\"flex items-center\">\n<div class=\"flex items-center pb-0\"><\/div>\n<\/div>\n<\/div>\n<\/div>\n<p>Die Cannabis-Schneidemaschine MT Dry 100 Lite ist die erste Maschine unserer innovativen LiTE-Reihe, die f\u00fcr Produzenten und Unternehmer entwickelt wurde, die wie du wachsen, professionalisieren und den Trimmprozess automatisieren m\u00f6chten<\/p>\n<p>Pr\u00e4zision und Zug\u00e4nglichkeit vereinen sich, um Ihnen unendliche M\u00f6glichkeiten beim Sch\u00e4len von trockenen Cannabisbl\u00fcten zu bieten.<\/p>\n<p>Ausgestattet mit einem leistungsstarken Motor und hochwertigen Komponenten sorgt die MT Dry 100 LiTE f\u00fcr optimale Leistung und superpr\u00e4zises Schneiden, was zu perfekten Cannabisbl\u00fcten f\u00fchrt. Er ist ideal f\u00fcr kleine R\u00e4ume, leicht zu transportieren und zu verstauen dank seiner geringen Gr\u00f6\u00dfe und seines geringen Gewichts. Vereinfachen und verbessern Sie Ihren Nachernteprozess mit der Zuverl\u00e4ssigkeit, Effizienz und Zug\u00e4nglichkeit, die nur der MT Dry 100 LiTE Trimmer bieten kann.<\/p>\n<p><strong>Einfach, funktionell, LiTE.<\/strong><\/p>\n<\/div><\/div><\/div><\/div><\/div><\/div><\/section><section class=\"l-section wpb_row us_custom_54635556 height_auto width_full\"><div class=\"l-section-h i-cf\"><div class=\"g-cols vc_row via_grid cols_1 laptops-cols_inherit tablets-cols_inherit mobiles-cols_1 valign_top type_boxes stacking_default\"><div class=\"wpb_column vc_column_container type_sticky\"><div class=\"vc_column-inner\"><div class=\"wpb_text_column\"><div class=\"wpb_wrapper\"><h3 style=\"text-align: left; font-size: 2rem;\"><strong>MT DRY 100 LiTE<\/strong><br \/>\n<span style=\"color: #49a186; font-weight: bold;\">Maximale Leistung<\/span><\/h3>\n<\/div><\/div><div class=\"w-separator size_small\"><\/div><div class=\"w-tabs style_default switch_click accordion has_scrolling\" style=\"--sections-title-size:inherit\"><div class=\"w-tabs-sections titles-align_none icon_chevron cpos_right\"><div class=\"w-tabs-section\" id=\"n337\"><button class=\"w-tabs-section-header\" aria-controls=\"content-n337\" aria-expanded=\"false\"><div class=\"w-tabs-section-title\">Beschreibung<\/div><div class=\"w-tabs-section-control\"><\/div><\/button><div  class=\"w-tabs-section-content\" id=\"content-n337\"><div class=\"w-tabs-section-content-h i-cf\"><div class=\"wpb_text_column\"><div class=\"wpb_wrapper\"><p>\u2022 120 W Motor.<\/p>\n<p>\u2022 Trommel mit 25cm Durchmesser.<\/p>\n<p>\u2022 Produktion von 1,8 kg\/h (ca. 300-400 g\/Charge).<\/p>\n<p>\u2022 Trommel aus rostfreiem Stahl.<\/p>\n<p>\u2022 Geschwindigkeitsregler.<\/p>\n<p>\u2022 Klingen aus PE1000, geeignet f\u00fcr den Einsatz in Lebensmitteln.<\/p>\n<p>\u2022 Selbstschmierendes und reibungsarmes PE1000-Material.<\/p>\n<p>\u2022 Spanner f\u00fcr Klingen.<\/p>\n<p>\u2022 Unterst\u00fctzende F\u00fchrungsr\u00e4der f\u00fcr pr\u00e4zise Trommeldrehung.<\/p>\n<p>\u2022 360\u00ba Sicht f\u00fcr bessere Prozesskontrolle.<\/p>\n<p>\u2022 Neigung zum Laden von Produkten.<\/p>\n<p>\u2022 Schutzh\u00fclle f\u00fcr die Vorderseite.<\/p>\n<p>\u2022 Sammelbox.<\/p>\n<p>\u2022 Werkzeuglose Demontage, werkzeugloses System.<\/p>\n<p>\u2022 Leichte Reinigung und Pflege.<\/p>\n<\/div><\/div><div class=\"w-separator size_small\"><\/div><div class=\"w-separator size_custom\" style=\"height:15px\"><\/div><div class=\"g-cols wpb_row taula via_grid cols_4 laptops-cols_inherit tablets-cols_inherit mobiles-cols_1 valign_top type_default\" style=\"--gap:1rem;\"><div class=\"wpb_column vc_column_container\"><div class=\"vc_column-inner\"><style>\r\n        .production-card-container .text1 {\r\n            font-size: 5rem;\r\n            text-decoration: none;\r\n            text-transform: none;\r\n            line-height: 0.8;\r\n            color:#000;\r\n            font-weight:900;\r\n        }\r\n        a.production-card-holder {\r\n            text-decoration: none;\r\n            color:#000;\r\n        }\r\n        .production-card-footer{\r\n            font-size:1.2rem;\r\n            text-align:center;\r\n\t\t\tfont-weight:700;\r\n        }\r\n         a.production-card-holder:hover{\r\n            color:#000;\r\n        }\r\n        .production-card-head {\r\n            display: flex;\r\n            align-items: flex-end;\r\n            gap:4px;\r\n            justify-content: center;\r\n        }\r\n\t\t@media only screen and (max-width: 1500px) {\r\n\t\t.production-card-container .text1 {\r\n            font-size: 4rem;\r\n        }\r\n\t\t}\r\n    <\/style><a class=\"production-card-holder\">\r\n        <div class=\"production-card-container\">\r\n            <div class=\"production-card-head\">\r\n                <div class=\"image1\">\r\n                    <img decoding=\"async\" src=\"https:\/\/masterproducts.store\/wp-content\/uploads\/2024\/06\/kg-lite.png\"\/>\r\n                <\/div>\r\n                <div class=\"text1\">1.8<\/div>\r\n                <div class=\"image2\">\r\n                    <img decoding=\"async\" src=\"https:\/\/masterproducts.store\/wp-content\/uploads\/2024\/06\/kg-h.png\"\/>\r\n                <\/div>\r\n            <\/div>\r\n            <div class=\"production-card-footer\">PRODUKTION<\/div>\r\n        <\/div>\r\n    <\/a><\/div><\/div><div class=\"wpb_column vc_column_container\"><div class=\"vc_column-inner\"><div class=\"w-iconbox iconpos_top style_default color_primary align_center no_text icontype_img\"><a target=\"_blank\" rel=\"nofollow\" href=\"https:\/\/masterproducts.es\/wp-content\/uploads\/2024\/06\/MT-Dry-100-LiTE_DE.pdf\" class=\"w-iconbox-link\" aria-label=\"Technische Daten\"><div class=\"w-iconbox-icon\" style=\"font-size:5rem;\"><img loading=\"lazy\" decoding=\"async\" width=\"512\" height=\"382\" src=\"https:\/\/masterproducts.store\/wp-content\/uploads\/2024\/06\/logo-pdf-1.png\" class=\"attachment-full size-full\" alt=\"\" srcset=\"https:\/\/masterproducts.store\/wp-content\/uploads\/2024\/06\/logo-pdf-1.png 512w, https:\/\/masterproducts.store\/wp-content\/uploads\/2024\/06\/logo-pdf-1-300x224.png 300w\" sizes=\"auto, (max-width: 512px) 100vw, 512px\" \/><\/div><\/a><div class=\"w-iconbox-meta\"><a target=\"_blank\" rel=\"nofollow\" href=\"https:\/\/masterproducts.es\/wp-content\/uploads\/2024\/06\/MT-Dry-100-LiTE_DE.pdf\" class=\"w-iconbox-link\" aria-label=\"Technische Daten\"><span class=\"w-iconbox-title\">Technische Daten<\/span><\/a><\/div><\/div><\/div><\/div><div class=\"wpb_column vc_column_container\"><div class=\"vc_column-inner\"><div class=\"w-iconbox iconpos_top style_default color_primary align_center no_text icontype_img\"><a target=\"_blank\" rel=\"nofollow\" href=\"https:\/\/masterproducts.store\/wp-content\/uploads\/2024\/08\/USER-MANUAL_MT-DRY-100-LiTE.pdf\" class=\"w-iconbox-link\" aria-label=\"Benutzerhandbuch\"><div class=\"w-iconbox-icon\" style=\"font-size:5rem;\"><img loading=\"lazy\" decoding=\"async\" width=\"512\" height=\"382\" src=\"https:\/\/masterproducts.store\/wp-content\/uploads\/2024\/06\/logo-pdf-1.png\" class=\"attachment-full size-full\" alt=\"\" srcset=\"https:\/\/masterproducts.store\/wp-content\/uploads\/2024\/06\/logo-pdf-1.png 512w, https:\/\/masterproducts.store\/wp-content\/uploads\/2024\/06\/logo-pdf-1-300x224.png 300w\" sizes=\"auto, (max-width: 512px) 100vw, 512px\" \/><\/div><\/a><div class=\"w-iconbox-meta\"><a target=\"_blank\" rel=\"nofollow\" href=\"https:\/\/masterproducts.store\/wp-content\/uploads\/2024\/08\/USER-MANUAL_MT-DRY-100-LiTE.pdf\" class=\"w-iconbox-link\" aria-label=\"Benutzerhandbuch\"><span class=\"w-iconbox-title\">Benutzerhandbuch<\/span><\/a><\/div><\/div><\/div><\/div><div class=\"wpb_column vc_column_container\"><div class=\"vc_column-inner\"><\/div><\/div><\/div><\/div><\/div><\/div><div class=\"w-tabs-section\" id=\"ic52\"><button class=\"w-tabs-section-header\" aria-controls=\"content-ic52\" aria-expanded=\"false\"><div class=\"w-tabs-section-title\">Technische Daten<\/div><div class=\"w-tabs-section-control\"><\/div><\/button><div  class=\"w-tabs-section-content\" id=\"content-ic52\"><div class=\"w-tabs-section-content-h i-cf\"><div class=\"wpb_text_column\"><div class=\"wpb_wrapper\"><table class=\"table is-fullwidth has-poppins p-6\" data-v-78f6ea54=\"\">\n<tbody data-v-78f6ea54=\"\">\n<tr data-v-78f6ea54=\"\">\n<td data-v-78f6ea54=\"\"><strong>Elektrischer Anschluss <\/strong><\/td>\n<td data-v-78f6ea54=\"\">1PH, 100-240 VAC, 50\/60 HZ, 2A<\/td>\n<\/tr>\n<tr data-v-78f6ea54=\"\">\n<td data-v-78f6ea54=\"\"><strong><b>Motorleistung<\/b><\/strong><\/td>\n<td data-v-78f6ea54=\"\">120 W, 24 VDC<\/td>\n<\/tr>\n<tr data-v-78f6ea54=\"\">\n<td data-v-78f6ea54=\"\"><b>Abmessungen<\/b><\/td>\n<td data-v-78f6ea54=\"\">40,6 cm x 34,9cm x 36,4 cm<\/td>\n<\/tr>\n<tr data-v-78f6ea54=\"\">\n<td data-v-78f6ea54=\"\"><b class=\"has-poppins\" data-v-78f6ea54=\"\">Gewicht<\/b><\/td>\n<td data-v-78f6ea54=\"\">10 Kg<\/td>\n<\/tr>\n<tr data-v-78f6ea54=\"\">\n<td data-v-78f6ea54=\"\"><b>Material der Trommel<\/b><\/td>\n<td data-v-78f6ea54=\"\">Rostfreier Stahl\/Aluminium<\/td>\n<\/tr>\n<tr data-v-78f6ea54=\"\">\n<td data-v-78f6ea54=\"\"><strong>Durchmesser der Trommel<\/strong><\/td>\n<td data-v-78f6ea54=\"\">25cm<\/td>\n<\/tr>\n<tr data-v-78f6ea54=\"\">\n<td data-v-78f6ea54=\"\"><strong>Lange Trommel <\/strong><\/td>\n<td data-v-78f6ea54=\"\">65cm<\/td>\n<\/tr>\n<tr data-v-78f6ea54=\"\">\n<td data-v-78f6ea54=\"\"><b class=\"has-poppins\" data-v-78f6ea54=\"\">Geschwindigkeit der Trommel<\/b><\/td>\n<td data-v-78f6ea54=\"\">30-50RPM<\/td>\n<\/tr>\n<tr data-v-78f6ea54=\"\">\n<td data-v-78f6ea54=\"\"><b class=\"has-poppins\" data-v-78f6ea54=\"\">Geschwindigkeitsregler<\/b><\/td>\n<td data-v-78f6ea54=\"\">Ja<\/td>\n<\/tr>\n<tr data-v-78f6ea54=\"\">\n<td data-v-78f6ea54=\"\"><b class=\"has-poppins\" data-v-78f6ea54=\"\">Material der Klinge<\/b><\/td>\n<td data-v-78f6ea54=\"\">PE1000<\/td>\n<\/tr>\n<tr data-v-78f6ea54=\"\">\n<td data-v-78f6ea54=\"\"><b class=\"has-poppins\" data-v-78f6ea54=\"\">Neigung der Last<\/b><\/td>\n<td data-v-78f6ea54=\"\">Ja<\/td>\n<\/tr>\n<tr data-v-78f6ea54=\"\">\n<td data-v-78f6ea54=\"\"><b class=\"has-poppins\" data-v-78f6ea54=\"\">Ger\u00e4uschpegel<\/b><\/td>\n<td data-v-78f6ea54=\"\">60 dB<\/td>\n<\/tr>\n<tr data-v-78f6ea54=\"\">\n<td data-v-78f6ea54=\"\"><b class=\"has-poppins\" data-v-78f6ea54=\"\">Zertifizierungen<\/b><\/td>\n<td data-v-78f6ea54=\"\">EC, RoHS<\/td>\n<\/tr>\n<tr data-v-78f6ea54=\"\">\n<td data-v-78f6ea54=\"\"><b class=\"has-poppins\" data-v-78f6ea54=\"\">Garantie<\/b><\/td>\n<td data-v-78f6ea54=\"\">2 Jahre<\/td>\n<\/tr>\n<\/tbody>\n<\/table>\n<\/div><\/div><div class=\"w-separator size_small\"><\/div><\/div><\/div><\/div><\/div><\/div><div class=\"w-separator size_small\"><\/div><div class=\"w-hwrapper us_custom_b2b33b1a master-precio-banner valign_middle stack_on_mobiles align_center\"><p class=\"w-post-elm product_field price us_custom_9cbe97f1 has_text_color\"><span class=\"woocommerce-Price-amount amount\"><bdi>1.200,00&nbsp;<span class=\"woocommerce-Price-currencySymbol\">&euro;<\/span><\/bdi><\/span> <small class=\"woocommerce-price-suffix\">+ MwSt<\/small><\/p><div class=\"w-post-elm add_to_cart us_custom_6df4bc3a has_text_color\"><p class=\"stock in-stock\">8 vorr\u00e4tig<\/p>\n\n\t\n\t<form class=\"cart\" action=\"https:\/\/masterproducts.store\/de\/producto\/mt-dry-100-lite\/\" method=\"post\" enctype='multipart\/form-data'>\n\t\t\n\t\t<div class=\"quantity\">\n\t\t<label class=\"screen-reader-text\" for=\"quantity_69f77341ddf44\">MT DRY 100 LiTE Menge<\/label>\n\t<input\n\t\ttype=\"number\"\n\t\t\t\tid=\"quantity_69f77341ddf44\"\n\t\tclass=\"input-text qty text\"\n\t\tname=\"quantity\"\n\t\tvalue=\"1\"\n\t\taria-label=\"Produktmenge\"\n\t\t\t\tmin=\"1\"\n\t\t\t\t\tmax=\"8\"\n\t\t\t\t\t\t\tstep=\"1\"\n\t\t\tplaceholder=\"\"\n\t\t\tinputmode=\"numeric\"\n\t\t\tautocomplete=\"off\"\n\t\t\t\/>\n\t<\/div>\n\n\t\t<button type=\"submit\" name=\"add-to-cart\" value=\"790\" class=\"single_add_to_cart_button button alt\">In den Warenkorb<\/button>\n\n\t\t\t<\/form>\n\n\t\n<div class=\"woocommerce-notices-wrapper\"><\/div><\/div><\/div><div class=\"w-separator size_small\"><\/div><\/div><\/div><\/div><\/div><\/section>\n","protected":false},"excerpt":{"rendered":"Start\/SeitenMT DRY 100 LiTE DER TRIMMER MEHR KOMPAKT IN IHRER REICHWEITE! Die ideale L\u00f6sung f\u00fcr kleine, aber bedeutende Produzenten Die Cannabis-Schneidemaschine MT Dry 100 Lite ist die erste Maschine unserer innovativen LiTE-Reihe, die f\u00fcr Produzenten und Unternehmer entwickelt wurde, die wie du wachsen, professionalisieren und den Trimmprozess automatisieren m\u00f6chten Pr\u00e4zision und Zug\u00e4nglichkeit vereinen sich, um...","protected":false},"featured_media":3797,"comment_status":"open","ping_status":"closed","template":"","meta":[],"product_brand":[],"product_cat":[40],"product_tag":[440],"class_list":{"0":"post-790","1":"product","2":"type-product","3":"status-publish","4":"has-post-thumbnail","6":"product_cat-lite-de","7":"product_tag-mt-dry-100-lite","9":"first","10":"instock","11":"taxable","12":"shipping-taxable","13":"purchasable","14":"product-type-simple"},"yoast_head":"<!-- This site is optimized with the Yoast SEO plugin v27.5 - https:\/\/yoast.com\/product\/yoast-seo-wordpress\/ -->\n<title>MT DRY 100 LiTE - Master Products Store<\/title>\n<meta name=\"robots\" content=\"index, follow, max-snippet:-1, max-image-preview:large, max-video-preview:-1\" \/>\n<link rel=\"canonical\" href=\"https:\/\/masterproducts.store\/de\/producto\/mt-dry-100-lite\/\" \/>\n<meta property=\"og:locale\" content=\"de_DE\" \/>\n<meta property=\"og:type\" content=\"article\" \/>\n<meta property=\"og:title\" content=\"MT DRY 100 LiTE - Master Products Store\" \/>\n<meta property=\"og:url\" content=\"https:\/\/masterproducts.store\/de\/producto\/mt-dry-100-lite\/\" \/>\n<meta property=\"og:site_name\" content=\"Master Products Store\" \/>\n<meta property=\"article:publisher\" content=\"https:\/\/www.facebook.com\/masterproductsofficial\" \/>\n<meta property=\"article:modified_time\" content=\"2025-12-15T10:19:19+00:00\" \/>\n<meta property=\"og:image\" content=\"https:\/\/masterproducts.store\/wp-content\/uploads\/2024\/06\/Dry100Lite-1018x1024-1.webp\" \/>\n\t<meta property=\"og:image:width\" content=\"1018\" \/>\n\t<meta property=\"og:image:height\" content=\"1024\" \/>\n\t<meta property=\"og:image:type\" content=\"image\/webp\" \/>\n<meta name=\"twitter:card\" content=\"summary_large_image\" \/>\n<meta name=\"twitter:label1\" content=\"Gesch\u00e4tzte Lesezeit\" \/>\n\t<meta name=\"twitter:data1\" content=\"2\u00a0Minuten\" \/>\n<script type=\"application\/ld+json\" class=\"yoast-schema-graph\">{\"@context\":\"https:\\\/\\\/schema.org\",\"@graph\":[{\"@type\":\"WebPage\",\"@id\":\"https:\\\/\\\/masterproducts.store\\\/de\\\/producto\\\/mt-dry-100-lite\\\/\",\"url\":\"https:\\\/\\\/masterproducts.store\\\/de\\\/producto\\\/mt-dry-100-lite\\\/\",\"name\":\"MT DRY 100 LiTE - Master Products Store\",\"isPartOf\":{\"@id\":\"https:\\\/\\\/masterproducts.store\\\/de\\\/#website\"},\"primaryImageOfPage\":{\"@id\":\"https:\\\/\\\/masterproducts.store\\\/de\\\/producto\\\/mt-dry-100-lite\\\/#primaryimage\"},\"image\":{\"@id\":\"https:\\\/\\\/masterproducts.store\\\/de\\\/producto\\\/mt-dry-100-lite\\\/#primaryimage\"},\"thumbnailUrl\":\"https:\\\/\\\/masterproducts.store\\\/wp-content\\\/uploads\\\/2024\\\/06\\\/Dry100Lite-1018x1024-1.webp\",\"datePublished\":\"2024-06-03T11:01:54+00:00\",\"dateModified\":\"2025-12-15T10:19:19+00:00\",\"breadcrumb\":{\"@id\":\"https:\\\/\\\/masterproducts.store\\\/de\\\/producto\\\/mt-dry-100-lite\\\/#breadcrumb\"},\"inLanguage\":\"de\",\"potentialAction\":[{\"@type\":\"ReadAction\",\"target\":[\"https:\\\/\\\/masterproducts.store\\\/de\\\/producto\\\/mt-dry-100-lite\\\/\"]}]},{\"@type\":\"ImageObject\",\"inLanguage\":\"de\",\"@id\":\"https:\\\/\\\/masterproducts.store\\\/de\\\/producto\\\/mt-dry-100-lite\\\/#primaryimage\",\"url\":\"https:\\\/\\\/masterproducts.store\\\/wp-content\\\/uploads\\\/2024\\\/06\\\/Dry100Lite-1018x1024-1.webp\",\"contentUrl\":\"https:\\\/\\\/masterproducts.store\\\/wp-content\\\/uploads\\\/2024\\\/06\\\/Dry100Lite-1018x1024-1.webp\",\"width\":1018,\"height\":1024},{\"@type\":\"BreadcrumbList\",\"@id\":\"https:\\\/\\\/masterproducts.store\\\/de\\\/producto\\\/mt-dry-100-lite\\\/#breadcrumb\",\"itemListElement\":[{\"@type\":\"ListItem\",\"position\":1,\"name\":\"Portada\",\"item\":\"https:\\\/\\\/masterproducts.store\\\/de\\\/\"},{\"@type\":\"ListItem\",\"position\":2,\"name\":\"Shop\",\"item\":\"https:\\\/\\\/masterproducts.store\\\/de\\\/shop\\\/\"},{\"@type\":\"ListItem\",\"position\":3,\"name\":\"MT DRY 100 LiTE\"}]},{\"@type\":\"WebSite\",\"@id\":\"https:\\\/\\\/masterproducts.store\\\/de\\\/#website\",\"url\":\"https:\\\/\\\/masterproducts.store\\\/de\\\/\",\"name\":\"Master Products Store\",\"description\":\"Equipos de Poscosecha para cannabis, \u00a1A tu alcance!\",\"publisher\":{\"@id\":\"https:\\\/\\\/masterproducts.store\\\/de\\\/#organization\"},\"potentialAction\":[{\"@type\":\"SearchAction\",\"target\":{\"@type\":\"EntryPoint\",\"urlTemplate\":\"https:\\\/\\\/masterproducts.store\\\/de\\\/?s={search_term_string}\"},\"query-input\":{\"@type\":\"PropertyValueSpecification\",\"valueRequired\":true,\"valueName\":\"search_term_string\"}}],\"inLanguage\":\"de\"},{\"@type\":\"Organization\",\"@id\":\"https:\\\/\\\/masterproducts.store\\\/de\\\/#organization\",\"name\":\"Master Products Store\",\"url\":\"https:\\\/\\\/masterproducts.store\\\/de\\\/\",\"logo\":{\"@type\":\"ImageObject\",\"inLanguage\":\"de\",\"@id\":\"https:\\\/\\\/masterproducts.store\\\/de\\\/#\\\/schema\\\/logo\\\/image\\\/\",\"url\":\"https:\\\/\\\/masterproducts.store\\\/wp-content\\\/uploads\\\/2024\\\/06\\\/MP-Logotip_png-1024x188-1.png\",\"contentUrl\":\"https:\\\/\\\/masterproducts.store\\\/wp-content\\\/uploads\\\/2024\\\/06\\\/MP-Logotip_png-1024x188-1.png\",\"width\":1024,\"height\":188,\"caption\":\"Master Products Store\"},\"image\":{\"@id\":\"https:\\\/\\\/masterproducts.store\\\/de\\\/#\\\/schema\\\/logo\\\/image\\\/\"},\"sameAs\":[\"https:\\\/\\\/www.facebook.com\\\/masterproductsofficial\"]}]}<\/script>\n<!-- \/ Yoast SEO plugin. -->","yoast_head_json":{"title":"MT DRY 100 LiTE - Master Products Store","robots":{"index":"index","follow":"follow","max-snippet":"max-snippet:-1","max-image-preview":"max-image-preview:large","max-video-preview":"max-video-preview:-1"},"canonical":"https:\/\/masterproducts.store\/de\/producto\/mt-dry-100-lite\/","og_locale":"de_DE","og_type":"article","og_title":"MT DRY 100 LiTE - Master Products Store","og_url":"https:\/\/masterproducts.store\/de\/producto\/mt-dry-100-lite\/","og_site_name":"Master Products Store","article_publisher":"https:\/\/www.facebook.com\/masterproductsofficial","article_modified_time":"2025-12-15T10:19:19+00:00","og_image":[{"width":1018,"height":1024,"url":"https:\/\/masterproducts.store\/wp-content\/uploads\/2024\/06\/Dry100Lite-1018x1024-1.webp","type":"image\/webp"}],"twitter_card":"summary_large_image","twitter_misc":{"Gesch\u00e4tzte Lesezeit":"2\u00a0Minuten"},"schema":{"@context":"https:\/\/schema.org","@graph":[{"@type":"WebPage","@id":"https:\/\/masterproducts.store\/de\/producto\/mt-dry-100-lite\/","url":"https:\/\/masterproducts.store\/de\/producto\/mt-dry-100-lite\/","name":"MT DRY 100 LiTE - Master Products Store","isPartOf":{"@id":"https:\/\/masterproducts.store\/de\/#website"},"primaryImageOfPage":{"@id":"https:\/\/masterproducts.store\/de\/producto\/mt-dry-100-lite\/#primaryimage"},"image":{"@id":"https:\/\/masterproducts.store\/de\/producto\/mt-dry-100-lite\/#primaryimage"},"thumbnailUrl":"https:\/\/masterproducts.store\/wp-content\/uploads\/2024\/06\/Dry100Lite-1018x1024-1.webp","datePublished":"2024-06-03T11:01:54+00:00","dateModified":"2025-12-15T10:19:19+00:00","breadcrumb":{"@id":"https:\/\/masterproducts.store\/de\/producto\/mt-dry-100-lite\/#breadcrumb"},"inLanguage":"de","potentialAction":[{"@type":"ReadAction","target":["https:\/\/masterproducts.store\/de\/producto\/mt-dry-100-lite\/"]}]},{"@type":"ImageObject","inLanguage":"de","@id":"https:\/\/masterproducts.store\/de\/producto\/mt-dry-100-lite\/#primaryimage","url":"https:\/\/masterproducts.store\/wp-content\/uploads\/2024\/06\/Dry100Lite-1018x1024-1.webp","contentUrl":"https:\/\/masterproducts.store\/wp-content\/uploads\/2024\/06\/Dry100Lite-1018x1024-1.webp","width":1018,"height":1024},{"@type":"BreadcrumbList","@id":"https:\/\/masterproducts.store\/de\/producto\/mt-dry-100-lite\/#breadcrumb","itemListElement":[{"@type":"ListItem","position":1,"name":"Portada","item":"https:\/\/masterproducts.store\/de\/"},{"@type":"ListItem","position":2,"name":"Shop","item":"https:\/\/masterproducts.store\/de\/shop\/"},{"@type":"ListItem","position":3,"name":"MT DRY 100 LiTE"}]},{"@type":"WebSite","@id":"https:\/\/masterproducts.store\/de\/#website","url":"https:\/\/masterproducts.store\/de\/","name":"Master Products Store","description":"Equipos de Poscosecha para cannabis, \u00a1A tu alcance!","publisher":{"@id":"https:\/\/masterproducts.store\/de\/#organization"},"potentialAction":[{"@type":"SearchAction","target":{"@type":"EntryPoint","urlTemplate":"https:\/\/masterproducts.store\/de\/?s={search_term_string}"},"query-input":{"@type":"PropertyValueSpecification","valueRequired":true,"valueName":"search_term_string"}}],"inLanguage":"de"},{"@type":"Organization","@id":"https:\/\/masterproducts.store\/de\/#organization","name":"Master Products Store","url":"https:\/\/masterproducts.store\/de\/","logo":{"@type":"ImageObject","inLanguage":"de","@id":"https:\/\/masterproducts.store\/de\/#\/schema\/logo\/image\/","url":"https:\/\/masterproducts.store\/wp-content\/uploads\/2024\/06\/MP-Logotip_png-1024x188-1.png","contentUrl":"https:\/\/masterproducts.store\/wp-content\/uploads\/2024\/06\/MP-Logotip_png-1024x188-1.png","width":1024,"height":188,"caption":"Master Products Store"},"image":{"@id":"https:\/\/masterproducts.store\/de\/#\/schema\/logo\/image\/"},"sameAs":["https:\/\/www.facebook.com\/masterproductsofficial"]}]}},"_links":{"self":[{"href":"https:\/\/masterproducts.store\/de\/wp-json\/wp\/v2\/product\/790","targetHints":{"allow":["GET"]}}],"collection":[{"href":"https:\/\/masterproducts.store\/de\/wp-json\/wp\/v2\/product"}],"about":[{"href":"https:\/\/masterproducts.store\/de\/wp-json\/wp\/v2\/types\/product"}],"replies":[{"embeddable":true,"href":"https:\/\/masterproducts.store\/de\/wp-json\/wp\/v2\/comments?post=790"}],"wp:featuredmedia":[{"embeddable":true,"href":"https:\/\/masterproducts.store\/de\/wp-json\/wp\/v2\/media\/3797"}],"wp:attachment":[{"href":"https:\/\/masterproducts.store\/de\/wp-json\/wp\/v2\/media?parent=790"}],"wp:term":[{"taxonomy":"product_brand","embeddable":true,"href":"https:\/\/masterproducts.store\/de\/wp-json\/wp\/v2\/product_brand?post=790"},{"taxonomy":"product_cat","embeddable":true,"href":"https:\/\/masterproducts.store\/de\/wp-json\/wp\/v2\/product_cat?post=790"},{"taxonomy":"product_tag","embeddable":true,"href":"https:\/\/masterproducts.store\/de\/wp-json\/wp\/v2\/product_tag?post=790"}],"curies":[{"name":"wp","href":"https:\/\/api.w.org\/{rel}","templated":true}]}}