{"id":712,"date":"2024-06-11T15:13:36","date_gmt":"2024-06-11T13:13:36","guid":{"rendered":"https:\/\/masterproducts.store\/?page_id=712"},"modified":"2024-06-13T00:39:27","modified_gmt":"2024-06-12T22:39:27","slug":"politique-d-expedition-et-de-retour","status":"publish","type":"page","link":"https:\/\/masterproducts.store\/fr\/politique-d-expedition-et-de-retour\/","title":{"rendered":"Politique d&rsquo;expedition et de retour"},"content":{"rendered":"<section class=\"l-section wpb_row height_medium\"><div class=\"l-section-h i-cf\"><div class=\"g-cols vc_row via_grid cols_1 laptops-cols_inherit tablets-cols_inherit mobiles-cols_1 valign_top type_default stacking_default\"><div class=\"wpb_column vc_column_container\"><div class=\"vc_column-inner\"><div class=\"wpb_text_column\"><div class=\"wpb_wrapper\"><p>Politiques d&rsquo;Exp\u00e9dition<br \/>\n1. Aper\u00e7u<br \/>\nChez MASTER PRODUCTS, nous nous engageons \u00e0 vous offrir une exp\u00e9rience d&rsquo;achat en ligne exceptionnelle. Ci-dessous, nous d\u00e9taillons nos politiques d&rsquo;exp\u00e9dition pour vous garantir de recevoir vos produits de mani\u00e8re efficace et s\u00e9curis\u00e9e.<\/p>\n<p>2. Temps de Traitement<br \/>\nTraitement des Commandes : Toutes les commandes sont trait\u00e9es dans un d\u00e9lai de 1 \u00e0 3 jours ouvrables apr\u00e8s r\u00e9ception de la confirmation de paiement. Les commandes ne sont pas exp\u00e9di\u00e9es ni livr\u00e9es les week-ends ou les jours f\u00e9ri\u00e9s.<\/p>\n<p>3. Options et Frais d&rsquo;Exp\u00e9dition<br \/>\nNotre m\u00e9thode d&rsquo;exp\u00e9dition est toujours l&rsquo;exp\u00e9dition standard. Les co\u00fbts et les d\u00e9lais de livraison peuvent varier en fonction du pays de destination au sein de l&rsquo;Union europ\u00e9enne.<br \/>\nExp\u00e9dition Standard : Le d\u00e9lai et le co\u00fbt estim\u00e9s de livraison varient en fonction du pays de destination et du total des produits achet\u00e9s.<br \/>\nLivraison Gratuite : Disponible pour les commandes sup\u00e9rieures \u00e0 3 000 \u20ac.<\/p>\n<p>4. Suivi des Commandes<br \/>\nUne fois votre commande exp\u00e9di\u00e9e, vous recevrez un e-mail contenant un num\u00e9ro de suivi pour suivre la progression de votre envoi.<\/p>\n<p>5. Zones d&rsquo;Exp\u00e9dition<br \/>\nNous livrons \u00e0 la plupart des adresses dans les pays de l&rsquo;Union europ\u00e9enne. Actuellement, nous n&rsquo;exp\u00e9dions pas vers des pays en dehors de cette zone.<\/p>\n<p>6. Probl\u00e8mes de Livraison<br \/>\nAdresse Incorrecte : Nous ne sommes pas responsables des commandes qui ne peuvent pas \u00eatre livr\u00e9es en raison d&rsquo;adresses incorrectes ou incompl\u00e8tes fournies par le client.<br \/>\nColis Perdus : Si votre colis est perdu ou arrive endommag\u00e9, veuillez nous contacter imm\u00e9diatement \u00e0 l&rsquo;adresse customer@masterproducts.es. Nous travaillerons avec la soci\u00e9t\u00e9 d&rsquo;exp\u00e9dition pour r\u00e9soudre le probl\u00e8me d\u00e8s que possible.<br \/>\nColis Endommag\u00e9s : En cas de r\u00e9ception d&rsquo;un colis endommag\u00e9, veuillez nous contacter imm\u00e9diatement en envoyant un e-mail \u00e0 customer@masterproducts.es. De plus, il est important de noter l&rsquo;\u00e9tat du colis sur le bon de livraison sign\u00e9 et de prendre des photos des dommages. Nous nous engageons \u00e0 collaborer avec la soci\u00e9t\u00e9 d&rsquo;exp\u00e9dition pour r\u00e9soudre le probl\u00e8me rapidement et efficacement.<\/p>\n<p>7. Modifications et Annulations<br \/>\nSi vous avez besoin de modifier ou d&rsquo;annuler votre commande, veuillez nous contacter dans les 24 premi\u00e8res heures suivant l&rsquo;achat. Nous ferons de notre mieux pour r\u00e9pondre \u00e0 votre demande.<\/p>\n<p>8. Contact<br \/>\nSi vous avez des questions ou des pr\u00e9occupations concernant nos politiques d&rsquo;exp\u00e9dition, veuillez nous contacter \u00e0 l&rsquo;adresse customer@masterproducts.es.<\/p>\n<p>Politiques de Retour<br \/>\n1. Retours et Remboursements<br \/>\nChez MASTER PRODUCTS, nous voulons que vous soyez enti\u00e8rement satisfait de votre achat. Si vous n&rsquo;\u00eates pas satisfait de votre produit, vous pouvez le retourner en suivant les directives ci-dessous :<\/p>\n<p>2. P\u00e9riode de Retour<br \/>\nRetour : Vous disposez de 14 jours calendaires \u00e0 compter de la date de r\u00e9ception pour retourner le produit.<\/p>\n<p>3. Conditions de Retour<br \/>\n\u00c9tat du Produit : Les produits doivent \u00eatre dans leur \u00e9tat d&rsquo;origine, non utilis\u00e9s et dans leur emballage d&rsquo;origine.<br \/>\nProduits Exclus : Certains produits ne peuvent pas \u00eatre retourn\u00e9s, tels que les produits personnalis\u00e9s et les articles en solde.<\/p>\n<p>4. Processus de Retour<br \/>\nDemander un Retour : Envoyez un e-mail \u00e0 customer@masterproducts.es avec votre num\u00e9ro de commande et le motif du retour.<br \/>\nRecevoir les Instructions : Nous vous enverrons des instructions d\u00e9taill\u00e9es sur la mani\u00e8re de retourner votre produit.<br \/>\nEnvoyer le Produit : Exp\u00e9diez le produit \u00e0 l&rsquo;adresse que nous vous fournirons. Les frais de retour sont \u00e0 la charge du client sauf si le produit est d\u00e9fectueux ou a \u00e9t\u00e9 exp\u00e9di\u00e9 incorrectement.<\/p>\n<p>5. Remboursements<br \/>\nTraitement du Remboursement : Une fois que nous recevons votre retour et v\u00e9rifions son \u00e9tat, nous traiterons votre remboursement. Le remboursement sera effectu\u00e9 sur le mode de paiement d&rsquo;origine dans un d\u00e9lai de 5 \u00e0 7 jours ouvrables.<br \/>\nNotification : Nous vous informerons par e-mail une fois que le remboursement aura \u00e9t\u00e9 trait\u00e9.<\/p>\n<p>6. Produits D\u00e9fectueux ou Incorrects<br \/>\nSi vous recevez un produit d\u00e9fectueux ou incorrect, veuillez nous contacter imm\u00e9diatement \u00e0 l&rsquo;adresse customer@masterproducts.es avec votre num\u00e9ro de commande et les d\u00e9tails du probl\u00e8me. Nous vous fournirons une \u00e9tiquette d&rsquo;exp\u00e9dition pr\u00e9pay\u00e9e pour le retour et enverrons un remplacement sans frais suppl\u00e9mentaires.<\/p>\n<p>7. Garantie<br \/>\nTous nos produits sont garantis pendant 2 ans \u00e0 compter de la date d&rsquo;achat. Cette garantie couvre les d\u00e9fauts de fabrication et de mat\u00e9riaux, mais n&rsquo;inclut pas les dommages caus\u00e9s par une utilisation abusive, l&rsquo;usure normale ou les modifications non autoris\u00e9es. Pour b\u00e9n\u00e9ficier de la garantie, contactez-nous \u00e0 l&rsquo;adresse customer@masterproducts.es avec votre num\u00e9ro de commande et une description du probl\u00e8me.<\/p>\n<p>8. Contact<br \/>\nPour toute question sur notre politique de retour, veuillez nous contacter \u00e0 l&rsquo;adresse customer@masterproducts.es.<\/p>\n<\/div><\/div><\/div><\/div><\/div><\/div><\/section>\n","protected":false},"excerpt":{"rendered":"Politiques d&rsquo;Exp\u00e9dition 1. Aper\u00e7u Chez MASTER PRODUCTS, nous nous engageons \u00e0 vous offrir une exp\u00e9rience d&rsquo;achat en ligne exceptionnelle. Ci-dessous, nous d\u00e9taillons nos politiques d&rsquo;exp\u00e9dition pour vous garantir de recevoir vos produits de mani\u00e8re efficace et s\u00e9curis\u00e9e. 2. Temps de Traitement Traitement des Commandes : Toutes les commandes sont trait\u00e9es dans un d\u00e9lai de 1...","protected":false},"author":1,"featured_media":0,"parent":0,"menu_order":0,"comment_status":"closed","ping_status":"closed","template":"","meta":{"footnotes":""},"class_list":["post-712","page","type-page","status-publish","hentry"],"yoast_head":"<!-- This site is optimized with the Yoast SEO plugin v27.4 - https:\/\/yoast.com\/product\/yoast-seo-wordpress\/ -->\n<title>Politique d&#039;expedition et de retour - Master Products Store<\/title>\n<meta name=\"robots\" content=\"index, follow, max-snippet:-1, max-image-preview:large, max-video-preview:-1\" \/>\n<link rel=\"canonical\" href=\"https:\/\/masterproducts.store\/fr\/politique-d-expedition-et-de-retour\/\" \/>\n<meta property=\"og:locale\" content=\"fr_FR\" \/>\n<meta property=\"og:type\" content=\"article\" \/>\n<meta property=\"og:title\" content=\"Politique d&#039;expedition et de retour - Master Products Store\" \/>\n<meta property=\"og:url\" content=\"https:\/\/masterproducts.store\/fr\/politique-d-expedition-et-de-retour\/\" \/>\n<meta property=\"og:site_name\" content=\"Master Products Store\" \/>\n<meta property=\"article:publisher\" content=\"https:\/\/www.facebook.com\/masterproductsofficial\" \/>\n<meta property=\"article:modified_time\" content=\"2024-06-12T22:39:27+00:00\" \/>\n<meta name=\"twitter:card\" content=\"summary_large_image\" \/>\n<meta name=\"twitter:label1\" content=\"Dur\u00e9e de lecture estim\u00e9e\" \/>\n\t<meta name=\"twitter:data1\" content=\"4 minutes\" \/>\n<script type=\"application\/ld+json\" class=\"yoast-schema-graph\">{\"@context\":\"https:\\\/\\\/schema.org\",\"@graph\":[{\"@type\":\"WebPage\",\"@id\":\"https:\\\/\\\/masterproducts.store\\\/fr\\\/politique-d-expedition-et-de-retour\\\/\",\"url\":\"https:\\\/\\\/masterproducts.store\\\/fr\\\/politique-d-expedition-et-de-retour\\\/\",\"name\":\"Politique d'expedition et de retour - Master Products Store\",\"isPartOf\":{\"@id\":\"https:\\\/\\\/masterproducts.store\\\/fr\\\/#website\"},\"datePublished\":\"2024-06-11T13:13:36+00:00\",\"dateModified\":\"2024-06-12T22:39:27+00:00\",\"breadcrumb\":{\"@id\":\"https:\\\/\\\/masterproducts.store\\\/fr\\\/politique-d-expedition-et-de-retour\\\/#breadcrumb\"},\"inLanguage\":\"fr-FR\",\"potentialAction\":[{\"@type\":\"ReadAction\",\"target\":[\"https:\\\/\\\/masterproducts.store\\\/fr\\\/politique-d-expedition-et-de-retour\\\/\"]}]},{\"@type\":\"BreadcrumbList\",\"@id\":\"https:\\\/\\\/masterproducts.store\\\/fr\\\/politique-d-expedition-et-de-retour\\\/#breadcrumb\",\"itemListElement\":[{\"@type\":\"ListItem\",\"position\":1,\"name\":\"Portada\",\"item\":\"https:\\\/\\\/masterproducts.store\\\/fr\\\/\"},{\"@type\":\"ListItem\",\"position\":2,\"name\":\"Politique d&rsquo;expedition et de retour\"}]},{\"@type\":\"WebSite\",\"@id\":\"https:\\\/\\\/masterproducts.store\\\/fr\\\/#website\",\"url\":\"https:\\\/\\\/masterproducts.store\\\/fr\\\/\",\"name\":\"Master Products Store\",\"description\":\"Equipos de Poscosecha para cannabis, \u00a1A tu alcance!\",\"publisher\":{\"@id\":\"https:\\\/\\\/masterproducts.store\\\/fr\\\/#organization\"},\"potentialAction\":[{\"@type\":\"SearchAction\",\"target\":{\"@type\":\"EntryPoint\",\"urlTemplate\":\"https:\\\/\\\/masterproducts.store\\\/fr\\\/?s={search_term_string}\"},\"query-input\":{\"@type\":\"PropertyValueSpecification\",\"valueRequired\":true,\"valueName\":\"search_term_string\"}}],\"inLanguage\":\"fr-FR\"},{\"@type\":\"Organization\",\"@id\":\"https:\\\/\\\/masterproducts.store\\\/fr\\\/#organization\",\"name\":\"Master Products Store\",\"url\":\"https:\\\/\\\/masterproducts.store\\\/fr\\\/\",\"logo\":{\"@type\":\"ImageObject\",\"inLanguage\":\"fr-FR\",\"@id\":\"https:\\\/\\\/masterproducts.store\\\/fr\\\/#\\\/schema\\\/logo\\\/image\\\/\",\"url\":\"https:\\\/\\\/masterproducts.store\\\/wp-content\\\/uploads\\\/2024\\\/06\\\/MP-Logotip_png-1024x188-1.png\",\"contentUrl\":\"https:\\\/\\\/masterproducts.store\\\/wp-content\\\/uploads\\\/2024\\\/06\\\/MP-Logotip_png-1024x188-1.png\",\"width\":1024,\"height\":188,\"caption\":\"Master Products Store\"},\"image\":{\"@id\":\"https:\\\/\\\/masterproducts.store\\\/fr\\\/#\\\/schema\\\/logo\\\/image\\\/\"},\"sameAs\":[\"https:\\\/\\\/www.facebook.com\\\/masterproductsofficial\"]}]}<\/script>\n<!-- \/ Yoast SEO plugin. -->","yoast_head_json":{"title":"Politique d'expedition et de retour - Master Products Store","robots":{"index":"index","follow":"follow","max-snippet":"max-snippet:-1","max-image-preview":"max-image-preview:large","max-video-preview":"max-video-preview:-1"},"canonical":"https:\/\/masterproducts.store\/fr\/politique-d-expedition-et-de-retour\/","og_locale":"fr_FR","og_type":"article","og_title":"Politique d'expedition et de retour - Master Products Store","og_url":"https:\/\/masterproducts.store\/fr\/politique-d-expedition-et-de-retour\/","og_site_name":"Master Products Store","article_publisher":"https:\/\/www.facebook.com\/masterproductsofficial","article_modified_time":"2024-06-12T22:39:27+00:00","twitter_card":"summary_large_image","twitter_misc":{"Dur\u00e9e de lecture estim\u00e9e":"4 minutes"},"schema":{"@context":"https:\/\/schema.org","@graph":[{"@type":"WebPage","@id":"https:\/\/masterproducts.store\/fr\/politique-d-expedition-et-de-retour\/","url":"https:\/\/masterproducts.store\/fr\/politique-d-expedition-et-de-retour\/","name":"Politique d'expedition et de retour - Master Products Store","isPartOf":{"@id":"https:\/\/masterproducts.store\/fr\/#website"},"datePublished":"2024-06-11T13:13:36+00:00","dateModified":"2024-06-12T22:39:27+00:00","breadcrumb":{"@id":"https:\/\/masterproducts.store\/fr\/politique-d-expedition-et-de-retour\/#breadcrumb"},"inLanguage":"fr-FR","potentialAction":[{"@type":"ReadAction","target":["https:\/\/masterproducts.store\/fr\/politique-d-expedition-et-de-retour\/"]}]},{"@type":"BreadcrumbList","@id":"https:\/\/masterproducts.store\/fr\/politique-d-expedition-et-de-retour\/#breadcrumb","itemListElement":[{"@type":"ListItem","position":1,"name":"Portada","item":"https:\/\/masterproducts.store\/fr\/"},{"@type":"ListItem","position":2,"name":"Politique d&rsquo;expedition et de retour"}]},{"@type":"WebSite","@id":"https:\/\/masterproducts.store\/fr\/#website","url":"https:\/\/masterproducts.store\/fr\/","name":"Master Products Store","description":"Equipos de Poscosecha para cannabis, \u00a1A tu alcance!","publisher":{"@id":"https:\/\/masterproducts.store\/fr\/#organization"},"potentialAction":[{"@type":"SearchAction","target":{"@type":"EntryPoint","urlTemplate":"https:\/\/masterproducts.store\/fr\/?s={search_term_string}"},"query-input":{"@type":"PropertyValueSpecification","valueRequired":true,"valueName":"search_term_string"}}],"inLanguage":"fr-FR"},{"@type":"Organization","@id":"https:\/\/masterproducts.store\/fr\/#organization","name":"Master Products Store","url":"https:\/\/masterproducts.store\/fr\/","logo":{"@type":"ImageObject","inLanguage":"fr-FR","@id":"https:\/\/masterproducts.store\/fr\/#\/schema\/logo\/image\/","url":"https:\/\/masterproducts.store\/wp-content\/uploads\/2024\/06\/MP-Logotip_png-1024x188-1.png","contentUrl":"https:\/\/masterproducts.store\/wp-content\/uploads\/2024\/06\/MP-Logotip_png-1024x188-1.png","width":1024,"height":188,"caption":"Master Products Store"},"image":{"@id":"https:\/\/masterproducts.store\/fr\/#\/schema\/logo\/image\/"},"sameAs":["https:\/\/www.facebook.com\/masterproductsofficial"]}]}},"_links":{"self":[{"href":"https:\/\/masterproducts.store\/fr\/wp-json\/wp\/v2\/pages\/712","targetHints":{"allow":["GET"]}}],"collection":[{"href":"https:\/\/masterproducts.store\/fr\/wp-json\/wp\/v2\/pages"}],"about":[{"href":"https:\/\/masterproducts.store\/fr\/wp-json\/wp\/v2\/types\/page"}],"author":[{"embeddable":true,"href":"https:\/\/masterproducts.store\/fr\/wp-json\/wp\/v2\/users\/1"}],"replies":[{"embeddable":true,"href":"https:\/\/masterproducts.store\/fr\/wp-json\/wp\/v2\/comments?post=712"}],"version-history":[{"count":0,"href":"https:\/\/masterproducts.store\/fr\/wp-json\/wp\/v2\/pages\/712\/revisions"}],"wp:attachment":[{"href":"https:\/\/masterproducts.store\/fr\/wp-json\/wp\/v2\/media?parent=712"}],"curies":[{"name":"wp","href":"https:\/\/api.w.org\/{rel}","templated":true}]}}