{"id":842,"date":"2024-06-11T15:17:58","date_gmt":"2024-06-11T13:17:58","guid":{"rendered":"https:\/\/masterproducts.store\/?page_id=842"},"modified":"2024-06-13T00:41:00","modified_gmt":"2024-06-12T22:41:00","slug":"politique-de-confidentialite","status":"publish","type":"page","link":"https:\/\/masterproducts.store\/fr\/politique-de-confidentialite\/","title":{"rendered":"Politique de Confidentialit\u00e9"},"content":{"rendered":"<section class=\"l-section wpb_row height_medium\"><div class=\"l-section-h i-cf\"><div class=\"g-cols vc_row via_grid cols_1 laptops-cols_inherit tablets-cols_inherit mobiles-cols_1 valign_top type_default stacking_default\"><div class=\"wpb_column vc_column_container\"><div class=\"vc_column-inner\"><div class=\"wpb_text_column\"><div class=\"wpb_wrapper\"><p>Politique de Confidentialit\u00e9<br \/>\nCette Politique de Confidentialit\u00e9 s&rsquo;applique lors de l&rsquo;utilisation du site web &lsquo;masterproducts.store&rsquo; appartenant \u00e0 Master Products Inoxidable S.L. et lors de l&rsquo;utilisation des moyens de contact disponibles pour les parties int\u00e9ress\u00e9es sur le site web (t\u00e9l\u00e9phone, e-mail et r\u00e9seaux sociaux).<br \/>\nMaster Products Inoxidable S.L. traite les donn\u00e9es de mani\u00e8re licite, loyale et transparente. Il ne traite que les donn\u00e9es ad\u00e9quates, pertinentes et limit\u00e9es \u00e0 ce qui est n\u00e9cessaire par rapport aux finalit\u00e9s pour lesquelles elles sont obtenues et ne les traite pas \u00e0 des fins incompatibles avec celles-ci.<br \/>\nCette Politique est accessible en permanence via le lien disponible sur le site web intitul\u00e9 \u00ab\u00a0Protection des donn\u00e9es\u00a0\u00bb et peut \u00eatre mise \u00e0 jour \u00e0 tout moment en raison d&rsquo;un changement r\u00e9glementaire ou en modifiant la configuration des services ou le type d&rsquo;activit\u00e9 exerc\u00e9e.<\/p>\n<p>Qui est le Responsable du Traitement des Donn\u00e9es ?<br \/>\nEntit\u00e9 : Master Products Inoxidable S.L.<br \/>\nCIF : B55310817<br \/>\nAdresse Postale : Pol. Ind. Ve\u00efnat de la Banyeta Nova 10, 17843 \u2013 Palol de Revardit (Girona)<br \/>\nT\u00e9l\u00e9phone : +34 972.299.355<br \/>\nE-mail : info@masterproducts.es<\/p>\n<p>\u00c0 Quelles Fins et avec Quelle L\u00e9gitimit\u00e9 Traiterons-Nous les Donn\u00e9es ?<br \/>\nPour naviguer sur le site &lsquo;masterproducts.store&rsquo;, il n&rsquo;est pas n\u00e9cessaire de fournir de donn\u00e9es. Le caract\u00e8re obligatoire de r\u00e9pondre aux questions pos\u00e9es ou de fournir les donn\u00e9es demand\u00e9es via le site web est indiqu\u00e9 par l&rsquo;incorporation d&rsquo;un ast\u00e9risque (*) apr\u00e8s la question ou le champ du formulaire. Si les donn\u00e9es requises ne sont pas fournies, il ne sera pas possible de fournir le service ou la fonctionnalit\u00e9 demand\u00e9e.<br \/>\nChez Master Products Inoxidable S.L., nous traitons les informations enregistr\u00e9es aux fins suivantes :<br \/>\nContact : Les donn\u00e9es re\u00e7ues via le formulaire de contact du site web ou par tout autre moyen de contact fourni sur le site web sont utilis\u00e9es pour g\u00e9rer les demandes ou les incidents communiqu\u00e9s par les parties int\u00e9ress\u00e9es. La base l\u00e9gale du traitement est le consentement de la personne concern\u00e9e et l&rsquo;int\u00e9r\u00eat l\u00e9gitime de Master Products Inoxidable S.L. de r\u00e9pondre et de g\u00e9rer les demandes re\u00e7ues.<br \/>\nExercice des Droits par les Int\u00e9ress\u00e9s : Les donn\u00e9es fournies sont utilis\u00e9es pour r\u00e9pondre aux personnes exer\u00e7ant leurs droits conform\u00e9ment \u00e0 la r\u00e9glementation sur la protection des donn\u00e9es. La base l\u00e9gale du traitement est le respect d&rsquo;une obligation l\u00e9gale.<br \/>\nNotifications sur la Protection des Donn\u00e9es : Les donn\u00e9es fournies sont utilis\u00e9es pour g\u00e9rer les incidents et notifications li\u00e9s \u00e0 la s\u00e9curit\u00e9 conform\u00e9ment \u00e0 la r\u00e9glementation sur la protection des donn\u00e9es. La base l\u00e9gale du traitement est le respect d&rsquo;une obligation l\u00e9gale.<br \/>\nMaster Products Inoxidable S.L. utilise des cookies qui ne fournissent pas de r\u00e9f\u00e9rences permettant de d\u00e9duire des donn\u00e9es personnelles des visiteurs. Pour la politique d&rsquo;installation et de gestion des dispositifs de stockage et de r\u00e9cup\u00e9ration des donn\u00e9es sur les \u00e9quipements terminaux du site web, consultez la Politique de Cookies.<br \/>\nMaster Products Inoxidable S.L. ne traitera les donn\u00e9es personnelles des parties int\u00e9ress\u00e9es qu&rsquo;en conformit\u00e9 avec les finalit\u00e9s d\u00e9crites dans cette Politique. Les parties int\u00e9ress\u00e9es sont inform\u00e9es du traitement de leurs donn\u00e9es dans les termes indiqu\u00e9s ci-dessus en acceptant cette Politique de Confidentialit\u00e9 dans les sections correspondantes des formulaires pr\u00e9vus sur le site web.<br \/>\nLes donn\u00e9es fournies et collect\u00e9es seront trait\u00e9es uniquement et exclusivement pendant le temps n\u00e9cessaire et pour les finalit\u00e9s pour lesquelles elles ont \u00e9t\u00e9 collect\u00e9es \u00e0 chaque moment, ainsi que pour d\u00e9terminer les \u00e9ventuelles responsabilit\u00e9s pouvant d\u00e9couler des finalit\u00e9s du traitement. Master Products Inoxidable S.L. a \u00e9tabli diff\u00e9rentes p\u00e9riodes de conservation en fonction du type de donn\u00e9es et de la finalit\u00e9 applicable \u00e0 leur traitement.<br \/>\nLes utilisateurs doivent s&rsquo;abstenir de fournir des donn\u00e9es personnelles d&rsquo;autres parties int\u00e9ress\u00e9es, sauf s&rsquo;ils disposent de l&rsquo;autorisation pertinente selon laquelle ces parties int\u00e9ress\u00e9es auront \u00e9t\u00e9 pr\u00e9alablement et d\u00fbment inform\u00e9es du contenu de cette Politique de Confidentialit\u00e9 et en particulier qu&rsquo;ils consentent \u00e0 ce que leurs donn\u00e9es soient fournies \u00e0 Master Products Inoxidable S.L. pour \u00eatre trait\u00e9es conform\u00e9ment aux finalit\u00e9s correspondantes.<\/p>\n<p>\u00c0 Qui les Donn\u00e9es Seront-Elles Communiqu\u00e9es ?<br \/>\nMaster Products Inoxidable S.L. ne communique pas de donn\u00e9es personnelles \u00e0 des tiers sauf si une norme de rang de loi en dispose autrement ou s&rsquo;il est n\u00e9cessaire pour la prestation du service contract\u00e9. Master Products Inoxidable S.L. peut communiquer des donn\u00e9es personnelles aux autorit\u00e9s comp\u00e9tentes : fiscales et douani\u00e8res, judiciaires, forces de s\u00e9curit\u00e9 de l&rsquo;\u00c9tat et tout autre destinataire qui, en fonction de la r\u00e9glementation en vigueur, s&rsquo;applique.<br \/>\nLes donn\u00e9es que nous traitons ne sont stock\u00e9es que dans les installations de notre fournisseur de services situ\u00e9 sur le territoire de l&rsquo;Union Europ\u00e9enne.<\/p>\n<p>Quels Sont Vos Droits Concernant Vos Donn\u00e9es ?<br \/>\nToute personne a le droit d&rsquo;obtenir la confirmation que Master Products Inoxidable S.L. traite ou non des donn\u00e9es personnelles la concernant, d&rsquo;acc\u00e9der \u00e0 ses donn\u00e9es personnelles et de demander la rectification des donn\u00e9es inexactes ou de compl\u00e9ter les donn\u00e9es incompl\u00e8tes.<br \/>\nIls ont \u00e9galement le droit de demander la suppression de leurs donn\u00e9es lorsque, entre autres raisons, les donn\u00e9es ne sont plus n\u00e9cessaires aux fins pour lesquelles elles ont \u00e9t\u00e9 collect\u00e9es. Master Products Inoxidable S.L. proc\u00e9dera \u00e0 leur suppression sans retard, sauf s&rsquo;il est n\u00e9cessaire de les conserver pour respecter une obligation l\u00e9gale ou pour la formulation, l&rsquo;exercice ou la d\u00e9fense de r\u00e9clamations.<br \/>\nDans certaines circonstances, les personnes int\u00e9ress\u00e9es peuvent demander la limitation du traitement de leurs donn\u00e9es, auquel cas elles seront bloqu\u00e9es et ne pourront \u00eatre trait\u00e9es que pour la formulation, l&rsquo;exercice ou la d\u00e9fense de r\u00e9clamations.<br \/>\nDe m\u00eame, les personnes int\u00e9ress\u00e9es ont le droit, dans certaines circonstances, de recevoir les donn\u00e9es personnelles qu&rsquo;elles ont fournies \u00e0 Master Products Inoxidable S.L. dans un format structur\u00e9, couramment utilis\u00e9 et lisible par machine.<br \/>\nDans certaines circonstances et pour des raisons li\u00e9es \u00e0 leur situation particuli\u00e8re, ils peuvent s&rsquo;opposer au traitement de leurs donn\u00e9es, et Master Products Inoxidable S.L. cessera de les traiter sauf pour des raisons l\u00e9gitimes imp\u00e9rieuses ou pour la formulation, l&rsquo;exercice ou la d\u00e9fense de r\u00e9clamations.<br \/>\nTous ces droits peuvent \u00eatre exerc\u00e9s \u00e0 tout moment en en faisant la demande par courrier postal adress\u00e9 au D\u00e9partement Juridique de Master Products Inoxidable S.L. \u00e0 l&rsquo;adresse suivante : Pol. Ind. Ve\u00efnat de la Banyeta Nova 10, 17843 \u2013 Palol de Revardit (Girona) ; ou en envoyant un e-mail \u00e0 info@masterproducts.es.<br \/>\nSi le consentement de la personne concern\u00e9e a \u00e9t\u00e9 demand\u00e9 pour traiter les donn\u00e9es, il peut \u00eatre r\u00e9voqu\u00e9 \u00e0 tout moment en le communiquant dans les termes d\u00e9crits au paragraphe pr\u00e9c\u00e9dent. Cette r\u00e9vocation n&rsquo;aura aucun effet r\u00e9troactif en aucun cas.<br \/>\nSi la personne concern\u00e9e consid\u00e8re qu&rsquo;elle n&rsquo;a pas obtenu satisfaction dans l&rsquo;exercice de ses droits, elle peut d\u00e9poser une r\u00e9clamation aupr\u00e8s de l&rsquo;Agence Espagnole de Protection des Donn\u00e9es, l&rsquo;autorit\u00e9 de contr\u00f4le comp\u00e9tente en mati\u00e8re de protection des donn\u00e9es, dont les coordonn\u00e9es sont : calle Jorge Juan 6 \u2013 28001 Madrid.<\/p>\n<\/div><\/div><\/div><\/div><\/div><\/div><\/section>\n","protected":false},"excerpt":{"rendered":"Politique de Confidentialit\u00e9 Cette Politique de Confidentialit\u00e9 s&rsquo;applique lors de l&rsquo;utilisation du site web &lsquo;masterproducts.store&rsquo; appartenant \u00e0 Master Products Inoxidable S.L. et lors de l&rsquo;utilisation des moyens de contact disponibles pour les parties int\u00e9ress\u00e9es sur le site web (t\u00e9l\u00e9phone, e-mail et r\u00e9seaux sociaux). Master Products Inoxidable S.L. traite les donn\u00e9es de mani\u00e8re licite, loyale et...","protected":false},"author":1,"featured_media":0,"parent":0,"menu_order":0,"comment_status":"closed","ping_status":"closed","template":"","meta":{"footnotes":""},"class_list":["post-842","page","type-page","status-publish","hentry"],"yoast_head":"<!-- This site is optimized with the Yoast SEO plugin v27.4 - https:\/\/yoast.com\/product\/yoast-seo-wordpress\/ -->\n<title>Politique de Confidentialit\u00e9 - Master Products Store<\/title>\n<meta name=\"robots\" content=\"index, follow, max-snippet:-1, max-image-preview:large, max-video-preview:-1\" \/>\n<link rel=\"canonical\" href=\"https:\/\/masterproducts.store\/fr\/politique-de-confidentialite\/\" \/>\n<meta property=\"og:locale\" content=\"fr_FR\" \/>\n<meta property=\"og:type\" content=\"article\" \/>\n<meta property=\"og:title\" content=\"Politique de Confidentialit\u00e9 - Master Products Store\" \/>\n<meta property=\"og:url\" content=\"https:\/\/masterproducts.store\/fr\/politique-de-confidentialite\/\" \/>\n<meta property=\"og:site_name\" content=\"Master Products Store\" \/>\n<meta property=\"article:publisher\" content=\"https:\/\/www.facebook.com\/masterproductsofficial\" \/>\n<meta property=\"article:modified_time\" content=\"2024-06-12T22:41:00+00:00\" \/>\n<meta name=\"twitter:card\" content=\"summary_large_image\" \/>\n<meta name=\"twitter:label1\" content=\"Dur\u00e9e de lecture estim\u00e9e\" \/>\n\t<meta name=\"twitter:data1\" content=\"6 minutes\" \/>\n<script type=\"application\/ld+json\" class=\"yoast-schema-graph\">{\"@context\":\"https:\\\/\\\/schema.org\",\"@graph\":[{\"@type\":\"WebPage\",\"@id\":\"https:\\\/\\\/masterproducts.store\\\/fr\\\/politique-de-confidentialite\\\/\",\"url\":\"https:\\\/\\\/masterproducts.store\\\/fr\\\/politique-de-confidentialite\\\/\",\"name\":\"Politique de Confidentialit\u00e9 - Master Products Store\",\"isPartOf\":{\"@id\":\"https:\\\/\\\/masterproducts.store\\\/fr\\\/#website\"},\"datePublished\":\"2024-06-11T13:17:58+00:00\",\"dateModified\":\"2024-06-12T22:41:00+00:00\",\"breadcrumb\":{\"@id\":\"https:\\\/\\\/masterproducts.store\\\/fr\\\/politique-de-confidentialite\\\/#breadcrumb\"},\"inLanguage\":\"fr-FR\",\"potentialAction\":[{\"@type\":\"ReadAction\",\"target\":[\"https:\\\/\\\/masterproducts.store\\\/fr\\\/politique-de-confidentialite\\\/\"]}]},{\"@type\":\"BreadcrumbList\",\"@id\":\"https:\\\/\\\/masterproducts.store\\\/fr\\\/politique-de-confidentialite\\\/#breadcrumb\",\"itemListElement\":[{\"@type\":\"ListItem\",\"position\":1,\"name\":\"Portada\",\"item\":\"https:\\\/\\\/masterproducts.store\\\/fr\\\/\"},{\"@type\":\"ListItem\",\"position\":2,\"name\":\"Politique de Confidentialit\u00e9\"}]},{\"@type\":\"WebSite\",\"@id\":\"https:\\\/\\\/masterproducts.store\\\/fr\\\/#website\",\"url\":\"https:\\\/\\\/masterproducts.store\\\/fr\\\/\",\"name\":\"Master Products Store\",\"description\":\"Equipos de Poscosecha para cannabis, \u00a1A tu alcance!\",\"publisher\":{\"@id\":\"https:\\\/\\\/masterproducts.store\\\/fr\\\/#organization\"},\"potentialAction\":[{\"@type\":\"SearchAction\",\"target\":{\"@type\":\"EntryPoint\",\"urlTemplate\":\"https:\\\/\\\/masterproducts.store\\\/fr\\\/?s={search_term_string}\"},\"query-input\":{\"@type\":\"PropertyValueSpecification\",\"valueRequired\":true,\"valueName\":\"search_term_string\"}}],\"inLanguage\":\"fr-FR\"},{\"@type\":\"Organization\",\"@id\":\"https:\\\/\\\/masterproducts.store\\\/fr\\\/#organization\",\"name\":\"Master Products Store\",\"url\":\"https:\\\/\\\/masterproducts.store\\\/fr\\\/\",\"logo\":{\"@type\":\"ImageObject\",\"inLanguage\":\"fr-FR\",\"@id\":\"https:\\\/\\\/masterproducts.store\\\/fr\\\/#\\\/schema\\\/logo\\\/image\\\/\",\"url\":\"https:\\\/\\\/masterproducts.store\\\/wp-content\\\/uploads\\\/2024\\\/06\\\/MP-Logotip_png-1024x188-1.png\",\"contentUrl\":\"https:\\\/\\\/masterproducts.store\\\/wp-content\\\/uploads\\\/2024\\\/06\\\/MP-Logotip_png-1024x188-1.png\",\"width\":1024,\"height\":188,\"caption\":\"Master Products Store\"},\"image\":{\"@id\":\"https:\\\/\\\/masterproducts.store\\\/fr\\\/#\\\/schema\\\/logo\\\/image\\\/\"},\"sameAs\":[\"https:\\\/\\\/www.facebook.com\\\/masterproductsofficial\"]}]}<\/script>\n<!-- \/ Yoast SEO plugin. -->","yoast_head_json":{"title":"Politique de Confidentialit\u00e9 - Master Products Store","robots":{"index":"index","follow":"follow","max-snippet":"max-snippet:-1","max-image-preview":"max-image-preview:large","max-video-preview":"max-video-preview:-1"},"canonical":"https:\/\/masterproducts.store\/fr\/politique-de-confidentialite\/","og_locale":"fr_FR","og_type":"article","og_title":"Politique de Confidentialit\u00e9 - Master Products Store","og_url":"https:\/\/masterproducts.store\/fr\/politique-de-confidentialite\/","og_site_name":"Master Products Store","article_publisher":"https:\/\/www.facebook.com\/masterproductsofficial","article_modified_time":"2024-06-12T22:41:00+00:00","twitter_card":"summary_large_image","twitter_misc":{"Dur\u00e9e de lecture estim\u00e9e":"6 minutes"},"schema":{"@context":"https:\/\/schema.org","@graph":[{"@type":"WebPage","@id":"https:\/\/masterproducts.store\/fr\/politique-de-confidentialite\/","url":"https:\/\/masterproducts.store\/fr\/politique-de-confidentialite\/","name":"Politique de Confidentialit\u00e9 - Master Products Store","isPartOf":{"@id":"https:\/\/masterproducts.store\/fr\/#website"},"datePublished":"2024-06-11T13:17:58+00:00","dateModified":"2024-06-12T22:41:00+00:00","breadcrumb":{"@id":"https:\/\/masterproducts.store\/fr\/politique-de-confidentialite\/#breadcrumb"},"inLanguage":"fr-FR","potentialAction":[{"@type":"ReadAction","target":["https:\/\/masterproducts.store\/fr\/politique-de-confidentialite\/"]}]},{"@type":"BreadcrumbList","@id":"https:\/\/masterproducts.store\/fr\/politique-de-confidentialite\/#breadcrumb","itemListElement":[{"@type":"ListItem","position":1,"name":"Portada","item":"https:\/\/masterproducts.store\/fr\/"},{"@type":"ListItem","position":2,"name":"Politique de Confidentialit\u00e9"}]},{"@type":"WebSite","@id":"https:\/\/masterproducts.store\/fr\/#website","url":"https:\/\/masterproducts.store\/fr\/","name":"Master Products Store","description":"Equipos de Poscosecha para cannabis, \u00a1A tu alcance!","publisher":{"@id":"https:\/\/masterproducts.store\/fr\/#organization"},"potentialAction":[{"@type":"SearchAction","target":{"@type":"EntryPoint","urlTemplate":"https:\/\/masterproducts.store\/fr\/?s={search_term_string}"},"query-input":{"@type":"PropertyValueSpecification","valueRequired":true,"valueName":"search_term_string"}}],"inLanguage":"fr-FR"},{"@type":"Organization","@id":"https:\/\/masterproducts.store\/fr\/#organization","name":"Master Products Store","url":"https:\/\/masterproducts.store\/fr\/","logo":{"@type":"ImageObject","inLanguage":"fr-FR","@id":"https:\/\/masterproducts.store\/fr\/#\/schema\/logo\/image\/","url":"https:\/\/masterproducts.store\/wp-content\/uploads\/2024\/06\/MP-Logotip_png-1024x188-1.png","contentUrl":"https:\/\/masterproducts.store\/wp-content\/uploads\/2024\/06\/MP-Logotip_png-1024x188-1.png","width":1024,"height":188,"caption":"Master Products Store"},"image":{"@id":"https:\/\/masterproducts.store\/fr\/#\/schema\/logo\/image\/"},"sameAs":["https:\/\/www.facebook.com\/masterproductsofficial"]}]}},"_links":{"self":[{"href":"https:\/\/masterproducts.store\/fr\/wp-json\/wp\/v2\/pages\/842","targetHints":{"allow":["GET"]}}],"collection":[{"href":"https:\/\/masterproducts.store\/fr\/wp-json\/wp\/v2\/pages"}],"about":[{"href":"https:\/\/masterproducts.store\/fr\/wp-json\/wp\/v2\/types\/page"}],"author":[{"embeddable":true,"href":"https:\/\/masterproducts.store\/fr\/wp-json\/wp\/v2\/users\/1"}],"replies":[{"embeddable":true,"href":"https:\/\/masterproducts.store\/fr\/wp-json\/wp\/v2\/comments?post=842"}],"version-history":[{"count":0,"href":"https:\/\/masterproducts.store\/fr\/wp-json\/wp\/v2\/pages\/842\/revisions"}],"wp:attachment":[{"href":"https:\/\/masterproducts.store\/fr\/wp-json\/wp\/v2\/media?parent=842"}],"curies":[{"name":"wp","href":"https:\/\/api.w.org\/{rel}","templated":true}]}}