{"id":1931,"date":"2025-03-07T10:59:59","date_gmt":"2025-03-07T09:59:59","guid":{"rendered":"https:\/\/masterproducts.store\/?post_type=product&#038;p=1931"},"modified":"2025-04-07T15:30:22","modified_gmt":"2025-04-07T13:30:22","slug":"mb-bucker-200-lite","status":"publish","type":"product","link":"https:\/\/masterproducts.store\/fr\/producto\/mb-bucker-200-lite\/","title":{"rendered":"MB BUCKER 200 LiTE"},"content":{"rendered":"<section class=\"l-section wpb_row us_custom_678a4f9f height_medium\"><div class=\"l-section-h i-cf\"><div class=\"g-cols vc_row via_grid cols_1 laptops-cols_inherit tablets-cols_inherit mobiles-cols_1 valign_top type_default stacking_default\"><div class=\"wpb_column vc_column_container\"><div class=\"vc_column-inner\"><nav class=\"g-breadcrumbs separator_custom align_none\" itemscope itemtype=\"http:\/\/schema.org\/BreadcrumbList\"><div class=\"g-breadcrumbs-item\" itemscope itemprop=\"itemListElement\" itemtype=\"http:\/\/schema.org\/ListItem\"><a itemprop=\"item\" href=\"https:\/\/masterproducts.store\/fr\/\"><span itemprop=\"name\">Accueil<\/span><\/a><meta itemprop=\"position\" content=\"1\"\/><\/div><div class=\"g-breadcrumbs-separator\">\/<\/div><div class=\"g-breadcrumbs-item\">Pages<\/div><\/nav><div class=\"w-separator size_small\"><\/div><h1 class=\"w-post-elm post_title entry-title color_link_inherit\">MB BUCKER 200 LiTE<\/h1><div class=\"w-separator size_small\"><\/div><div class=\"wpb_text_column\"><div class=\"wpb_wrapper\"><h2 class=\"titulo-slider-destacado-lite\">LE D\u00c9FEUILLEUSE PLUS COMPACTE DU MARCH\u00c9<\/h2>\n<\/div><\/div><div class=\"w-separator size_medium\"><\/div><div class=\"wpb_text_column\"><div class=\"wpb_wrapper\"><p>La MB BUCKER 200 LiTE est une d\u00e9feuilleuse de fleurs de cannabis abordable et efficace, sp\u00e9cialement con\u00e7ue pour les petits producteurs souhaitant optimiser leur flux de travail sans compromettre la qualit\u00e9. Fabriqu\u00e9e en<strong> acier inoxydable, cette machine allie durabilit\u00e9, simplicit\u00e9 et haute performance dans un design compact<\/strong>, adaptable \u00e0 toutes les vari\u00e9t\u00e9s et conditions de fleurs.<\/p>\n<p>Gr\u00e2ce \u00e0 son ing\u00e9nierie, la MB BUCKER 200 LiTE permet un processus de d\u00e9feuillage rapide et pr\u00e9cis, minimisant la manipulation des fleurs et r\u00e9duisant le risque de dommages. Son syst\u00e8me garantit une s\u00e9paration efficace des branches et des tiges de fleurs, optimisant et garantissant la qualit\u00e9 \u00e0 chaque \u00e9tape du processus. De plus, son fonctionnement intuitif et sa structure robuste assurent une longue dur\u00e9e de vie avec un entretien minimal.<\/p>\n<p><strong>Facile, fonctionnel, LiTE.<\/strong><\/p>\n<\/div><\/div><\/div><\/div><\/div><\/div><\/section><section class=\"l-section wpb_row us_custom_54635556 height_auto width_full\"><div class=\"l-section-h i-cf\"><div class=\"g-cols vc_row via_grid cols_1 laptops-cols_inherit tablets-cols_inherit mobiles-cols_1 valign_top type_boxes stacking_default\" style=\"--gap:0rem;\"><div class=\"wpb_column vc_column_container type_sticky\"><div class=\"vc_column-inner\"><div class=\"wpb_text_column\"><div class=\"wpb_wrapper\"><h3 style=\"text-align: left; font-size: 2rem;\"><strong>MB BUCKER 200 LiTE<\/strong><br \/>\n<span style=\"color: #49a186; font-weight: bold;\">Traite les fleurs fra\u00eeches et s\u00e9ch\u00e9es<\/span><\/h3>\n<\/div><\/div><div class=\"w-separator size_small\"><\/div><div class=\"w-tabs style_default switch_click accordion has_scrolling\" style=\"--sections-title-size:inherit\"><div class=\"w-tabs-sections titles-align_none icon_chevron cpos_right\"><div class=\"w-tabs-section\" id=\"s03b\"><button class=\"w-tabs-section-header\" aria-controls=\"content-s03b\" aria-expanded=\"false\"><div class=\"w-tabs-section-title\">Description<\/div><div class=\"w-tabs-section-control\"><\/div><\/button><div  class=\"w-tabs-section-content\" id=\"content-s03b\"><div class=\"w-tabs-section-content-h i-cf\"><div class=\"wpb_text_column\"><div class=\"wpb_wrapper\"><p>\u2022 Fabriqu\u00e9 en acier inoxydable.<br \/>\n\u2022 Moteur r\u00e9ducteur puissant de 400W.<br \/>\n\u2022 R\u00e9gulation de la vitesse.<br \/>\n\u2022 S\u00e9lecteur de direction inverse pour \u00e9liminer les obstructions.<br \/>\n\u2022 Poign\u00e9e r\u00e9glable pour la pression des rouleaux.<br \/>\n\u2022 Perte minimale de trichomes et int\u00e9grit\u00e9 maximale des fleurs.<br \/>\n\u2022 Permet de travailler avec des fleurs fra\u00eeches et\/ou s\u00e9ch\u00e9es.<br \/>\n\u2022 Nettoyage et installation faciles et rapides.<br \/>\n\u2022 Entretien simple.<\/p>\n<\/div><\/div><div class=\"w-separator size_small\"><\/div><div class=\"w-separator size_custom\" style=\"height:15px\"><\/div><div class=\"g-cols wpb_row taula via_grid cols_2 laptops-cols_inherit tablets-cols_inherit mobiles-cols_1 valign_middle type_default\" style=\"--gap:1rem;\"><div class=\"wpb_column vc_column_container\"><div class=\"vc_column-inner\"><style>\r\n        .production-card-container .text1 {\r\n            font-size: 5rem;\r\n            text-decoration: none;\r\n            text-transform: none;\r\n            line-height: 0.8;\r\n            color:#000;\r\n            font-weight:900;\r\n        }\r\n        a.production-card-holder {\r\n            text-decoration: none;\r\n            color:#000;\r\n        }\r\n        .production-card-footer{\r\n            font-size:1.2rem;\r\n            text-align:center;\r\n\t\t\tfont-weight:700;\r\n        }\r\n         a.production-card-holder:hover{\r\n            color:#000;\r\n        }\r\n        .production-card-head {\r\n            display: flex;\r\n            align-items: flex-end;\r\n            gap:4px;\r\n            justify-content: center;\r\n        }\r\n\t\t@media only screen and (max-width: 1500px) {\r\n\t\t.production-card-container .text1 {\r\n            font-size: 4rem;\r\n        }\r\n\t\t}\r\n    <\/style><a class=\"production-card-holder\">\r\n        <div class=\"production-card-container\">\r\n            <div class=\"production-card-head\">\r\n                <div class=\"image1\">\r\n                    <img decoding=\"async\" src=\"https:\/\/masterproducts.store\/wp-content\/uploads\/2025\/03\/FR-01.png\"\/>\r\n                <\/div>\r\n                <div class=\"text1\"><\/div>\r\n                <div class=\"image2\">\r\n                    <img decoding=\"async\" src=\"https:\/\/masterproducts.store\/wp-content\/uploads\/2025\/03\/FR-02.png\"\/>\r\n                <\/div>\r\n            <\/div>\r\n            <div class=\"production-card-footer\"><\/div>\r\n        <\/div>\r\n    <\/a><\/div><\/div><div class=\"wpb_column vc_column_container\"><div class=\"vc_column-inner\"><div class=\"w-iconbox iconpos_top style_default color_primary align_center no_text icontype_img\"><a target=\"_blank\" rel=\"nofollow\" href=\"https:\/\/masterproducts.store\/wp-content\/uploads\/2025\/03\/MB-Bucker-200-LiTE_FR.pdf\" class=\"w-iconbox-link\" aria-label=\"Donn\u00e9es techniques\"><div class=\"w-iconbox-icon\" style=\"font-size:5rem;\"><img loading=\"lazy\" decoding=\"async\" width=\"512\" height=\"382\" src=\"https:\/\/masterproducts.store\/wp-content\/uploads\/2024\/06\/logo-pdf-1.png\" class=\"attachment-full size-full\" alt=\"\" srcset=\"https:\/\/masterproducts.store\/wp-content\/uploads\/2024\/06\/logo-pdf-1.png 512w, https:\/\/masterproducts.store\/wp-content\/uploads\/2024\/06\/logo-pdf-1-300x224.png 300w\" sizes=\"auto, (max-width: 512px) 100vw, 512px\" \/><\/div><\/a><div class=\"w-iconbox-meta\"><a target=\"_blank\" rel=\"nofollow\" href=\"https:\/\/masterproducts.store\/wp-content\/uploads\/2025\/03\/MB-Bucker-200-LiTE_FR.pdf\" class=\"w-iconbox-link\" aria-label=\"Donn\u00e9es techniques\"><span class=\"w-iconbox-title\">Donn\u00e9es techniques<\/span><\/a><\/div><\/div><\/div><\/div><\/div><\/div><\/div><\/div><div class=\"w-tabs-section\" id=\"p6d7\"><button class=\"w-tabs-section-header\" aria-controls=\"content-p6d7\" aria-expanded=\"false\"><div class=\"w-tabs-section-title\">Donn\u00e9es techniques<\/div><div class=\"w-tabs-section-control\"><\/div><\/button><div  class=\"w-tabs-section-content\" id=\"content-p6d7\"><div class=\"w-tabs-section-content-h i-cf\"><div class=\"wpb_text_column\"><div class=\"wpb_wrapper\"><table class=\"table is-fullwidth has-poppins p-6\" data-v-78f6ea54=\"\">\n<tbody data-v-78f6ea54=\"\">\n<tr data-v-78f6ea54=\"\">\n<td data-v-78f6ea54=\"\"><strong>Connexion \u00e9lectrique: \u00a0 \u00a0<\/strong><\/td>\n<td data-v-78f6ea54=\"\"><span>230V 50\/60 HZ<\/span><\/td>\n<\/tr>\n<tr data-v-78f6ea54=\"\">\n<td data-v-78f6ea54=\"\"><strong>Puissance du moteur<\/strong><\/td>\n<td data-v-78f6ea54=\"\">400 W<\/td>\n<\/tr>\n<tr data-v-78f6ea54=\"\">\n<td data-v-78f6ea54=\"\"><strong>Dimensions \u00a0 \u00a0<\/strong><\/td>\n<td data-v-78f6ea54=\"\">37 x 27,5 x 51 cm<\/td>\n<\/tr>\n<tr data-v-78f6ea54=\"\">\n<td data-v-78f6ea54=\"\"><strong>Poids<\/strong><\/td>\n<td data-v-78f6ea54=\"\">22 Kg<\/td>\n<\/tr>\n<tr data-v-78f6ea54=\"\">\n<td data-v-78f6ea54=\"\"><strong>Mat\u00e9riau<\/strong><\/td>\n<td data-v-78f6ea54=\"\">Acier inoxydable<\/td>\n<\/tr>\n<tr data-v-78f6ea54=\"\">\n<td data-v-78f6ea54=\"\"><strong>Contr\u00f4le de la vitesse<\/strong><\/td>\n<td data-v-78f6ea54=\"\">Oui<\/td>\n<\/tr>\n<tr data-v-78f6ea54=\"\">\n<td data-v-78f6ea54=\"\"><strong>Changement de direction<\/strong><\/td>\n<td data-v-78f6ea54=\"\">Oui<\/td>\n<\/tr>\n<tr data-v-78f6ea54=\"\">\n<td data-v-78f6ea54=\"\"><strong>Niveau sonore<\/strong><\/td>\n<td data-v-78f6ea54=\"\">80 dB<\/td>\n<\/tr>\n<tr data-v-78f6ea54=\"\">\n<td data-v-78f6ea54=\"\"><strong>Garantie<\/strong><\/td>\n<td data-v-78f6ea54=\"\">2 ans<\/td>\n<\/tr>\n<\/tbody>\n<\/table>\n<\/div><\/div><\/div><\/div><\/div><\/div><\/div><div class=\"w-separator size_small\"><\/div><div class=\"w-hwrapper us_custom_b2b33b1a master-precio-banner valign_middle stack_on_mobiles align_center\"><p class=\"w-post-elm product_field price us_custom_9cbe97f1 has_text_color\"><span class=\"woocommerce-Price-amount amount\"><bdi>3.400,00&nbsp;<span class=\"woocommerce-Price-currencySymbol\">&euro;<\/span><\/bdi><\/span> <small class=\"woocommerce-price-suffix\">+ TVA<\/small><\/p><div class=\"w-post-elm add_to_cart us_custom_6df4bc3a has_text_color\"><p class=\"stock in-stock\">20 en stock<\/p>\n\n\t\n\t<form class=\"cart\" action=\"https:\/\/masterproducts.store\/fr\/producto\/mb-bucker-200-lite\/\" method=\"post\" enctype='multipart\/form-data'>\n\t\t\n\t\t<div class=\"quantity\">\n\t\t<label class=\"screen-reader-text\" for=\"quantity_69f4ca9b81bf8\">quantit\u00e9 de MB BUCKER 200 LiTE<\/label>\n\t<input\n\t\ttype=\"number\"\n\t\t\t\tid=\"quantity_69f4ca9b81bf8\"\n\t\tclass=\"input-text qty text\"\n\t\tname=\"quantity\"\n\t\tvalue=\"1\"\n\t\taria-label=\"Quantit\u00e9 de produits\"\n\t\t\t\tmin=\"1\"\n\t\t\t\t\tmax=\"20\"\n\t\t\t\t\t\t\tstep=\"1\"\n\t\t\tplaceholder=\"\"\n\t\t\tinputmode=\"numeric\"\n\t\t\tautocomplete=\"off\"\n\t\t\t\/>\n\t<\/div>\n\n\t\t<button type=\"submit\" name=\"add-to-cart\" value=\"1931\" class=\"single_add_to_cart_button button alt\">Ajouter au panier<\/button>\n\n\t\t\t<\/form>\n\n\t\n<div class=\"woocommerce-notices-wrapper\"><\/div><\/div><\/div><div class=\"w-separator size_small\"><\/div><\/div><\/div><\/div><\/div><\/section>\n","protected":false},"excerpt":{"rendered":"Accueil\/PagesMB BUCKER 200 LiTE LE D\u00c9FEUILLEUSE PLUS COMPACTE DU MARCH\u00c9 La MB BUCKER 200 LiTE est une d\u00e9feuilleuse de fleurs de cannabis abordable et efficace, sp\u00e9cialement con\u00e7ue pour les petits producteurs souhaitant optimiser leur flux de travail sans compromettre la qualit\u00e9. Fabriqu\u00e9e en acier inoxydable, cette machine allie durabilit\u00e9, simplicit\u00e9 et haute performance dans un...","protected":false},"featured_media":2750,"comment_status":"open","ping_status":"closed","template":"","meta":[],"product_brand":[],"product_cat":[44],"product_tag":[],"class_list":{"0":"post-1931","1":"product","2":"type-product","3":"status-publish","4":"has-post-thumbnail","6":"product_cat-lite-fr","8":"first","9":"instock","10":"taxable","11":"shipping-taxable","12":"purchasable","13":"product-type-simple"},"yoast_head":"<!-- This site is optimized with the Yoast SEO plugin v27.5 - https:\/\/yoast.com\/product\/yoast-seo-wordpress\/ -->\n<title>MB BUCKER 200 LiTE - Master Products Store<\/title>\n<meta name=\"robots\" content=\"index, follow, max-snippet:-1, max-image-preview:large, max-video-preview:-1\" \/>\n<link rel=\"canonical\" href=\"https:\/\/masterproducts.store\/fr\/producto\/mb-bucker-200-lite\/\" \/>\n<meta property=\"og:locale\" content=\"fr_FR\" \/>\n<meta property=\"og:type\" content=\"article\" \/>\n<meta property=\"og:title\" content=\"MB BUCKER 200 LiTE - Master Products Store\" \/>\n<meta property=\"og:url\" content=\"https:\/\/masterproducts.store\/fr\/producto\/mb-bucker-200-lite\/\" \/>\n<meta property=\"og:site_name\" content=\"Master Products Store\" \/>\n<meta property=\"article:publisher\" content=\"https:\/\/www.facebook.com\/masterproductsofficial\" \/>\n<meta property=\"article:modified_time\" content=\"2025-04-07T13:30:22+00:00\" \/>\n<meta property=\"og:image\" content=\"https:\/\/masterproducts.store\/wp-content\/uploads\/2025\/03\/2.jpg\" \/>\n\t<meta property=\"og:image:width\" content=\"1800\" \/>\n\t<meta property=\"og:image:height\" content=\"1800\" \/>\n\t<meta property=\"og:image:type\" content=\"image\/jpeg\" \/>\n<meta name=\"twitter:card\" content=\"summary_large_image\" \/>\n<meta name=\"twitter:label1\" content=\"Dur\u00e9e de lecture estim\u00e9e\" \/>\n\t<meta name=\"twitter:data1\" content=\"2 minutes\" \/>\n<script type=\"application\/ld+json\" class=\"yoast-schema-graph\">{\"@context\":\"https:\\\/\\\/schema.org\",\"@graph\":[{\"@type\":\"WebPage\",\"@id\":\"https:\\\/\\\/masterproducts.store\\\/fr\\\/producto\\\/mb-bucker-200-lite\\\/\",\"url\":\"https:\\\/\\\/masterproducts.store\\\/fr\\\/producto\\\/mb-bucker-200-lite\\\/\",\"name\":\"MB BUCKER 200 LiTE - Master Products Store\",\"isPartOf\":{\"@id\":\"https:\\\/\\\/masterproducts.store\\\/fr\\\/#website\"},\"primaryImageOfPage\":{\"@id\":\"https:\\\/\\\/masterproducts.store\\\/fr\\\/producto\\\/mb-bucker-200-lite\\\/#primaryimage\"},\"image\":{\"@id\":\"https:\\\/\\\/masterproducts.store\\\/fr\\\/producto\\\/mb-bucker-200-lite\\\/#primaryimage\"},\"thumbnailUrl\":\"https:\\\/\\\/masterproducts.store\\\/wp-content\\\/uploads\\\/2025\\\/03\\\/2.jpg\",\"datePublished\":\"2025-03-07T09:59:59+00:00\",\"dateModified\":\"2025-04-07T13:30:22+00:00\",\"breadcrumb\":{\"@id\":\"https:\\\/\\\/masterproducts.store\\\/fr\\\/producto\\\/mb-bucker-200-lite\\\/#breadcrumb\"},\"inLanguage\":\"fr-FR\",\"potentialAction\":[{\"@type\":\"ReadAction\",\"target\":[\"https:\\\/\\\/masterproducts.store\\\/fr\\\/producto\\\/mb-bucker-200-lite\\\/\"]}]},{\"@type\":\"ImageObject\",\"inLanguage\":\"fr-FR\",\"@id\":\"https:\\\/\\\/masterproducts.store\\\/fr\\\/producto\\\/mb-bucker-200-lite\\\/#primaryimage\",\"url\":\"https:\\\/\\\/masterproducts.store\\\/wp-content\\\/uploads\\\/2025\\\/03\\\/2.jpg\",\"contentUrl\":\"https:\\\/\\\/masterproducts.store\\\/wp-content\\\/uploads\\\/2025\\\/03\\\/2.jpg\",\"width\":1800,\"height\":1800},{\"@type\":\"BreadcrumbList\",\"@id\":\"https:\\\/\\\/masterproducts.store\\\/fr\\\/producto\\\/mb-bucker-200-lite\\\/#breadcrumb\",\"itemListElement\":[{\"@type\":\"ListItem\",\"position\":1,\"name\":\"Portada\",\"item\":\"https:\\\/\\\/masterproducts.store\\\/fr\\\/\"},{\"@type\":\"ListItem\",\"position\":2,\"name\":\"Boutique\",\"item\":\"https:\\\/\\\/masterproducts.store\\\/fr\\\/boutique\\\/\"},{\"@type\":\"ListItem\",\"position\":3,\"name\":\"MB BUCKER 200 LiTE\"}]},{\"@type\":\"WebSite\",\"@id\":\"https:\\\/\\\/masterproducts.store\\\/fr\\\/#website\",\"url\":\"https:\\\/\\\/masterproducts.store\\\/fr\\\/\",\"name\":\"Master Products Store\",\"description\":\"Equipos de Poscosecha para cannabis, \u00a1A tu alcance!\",\"publisher\":{\"@id\":\"https:\\\/\\\/masterproducts.store\\\/fr\\\/#organization\"},\"potentialAction\":[{\"@type\":\"SearchAction\",\"target\":{\"@type\":\"EntryPoint\",\"urlTemplate\":\"https:\\\/\\\/masterproducts.store\\\/fr\\\/?s={search_term_string}\"},\"query-input\":{\"@type\":\"PropertyValueSpecification\",\"valueRequired\":true,\"valueName\":\"search_term_string\"}}],\"inLanguage\":\"fr-FR\"},{\"@type\":\"Organization\",\"@id\":\"https:\\\/\\\/masterproducts.store\\\/fr\\\/#organization\",\"name\":\"Master Products Store\",\"url\":\"https:\\\/\\\/masterproducts.store\\\/fr\\\/\",\"logo\":{\"@type\":\"ImageObject\",\"inLanguage\":\"fr-FR\",\"@id\":\"https:\\\/\\\/masterproducts.store\\\/fr\\\/#\\\/schema\\\/logo\\\/image\\\/\",\"url\":\"https:\\\/\\\/masterproducts.store\\\/wp-content\\\/uploads\\\/2024\\\/06\\\/MP-Logotip_png-1024x188-1.png\",\"contentUrl\":\"https:\\\/\\\/masterproducts.store\\\/wp-content\\\/uploads\\\/2024\\\/06\\\/MP-Logotip_png-1024x188-1.png\",\"width\":1024,\"height\":188,\"caption\":\"Master Products Store\"},\"image\":{\"@id\":\"https:\\\/\\\/masterproducts.store\\\/fr\\\/#\\\/schema\\\/logo\\\/image\\\/\"},\"sameAs\":[\"https:\\\/\\\/www.facebook.com\\\/masterproductsofficial\"]}]}<\/script>\n<!-- \/ Yoast SEO plugin. -->","yoast_head_json":{"title":"MB BUCKER 200 LiTE - Master Products Store","robots":{"index":"index","follow":"follow","max-snippet":"max-snippet:-1","max-image-preview":"max-image-preview:large","max-video-preview":"max-video-preview:-1"},"canonical":"https:\/\/masterproducts.store\/fr\/producto\/mb-bucker-200-lite\/","og_locale":"fr_FR","og_type":"article","og_title":"MB BUCKER 200 LiTE - Master Products Store","og_url":"https:\/\/masterproducts.store\/fr\/producto\/mb-bucker-200-lite\/","og_site_name":"Master Products Store","article_publisher":"https:\/\/www.facebook.com\/masterproductsofficial","article_modified_time":"2025-04-07T13:30:22+00:00","og_image":[{"width":1800,"height":1800,"url":"https:\/\/masterproducts.store\/wp-content\/uploads\/2025\/03\/2.jpg","type":"image\/jpeg"}],"twitter_card":"summary_large_image","twitter_misc":{"Dur\u00e9e de lecture estim\u00e9e":"2 minutes"},"schema":{"@context":"https:\/\/schema.org","@graph":[{"@type":"WebPage","@id":"https:\/\/masterproducts.store\/fr\/producto\/mb-bucker-200-lite\/","url":"https:\/\/masterproducts.store\/fr\/producto\/mb-bucker-200-lite\/","name":"MB BUCKER 200 LiTE - Master Products Store","isPartOf":{"@id":"https:\/\/masterproducts.store\/fr\/#website"},"primaryImageOfPage":{"@id":"https:\/\/masterproducts.store\/fr\/producto\/mb-bucker-200-lite\/#primaryimage"},"image":{"@id":"https:\/\/masterproducts.store\/fr\/producto\/mb-bucker-200-lite\/#primaryimage"},"thumbnailUrl":"https:\/\/masterproducts.store\/wp-content\/uploads\/2025\/03\/2.jpg","datePublished":"2025-03-07T09:59:59+00:00","dateModified":"2025-04-07T13:30:22+00:00","breadcrumb":{"@id":"https:\/\/masterproducts.store\/fr\/producto\/mb-bucker-200-lite\/#breadcrumb"},"inLanguage":"fr-FR","potentialAction":[{"@type":"ReadAction","target":["https:\/\/masterproducts.store\/fr\/producto\/mb-bucker-200-lite\/"]}]},{"@type":"ImageObject","inLanguage":"fr-FR","@id":"https:\/\/masterproducts.store\/fr\/producto\/mb-bucker-200-lite\/#primaryimage","url":"https:\/\/masterproducts.store\/wp-content\/uploads\/2025\/03\/2.jpg","contentUrl":"https:\/\/masterproducts.store\/wp-content\/uploads\/2025\/03\/2.jpg","width":1800,"height":1800},{"@type":"BreadcrumbList","@id":"https:\/\/masterproducts.store\/fr\/producto\/mb-bucker-200-lite\/#breadcrumb","itemListElement":[{"@type":"ListItem","position":1,"name":"Portada","item":"https:\/\/masterproducts.store\/fr\/"},{"@type":"ListItem","position":2,"name":"Boutique","item":"https:\/\/masterproducts.store\/fr\/boutique\/"},{"@type":"ListItem","position":3,"name":"MB BUCKER 200 LiTE"}]},{"@type":"WebSite","@id":"https:\/\/masterproducts.store\/fr\/#website","url":"https:\/\/masterproducts.store\/fr\/","name":"Master Products Store","description":"Equipos de Poscosecha para cannabis, \u00a1A tu alcance!","publisher":{"@id":"https:\/\/masterproducts.store\/fr\/#organization"},"potentialAction":[{"@type":"SearchAction","target":{"@type":"EntryPoint","urlTemplate":"https:\/\/masterproducts.store\/fr\/?s={search_term_string}"},"query-input":{"@type":"PropertyValueSpecification","valueRequired":true,"valueName":"search_term_string"}}],"inLanguage":"fr-FR"},{"@type":"Organization","@id":"https:\/\/masterproducts.store\/fr\/#organization","name":"Master Products Store","url":"https:\/\/masterproducts.store\/fr\/","logo":{"@type":"ImageObject","inLanguage":"fr-FR","@id":"https:\/\/masterproducts.store\/fr\/#\/schema\/logo\/image\/","url":"https:\/\/masterproducts.store\/wp-content\/uploads\/2024\/06\/MP-Logotip_png-1024x188-1.png","contentUrl":"https:\/\/masterproducts.store\/wp-content\/uploads\/2024\/06\/MP-Logotip_png-1024x188-1.png","width":1024,"height":188,"caption":"Master Products Store"},"image":{"@id":"https:\/\/masterproducts.store\/fr\/#\/schema\/logo\/image\/"},"sameAs":["https:\/\/www.facebook.com\/masterproductsofficial"]}]}},"_links":{"self":[{"href":"https:\/\/masterproducts.store\/fr\/wp-json\/wp\/v2\/product\/1931","targetHints":{"allow":["GET"]}}],"collection":[{"href":"https:\/\/masterproducts.store\/fr\/wp-json\/wp\/v2\/product"}],"about":[{"href":"https:\/\/masterproducts.store\/fr\/wp-json\/wp\/v2\/types\/product"}],"replies":[{"embeddable":true,"href":"https:\/\/masterproducts.store\/fr\/wp-json\/wp\/v2\/comments?post=1931"}],"wp:featuredmedia":[{"embeddable":true,"href":"https:\/\/masterproducts.store\/fr\/wp-json\/wp\/v2\/media\/2750"}],"wp:attachment":[{"href":"https:\/\/masterproducts.store\/fr\/wp-json\/wp\/v2\/media?parent=1931"}],"wp:term":[{"taxonomy":"product_brand","embeddable":true,"href":"https:\/\/masterproducts.store\/fr\/wp-json\/wp\/v2\/product_brand?post=1931"},{"taxonomy":"product_cat","embeddable":true,"href":"https:\/\/masterproducts.store\/fr\/wp-json\/wp\/v2\/product_cat?post=1931"},{"taxonomy":"product_tag","embeddable":true,"href":"https:\/\/masterproducts.store\/fr\/wp-json\/wp\/v2\/product_tag?post=1931"}],"curies":[{"name":"wp","href":"https:\/\/api.w.org\/{rel}","templated":true}]}}