{"id":3392,"date":"2025-12-01T16:35:03","date_gmt":"2025-12-01T15:35:03","guid":{"rendered":"https:\/\/masterproducts.store\/?post_type=product&#038;p=3392"},"modified":"2025-12-10T08:54:05","modified_gmt":"2025-12-10T07:54:05","slug":"couvercle-rerervoir-rechange-mtd200-mtd100l","status":"publish","type":"product","link":"https:\/\/masterproducts.store\/fr\/producto\/couvercle-rerervoir-rechange-mtd200-mtd100l\/","title":{"rendered":"COUVERCERCLE DE R\u00c9SERVOIR DE RECHANGE MTD200 &#038; MTD100L"},"content":{"rendered":"<p data-start=\"0\" data-end=\"335\">Le capot avant de la MT Dry 200\/MT Dry 100 Lite est un composant con\u00e7u pour maintenir le produit \u00e0 l\u2019int\u00e9rieur pendant le fonctionnement de la machine. Fabriqu\u00e9 en mat\u00e9riau de qualit\u00e9 alimentaire, ce capot constitue une barri\u00e8re efficace contre la dispersion du produit, contribuant \u00e0 maintenir un environnement de travail propre et s\u00fbr.<\/p>\n<p data-start=\"337\" data-end=\"668\">Gr\u00e2ce \u00e0 son design ergonomique et amovible, le capot permet un montage rapide sans outil, ce qui facilite \u00e9galement l\u2019assemblage, le d\u00e9montage, le nettoyage et l\u2019entretien. Cela en fait une solution pratique tant pour l\u2019op\u00e9rateur que pour les proc\u00e9dures de nettoyage et de changement de lot, optimisant ainsi le temps de travail.<\/p>\n<p data-start=\"670\" data-end=\"1030\">Le capot avant de la MT Dry 200\/MT 100 Lite joue un r\u00f4le cl\u00e9 : contenir le produit en toute s\u00e9curit\u00e9 pendant le fonctionnement de la machine. Fabriqu\u00e9 en mat\u00e9riau de qualit\u00e9 alimentaire, il agit comme une barri\u00e8re efficace pour \u00e9viter la dispersion du produit, contribuant \u00e0 maintenir un environnement de travail propre, s\u00fbr et conforme aux normes d\u2019hygi\u00e8ne.<\/p>\n<p data-start=\"1032\" data-end=\"1362\" data-is-last-node=\"\" data-is-only-node=\"\">Son design ergonomique et amovible permet un montage rapide sans outil, simplifiant consid\u00e9rablement les op\u00e9rations d\u2019assemblage, de d\u00e9montage, de nettoyage et d\u2019entretien. Cette praticit\u00e9 am\u00e9liore non seulement l\u2019exp\u00e9rience de l\u2019op\u00e9rateur, mais optimise \u00e9galement les temps de changement de lot et les proc\u00e9dures de d\u00e9sinfection.<\/p>\n","protected":false},"excerpt":{"rendered":"<p>Le capot avant de la MT Dry 200\/MT Dry 100 Lite est un composant con\u00e7u pour maintenir le produit \u00e0 l\u2019int\u00e9rieur pendant le fonctionnement de la machine. Fabriqu\u00e9 en mat\u00e9riau de qualit\u00e9 alimentaire, ce capot constitue une barri\u00e8re efficace contre la dispersion du produit, contribuant \u00e0 maintenir un environnement de travail propre et s\u00fbr. Gr\u00e2ce&#8230;<\/p>\n","protected":false},"featured_media":3366,"comment_status":"open","ping_status":"closed","template":"","meta":[],"product_brand":[],"product_cat":[117],"product_tag":[435,436],"class_list":{"0":"post-3392","1":"product","2":"type-product","3":"status-publish","4":"has-post-thumbnail","6":"product_cat-accessoires","7":"product_tag-mt-dry-100-lite","8":"product_tag-mt-dry-200","10":"first","11":"instock","12":"taxable","13":"shipping-taxable","14":"purchasable","15":"product-type-simple"},"yoast_head":"<!-- This site is optimized with the Yoast SEO plugin v27.5 - https:\/\/yoast.com\/product\/yoast-seo-wordpress\/ -->\n<title>Couvercle de tambour MTD200 &amp; MTD100L | Pi\u00e8ce alimentaire ergonomique - Master Products Store<\/title>\n<meta name=\"description\" content=\"Couvercle frontal de remplacement pour MT Dry 200 et MT 100 Lite. Fabriqu\u00e9 en mat\u00e9riau alimentaire, il emp\u00eache la dispersion du produit et permet un montage et nettoyage faciles gr\u00e2ce \u00e0 son design ergonomique et amovible.\" \/>\n<meta name=\"robots\" content=\"index, follow, max-snippet:-1, max-image-preview:large, max-video-preview:-1\" \/>\n<link rel=\"canonical\" href=\"https:\/\/masterproducts.store\/fr\/producto\/couvercle-rerervoir-rechange-mtd200-mtd100l\/\" \/>\n<meta property=\"og:locale\" content=\"fr_FR\" \/>\n<meta property=\"og:type\" content=\"article\" \/>\n<meta property=\"og:title\" content=\"Couvercle de tambour MTD200 &amp; MTD100L | Pi\u00e8ce alimentaire ergonomique - Master Products Store\" \/>\n<meta property=\"og:description\" content=\"Couvercle frontal de remplacement pour MT Dry 200 et MT 100 Lite. Fabriqu\u00e9 en mat\u00e9riau alimentaire, il emp\u00eache la dispersion du produit et permet un montage et nettoyage faciles gr\u00e2ce \u00e0 son design ergonomique et amovible.\" \/>\n<meta property=\"og:url\" content=\"https:\/\/masterproducts.store\/fr\/producto\/couvercle-rerervoir-rechange-mtd200-mtd100l\/\" \/>\n<meta property=\"og:site_name\" content=\"Master Products Store\" \/>\n<meta property=\"article:publisher\" content=\"https:\/\/www.facebook.com\/masterproductsofficial\" \/>\n<meta property=\"article:modified_time\" content=\"2025-12-10T07:54:05+00:00\" \/>\n<meta property=\"og:image\" content=\"https:\/\/masterproducts.store\/wp-content\/uploads\/2025\/11\/MTDRY200-Front-Cover.webp\" \/>\n\t<meta property=\"og:image:width\" content=\"1920\" \/>\n\t<meta property=\"og:image:height\" content=\"1352\" \/>\n\t<meta property=\"og:image:type\" content=\"image\/webp\" \/>\n<meta name=\"twitter:card\" content=\"summary_large_image\" \/>\n<meta name=\"twitter:label1\" content=\"Dur\u00e9e de lecture estim\u00e9e\" \/>\n\t<meta name=\"twitter:data1\" content=\"2 minutes\" \/>\n<script type=\"application\/ld+json\" class=\"yoast-schema-graph\">{\"@context\":\"https:\\\/\\\/schema.org\",\"@graph\":[{\"@type\":\"WebPage\",\"@id\":\"https:\\\/\\\/masterproducts.store\\\/fr\\\/producto\\\/couvercle-rerervoir-rechange-mtd200-mtd100l\\\/\",\"url\":\"https:\\\/\\\/masterproducts.store\\\/fr\\\/producto\\\/couvercle-rerervoir-rechange-mtd200-mtd100l\\\/\",\"name\":\"Couvercle de tambour MTD200 & MTD100L | Pi\u00e8ce alimentaire ergonomique - Master Products Store\",\"isPartOf\":{\"@id\":\"https:\\\/\\\/masterproducts.store\\\/fr\\\/#website\"},\"primaryImageOfPage\":{\"@id\":\"https:\\\/\\\/masterproducts.store\\\/fr\\\/producto\\\/couvercle-rerervoir-rechange-mtd200-mtd100l\\\/#primaryimage\"},\"image\":{\"@id\":\"https:\\\/\\\/masterproducts.store\\\/fr\\\/producto\\\/couvercle-rerervoir-rechange-mtd200-mtd100l\\\/#primaryimage\"},\"thumbnailUrl\":\"https:\\\/\\\/masterproducts.store\\\/wp-content\\\/uploads\\\/2025\\\/11\\\/MTDRY200-Front-Cover.webp\",\"datePublished\":\"2025-12-01T15:35:03+00:00\",\"dateModified\":\"2025-12-10T07:54:05+00:00\",\"description\":\"Couvercle frontal de remplacement pour MT Dry 200 et MT 100 Lite. Fabriqu\u00e9 en mat\u00e9riau alimentaire, il emp\u00eache la dispersion du produit et permet un montage et nettoyage faciles gr\u00e2ce \u00e0 son design ergonomique et amovible.\",\"breadcrumb\":{\"@id\":\"https:\\\/\\\/masterproducts.store\\\/fr\\\/producto\\\/couvercle-rerervoir-rechange-mtd200-mtd100l\\\/#breadcrumb\"},\"inLanguage\":\"fr-FR\",\"potentialAction\":[{\"@type\":\"ReadAction\",\"target\":[\"https:\\\/\\\/masterproducts.store\\\/fr\\\/producto\\\/couvercle-rerervoir-rechange-mtd200-mtd100l\\\/\"]}]},{\"@type\":\"ImageObject\",\"inLanguage\":\"fr-FR\",\"@id\":\"https:\\\/\\\/masterproducts.store\\\/fr\\\/producto\\\/couvercle-rerervoir-rechange-mtd200-mtd100l\\\/#primaryimage\",\"url\":\"https:\\\/\\\/masterproducts.store\\\/wp-content\\\/uploads\\\/2025\\\/11\\\/MTDRY200-Front-Cover.webp\",\"contentUrl\":\"https:\\\/\\\/masterproducts.store\\\/wp-content\\\/uploads\\\/2025\\\/11\\\/MTDRY200-Front-Cover.webp\",\"width\":1920,\"height\":1352},{\"@type\":\"BreadcrumbList\",\"@id\":\"https:\\\/\\\/masterproducts.store\\\/fr\\\/producto\\\/couvercle-rerervoir-rechange-mtd200-mtd100l\\\/#breadcrumb\",\"itemListElement\":[{\"@type\":\"ListItem\",\"position\":1,\"name\":\"Portada\",\"item\":\"https:\\\/\\\/masterproducts.store\\\/fr\\\/\"},{\"@type\":\"ListItem\",\"position\":2,\"name\":\"Boutique\",\"item\":\"https:\\\/\\\/masterproducts.store\\\/fr\\\/boutique\\\/\"},{\"@type\":\"ListItem\",\"position\":3,\"name\":\"COUVERCERCLE DE R\u00c9SERVOIR DE RECHANGE MTD200 &#038; MTD100L\"}]},{\"@type\":\"WebSite\",\"@id\":\"https:\\\/\\\/masterproducts.store\\\/fr\\\/#website\",\"url\":\"https:\\\/\\\/masterproducts.store\\\/fr\\\/\",\"name\":\"Master Products Store\",\"description\":\"Equipos de Poscosecha para cannabis, \u00a1A tu alcance!\",\"publisher\":{\"@id\":\"https:\\\/\\\/masterproducts.store\\\/fr\\\/#organization\"},\"potentialAction\":[{\"@type\":\"SearchAction\",\"target\":{\"@type\":\"EntryPoint\",\"urlTemplate\":\"https:\\\/\\\/masterproducts.store\\\/fr\\\/?s={search_term_string}\"},\"query-input\":{\"@type\":\"PropertyValueSpecification\",\"valueRequired\":true,\"valueName\":\"search_term_string\"}}],\"inLanguage\":\"fr-FR\"},{\"@type\":\"Organization\",\"@id\":\"https:\\\/\\\/masterproducts.store\\\/fr\\\/#organization\",\"name\":\"Master Products Store\",\"url\":\"https:\\\/\\\/masterproducts.store\\\/fr\\\/\",\"logo\":{\"@type\":\"ImageObject\",\"inLanguage\":\"fr-FR\",\"@id\":\"https:\\\/\\\/masterproducts.store\\\/fr\\\/#\\\/schema\\\/logo\\\/image\\\/\",\"url\":\"https:\\\/\\\/masterproducts.store\\\/wp-content\\\/uploads\\\/2024\\\/06\\\/MP-Logotip_png-1024x188-1.png\",\"contentUrl\":\"https:\\\/\\\/masterproducts.store\\\/wp-content\\\/uploads\\\/2024\\\/06\\\/MP-Logotip_png-1024x188-1.png\",\"width\":1024,\"height\":188,\"caption\":\"Master Products Store\"},\"image\":{\"@id\":\"https:\\\/\\\/masterproducts.store\\\/fr\\\/#\\\/schema\\\/logo\\\/image\\\/\"},\"sameAs\":[\"https:\\\/\\\/www.facebook.com\\\/masterproductsofficial\"]}]}<\/script>\n<!-- \/ Yoast SEO plugin. -->","yoast_head_json":{"title":"Couvercle de tambour MTD200 & MTD100L | Pi\u00e8ce alimentaire ergonomique - Master Products Store","description":"Couvercle frontal de remplacement pour MT Dry 200 et MT 100 Lite. Fabriqu\u00e9 en mat\u00e9riau alimentaire, il emp\u00eache la dispersion du produit et permet un montage et nettoyage faciles gr\u00e2ce \u00e0 son design ergonomique et amovible.","robots":{"index":"index","follow":"follow","max-snippet":"max-snippet:-1","max-image-preview":"max-image-preview:large","max-video-preview":"max-video-preview:-1"},"canonical":"https:\/\/masterproducts.store\/fr\/producto\/couvercle-rerervoir-rechange-mtd200-mtd100l\/","og_locale":"fr_FR","og_type":"article","og_title":"Couvercle de tambour MTD200 & MTD100L | Pi\u00e8ce alimentaire ergonomique - Master Products Store","og_description":"Couvercle frontal de remplacement pour MT Dry 200 et MT 100 Lite. Fabriqu\u00e9 en mat\u00e9riau alimentaire, il emp\u00eache la dispersion du produit et permet un montage et nettoyage faciles gr\u00e2ce \u00e0 son design ergonomique et amovible.","og_url":"https:\/\/masterproducts.store\/fr\/producto\/couvercle-rerervoir-rechange-mtd200-mtd100l\/","og_site_name":"Master Products Store","article_publisher":"https:\/\/www.facebook.com\/masterproductsofficial","article_modified_time":"2025-12-10T07:54:05+00:00","og_image":[{"width":1920,"height":1352,"url":"https:\/\/masterproducts.store\/wp-content\/uploads\/2025\/11\/MTDRY200-Front-Cover.webp","type":"image\/webp"}],"twitter_card":"summary_large_image","twitter_misc":{"Dur\u00e9e de lecture estim\u00e9e":"2 minutes"},"schema":{"@context":"https:\/\/schema.org","@graph":[{"@type":"WebPage","@id":"https:\/\/masterproducts.store\/fr\/producto\/couvercle-rerervoir-rechange-mtd200-mtd100l\/","url":"https:\/\/masterproducts.store\/fr\/producto\/couvercle-rerervoir-rechange-mtd200-mtd100l\/","name":"Couvercle de tambour MTD200 & MTD100L | Pi\u00e8ce alimentaire ergonomique - Master Products Store","isPartOf":{"@id":"https:\/\/masterproducts.store\/fr\/#website"},"primaryImageOfPage":{"@id":"https:\/\/masterproducts.store\/fr\/producto\/couvercle-rerervoir-rechange-mtd200-mtd100l\/#primaryimage"},"image":{"@id":"https:\/\/masterproducts.store\/fr\/producto\/couvercle-rerervoir-rechange-mtd200-mtd100l\/#primaryimage"},"thumbnailUrl":"https:\/\/masterproducts.store\/wp-content\/uploads\/2025\/11\/MTDRY200-Front-Cover.webp","datePublished":"2025-12-01T15:35:03+00:00","dateModified":"2025-12-10T07:54:05+00:00","description":"Couvercle frontal de remplacement pour MT Dry 200 et MT 100 Lite. Fabriqu\u00e9 en mat\u00e9riau alimentaire, il emp\u00eache la dispersion du produit et permet un montage et nettoyage faciles gr\u00e2ce \u00e0 son design ergonomique et amovible.","breadcrumb":{"@id":"https:\/\/masterproducts.store\/fr\/producto\/couvercle-rerervoir-rechange-mtd200-mtd100l\/#breadcrumb"},"inLanguage":"fr-FR","potentialAction":[{"@type":"ReadAction","target":["https:\/\/masterproducts.store\/fr\/producto\/couvercle-rerervoir-rechange-mtd200-mtd100l\/"]}]},{"@type":"ImageObject","inLanguage":"fr-FR","@id":"https:\/\/masterproducts.store\/fr\/producto\/couvercle-rerervoir-rechange-mtd200-mtd100l\/#primaryimage","url":"https:\/\/masterproducts.store\/wp-content\/uploads\/2025\/11\/MTDRY200-Front-Cover.webp","contentUrl":"https:\/\/masterproducts.store\/wp-content\/uploads\/2025\/11\/MTDRY200-Front-Cover.webp","width":1920,"height":1352},{"@type":"BreadcrumbList","@id":"https:\/\/masterproducts.store\/fr\/producto\/couvercle-rerervoir-rechange-mtd200-mtd100l\/#breadcrumb","itemListElement":[{"@type":"ListItem","position":1,"name":"Portada","item":"https:\/\/masterproducts.store\/fr\/"},{"@type":"ListItem","position":2,"name":"Boutique","item":"https:\/\/masterproducts.store\/fr\/boutique\/"},{"@type":"ListItem","position":3,"name":"COUVERCERCLE DE R\u00c9SERVOIR DE RECHANGE MTD200 &#038; MTD100L"}]},{"@type":"WebSite","@id":"https:\/\/masterproducts.store\/fr\/#website","url":"https:\/\/masterproducts.store\/fr\/","name":"Master Products Store","description":"Equipos de Poscosecha para cannabis, \u00a1A tu alcance!","publisher":{"@id":"https:\/\/masterproducts.store\/fr\/#organization"},"potentialAction":[{"@type":"SearchAction","target":{"@type":"EntryPoint","urlTemplate":"https:\/\/masterproducts.store\/fr\/?s={search_term_string}"},"query-input":{"@type":"PropertyValueSpecification","valueRequired":true,"valueName":"search_term_string"}}],"inLanguage":"fr-FR"},{"@type":"Organization","@id":"https:\/\/masterproducts.store\/fr\/#organization","name":"Master Products Store","url":"https:\/\/masterproducts.store\/fr\/","logo":{"@type":"ImageObject","inLanguage":"fr-FR","@id":"https:\/\/masterproducts.store\/fr\/#\/schema\/logo\/image\/","url":"https:\/\/masterproducts.store\/wp-content\/uploads\/2024\/06\/MP-Logotip_png-1024x188-1.png","contentUrl":"https:\/\/masterproducts.store\/wp-content\/uploads\/2024\/06\/MP-Logotip_png-1024x188-1.png","width":1024,"height":188,"caption":"Master Products Store"},"image":{"@id":"https:\/\/masterproducts.store\/fr\/#\/schema\/logo\/image\/"},"sameAs":["https:\/\/www.facebook.com\/masterproductsofficial"]}]}},"_links":{"self":[{"href":"https:\/\/masterproducts.store\/fr\/wp-json\/wp\/v2\/product\/3392","targetHints":{"allow":["GET"]}}],"collection":[{"href":"https:\/\/masterproducts.store\/fr\/wp-json\/wp\/v2\/product"}],"about":[{"href":"https:\/\/masterproducts.store\/fr\/wp-json\/wp\/v2\/types\/product"}],"replies":[{"embeddable":true,"href":"https:\/\/masterproducts.store\/fr\/wp-json\/wp\/v2\/comments?post=3392"}],"wp:featuredmedia":[{"embeddable":true,"href":"https:\/\/masterproducts.store\/fr\/wp-json\/wp\/v2\/media\/3366"}],"wp:attachment":[{"href":"https:\/\/masterproducts.store\/fr\/wp-json\/wp\/v2\/media?parent=3392"}],"wp:term":[{"taxonomy":"product_brand","embeddable":true,"href":"https:\/\/masterproducts.store\/fr\/wp-json\/wp\/v2\/product_brand?post=3392"},{"taxonomy":"product_cat","embeddable":true,"href":"https:\/\/masterproducts.store\/fr\/wp-json\/wp\/v2\/product_cat?post=3392"},{"taxonomy":"product_tag","embeddable":true,"href":"https:\/\/masterproducts.store\/fr\/wp-json\/wp\/v2\/product_tag?post=3392"}],"curies":[{"name":"wp","href":"https:\/\/api.w.org\/{rel}","templated":true}]}}