{"id":3395,"date":"2025-12-01T16:35:01","date_gmt":"2025-12-01T15:35:01","guid":{"rendered":"https:\/\/masterproducts.store\/?post_type=product&#038;p=3395"},"modified":"2025-12-10T09:10:26","modified_gmt":"2025-12-10T08:10:26","slug":"tambour-hexagonal-rechange-extracteur-pollen-mtd100-120-microns","status":"publish","type":"product","link":"https:\/\/masterproducts.store\/fr\/producto\/tambour-hexagonal-rechange-extracteur-pollen-mtd100-120-microns\/","title":{"rendered":"TAMBOUR HEXAGONAL DE RECHANGE POUR EXTRACTEUR DE POLLEN MTD100"},"content":{"rendered":"<h6 class=\"sr-only\"><span style=\"color: #333333; font-size: 16px; letter-spacing: 0em;\">Tambour \u00e0 pollen en micromaille de 120 microns fabriqu\u00e9 en acier inoxydable. Possibilit\u00e9 de remplacer les mailles individuellement et de changer leur micronnage pour l\u2019adapter \u00e0 votre produit.<\/span><\/h6>\n<div class=\"text-base my-auto mx-auto pb-10 [--thread-content-margin:--spacing(4)] thread-sm:[--thread-content-margin:--spacing(6)] thread-lg:[--thread-content-margin:--spacing(16)] px-(--thread-content-margin)\">\n<div class=\"[--thread-content-max-width:40rem] thread-lg:[--thread-content-max-width:48rem] mx-auto max-w-(--thread-content-max-width) flex-1 group\/turn-messages focus-visible:outline-hidden relative flex w-full min-w-0 flex-col agent-turn\" tabindex=\"-1\">\n<div class=\"flex max-w-full flex-col grow\">\n<div class=\"min-h-8 text-message relative flex w-full flex-col items-end gap-2 text-start break-words whitespace-normal [.text-message+&amp;]:mt-1\" dir=\"auto\" data-message-author-role=\"assistant\" data-message-id=\"cd78eeb4-cf26-4eaa-bbd0-f6d693992b93\" data-message-model-slug=\"gpt-5-mini\">\n<div class=\"flex w-full flex-col gap-1 empty:hidden first:pt-[1px]\">\n<div class=\"markdown prose dark:prose-invert w-full break-words light markdown-new-styling\">\n<p data-start=\"196\" data-end=\"617\" data-is-last-node=\"\" data-is-only-node=\"\">Utilisez la MT Dry 100 Lite comme extracteur de pollen simplement en changeant le tambour, et produisez votre Dry Sift facilement et rapidement. Sa structure hexagonale permet un mouvement de rotation plus efficace, permettant aux fleurs de cannabis d\u2019entrer en contact de mani\u00e8re plus directe et ferme. Ce design optimise l\u2019extraction et la collecte des trichomes, garantissant une production de pollen de haute qualit\u00e9.<\/p>\n<\/div>\n<\/div>\n<\/div>\n<\/div>\n<\/div>\n<\/div>\n","protected":false},"excerpt":{"rendered":"<p>Tambour \u00e0 pollen en micromaille de 120 microns fabriqu\u00e9 en acier inoxydable. Possibilit\u00e9 de remplacer les mailles individuellement et de changer leur micronnage pour l\u2019adapter \u00e0 votre produit. Utilisez la MT Dry 100 Lite comme extracteur de pollen simplement en changeant le tambour, et produisez votre Dry Sift facilement et rapidement. Sa structure hexagonale permet&#8230;<\/p>\n","protected":false},"featured_media":3354,"comment_status":"open","ping_status":"closed","template":"","meta":[],"product_brand":[],"product_cat":[117],"product_tag":[435],"class_list":{"0":"post-3395","1":"product","2":"type-product","3":"status-publish","4":"has-post-thumbnail","6":"product_cat-accessoires","7":"product_tag-mt-dry-100-lite","9":"first","10":"instock","11":"taxable","12":"shipping-taxable","13":"purchasable","14":"product-type-simple"},"yoast_head":"<!-- This site is optimized with the Yoast SEO plugin v27.4 - https:\/\/yoast.com\/product\/yoast-seo-wordpress\/ -->\n<title>Tambour Hexagonal d\u2019Extraction de Pollen MTD100 | Maille inox 120 microns - Master Products Store<\/title>\n<meta name=\"description\" content=\"Tambour d\u2019extraction de pollen pour MT Dry 100 Lite avec maille inox de 120 microns. Sa structure hexagonale am\u00e9liore la rotation et la collecte des trichomes. Mailles interchangeables.\" \/>\n<meta name=\"robots\" content=\"index, follow, max-snippet:-1, max-image-preview:large, max-video-preview:-1\" \/>\n<link rel=\"canonical\" href=\"https:\/\/masterproducts.store\/fr\/producto\/tambour-hexagonal-rechange-extracteur-pollen-mtd100-120-microns\/\" \/>\n<meta property=\"og:locale\" content=\"fr_FR\" \/>\n<meta property=\"og:type\" content=\"article\" \/>\n<meta property=\"og:title\" content=\"Tambour Hexagonal d\u2019Extraction de Pollen MTD100 | Maille inox 120 microns - Master Products Store\" \/>\n<meta property=\"og:description\" content=\"Tambour d\u2019extraction de pollen pour MT Dry 100 Lite avec maille inox de 120 microns. Sa structure hexagonale am\u00e9liore la rotation et la collecte des trichomes. Mailles interchangeables.\" \/>\n<meta property=\"og:url\" content=\"https:\/\/masterproducts.store\/fr\/producto\/tambour-hexagonal-rechange-extracteur-pollen-mtd100-120-microns\/\" \/>\n<meta property=\"og:site_name\" content=\"Master Products Store\" \/>\n<meta property=\"article:publisher\" content=\"https:\/\/www.facebook.com\/masterproductsofficial\" \/>\n<meta property=\"article:modified_time\" content=\"2025-12-10T08:10:26+00:00\" \/>\n<meta property=\"og:image\" content=\"https:\/\/masterproducts.store\/wp-content\/uploads\/2025\/11\/001-ok.webp\" \/>\n\t<meta property=\"og:image:width\" content=\"1920\" \/>\n\t<meta property=\"og:image:height\" content=\"1440\" \/>\n\t<meta property=\"og:image:type\" content=\"image\/webp\" \/>\n<meta name=\"twitter:card\" content=\"summary_large_image\" \/>\n<meta name=\"twitter:label1\" content=\"Dur\u00e9e de lecture estim\u00e9e\" \/>\n\t<meta name=\"twitter:data1\" content=\"1 minute\" \/>\n<script type=\"application\/ld+json\" class=\"yoast-schema-graph\">{\"@context\":\"https:\\\/\\\/schema.org\",\"@graph\":[{\"@type\":\"WebPage\",\"@id\":\"https:\\\/\\\/masterproducts.store\\\/fr\\\/producto\\\/tambour-hexagonal-rechange-extracteur-pollen-mtd100-120-microns\\\/\",\"url\":\"https:\\\/\\\/masterproducts.store\\\/fr\\\/producto\\\/tambour-hexagonal-rechange-extracteur-pollen-mtd100-120-microns\\\/\",\"name\":\"Tambour Hexagonal d\u2019Extraction de Pollen MTD100 | Maille inox 120 microns - Master Products Store\",\"isPartOf\":{\"@id\":\"https:\\\/\\\/masterproducts.store\\\/fr\\\/#website\"},\"primaryImageOfPage\":{\"@id\":\"https:\\\/\\\/masterproducts.store\\\/fr\\\/producto\\\/tambour-hexagonal-rechange-extracteur-pollen-mtd100-120-microns\\\/#primaryimage\"},\"image\":{\"@id\":\"https:\\\/\\\/masterproducts.store\\\/fr\\\/producto\\\/tambour-hexagonal-rechange-extracteur-pollen-mtd100-120-microns\\\/#primaryimage\"},\"thumbnailUrl\":\"https:\\\/\\\/masterproducts.store\\\/wp-content\\\/uploads\\\/2025\\\/11\\\/001-ok.webp\",\"datePublished\":\"2025-12-01T15:35:01+00:00\",\"dateModified\":\"2025-12-10T08:10:26+00:00\",\"description\":\"Tambour d\u2019extraction de pollen pour MT Dry 100 Lite avec maille inox de 120 microns. Sa structure hexagonale am\u00e9liore la rotation et la collecte des trichomes. Mailles interchangeables.\",\"breadcrumb\":{\"@id\":\"https:\\\/\\\/masterproducts.store\\\/fr\\\/producto\\\/tambour-hexagonal-rechange-extracteur-pollen-mtd100-120-microns\\\/#breadcrumb\"},\"inLanguage\":\"fr-FR\",\"potentialAction\":[{\"@type\":\"ReadAction\",\"target\":[\"https:\\\/\\\/masterproducts.store\\\/fr\\\/producto\\\/tambour-hexagonal-rechange-extracteur-pollen-mtd100-120-microns\\\/\"]}]},{\"@type\":\"ImageObject\",\"inLanguage\":\"fr-FR\",\"@id\":\"https:\\\/\\\/masterproducts.store\\\/fr\\\/producto\\\/tambour-hexagonal-rechange-extracteur-pollen-mtd100-120-microns\\\/#primaryimage\",\"url\":\"https:\\\/\\\/masterproducts.store\\\/wp-content\\\/uploads\\\/2025\\\/11\\\/001-ok.webp\",\"contentUrl\":\"https:\\\/\\\/masterproducts.store\\\/wp-content\\\/uploads\\\/2025\\\/11\\\/001-ok.webp\",\"width\":1920,\"height\":1440},{\"@type\":\"BreadcrumbList\",\"@id\":\"https:\\\/\\\/masterproducts.store\\\/fr\\\/producto\\\/tambour-hexagonal-rechange-extracteur-pollen-mtd100-120-microns\\\/#breadcrumb\",\"itemListElement\":[{\"@type\":\"ListItem\",\"position\":1,\"name\":\"Portada\",\"item\":\"https:\\\/\\\/masterproducts.store\\\/fr\\\/\"},{\"@type\":\"ListItem\",\"position\":2,\"name\":\"Boutique\",\"item\":\"https:\\\/\\\/masterproducts.store\\\/fr\\\/boutique\\\/\"},{\"@type\":\"ListItem\",\"position\":3,\"name\":\"TAMBOUR HEXAGONAL DE RECHANGE POUR EXTRACTEUR DE POLLEN MTD100\"}]},{\"@type\":\"WebSite\",\"@id\":\"https:\\\/\\\/masterproducts.store\\\/fr\\\/#website\",\"url\":\"https:\\\/\\\/masterproducts.store\\\/fr\\\/\",\"name\":\"Master Products Store\",\"description\":\"Equipos de Poscosecha para cannabis, \u00a1A tu alcance!\",\"publisher\":{\"@id\":\"https:\\\/\\\/masterproducts.store\\\/fr\\\/#organization\"},\"potentialAction\":[{\"@type\":\"SearchAction\",\"target\":{\"@type\":\"EntryPoint\",\"urlTemplate\":\"https:\\\/\\\/masterproducts.store\\\/fr\\\/?s={search_term_string}\"},\"query-input\":{\"@type\":\"PropertyValueSpecification\",\"valueRequired\":true,\"valueName\":\"search_term_string\"}}],\"inLanguage\":\"fr-FR\"},{\"@type\":\"Organization\",\"@id\":\"https:\\\/\\\/masterproducts.store\\\/fr\\\/#organization\",\"name\":\"Master Products Store\",\"url\":\"https:\\\/\\\/masterproducts.store\\\/fr\\\/\",\"logo\":{\"@type\":\"ImageObject\",\"inLanguage\":\"fr-FR\",\"@id\":\"https:\\\/\\\/masterproducts.store\\\/fr\\\/#\\\/schema\\\/logo\\\/image\\\/\",\"url\":\"https:\\\/\\\/masterproducts.store\\\/wp-content\\\/uploads\\\/2024\\\/06\\\/MP-Logotip_png-1024x188-1.png\",\"contentUrl\":\"https:\\\/\\\/masterproducts.store\\\/wp-content\\\/uploads\\\/2024\\\/06\\\/MP-Logotip_png-1024x188-1.png\",\"width\":1024,\"height\":188,\"caption\":\"Master Products Store\"},\"image\":{\"@id\":\"https:\\\/\\\/masterproducts.store\\\/fr\\\/#\\\/schema\\\/logo\\\/image\\\/\"},\"sameAs\":[\"https:\\\/\\\/www.facebook.com\\\/masterproductsofficial\"]}]}<\/script>\n<!-- \/ Yoast SEO plugin. -->","yoast_head_json":{"title":"Tambour Hexagonal d\u2019Extraction de Pollen MTD100 | Maille inox 120 microns - Master Products Store","description":"Tambour d\u2019extraction de pollen pour MT Dry 100 Lite avec maille inox de 120 microns. Sa structure hexagonale am\u00e9liore la rotation et la collecte des trichomes. Mailles interchangeables.","robots":{"index":"index","follow":"follow","max-snippet":"max-snippet:-1","max-image-preview":"max-image-preview:large","max-video-preview":"max-video-preview:-1"},"canonical":"https:\/\/masterproducts.store\/fr\/producto\/tambour-hexagonal-rechange-extracteur-pollen-mtd100-120-microns\/","og_locale":"fr_FR","og_type":"article","og_title":"Tambour Hexagonal d\u2019Extraction de Pollen MTD100 | Maille inox 120 microns - Master Products Store","og_description":"Tambour d\u2019extraction de pollen pour MT Dry 100 Lite avec maille inox de 120 microns. Sa structure hexagonale am\u00e9liore la rotation et la collecte des trichomes. Mailles interchangeables.","og_url":"https:\/\/masterproducts.store\/fr\/producto\/tambour-hexagonal-rechange-extracteur-pollen-mtd100-120-microns\/","og_site_name":"Master Products Store","article_publisher":"https:\/\/www.facebook.com\/masterproductsofficial","article_modified_time":"2025-12-10T08:10:26+00:00","og_image":[{"width":1920,"height":1440,"url":"https:\/\/masterproducts.store\/wp-content\/uploads\/2025\/11\/001-ok.webp","type":"image\/webp"}],"twitter_card":"summary_large_image","twitter_misc":{"Dur\u00e9e de lecture estim\u00e9e":"1 minute"},"schema":{"@context":"https:\/\/schema.org","@graph":[{"@type":"WebPage","@id":"https:\/\/masterproducts.store\/fr\/producto\/tambour-hexagonal-rechange-extracteur-pollen-mtd100-120-microns\/","url":"https:\/\/masterproducts.store\/fr\/producto\/tambour-hexagonal-rechange-extracteur-pollen-mtd100-120-microns\/","name":"Tambour Hexagonal d\u2019Extraction de Pollen MTD100 | Maille inox 120 microns - Master Products Store","isPartOf":{"@id":"https:\/\/masterproducts.store\/fr\/#website"},"primaryImageOfPage":{"@id":"https:\/\/masterproducts.store\/fr\/producto\/tambour-hexagonal-rechange-extracteur-pollen-mtd100-120-microns\/#primaryimage"},"image":{"@id":"https:\/\/masterproducts.store\/fr\/producto\/tambour-hexagonal-rechange-extracteur-pollen-mtd100-120-microns\/#primaryimage"},"thumbnailUrl":"https:\/\/masterproducts.store\/wp-content\/uploads\/2025\/11\/001-ok.webp","datePublished":"2025-12-01T15:35:01+00:00","dateModified":"2025-12-10T08:10:26+00:00","description":"Tambour d\u2019extraction de pollen pour MT Dry 100 Lite avec maille inox de 120 microns. Sa structure hexagonale am\u00e9liore la rotation et la collecte des trichomes. Mailles interchangeables.","breadcrumb":{"@id":"https:\/\/masterproducts.store\/fr\/producto\/tambour-hexagonal-rechange-extracteur-pollen-mtd100-120-microns\/#breadcrumb"},"inLanguage":"fr-FR","potentialAction":[{"@type":"ReadAction","target":["https:\/\/masterproducts.store\/fr\/producto\/tambour-hexagonal-rechange-extracteur-pollen-mtd100-120-microns\/"]}]},{"@type":"ImageObject","inLanguage":"fr-FR","@id":"https:\/\/masterproducts.store\/fr\/producto\/tambour-hexagonal-rechange-extracteur-pollen-mtd100-120-microns\/#primaryimage","url":"https:\/\/masterproducts.store\/wp-content\/uploads\/2025\/11\/001-ok.webp","contentUrl":"https:\/\/masterproducts.store\/wp-content\/uploads\/2025\/11\/001-ok.webp","width":1920,"height":1440},{"@type":"BreadcrumbList","@id":"https:\/\/masterproducts.store\/fr\/producto\/tambour-hexagonal-rechange-extracteur-pollen-mtd100-120-microns\/#breadcrumb","itemListElement":[{"@type":"ListItem","position":1,"name":"Portada","item":"https:\/\/masterproducts.store\/fr\/"},{"@type":"ListItem","position":2,"name":"Boutique","item":"https:\/\/masterproducts.store\/fr\/boutique\/"},{"@type":"ListItem","position":3,"name":"TAMBOUR HEXAGONAL DE RECHANGE POUR EXTRACTEUR DE POLLEN MTD100"}]},{"@type":"WebSite","@id":"https:\/\/masterproducts.store\/fr\/#website","url":"https:\/\/masterproducts.store\/fr\/","name":"Master Products Store","description":"Equipos de Poscosecha para cannabis, \u00a1A tu alcance!","publisher":{"@id":"https:\/\/masterproducts.store\/fr\/#organization"},"potentialAction":[{"@type":"SearchAction","target":{"@type":"EntryPoint","urlTemplate":"https:\/\/masterproducts.store\/fr\/?s={search_term_string}"},"query-input":{"@type":"PropertyValueSpecification","valueRequired":true,"valueName":"search_term_string"}}],"inLanguage":"fr-FR"},{"@type":"Organization","@id":"https:\/\/masterproducts.store\/fr\/#organization","name":"Master Products Store","url":"https:\/\/masterproducts.store\/fr\/","logo":{"@type":"ImageObject","inLanguage":"fr-FR","@id":"https:\/\/masterproducts.store\/fr\/#\/schema\/logo\/image\/","url":"https:\/\/masterproducts.store\/wp-content\/uploads\/2024\/06\/MP-Logotip_png-1024x188-1.png","contentUrl":"https:\/\/masterproducts.store\/wp-content\/uploads\/2024\/06\/MP-Logotip_png-1024x188-1.png","width":1024,"height":188,"caption":"Master Products Store"},"image":{"@id":"https:\/\/masterproducts.store\/fr\/#\/schema\/logo\/image\/"},"sameAs":["https:\/\/www.facebook.com\/masterproductsofficial"]}]}},"_links":{"self":[{"href":"https:\/\/masterproducts.store\/fr\/wp-json\/wp\/v2\/product\/3395","targetHints":{"allow":["GET"]}}],"collection":[{"href":"https:\/\/masterproducts.store\/fr\/wp-json\/wp\/v2\/product"}],"about":[{"href":"https:\/\/masterproducts.store\/fr\/wp-json\/wp\/v2\/types\/product"}],"replies":[{"embeddable":true,"href":"https:\/\/masterproducts.store\/fr\/wp-json\/wp\/v2\/comments?post=3395"}],"wp:featuredmedia":[{"embeddable":true,"href":"https:\/\/masterproducts.store\/fr\/wp-json\/wp\/v2\/media\/3354"}],"wp:attachment":[{"href":"https:\/\/masterproducts.store\/fr\/wp-json\/wp\/v2\/media?parent=3395"}],"wp:term":[{"taxonomy":"product_brand","embeddable":true,"href":"https:\/\/masterproducts.store\/fr\/wp-json\/wp\/v2\/product_brand?post=3395"},{"taxonomy":"product_cat","embeddable":true,"href":"https:\/\/masterproducts.store\/fr\/wp-json\/wp\/v2\/product_cat?post=3395"},{"taxonomy":"product_tag","embeddable":true,"href":"https:\/\/masterproducts.store\/fr\/wp-json\/wp\/v2\/product_tag?post=3395"}],"curies":[{"name":"wp","href":"https:\/\/api.w.org\/{rel}","templated":true}]}}