{"id":3438,"date":"2025-12-01T16:34:59","date_gmt":"2025-12-01T15:34:59","guid":{"rendered":"https:\/\/masterproducts.store\/?post_type=product&#038;p=3438"},"modified":"2025-12-10T09:28:48","modified_gmt":"2025-12-10T08:28:48","slug":"spare-kit-screen-for-polen-barrel-mtd100l","status":"publish","type":"product","link":"https:\/\/masterproducts.store\/fr\/producto\/spare-kit-screen-for-polen-barrel-mtd100l\/","title":{"rendered":"KIT DE MAILLES DE RECHANGE POUR TAMBOUR \u00c0 POLLEN"},"content":{"rendered":"<p>Les <strong>Mailles pour Tambour de Pollen<\/strong> sont con\u00e7ues pour les producteurs recherchant pr\u00e9cision, flexibilit\u00e9 et efficacit\u00e9 dans leur processus d\u2019extraction Dry Sift. Disponibles en plusieurs micronages, elles permettent d\u2019adapter le niveau de filtrage selon le type de fleurs, la quantit\u00e9 de production ou le degr\u00e9 de puret\u00e9 souhait\u00e9 du pollen. Chaque maille \u00e9tant ind\u00e9pendante, il est possible de la remplacer s\u00e9par\u00e9ment sans changer l\u2019ensemble du tambour, ce qui r\u00e9duit les co\u00fbts et optimise le temps de travail.<br \/>\nLa structure hexagonale du tambour assure un ajustement ferme et stable, favorisant un tamisage homog\u00e8ne et une s\u00e9paration efficace des trichomes. Fabriqu\u00e9es avec des mat\u00e9riaux durables et r\u00e9sistants, ces mailles garantissent des performances constantes lors de chaque cycle d\u2019extraction.<br \/>\nUne solution pratique et polyvalente pour obtenir un pollen propre, uniforme et d\u2019une grande puret\u00e9.<\/p>\n","protected":false},"excerpt":{"rendered":"<p>Les Mailles pour Tambour de Pollen sont con\u00e7ues pour les producteurs recherchant pr\u00e9cision, flexibilit\u00e9 et efficacit\u00e9 dans leur processus d\u2019extraction Dry Sift. Disponibles en plusieurs micronages, elles permettent d\u2019adapter le niveau de filtrage selon le type de fleurs, la quantit\u00e9 de production ou le degr\u00e9 de puret\u00e9 souhait\u00e9 du pollen. Chaque maille \u00e9tant ind\u00e9pendante, il&#8230;<\/p>\n","protected":false},"featured_media":3350,"comment_status":"open","ping_status":"closed","template":"","meta":[],"product_brand":[],"product_cat":[117],"product_tag":[435],"class_list":{"0":"post-3438","1":"product","2":"type-product","3":"status-publish","4":"has-post-thumbnail","6":"product_cat-accessoires","7":"product_tag-mt-dry-100-lite","8":"pa_microns-120-fr","9":"pa_microns-45-fr","10":"pa_microns-90-fr","12":"first","13":"instock","14":"taxable","15":"shipping-taxable","16":"purchasable","17":"product-type-variable"},"yoast_head":"<!-- This site is optimized with the Yoast SEO plugin v27.4 - https:\/\/yoast.com\/product\/yoast-seo-wordpress\/ -->\n<title>Mailles pour Tambour de Pollen | Micronages interchangeables de haute pr\u00e9cision - Master Products Store<\/title>\n<meta name=\"description\" content=\"Kit de mailles ind\u00e9pendantes pour tambour de pollen, disponibles en diff\u00e9rents micronages. Remplacement individuel gr\u00e2ce \u00e0 la structure hexagonale du tambour.\" \/>\n<meta name=\"robots\" content=\"index, follow, max-snippet:-1, max-image-preview:large, max-video-preview:-1\" \/>\n<link rel=\"canonical\" href=\"https:\/\/masterproducts.store\/fr\/producto\/spare-kit-screen-for-polen-barrel-mtd100l\/\" \/>\n<meta property=\"og:locale\" content=\"fr_FR\" \/>\n<meta property=\"og:type\" content=\"article\" \/>\n<meta property=\"og:title\" content=\"Mailles pour Tambour de Pollen | Micronages interchangeables de haute pr\u00e9cision - Master Products Store\" \/>\n<meta property=\"og:description\" content=\"Kit de mailles ind\u00e9pendantes pour tambour de pollen, disponibles en diff\u00e9rents micronages. Remplacement individuel gr\u00e2ce \u00e0 la structure hexagonale du tambour.\" \/>\n<meta property=\"og:url\" content=\"https:\/\/masterproducts.store\/fr\/producto\/spare-kit-screen-for-polen-barrel-mtd100l\/\" \/>\n<meta property=\"og:site_name\" content=\"Master Products Store\" \/>\n<meta property=\"article:publisher\" content=\"https:\/\/www.facebook.com\/masterproductsofficial\" \/>\n<meta property=\"article:modified_time\" content=\"2025-12-10T08:28:48+00:00\" \/>\n<meta property=\"og:image\" content=\"https:\/\/masterproducts.store\/wp-content\/uploads\/2025\/11\/Microns_MTDRy-100-LiTE.webp\" \/>\n\t<meta property=\"og:image:width\" content=\"1920\" \/>\n\t<meta property=\"og:image:height\" content=\"1611\" \/>\n\t<meta property=\"og:image:type\" content=\"image\/webp\" \/>\n<meta name=\"twitter:card\" content=\"summary_large_image\" \/>\n<meta name=\"twitter:label1\" content=\"Dur\u00e9e de lecture estim\u00e9e\" \/>\n\t<meta name=\"twitter:data1\" content=\"1 minute\" \/>\n<script type=\"application\/ld+json\" class=\"yoast-schema-graph\">{\"@context\":\"https:\\\/\\\/schema.org\",\"@graph\":[{\"@type\":\"WebPage\",\"@id\":\"https:\\\/\\\/masterproducts.store\\\/fr\\\/producto\\\/spare-kit-screen-for-polen-barrel-mtd100l\\\/\",\"url\":\"https:\\\/\\\/masterproducts.store\\\/fr\\\/producto\\\/spare-kit-screen-for-polen-barrel-mtd100l\\\/\",\"name\":\"Mailles pour Tambour de Pollen | Micronages interchangeables de haute pr\u00e9cision - Master Products Store\",\"isPartOf\":{\"@id\":\"https:\\\/\\\/masterproducts.store\\\/fr\\\/#website\"},\"primaryImageOfPage\":{\"@id\":\"https:\\\/\\\/masterproducts.store\\\/fr\\\/producto\\\/spare-kit-screen-for-polen-barrel-mtd100l\\\/#primaryimage\"},\"image\":{\"@id\":\"https:\\\/\\\/masterproducts.store\\\/fr\\\/producto\\\/spare-kit-screen-for-polen-barrel-mtd100l\\\/#primaryimage\"},\"thumbnailUrl\":\"https:\\\/\\\/masterproducts.store\\\/wp-content\\\/uploads\\\/2025\\\/11\\\/Microns_MTDRy-100-LiTE.webp\",\"datePublished\":\"2025-12-01T15:34:59+00:00\",\"dateModified\":\"2025-12-10T08:28:48+00:00\",\"description\":\"Kit de mailles ind\u00e9pendantes pour tambour de pollen, disponibles en diff\u00e9rents micronages. Remplacement individuel gr\u00e2ce \u00e0 la structure hexagonale du tambour.\",\"breadcrumb\":{\"@id\":\"https:\\\/\\\/masterproducts.store\\\/fr\\\/producto\\\/spare-kit-screen-for-polen-barrel-mtd100l\\\/#breadcrumb\"},\"inLanguage\":\"fr-FR\",\"potentialAction\":[{\"@type\":\"ReadAction\",\"target\":[\"https:\\\/\\\/masterproducts.store\\\/fr\\\/producto\\\/spare-kit-screen-for-polen-barrel-mtd100l\\\/\"]}]},{\"@type\":\"ImageObject\",\"inLanguage\":\"fr-FR\",\"@id\":\"https:\\\/\\\/masterproducts.store\\\/fr\\\/producto\\\/spare-kit-screen-for-polen-barrel-mtd100l\\\/#primaryimage\",\"url\":\"https:\\\/\\\/masterproducts.store\\\/wp-content\\\/uploads\\\/2025\\\/11\\\/Microns_MTDRy-100-LiTE.webp\",\"contentUrl\":\"https:\\\/\\\/masterproducts.store\\\/wp-content\\\/uploads\\\/2025\\\/11\\\/Microns_MTDRy-100-LiTE.webp\",\"width\":1920,\"height\":1611},{\"@type\":\"BreadcrumbList\",\"@id\":\"https:\\\/\\\/masterproducts.store\\\/fr\\\/producto\\\/spare-kit-screen-for-polen-barrel-mtd100l\\\/#breadcrumb\",\"itemListElement\":[{\"@type\":\"ListItem\",\"position\":1,\"name\":\"Portada\",\"item\":\"https:\\\/\\\/masterproducts.store\\\/fr\\\/\"},{\"@type\":\"ListItem\",\"position\":2,\"name\":\"Boutique\",\"item\":\"https:\\\/\\\/masterproducts.store\\\/fr\\\/boutique\\\/\"},{\"@type\":\"ListItem\",\"position\":3,\"name\":\"KIT DE MAILLES DE RECHANGE POUR TAMBOUR \u00c0 POLLEN\"}]},{\"@type\":\"WebSite\",\"@id\":\"https:\\\/\\\/masterproducts.store\\\/fr\\\/#website\",\"url\":\"https:\\\/\\\/masterproducts.store\\\/fr\\\/\",\"name\":\"Master Products Store\",\"description\":\"Equipos de Poscosecha para cannabis, \u00a1A tu alcance!\",\"publisher\":{\"@id\":\"https:\\\/\\\/masterproducts.store\\\/fr\\\/#organization\"},\"potentialAction\":[{\"@type\":\"SearchAction\",\"target\":{\"@type\":\"EntryPoint\",\"urlTemplate\":\"https:\\\/\\\/masterproducts.store\\\/fr\\\/?s={search_term_string}\"},\"query-input\":{\"@type\":\"PropertyValueSpecification\",\"valueRequired\":true,\"valueName\":\"search_term_string\"}}],\"inLanguage\":\"fr-FR\"},{\"@type\":\"Organization\",\"@id\":\"https:\\\/\\\/masterproducts.store\\\/fr\\\/#organization\",\"name\":\"Master Products Store\",\"url\":\"https:\\\/\\\/masterproducts.store\\\/fr\\\/\",\"logo\":{\"@type\":\"ImageObject\",\"inLanguage\":\"fr-FR\",\"@id\":\"https:\\\/\\\/masterproducts.store\\\/fr\\\/#\\\/schema\\\/logo\\\/image\\\/\",\"url\":\"https:\\\/\\\/masterproducts.store\\\/wp-content\\\/uploads\\\/2024\\\/06\\\/MP-Logotip_png-1024x188-1.png\",\"contentUrl\":\"https:\\\/\\\/masterproducts.store\\\/wp-content\\\/uploads\\\/2024\\\/06\\\/MP-Logotip_png-1024x188-1.png\",\"width\":1024,\"height\":188,\"caption\":\"Master Products Store\"},\"image\":{\"@id\":\"https:\\\/\\\/masterproducts.store\\\/fr\\\/#\\\/schema\\\/logo\\\/image\\\/\"},\"sameAs\":[\"https:\\\/\\\/www.facebook.com\\\/masterproductsofficial\"]}]}<\/script>\n<!-- \/ Yoast SEO plugin. -->","yoast_head_json":{"title":"Mailles pour Tambour de Pollen | Micronages interchangeables de haute pr\u00e9cision - Master Products Store","description":"Kit de mailles ind\u00e9pendantes pour tambour de pollen, disponibles en diff\u00e9rents micronages. Remplacement individuel gr\u00e2ce \u00e0 la structure hexagonale du tambour.","robots":{"index":"index","follow":"follow","max-snippet":"max-snippet:-1","max-image-preview":"max-image-preview:large","max-video-preview":"max-video-preview:-1"},"canonical":"https:\/\/masterproducts.store\/fr\/producto\/spare-kit-screen-for-polen-barrel-mtd100l\/","og_locale":"fr_FR","og_type":"article","og_title":"Mailles pour Tambour de Pollen | Micronages interchangeables de haute pr\u00e9cision - Master Products Store","og_description":"Kit de mailles ind\u00e9pendantes pour tambour de pollen, disponibles en diff\u00e9rents micronages. Remplacement individuel gr\u00e2ce \u00e0 la structure hexagonale du tambour.","og_url":"https:\/\/masterproducts.store\/fr\/producto\/spare-kit-screen-for-polen-barrel-mtd100l\/","og_site_name":"Master Products Store","article_publisher":"https:\/\/www.facebook.com\/masterproductsofficial","article_modified_time":"2025-12-10T08:28:48+00:00","og_image":[{"width":1920,"height":1611,"url":"https:\/\/masterproducts.store\/wp-content\/uploads\/2025\/11\/Microns_MTDRy-100-LiTE.webp","type":"image\/webp"}],"twitter_card":"summary_large_image","twitter_misc":{"Dur\u00e9e de lecture estim\u00e9e":"1 minute"},"schema":{"@context":"https:\/\/schema.org","@graph":[{"@type":"WebPage","@id":"https:\/\/masterproducts.store\/fr\/producto\/spare-kit-screen-for-polen-barrel-mtd100l\/","url":"https:\/\/masterproducts.store\/fr\/producto\/spare-kit-screen-for-polen-barrel-mtd100l\/","name":"Mailles pour Tambour de Pollen | Micronages interchangeables de haute pr\u00e9cision - Master Products Store","isPartOf":{"@id":"https:\/\/masterproducts.store\/fr\/#website"},"primaryImageOfPage":{"@id":"https:\/\/masterproducts.store\/fr\/producto\/spare-kit-screen-for-polen-barrel-mtd100l\/#primaryimage"},"image":{"@id":"https:\/\/masterproducts.store\/fr\/producto\/spare-kit-screen-for-polen-barrel-mtd100l\/#primaryimage"},"thumbnailUrl":"https:\/\/masterproducts.store\/wp-content\/uploads\/2025\/11\/Microns_MTDRy-100-LiTE.webp","datePublished":"2025-12-01T15:34:59+00:00","dateModified":"2025-12-10T08:28:48+00:00","description":"Kit de mailles ind\u00e9pendantes pour tambour de pollen, disponibles en diff\u00e9rents micronages. Remplacement individuel gr\u00e2ce \u00e0 la structure hexagonale du tambour.","breadcrumb":{"@id":"https:\/\/masterproducts.store\/fr\/producto\/spare-kit-screen-for-polen-barrel-mtd100l\/#breadcrumb"},"inLanguage":"fr-FR","potentialAction":[{"@type":"ReadAction","target":["https:\/\/masterproducts.store\/fr\/producto\/spare-kit-screen-for-polen-barrel-mtd100l\/"]}]},{"@type":"ImageObject","inLanguage":"fr-FR","@id":"https:\/\/masterproducts.store\/fr\/producto\/spare-kit-screen-for-polen-barrel-mtd100l\/#primaryimage","url":"https:\/\/masterproducts.store\/wp-content\/uploads\/2025\/11\/Microns_MTDRy-100-LiTE.webp","contentUrl":"https:\/\/masterproducts.store\/wp-content\/uploads\/2025\/11\/Microns_MTDRy-100-LiTE.webp","width":1920,"height":1611},{"@type":"BreadcrumbList","@id":"https:\/\/masterproducts.store\/fr\/producto\/spare-kit-screen-for-polen-barrel-mtd100l\/#breadcrumb","itemListElement":[{"@type":"ListItem","position":1,"name":"Portada","item":"https:\/\/masterproducts.store\/fr\/"},{"@type":"ListItem","position":2,"name":"Boutique","item":"https:\/\/masterproducts.store\/fr\/boutique\/"},{"@type":"ListItem","position":3,"name":"KIT DE MAILLES DE RECHANGE POUR TAMBOUR \u00c0 POLLEN"}]},{"@type":"WebSite","@id":"https:\/\/masterproducts.store\/fr\/#website","url":"https:\/\/masterproducts.store\/fr\/","name":"Master Products Store","description":"Equipos de Poscosecha para cannabis, \u00a1A tu alcance!","publisher":{"@id":"https:\/\/masterproducts.store\/fr\/#organization"},"potentialAction":[{"@type":"SearchAction","target":{"@type":"EntryPoint","urlTemplate":"https:\/\/masterproducts.store\/fr\/?s={search_term_string}"},"query-input":{"@type":"PropertyValueSpecification","valueRequired":true,"valueName":"search_term_string"}}],"inLanguage":"fr-FR"},{"@type":"Organization","@id":"https:\/\/masterproducts.store\/fr\/#organization","name":"Master Products Store","url":"https:\/\/masterproducts.store\/fr\/","logo":{"@type":"ImageObject","inLanguage":"fr-FR","@id":"https:\/\/masterproducts.store\/fr\/#\/schema\/logo\/image\/","url":"https:\/\/masterproducts.store\/wp-content\/uploads\/2024\/06\/MP-Logotip_png-1024x188-1.png","contentUrl":"https:\/\/masterproducts.store\/wp-content\/uploads\/2024\/06\/MP-Logotip_png-1024x188-1.png","width":1024,"height":188,"caption":"Master Products Store"},"image":{"@id":"https:\/\/masterproducts.store\/fr\/#\/schema\/logo\/image\/"},"sameAs":["https:\/\/www.facebook.com\/masterproductsofficial"]}]}},"_links":{"self":[{"href":"https:\/\/masterproducts.store\/fr\/wp-json\/wp\/v2\/product\/3438","targetHints":{"allow":["GET"]}}],"collection":[{"href":"https:\/\/masterproducts.store\/fr\/wp-json\/wp\/v2\/product"}],"about":[{"href":"https:\/\/masterproducts.store\/fr\/wp-json\/wp\/v2\/types\/product"}],"replies":[{"embeddable":true,"href":"https:\/\/masterproducts.store\/fr\/wp-json\/wp\/v2\/comments?post=3438"}],"wp:featuredmedia":[{"embeddable":true,"href":"https:\/\/masterproducts.store\/fr\/wp-json\/wp\/v2\/media\/3350"}],"wp:attachment":[{"href":"https:\/\/masterproducts.store\/fr\/wp-json\/wp\/v2\/media?parent=3438"}],"wp:term":[{"taxonomy":"product_brand","embeddable":true,"href":"https:\/\/masterproducts.store\/fr\/wp-json\/wp\/v2\/product_brand?post=3438"},{"taxonomy":"product_cat","embeddable":true,"href":"https:\/\/masterproducts.store\/fr\/wp-json\/wp\/v2\/product_cat?post=3438"},{"taxonomy":"product_tag","embeddable":true,"href":"https:\/\/masterproducts.store\/fr\/wp-json\/wp\/v2\/product_tag?post=3438"}],"curies":[{"name":"wp","href":"https:\/\/api.w.org\/{rel}","templated":true}]}}