{"id":3464,"date":"2025-12-01T16:34:51","date_gmt":"2025-12-01T15:34:51","guid":{"rendered":"https:\/\/masterproducts.store\/?post_type=product&#038;p=3464"},"modified":"2025-12-10T11:02:15","modified_gmt":"2025-12-10T10:02:15","slug":"cooling-kit-co2-dry-200","status":"publish","type":"product","link":"https:\/\/masterproducts.store\/fr\/producto\/cooling-kit-co2-dry-200\/","title":{"rendered":"COOLING KIT CO2 DRY 200"},"content":{"rendered":"<p data-start=\"34\" data-end=\"288\">Ajoutez le kit CO\u2082 \u00e0 votre MT Dry 200 et augmentez la qualit\u00e9 de votre extraction de pollen. Il s\u2019agit d\u2019un syst\u00e8me de refroidissement avec injection de CO\u2082 liquide qui s\u2019int\u00e8gre parfaitement \u00e0 la machine avec le tambour \u00e0 pollen. Le kit comprend :<\/p>\n<p data-start=\"290\" data-end=\"338\">1\u00d7 Tube de refroidissement en acier inoxydable<\/p>\n<p data-start=\"340\" data-end=\"397\">1\u00d7 Tube de connexion en silicone de qualit\u00e9 alimentaire<\/p>\n<p data-start=\"399\" data-end=\"557\" data-is-last-node=\"\" data-is-only-node=\"\">Gr\u00e2ce au syst\u00e8me de refroidissement, le taux d\u2019extraction des trichomes augmente consid\u00e9rablement, offrant un produit plus propre et de meilleure qualit\u00e9.<\/p>\n","protected":false},"excerpt":{"rendered":"<p>Ajoutez le kit CO\u2082 \u00e0 votre MT Dry 200 et augmentez la qualit\u00e9 de votre extraction de pollen. Il s\u2019agit d\u2019un syst\u00e8me de refroidissement avec injection de CO\u2082 liquide qui s\u2019int\u00e8gre parfaitement \u00e0 la machine avec le tambour \u00e0 pollen. Le kit comprend : 1\u00d7 Tube de refroidissement en acier inoxydable 1\u00d7 Tube de connexion&#8230;<\/p>\n","protected":false},"featured_media":3371,"comment_status":"open","ping_status":"closed","template":"","meta":[],"product_brand":[],"product_cat":[117],"product_tag":[436],"class_list":{"0":"post-3464","1":"product","2":"type-product","3":"status-publish","4":"has-post-thumbnail","6":"product_cat-accessoires","7":"product_tag-mt-dry-200","9":"first","10":"instock","11":"taxable","12":"shipping-taxable","13":"purchasable","14":"product-type-simple"},"yoast_head":"<!-- This site is optimized with the Yoast SEO plugin v27.4 - https:\/\/yoast.com\/product\/yoast-seo-wordpress\/ -->\n<title>Cooling Kit CO2 Dry 200 \u2013 Am\u00e9liorez l\u2019extraction du pollen gr\u00e2ce au refroidissement - Master Products Store<\/title>\n<meta name=\"description\" content=\"Ajoutez le Cooling Kit CO2 Dry 200 \u00e0 votre MT Dry 200 et am\u00e9liorez la qualit\u00e9 d\u2019extraction. Syst\u00e8me de refroidissement avec injection de CO2.\" \/>\n<meta name=\"robots\" content=\"index, follow, max-snippet:-1, max-image-preview:large, max-video-preview:-1\" \/>\n<link rel=\"canonical\" href=\"https:\/\/masterproducts.store\/fr\/producto\/cooling-kit-co2-dry-200\/\" \/>\n<meta property=\"og:locale\" content=\"fr_FR\" \/>\n<meta property=\"og:type\" content=\"article\" \/>\n<meta property=\"og:title\" content=\"Cooling Kit CO2 Dry 200 \u2013 Am\u00e9liorez l\u2019extraction du pollen gr\u00e2ce au refroidissement - Master Products Store\" \/>\n<meta property=\"og:description\" content=\"Ajoutez le Cooling Kit CO2 Dry 200 \u00e0 votre MT Dry 200 et am\u00e9liorez la qualit\u00e9 d\u2019extraction. Syst\u00e8me de refroidissement avec injection de CO2.\" \/>\n<meta property=\"og:url\" content=\"https:\/\/masterproducts.store\/fr\/producto\/cooling-kit-co2-dry-200\/\" \/>\n<meta property=\"og:site_name\" content=\"Master Products Store\" \/>\n<meta property=\"article:publisher\" content=\"https:\/\/www.facebook.com\/masterproductsofficial\" \/>\n<meta property=\"article:modified_time\" content=\"2025-12-10T10:02:15+00:00\" \/>\n<meta property=\"og:image\" content=\"https:\/\/masterproducts.store\/wp-content\/uploads\/2025\/11\/3.webp\" \/>\n\t<meta property=\"og:image:width\" content=\"1920\" \/>\n\t<meta property=\"og:image:height\" content=\"1280\" \/>\n\t<meta property=\"og:image:type\" content=\"image\/webp\" \/>\n<meta name=\"twitter:card\" content=\"summary_large_image\" \/>\n<meta name=\"twitter:label1\" content=\"Dur\u00e9e de lecture estim\u00e9e\" \/>\n\t<meta name=\"twitter:data1\" content=\"1 minute\" \/>\n<script type=\"application\/ld+json\" class=\"yoast-schema-graph\">{\"@context\":\"https:\\\/\\\/schema.org\",\"@graph\":[{\"@type\":\"WebPage\",\"@id\":\"https:\\\/\\\/masterproducts.store\\\/fr\\\/producto\\\/cooling-kit-co2-dry-200\\\/\",\"url\":\"https:\\\/\\\/masterproducts.store\\\/fr\\\/producto\\\/cooling-kit-co2-dry-200\\\/\",\"name\":\"Cooling Kit CO2 Dry 200 \u2013 Am\u00e9liorez l\u2019extraction du pollen gr\u00e2ce au refroidissement - Master Products Store\",\"isPartOf\":{\"@id\":\"https:\\\/\\\/masterproducts.store\\\/fr\\\/#website\"},\"primaryImageOfPage\":{\"@id\":\"https:\\\/\\\/masterproducts.store\\\/fr\\\/producto\\\/cooling-kit-co2-dry-200\\\/#primaryimage\"},\"image\":{\"@id\":\"https:\\\/\\\/masterproducts.store\\\/fr\\\/producto\\\/cooling-kit-co2-dry-200\\\/#primaryimage\"},\"thumbnailUrl\":\"https:\\\/\\\/masterproducts.store\\\/wp-content\\\/uploads\\\/2025\\\/11\\\/3.webp\",\"datePublished\":\"2025-12-01T15:34:51+00:00\",\"dateModified\":\"2025-12-10T10:02:15+00:00\",\"description\":\"Ajoutez le Cooling Kit CO2 Dry 200 \u00e0 votre MT Dry 200 et am\u00e9liorez la qualit\u00e9 d\u2019extraction. Syst\u00e8me de refroidissement avec injection de CO2.\",\"breadcrumb\":{\"@id\":\"https:\\\/\\\/masterproducts.store\\\/fr\\\/producto\\\/cooling-kit-co2-dry-200\\\/#breadcrumb\"},\"inLanguage\":\"fr-FR\",\"potentialAction\":[{\"@type\":\"ReadAction\",\"target\":[\"https:\\\/\\\/masterproducts.store\\\/fr\\\/producto\\\/cooling-kit-co2-dry-200\\\/\"]}]},{\"@type\":\"ImageObject\",\"inLanguage\":\"fr-FR\",\"@id\":\"https:\\\/\\\/masterproducts.store\\\/fr\\\/producto\\\/cooling-kit-co2-dry-200\\\/#primaryimage\",\"url\":\"https:\\\/\\\/masterproducts.store\\\/wp-content\\\/uploads\\\/2025\\\/11\\\/3.webp\",\"contentUrl\":\"https:\\\/\\\/masterproducts.store\\\/wp-content\\\/uploads\\\/2025\\\/11\\\/3.webp\",\"width\":1920,\"height\":1280},{\"@type\":\"BreadcrumbList\",\"@id\":\"https:\\\/\\\/masterproducts.store\\\/fr\\\/producto\\\/cooling-kit-co2-dry-200\\\/#breadcrumb\",\"itemListElement\":[{\"@type\":\"ListItem\",\"position\":1,\"name\":\"Portada\",\"item\":\"https:\\\/\\\/masterproducts.store\\\/fr\\\/\"},{\"@type\":\"ListItem\",\"position\":2,\"name\":\"Boutique\",\"item\":\"https:\\\/\\\/masterproducts.store\\\/fr\\\/boutique\\\/\"},{\"@type\":\"ListItem\",\"position\":3,\"name\":\"COOLING KIT CO2 DRY 200\"}]},{\"@type\":\"WebSite\",\"@id\":\"https:\\\/\\\/masterproducts.store\\\/fr\\\/#website\",\"url\":\"https:\\\/\\\/masterproducts.store\\\/fr\\\/\",\"name\":\"Master Products Store\",\"description\":\"Equipos de Poscosecha para cannabis, \u00a1A tu alcance!\",\"publisher\":{\"@id\":\"https:\\\/\\\/masterproducts.store\\\/fr\\\/#organization\"},\"potentialAction\":[{\"@type\":\"SearchAction\",\"target\":{\"@type\":\"EntryPoint\",\"urlTemplate\":\"https:\\\/\\\/masterproducts.store\\\/fr\\\/?s={search_term_string}\"},\"query-input\":{\"@type\":\"PropertyValueSpecification\",\"valueRequired\":true,\"valueName\":\"search_term_string\"}}],\"inLanguage\":\"fr-FR\"},{\"@type\":\"Organization\",\"@id\":\"https:\\\/\\\/masterproducts.store\\\/fr\\\/#organization\",\"name\":\"Master Products Store\",\"url\":\"https:\\\/\\\/masterproducts.store\\\/fr\\\/\",\"logo\":{\"@type\":\"ImageObject\",\"inLanguage\":\"fr-FR\",\"@id\":\"https:\\\/\\\/masterproducts.store\\\/fr\\\/#\\\/schema\\\/logo\\\/image\\\/\",\"url\":\"https:\\\/\\\/masterproducts.store\\\/wp-content\\\/uploads\\\/2024\\\/06\\\/MP-Logotip_png-1024x188-1.png\",\"contentUrl\":\"https:\\\/\\\/masterproducts.store\\\/wp-content\\\/uploads\\\/2024\\\/06\\\/MP-Logotip_png-1024x188-1.png\",\"width\":1024,\"height\":188,\"caption\":\"Master Products Store\"},\"image\":{\"@id\":\"https:\\\/\\\/masterproducts.store\\\/fr\\\/#\\\/schema\\\/logo\\\/image\\\/\"},\"sameAs\":[\"https:\\\/\\\/www.facebook.com\\\/masterproductsofficial\"]}]}<\/script>\n<!-- \/ Yoast SEO plugin. -->","yoast_head_json":{"title":"Cooling Kit CO2 Dry 200 \u2013 Am\u00e9liorez l\u2019extraction du pollen gr\u00e2ce au refroidissement - Master Products Store","description":"Ajoutez le Cooling Kit CO2 Dry 200 \u00e0 votre MT Dry 200 et am\u00e9liorez la qualit\u00e9 d\u2019extraction. Syst\u00e8me de refroidissement avec injection de CO2.","robots":{"index":"index","follow":"follow","max-snippet":"max-snippet:-1","max-image-preview":"max-image-preview:large","max-video-preview":"max-video-preview:-1"},"canonical":"https:\/\/masterproducts.store\/fr\/producto\/cooling-kit-co2-dry-200\/","og_locale":"fr_FR","og_type":"article","og_title":"Cooling Kit CO2 Dry 200 \u2013 Am\u00e9liorez l\u2019extraction du pollen gr\u00e2ce au refroidissement - Master Products Store","og_description":"Ajoutez le Cooling Kit CO2 Dry 200 \u00e0 votre MT Dry 200 et am\u00e9liorez la qualit\u00e9 d\u2019extraction. Syst\u00e8me de refroidissement avec injection de CO2.","og_url":"https:\/\/masterproducts.store\/fr\/producto\/cooling-kit-co2-dry-200\/","og_site_name":"Master Products Store","article_publisher":"https:\/\/www.facebook.com\/masterproductsofficial","article_modified_time":"2025-12-10T10:02:15+00:00","og_image":[{"width":1920,"height":1280,"url":"https:\/\/masterproducts.store\/wp-content\/uploads\/2025\/11\/3.webp","type":"image\/webp"}],"twitter_card":"summary_large_image","twitter_misc":{"Dur\u00e9e de lecture estim\u00e9e":"1 minute"},"schema":{"@context":"https:\/\/schema.org","@graph":[{"@type":"WebPage","@id":"https:\/\/masterproducts.store\/fr\/producto\/cooling-kit-co2-dry-200\/","url":"https:\/\/masterproducts.store\/fr\/producto\/cooling-kit-co2-dry-200\/","name":"Cooling Kit CO2 Dry 200 \u2013 Am\u00e9liorez l\u2019extraction du pollen gr\u00e2ce au refroidissement - Master Products Store","isPartOf":{"@id":"https:\/\/masterproducts.store\/fr\/#website"},"primaryImageOfPage":{"@id":"https:\/\/masterproducts.store\/fr\/producto\/cooling-kit-co2-dry-200\/#primaryimage"},"image":{"@id":"https:\/\/masterproducts.store\/fr\/producto\/cooling-kit-co2-dry-200\/#primaryimage"},"thumbnailUrl":"https:\/\/masterproducts.store\/wp-content\/uploads\/2025\/11\/3.webp","datePublished":"2025-12-01T15:34:51+00:00","dateModified":"2025-12-10T10:02:15+00:00","description":"Ajoutez le Cooling Kit CO2 Dry 200 \u00e0 votre MT Dry 200 et am\u00e9liorez la qualit\u00e9 d\u2019extraction. Syst\u00e8me de refroidissement avec injection de CO2.","breadcrumb":{"@id":"https:\/\/masterproducts.store\/fr\/producto\/cooling-kit-co2-dry-200\/#breadcrumb"},"inLanguage":"fr-FR","potentialAction":[{"@type":"ReadAction","target":["https:\/\/masterproducts.store\/fr\/producto\/cooling-kit-co2-dry-200\/"]}]},{"@type":"ImageObject","inLanguage":"fr-FR","@id":"https:\/\/masterproducts.store\/fr\/producto\/cooling-kit-co2-dry-200\/#primaryimage","url":"https:\/\/masterproducts.store\/wp-content\/uploads\/2025\/11\/3.webp","contentUrl":"https:\/\/masterproducts.store\/wp-content\/uploads\/2025\/11\/3.webp","width":1920,"height":1280},{"@type":"BreadcrumbList","@id":"https:\/\/masterproducts.store\/fr\/producto\/cooling-kit-co2-dry-200\/#breadcrumb","itemListElement":[{"@type":"ListItem","position":1,"name":"Portada","item":"https:\/\/masterproducts.store\/fr\/"},{"@type":"ListItem","position":2,"name":"Boutique","item":"https:\/\/masterproducts.store\/fr\/boutique\/"},{"@type":"ListItem","position":3,"name":"COOLING KIT CO2 DRY 200"}]},{"@type":"WebSite","@id":"https:\/\/masterproducts.store\/fr\/#website","url":"https:\/\/masterproducts.store\/fr\/","name":"Master Products Store","description":"Equipos de Poscosecha para cannabis, \u00a1A tu alcance!","publisher":{"@id":"https:\/\/masterproducts.store\/fr\/#organization"},"potentialAction":[{"@type":"SearchAction","target":{"@type":"EntryPoint","urlTemplate":"https:\/\/masterproducts.store\/fr\/?s={search_term_string}"},"query-input":{"@type":"PropertyValueSpecification","valueRequired":true,"valueName":"search_term_string"}}],"inLanguage":"fr-FR"},{"@type":"Organization","@id":"https:\/\/masterproducts.store\/fr\/#organization","name":"Master Products Store","url":"https:\/\/masterproducts.store\/fr\/","logo":{"@type":"ImageObject","inLanguage":"fr-FR","@id":"https:\/\/masterproducts.store\/fr\/#\/schema\/logo\/image\/","url":"https:\/\/masterproducts.store\/wp-content\/uploads\/2024\/06\/MP-Logotip_png-1024x188-1.png","contentUrl":"https:\/\/masterproducts.store\/wp-content\/uploads\/2024\/06\/MP-Logotip_png-1024x188-1.png","width":1024,"height":188,"caption":"Master Products Store"},"image":{"@id":"https:\/\/masterproducts.store\/fr\/#\/schema\/logo\/image\/"},"sameAs":["https:\/\/www.facebook.com\/masterproductsofficial"]}]}},"_links":{"self":[{"href":"https:\/\/masterproducts.store\/fr\/wp-json\/wp\/v2\/product\/3464","targetHints":{"allow":["GET"]}}],"collection":[{"href":"https:\/\/masterproducts.store\/fr\/wp-json\/wp\/v2\/product"}],"about":[{"href":"https:\/\/masterproducts.store\/fr\/wp-json\/wp\/v2\/types\/product"}],"replies":[{"embeddable":true,"href":"https:\/\/masterproducts.store\/fr\/wp-json\/wp\/v2\/comments?post=3464"}],"wp:featuredmedia":[{"embeddable":true,"href":"https:\/\/masterproducts.store\/fr\/wp-json\/wp\/v2\/media\/3371"}],"wp:attachment":[{"href":"https:\/\/masterproducts.store\/fr\/wp-json\/wp\/v2\/media?parent=3464"}],"wp:term":[{"taxonomy":"product_brand","embeddable":true,"href":"https:\/\/masterproducts.store\/fr\/wp-json\/wp\/v2\/product_brand?post=3464"},{"taxonomy":"product_cat","embeddable":true,"href":"https:\/\/masterproducts.store\/fr\/wp-json\/wp\/v2\/product_cat?post=3464"},{"taxonomy":"product_tag","embeddable":true,"href":"https:\/\/masterproducts.store\/fr\/wp-json\/wp\/v2\/product_tag?post=3464"}],"curies":[{"name":"wp","href":"https:\/\/api.w.org\/{rel}","templated":true}]}}