{"id":3473,"date":"2025-12-01T16:34:54","date_gmt":"2025-12-01T15:34:54","guid":{"rendered":"https:\/\/masterproducts.store\/?post_type=product&#038;p=3473"},"modified":"2025-12-10T10:37:40","modified_gmt":"2025-12-10T09:37:40","slug":"kit-mailles-micrometriques-pour-tambour-pollen-mtd200","status":"publish","type":"product","link":"https:\/\/masterproducts.store\/fr\/producto\/kit-mailles-micrometriques-pour-tambour-pollen-mtd200\/","title":{"rendered":"KIT DE MAILLES MICROM\u00c9TRIQUES POUR TAMBOUR \u00c0 POLLEN MT DRY 200"},"content":{"rendered":"<p data-start=\"34\" data-end=\"225\">Kit de mailles microm\u00e9triques pour tambour \u00e0 pollen fabriqu\u00e9 en acier inoxydable. Possibilit\u00e9 de remplacer les mailles individuellement et d\u2019ajuster leur micronnage selon votre produit.<\/p>\n<p data-start=\"227\" data-end=\"645\" data-is-last-node=\"\" data-is-only-node=\"\">Utilisez la MT Dry 200 comme extracteur de pollen simplement en changeant le tambour et pr\u00e9parez votre Dry Sift facilement et rapidement. Sa structure hexagonale permet un mouvement de rotation plus efficace, permettant aux fleurs de cannabis d\u2019entrer en contact de mani\u00e8re plus directe et ferme. Ce design optimise l\u2019extraction et la collecte des trichomes, garantissant une production de pollen de haute qualit\u00e9.<\/p>\n","protected":false},"excerpt":{"rendered":"<p>Kit de mailles microm\u00e9triques pour tambour \u00e0 pollen fabriqu\u00e9 en acier inoxydable. Possibilit\u00e9 de remplacer les mailles individuellement et d\u2019ajuster leur micronnage selon votre produit. Utilisez la MT Dry 200 comme extracteur de pollen simplement en changeant le tambour et pr\u00e9parez votre Dry Sift facilement et rapidement. Sa structure hexagonale permet un mouvement de rotation&#8230;<\/p>\n","protected":false},"featured_media":3328,"comment_status":"open","ping_status":"closed","template":"","meta":[],"product_brand":[],"product_cat":[117],"product_tag":[436],"class_list":{"0":"post-3473","1":"product","2":"type-product","3":"status-publish","4":"has-post-thumbnail","6":"product_cat-accessoires","7":"product_tag-mt-dry-200","8":"pa_microns-120-fr","9":"pa_microns-150-fr","10":"pa_microns-280-fr","11":"pa_microns-45-fr","12":"pa_microns-90-fr","14":"first","15":"instock","16":"taxable","17":"shipping-taxable","18":"purchasable","19":"product-type-variable"},"yoast_head":"<!-- This site is optimized with the Yoast SEO plugin v27.5 - https:\/\/yoast.com\/product\/yoast-seo-wordpress\/ -->\n<title>Kit de Mailles Tambour Pollen MT Dry 200 | Mailles inox microm\u00e9triques interchangeables - Master Products Store<\/title>\n<meta name=\"description\" content=\"Kit de mailles en acier inox microm\u00e9trique pour MT Dry 200. Remplacement individuel pour une extraction de pollen plus pr\u00e9cise et performante.\" \/>\n<meta name=\"robots\" content=\"index, follow, max-snippet:-1, max-image-preview:large, max-video-preview:-1\" \/>\n<link rel=\"canonical\" href=\"https:\/\/masterproducts.store\/fr\/producto\/kit-mailles-micrometriques-pour-tambour-pollen-mtd200\/\" \/>\n<meta property=\"og:locale\" content=\"fr_FR\" \/>\n<meta property=\"og:type\" content=\"article\" \/>\n<meta property=\"og:title\" content=\"Kit de Mailles Tambour Pollen MT Dry 200 | Mailles inox microm\u00e9triques interchangeables - Master Products Store\" \/>\n<meta property=\"og:description\" content=\"Kit de mailles en acier inox microm\u00e9trique pour MT Dry 200. Remplacement individuel pour une extraction de pollen plus pr\u00e9cise et performante.\" \/>\n<meta property=\"og:url\" content=\"https:\/\/masterproducts.store\/fr\/producto\/kit-mailles-micrometriques-pour-tambour-pollen-mtd200\/\" \/>\n<meta property=\"og:site_name\" content=\"Master Products Store\" \/>\n<meta property=\"article:publisher\" content=\"https:\/\/www.facebook.com\/masterproductsofficial\" \/>\n<meta property=\"article:modified_time\" content=\"2025-12-10T09:37:40+00:00\" \/>\n<meta property=\"og:image\" content=\"https:\/\/masterproducts.store\/wp-content\/uploads\/2025\/11\/Microns_MT-Dry-200.webp\" \/>\n\t<meta property=\"og:image:width\" content=\"1240\" \/>\n\t<meta property=\"og:image:height\" content=\"1920\" \/>\n\t<meta property=\"og:image:type\" content=\"image\/webp\" \/>\n<meta name=\"twitter:card\" content=\"summary_large_image\" \/>\n<meta name=\"twitter:label1\" content=\"Dur\u00e9e de lecture estim\u00e9e\" \/>\n\t<meta name=\"twitter:data1\" content=\"1 minute\" \/>\n<script type=\"application\/ld+json\" class=\"yoast-schema-graph\">{\"@context\":\"https:\\\/\\\/schema.org\",\"@graph\":[{\"@type\":\"WebPage\",\"@id\":\"https:\\\/\\\/masterproducts.store\\\/fr\\\/producto\\\/kit-mailles-micrometriques-pour-tambour-pollen-mtd200\\\/\",\"url\":\"https:\\\/\\\/masterproducts.store\\\/fr\\\/producto\\\/kit-mailles-micrometriques-pour-tambour-pollen-mtd200\\\/\",\"name\":\"Kit de Mailles Tambour Pollen MT Dry 200 | Mailles inox microm\u00e9triques interchangeables - Master Products Store\",\"isPartOf\":{\"@id\":\"https:\\\/\\\/masterproducts.store\\\/fr\\\/#website\"},\"primaryImageOfPage\":{\"@id\":\"https:\\\/\\\/masterproducts.store\\\/fr\\\/producto\\\/kit-mailles-micrometriques-pour-tambour-pollen-mtd200\\\/#primaryimage\"},\"image\":{\"@id\":\"https:\\\/\\\/masterproducts.store\\\/fr\\\/producto\\\/kit-mailles-micrometriques-pour-tambour-pollen-mtd200\\\/#primaryimage\"},\"thumbnailUrl\":\"https:\\\/\\\/masterproducts.store\\\/wp-content\\\/uploads\\\/2025\\\/11\\\/Microns_MT-Dry-200.webp\",\"datePublished\":\"2025-12-01T15:34:54+00:00\",\"dateModified\":\"2025-12-10T09:37:40+00:00\",\"description\":\"Kit de mailles en acier inox microm\u00e9trique pour MT Dry 200. Remplacement individuel pour une extraction de pollen plus pr\u00e9cise et performante.\",\"breadcrumb\":{\"@id\":\"https:\\\/\\\/masterproducts.store\\\/fr\\\/producto\\\/kit-mailles-micrometriques-pour-tambour-pollen-mtd200\\\/#breadcrumb\"},\"inLanguage\":\"fr-FR\",\"potentialAction\":[{\"@type\":\"ReadAction\",\"target\":[\"https:\\\/\\\/masterproducts.store\\\/fr\\\/producto\\\/kit-mailles-micrometriques-pour-tambour-pollen-mtd200\\\/\"]}]},{\"@type\":\"ImageObject\",\"inLanguage\":\"fr-FR\",\"@id\":\"https:\\\/\\\/masterproducts.store\\\/fr\\\/producto\\\/kit-mailles-micrometriques-pour-tambour-pollen-mtd200\\\/#primaryimage\",\"url\":\"https:\\\/\\\/masterproducts.store\\\/wp-content\\\/uploads\\\/2025\\\/11\\\/Microns_MT-Dry-200.webp\",\"contentUrl\":\"https:\\\/\\\/masterproducts.store\\\/wp-content\\\/uploads\\\/2025\\\/11\\\/Microns_MT-Dry-200.webp\",\"width\":1240,\"height\":1920},{\"@type\":\"BreadcrumbList\",\"@id\":\"https:\\\/\\\/masterproducts.store\\\/fr\\\/producto\\\/kit-mailles-micrometriques-pour-tambour-pollen-mtd200\\\/#breadcrumb\",\"itemListElement\":[{\"@type\":\"ListItem\",\"position\":1,\"name\":\"Portada\",\"item\":\"https:\\\/\\\/masterproducts.store\\\/fr\\\/\"},{\"@type\":\"ListItem\",\"position\":2,\"name\":\"Boutique\",\"item\":\"https:\\\/\\\/masterproducts.store\\\/fr\\\/boutique\\\/\"},{\"@type\":\"ListItem\",\"position\":3,\"name\":\"KIT DE MAILLES MICROM\u00c9TRIQUES POUR TAMBOUR \u00c0 POLLEN MT DRY 200\"}]},{\"@type\":\"WebSite\",\"@id\":\"https:\\\/\\\/masterproducts.store\\\/fr\\\/#website\",\"url\":\"https:\\\/\\\/masterproducts.store\\\/fr\\\/\",\"name\":\"Master Products Store\",\"description\":\"Equipos de Poscosecha para cannabis, \u00a1A tu alcance!\",\"publisher\":{\"@id\":\"https:\\\/\\\/masterproducts.store\\\/fr\\\/#organization\"},\"potentialAction\":[{\"@type\":\"SearchAction\",\"target\":{\"@type\":\"EntryPoint\",\"urlTemplate\":\"https:\\\/\\\/masterproducts.store\\\/fr\\\/?s={search_term_string}\"},\"query-input\":{\"@type\":\"PropertyValueSpecification\",\"valueRequired\":true,\"valueName\":\"search_term_string\"}}],\"inLanguage\":\"fr-FR\"},{\"@type\":\"Organization\",\"@id\":\"https:\\\/\\\/masterproducts.store\\\/fr\\\/#organization\",\"name\":\"Master Products Store\",\"url\":\"https:\\\/\\\/masterproducts.store\\\/fr\\\/\",\"logo\":{\"@type\":\"ImageObject\",\"inLanguage\":\"fr-FR\",\"@id\":\"https:\\\/\\\/masterproducts.store\\\/fr\\\/#\\\/schema\\\/logo\\\/image\\\/\",\"url\":\"https:\\\/\\\/masterproducts.store\\\/wp-content\\\/uploads\\\/2024\\\/06\\\/MP-Logotip_png-1024x188-1.png\",\"contentUrl\":\"https:\\\/\\\/masterproducts.store\\\/wp-content\\\/uploads\\\/2024\\\/06\\\/MP-Logotip_png-1024x188-1.png\",\"width\":1024,\"height\":188,\"caption\":\"Master Products Store\"},\"image\":{\"@id\":\"https:\\\/\\\/masterproducts.store\\\/fr\\\/#\\\/schema\\\/logo\\\/image\\\/\"},\"sameAs\":[\"https:\\\/\\\/www.facebook.com\\\/masterproductsofficial\"]}]}<\/script>\n<!-- \/ Yoast SEO plugin. -->","yoast_head_json":{"title":"Kit de Mailles Tambour Pollen MT Dry 200 | Mailles inox microm\u00e9triques interchangeables - Master Products Store","description":"Kit de mailles en acier inox microm\u00e9trique pour MT Dry 200. Remplacement individuel pour une extraction de pollen plus pr\u00e9cise et performante.","robots":{"index":"index","follow":"follow","max-snippet":"max-snippet:-1","max-image-preview":"max-image-preview:large","max-video-preview":"max-video-preview:-1"},"canonical":"https:\/\/masterproducts.store\/fr\/producto\/kit-mailles-micrometriques-pour-tambour-pollen-mtd200\/","og_locale":"fr_FR","og_type":"article","og_title":"Kit de Mailles Tambour Pollen MT Dry 200 | Mailles inox microm\u00e9triques interchangeables - Master Products Store","og_description":"Kit de mailles en acier inox microm\u00e9trique pour MT Dry 200. Remplacement individuel pour une extraction de pollen plus pr\u00e9cise et performante.","og_url":"https:\/\/masterproducts.store\/fr\/producto\/kit-mailles-micrometriques-pour-tambour-pollen-mtd200\/","og_site_name":"Master Products Store","article_publisher":"https:\/\/www.facebook.com\/masterproductsofficial","article_modified_time":"2025-12-10T09:37:40+00:00","og_image":[{"width":1240,"height":1920,"url":"https:\/\/masterproducts.store\/wp-content\/uploads\/2025\/11\/Microns_MT-Dry-200.webp","type":"image\/webp"}],"twitter_card":"summary_large_image","twitter_misc":{"Dur\u00e9e de lecture estim\u00e9e":"1 minute"},"schema":{"@context":"https:\/\/schema.org","@graph":[{"@type":"WebPage","@id":"https:\/\/masterproducts.store\/fr\/producto\/kit-mailles-micrometriques-pour-tambour-pollen-mtd200\/","url":"https:\/\/masterproducts.store\/fr\/producto\/kit-mailles-micrometriques-pour-tambour-pollen-mtd200\/","name":"Kit de Mailles Tambour Pollen MT Dry 200 | Mailles inox microm\u00e9triques interchangeables - Master Products Store","isPartOf":{"@id":"https:\/\/masterproducts.store\/fr\/#website"},"primaryImageOfPage":{"@id":"https:\/\/masterproducts.store\/fr\/producto\/kit-mailles-micrometriques-pour-tambour-pollen-mtd200\/#primaryimage"},"image":{"@id":"https:\/\/masterproducts.store\/fr\/producto\/kit-mailles-micrometriques-pour-tambour-pollen-mtd200\/#primaryimage"},"thumbnailUrl":"https:\/\/masterproducts.store\/wp-content\/uploads\/2025\/11\/Microns_MT-Dry-200.webp","datePublished":"2025-12-01T15:34:54+00:00","dateModified":"2025-12-10T09:37:40+00:00","description":"Kit de mailles en acier inox microm\u00e9trique pour MT Dry 200. Remplacement individuel pour une extraction de pollen plus pr\u00e9cise et performante.","breadcrumb":{"@id":"https:\/\/masterproducts.store\/fr\/producto\/kit-mailles-micrometriques-pour-tambour-pollen-mtd200\/#breadcrumb"},"inLanguage":"fr-FR","potentialAction":[{"@type":"ReadAction","target":["https:\/\/masterproducts.store\/fr\/producto\/kit-mailles-micrometriques-pour-tambour-pollen-mtd200\/"]}]},{"@type":"ImageObject","inLanguage":"fr-FR","@id":"https:\/\/masterproducts.store\/fr\/producto\/kit-mailles-micrometriques-pour-tambour-pollen-mtd200\/#primaryimage","url":"https:\/\/masterproducts.store\/wp-content\/uploads\/2025\/11\/Microns_MT-Dry-200.webp","contentUrl":"https:\/\/masterproducts.store\/wp-content\/uploads\/2025\/11\/Microns_MT-Dry-200.webp","width":1240,"height":1920},{"@type":"BreadcrumbList","@id":"https:\/\/masterproducts.store\/fr\/producto\/kit-mailles-micrometriques-pour-tambour-pollen-mtd200\/#breadcrumb","itemListElement":[{"@type":"ListItem","position":1,"name":"Portada","item":"https:\/\/masterproducts.store\/fr\/"},{"@type":"ListItem","position":2,"name":"Boutique","item":"https:\/\/masterproducts.store\/fr\/boutique\/"},{"@type":"ListItem","position":3,"name":"KIT DE MAILLES MICROM\u00c9TRIQUES POUR TAMBOUR \u00c0 POLLEN MT DRY 200"}]},{"@type":"WebSite","@id":"https:\/\/masterproducts.store\/fr\/#website","url":"https:\/\/masterproducts.store\/fr\/","name":"Master Products Store","description":"Equipos de Poscosecha para cannabis, \u00a1A tu alcance!","publisher":{"@id":"https:\/\/masterproducts.store\/fr\/#organization"},"potentialAction":[{"@type":"SearchAction","target":{"@type":"EntryPoint","urlTemplate":"https:\/\/masterproducts.store\/fr\/?s={search_term_string}"},"query-input":{"@type":"PropertyValueSpecification","valueRequired":true,"valueName":"search_term_string"}}],"inLanguage":"fr-FR"},{"@type":"Organization","@id":"https:\/\/masterproducts.store\/fr\/#organization","name":"Master Products Store","url":"https:\/\/masterproducts.store\/fr\/","logo":{"@type":"ImageObject","inLanguage":"fr-FR","@id":"https:\/\/masterproducts.store\/fr\/#\/schema\/logo\/image\/","url":"https:\/\/masterproducts.store\/wp-content\/uploads\/2024\/06\/MP-Logotip_png-1024x188-1.png","contentUrl":"https:\/\/masterproducts.store\/wp-content\/uploads\/2024\/06\/MP-Logotip_png-1024x188-1.png","width":1024,"height":188,"caption":"Master Products Store"},"image":{"@id":"https:\/\/masterproducts.store\/fr\/#\/schema\/logo\/image\/"},"sameAs":["https:\/\/www.facebook.com\/masterproductsofficial"]}]}},"_links":{"self":[{"href":"https:\/\/masterproducts.store\/fr\/wp-json\/wp\/v2\/product\/3473","targetHints":{"allow":["GET"]}}],"collection":[{"href":"https:\/\/masterproducts.store\/fr\/wp-json\/wp\/v2\/product"}],"about":[{"href":"https:\/\/masterproducts.store\/fr\/wp-json\/wp\/v2\/types\/product"}],"replies":[{"embeddable":true,"href":"https:\/\/masterproducts.store\/fr\/wp-json\/wp\/v2\/comments?post=3473"}],"wp:featuredmedia":[{"embeddable":true,"href":"https:\/\/masterproducts.store\/fr\/wp-json\/wp\/v2\/media\/3328"}],"wp:attachment":[{"href":"https:\/\/masterproducts.store\/fr\/wp-json\/wp\/v2\/media?parent=3473"}],"wp:term":[{"taxonomy":"product_brand","embeddable":true,"href":"https:\/\/masterproducts.store\/fr\/wp-json\/wp\/v2\/product_brand?post=3473"},{"taxonomy":"product_cat","embeddable":true,"href":"https:\/\/masterproducts.store\/fr\/wp-json\/wp\/v2\/product_cat?post=3473"},{"taxonomy":"product_tag","embeddable":true,"href":"https:\/\/masterproducts.store\/fr\/wp-json\/wp\/v2\/product_tag?post=3473"}],"curies":[{"name":"wp","href":"https:\/\/api.w.org\/{rel}","templated":true}]}}