{"id":784,"date":"2024-06-03T11:00:39","date_gmt":"2024-06-03T11:00:39","guid":{"rendered":"https:\/\/masterproducts.store\/product\/mt-pocket\/"},"modified":"2025-04-07T15:47:09","modified_gmt":"2025-04-07T13:47:09","slug":"mt-pocket","status":"publish","type":"product","link":"https:\/\/masterproducts.store\/fr\/producto\/mt-pocket\/","title":{"rendered":"MT POCKET"},"content":{"rendered":"<section class=\"l-section wpb_row height_medium\"><div class=\"l-section-h i-cf\"><div class=\"g-cols vc_row via_grid cols_1 laptops-cols_inherit tablets-cols_inherit mobiles-cols_1 valign_top type_default stacking_default\"><div class=\"wpb_column vc_column_container\"><div class=\"vc_column-inner\"><nav class=\"g-breadcrumbs separator_custom align_none\" itemscope itemtype=\"http:\/\/schema.org\/BreadcrumbList\"><div class=\"g-breadcrumbs-item\" itemscope itemprop=\"itemListElement\" itemtype=\"http:\/\/schema.org\/ListItem\"><a itemprop=\"item\" href=\"https:\/\/masterproducts.store\/fr\/\"><span itemprop=\"name\">Accueil<\/span><\/a><meta itemprop=\"position\" content=\"1\"\/><\/div><div class=\"g-breadcrumbs-separator\">\/<\/div><div class=\"g-breadcrumbs-item\">Pages<\/div><\/nav><div class=\"w-separator size_small\"><\/div><h1 class=\"w-post-elm post_title entry-title color_link_inherit\">MT POCKET<\/h1><div class=\"w-separator size_small\"><\/div><div class=\"wpb_text_column\"><div class=\"wpb_wrapper\"><h2 class=\"titulo-slider-destacado\">LA PLUS PETITE DES TRIMEUSES<\/h2>\n<\/div><\/div><div class=\"w-separator size_medium\"><\/div><div class=\"wpb_text_column\"><div class=\"wpb_wrapper\"><p>La plus petite de la famille, fabriqu\u00e9e en acier inoxydable et d\u2019un diam\u00e8tre de 25cm , est con\u00e7ue pour transformer rapidement n\u2019importe quel espace en salle de trimage. Son syst\u00e8me d\u2019ancrage lui permet d\u2019\u00eatre fix\u00e9e \u00e0 n\u2019importe quelle table sans vis ni outils.<\/p>\n<p>La MT Pocket est capable de traiter 4 kg\/h de fleurs fra\u00eeches avec une qualit\u00e9 de coupe \u00e9lev\u00e9e, ce qui lui permet d\u2019effectuer le travail \u00e9quivalent \u00e0 3 personnes.<\/p>\n<p>Avec la MT Pocket, vous obtenez un r\u00e9sultat professionnel sans vous soucier du bruit : malgr\u00e9 sa puissance, la MT Pocket est silencieuse, son niveau sonore n\u2019est que de 70 d\u00e9cibels.<\/p>\n<\/div><\/div><\/div><\/div><\/div><\/div><\/section><section class=\"l-section wpb_row us_custom_85c922cc height_small\"><div class=\"l-section-h i-cf\"><div class=\"g-cols vc_row via_grid cols_1 laptops-cols_inherit tablets-cols_inherit mobiles-cols_1 valign_top type_default stacking_default\"><div class=\"wpb_column vc_column_container\"><div class=\"vc_column-inner\"><div class=\"wpb_text_column us_custom_6df4bc3a has_text_color\"><div class=\"wpb_wrapper\"><h2 class=\"titulo-slider-destacado\" style=\"text-align: center; color: #fff;\"><strong>EFFEUILLESE EFFICACE EN 25 CM<\/strong><\/h2>\n<\/div><\/div><\/div><\/div><\/div><\/div><\/section><section class=\"l-section wpb_row us_custom_54635556 height_auto width_full\" id=\"descripcio\"><div class=\"l-section-h i-cf\"><div class=\"g-cols vc_row via_grid cols_1 laptops-cols_inherit tablets-cols_inherit mobiles-cols_1 valign_top type_boxes stacking_default\"><div class=\"wpb_column vc_column_container type_sticky\"><div class=\"vc_column-inner\"><div class=\"wpb_text_column\"><div class=\"wpb_wrapper\"><h3 style=\"text-align: left; font-size: 2rem;\"><strong>MT POCKET<\/strong><br \/>\n<span style=\"color: #d90613; font-weight: bold;\">Petite en taille, grande en performance.\u00a0<\/span><\/h3>\n<\/div><\/div><div class=\"w-separator size_small\"><\/div><div class=\"w-tabs style_default switch_click accordion has_scrolling\" style=\"--sections-title-size:inherit\"><div class=\"w-tabs-sections titles-align_none icon_chevron cpos_right\"><div class=\"w-tabs-section\" id=\"bdac\"><button class=\"w-tabs-section-header\" aria-controls=\"content-bdac\" aria-expanded=\"false\"><div class=\"w-tabs-section-title\">Description<\/div><div class=\"w-tabs-section-control\"><\/div><\/button><div  class=\"w-tabs-section-content\" id=\"content-bdac\"><div class=\"w-tabs-section-content-h i-cf\"><div class=\"wpb_text_column cos\"><div class=\"wpb_wrapper\"><p>\u00b7 2 lames en acier tremp\u00e9 r\u00e9glables en hauteur avec rev\u00eatement antiadh\u00e9sif.<\/p>\n<p>\u00b7 Fabriqu\u00e9e en acier inoxydable, sans aucun type de peinture.<\/p>\n<p>\u00b7 Travail \u00e9quivalent \u00e0 3 op\u00e9rateurs.<\/p>\n<p>\u00b7 Deux grilles incluses, interchangeables sans outils.<\/p>\n<p>\u00b7 Sac en tissu microperfor\u00e9 pour la collecte des feuilles.<\/p>\n<p>\u00b7 Extr\u00eamement silencieuse.<\/p>\n<p>\u00b7 Fixation facile sur n\u2019importe quelle table sans n\u00e9cessit\u00e9 de vis ou de trous.<\/p>\n<p>\u00b7 Enti\u00e8rement d\u00e9montable en quelques secondes.<\/p>\n<p>\u00b7 Poids total de seulement 5 kg.<\/p>\n<\/div><\/div><div class=\"w-separator size_custom\" style=\"height:15px\"><\/div><div class=\"g-cols wpb_row via_grid cols_4 laptops-cols_inherit tablets-cols_inherit mobiles-cols_1 valign_top type_default\" style=\"--gap:3rem;\"><div class=\"wpb_column vc_column_container\"><div class=\"vc_column-inner\"><style>\r\n        .production-card-container .text1 {\r\n            font-size: 5rem;\r\n            text-decoration: none;\r\n            text-transform: none;\r\n            line-height: 0.8;\r\n            color:#000;\r\n            font-weight:900;\r\n        }\r\n        a.production-card-holder {\r\n            text-decoration: none;\r\n            color:#000;\r\n        }\r\n        .production-card-footer{\r\n            font-size:1.2rem;\r\n            text-align:center;\r\n\t\t\tfont-weight:700;\r\n        }\r\n         a.production-card-holder:hover{\r\n            color:#000;\r\n        }\r\n        .production-card-head {\r\n            display: flex;\r\n            align-items: flex-end;\r\n            gap:4px;\r\n            justify-content: center;\r\n        }\r\n\t\t@media only screen and (max-width: 1500px) {\r\n\t\t.production-card-container .text1 {\r\n            font-size: 4rem;\r\n        }\r\n\t\t}\r\n    <\/style><a class=\"production-card-holder\">\r\n        <div class=\"production-card-container\">\r\n            <div class=\"production-card-head\">\r\n                <div class=\"image1\">\r\n                    <img decoding=\"async\" src=\"https:\/\/masterproducts.store\/wp-content\/uploads\/2024\/07\/pro-people.png\"\/>\r\n                <\/div>\r\n                <div class=\"text1\">3<\/div>\r\n                <div class=\"image2\">\r\n                    <img decoding=\"async\" src=\"https:\/\/masterproducts.store\/wp-content\/uploads\/2024\/07\/pers.png\"\/>\r\n                <\/div>\r\n            <\/div>\r\n            <div class=\"production-card-footer\">\u00c9QUIVALENT<\/div>\r\n        <\/div>\r\n    <\/a><\/div><\/div><div class=\"wpb_column vc_column_container\"><div class=\"vc_column-inner\"><style>\r\n        .production-card-container .text1 {\r\n            font-size: 5rem;\r\n            text-decoration: none;\r\n            text-transform: none;\r\n            line-height: 0.8;\r\n            color:#000;\r\n            font-weight:900;\r\n        }\r\n        a.production-card-holder {\r\n            text-decoration: none;\r\n            color:#000;\r\n        }\r\n        .production-card-footer{\r\n            font-size:1.2rem;\r\n            text-align:center;\r\n\t\t\tfont-weight:700;\r\n        }\r\n         a.production-card-holder:hover{\r\n            color:#000;\r\n        }\r\n        .production-card-head {\r\n            display: flex;\r\n            align-items: flex-end;\r\n            gap:4px;\r\n            justify-content: center;\r\n        }\r\n\t\t@media only screen and (max-width: 1500px) {\r\n\t\t.production-card-container .text1 {\r\n            font-size: 4rem;\r\n        }\r\n\t\t}\r\n    <\/style><a class=\"production-card-holder\">\r\n        <div class=\"production-card-container\">\r\n            <div class=\"production-card-head\">\r\n                <div class=\"image1\">\r\n                    <img decoding=\"async\" src=\"https:\/\/masterproducts.store\/wp-content\/uploads\/2024\/06\/kg-h-prof.png\"\/>\r\n                <\/div>\r\n                <div class=\"text1\">4<\/div>\r\n                <div class=\"image2\">\r\n                    <img decoding=\"async\" src=\"https:\/\/masterproducts.store\/wp-content\/uploads\/2024\/06\/kg-h.png\"\/>\r\n                <\/div>\r\n            <\/div>\r\n            <div class=\"production-card-footer\">PRODUCTION<\/div>\r\n        <\/div>\r\n    <\/a><\/div><\/div><div class=\"wpb_column vc_column_container\"><div class=\"vc_column-inner\"><div class=\"w-iconbox iconpos_top style_default color_primary align_center no_text icontype_img\"><a target=\"_blank\" rel=\"nofollow\" href=\"https:\/\/masterproducts.es\/wp-content\/uploads\/2023\/01\/MT-POCKET-FT-ESP263.pdf\" class=\"w-iconbox-link\" aria-label=\"Sp\u00e9cifications techniques\"><div class=\"w-iconbox-icon\" style=\"font-size:5rem;\"><img loading=\"lazy\" decoding=\"async\" width=\"512\" height=\"382\" src=\"https:\/\/masterproducts.store\/wp-content\/uploads\/2024\/06\/logo-pdf-1.png\" class=\"attachment-full size-full\" alt=\"\" srcset=\"https:\/\/masterproducts.store\/wp-content\/uploads\/2024\/06\/logo-pdf-1.png 512w, https:\/\/masterproducts.store\/wp-content\/uploads\/2024\/06\/logo-pdf-1-300x224.png 300w\" sizes=\"auto, (max-width: 512px) 100vw, 512px\" \/><\/div><\/a><div class=\"w-iconbox-meta\"><a target=\"_blank\" rel=\"nofollow\" href=\"https:\/\/masterproducts.es\/wp-content\/uploads\/2023\/01\/MT-POCKET-FT-ESP263.pdf\" class=\"w-iconbox-link\" aria-label=\"Sp\u00e9cifications techniques\"><span class=\"w-iconbox-title\">Sp\u00e9cifications techniques<\/span><\/a><\/div><\/div><\/div><\/div><div class=\"wpb_column vc_column_container\"><div class=\"vc_column-inner\"><div class=\"w-iconbox iconpos_top style_default color_primary align_center no_text icontype_img\"><a target=\"_blank\" rel=\"nofollow\" href=\"https:\/\/masterproducts.es\/wp-content\/uploads\/2023\/01\/CMP-1464-00-B746.pdf\" class=\"w-iconbox-link\" aria-label=\"Manuel de l\u2019utilisateur\"><div class=\"w-iconbox-icon\" style=\"font-size:5rem;\"><img loading=\"lazy\" decoding=\"async\" width=\"512\" height=\"382\" src=\"https:\/\/masterproducts.store\/wp-content\/uploads\/2024\/06\/logo-pdf-1.png\" class=\"attachment-full size-full\" alt=\"\" srcset=\"https:\/\/masterproducts.store\/wp-content\/uploads\/2024\/06\/logo-pdf-1.png 512w, https:\/\/masterproducts.store\/wp-content\/uploads\/2024\/06\/logo-pdf-1-300x224.png 300w\" sizes=\"auto, (max-width: 512px) 100vw, 512px\" \/><\/div><\/a><div class=\"w-iconbox-meta\"><a target=\"_blank\" rel=\"nofollow\" href=\"https:\/\/masterproducts.es\/wp-content\/uploads\/2023\/01\/CMP-1464-00-B746.pdf\" class=\"w-iconbox-link\" aria-label=\"Manuel de l\u2019utilisateur\"><span class=\"w-iconbox-title\">Manuel de l\u2019utilisateur<\/span><\/a><\/div><\/div><\/div><\/div><\/div><\/div><\/div><\/div><div class=\"w-tabs-section\" id=\"s4f3\"><button class=\"w-tabs-section-header\" aria-controls=\"content-s4f3\" aria-expanded=\"false\"><div class=\"w-tabs-section-title\">Donn\u00e9es techniques<\/div><div class=\"w-tabs-section-control\"><\/div><\/button><div  class=\"w-tabs-section-content\" id=\"content-s4f3\"><div class=\"w-tabs-section-content-h i-cf\"><div class=\"wpb_text_column cos\"><div class=\"wpb_wrapper\"><table class=\"table is-fullwidth has-poppins p-6\" data-v-78f6ea54=\"\">\n<tbody data-v-78f6ea54=\"\">\n<tr data-v-78f6ea54=\"\">\n<td data-v-78f6ea54=\"\"><b class=\"has-poppins\" data-v-78f6ea54=\"\">Connexion \u00e9lectrique<\/b><\/td>\n<td data-v-78f6ea54=\"\">230 V 50\/60 Hz<\/td>\n<\/tr>\n<tr data-v-78f6ea54=\"\">\n<td data-v-78f6ea54=\"\"><b class=\"has-poppins\" data-v-78f6ea54=\"\">Puissance du moteur<\/b><\/td>\n<td data-v-78f6ea54=\"\">120 W<\/td>\n<\/tr>\n<tr data-v-78f6ea54=\"\">\n<td data-v-78f6ea54=\"\"><b class=\"has-poppins\" data-v-78f6ea54=\"\">Poids<\/b><\/td>\n<td data-v-78f6ea54=\"\">5 kg<\/td>\n<\/tr>\n<tr data-v-78f6ea54=\"\">\n<td data-v-78f6ea54=\"\"><b class=\"has-poppins\" data-v-78f6ea54=\"\">Dimensions de la machine<\/b><\/td>\n<td data-v-78f6ea54=\"\">35 x 25 x 20 cm<\/td>\n<\/tr>\n<tr data-v-78f6ea54=\"\">\n<td data-v-78f6ea54=\"\"><b class=\"has-poppins\" data-v-78f6ea54=\"\">Dimensions de l\u2019emballage<\/b><\/td>\n<td data-v-78f6ea54=\"\">35 x 27 x 24 cm<\/td>\n<\/tr>\n<tr data-v-78f6ea54=\"\">\n<td data-v-78f6ea54=\"\"><b class=\"has-poppins\" data-v-78f6ea54=\"\">Productivit\u00e9 en humide<\/b><\/td>\n<td data-v-78f6ea54=\"\">4 kg\/h<\/td>\n<\/tr>\n<tr data-v-78f6ea54=\"\">\n<td data-v-78f6ea54=\"\"><b class=\"has-poppins\" data-v-78f6ea54=\"\">Nombre de lames 2<\/b><\/td>\n<td data-v-78f6ea54=\"\">2 unit\u00e9s<\/td>\n<\/tr>\n<tr data-v-78f6ea54=\"\">\n<td data-v-78f6ea54=\"\"><b class=\"has-poppins\" data-v-78f6ea54=\"\">Nombre de lames 2<\/b><\/td>\n<td data-v-78f6ea54=\"\">22 cm<\/td>\n<\/tr>\n<tr data-v-78f6ea54=\"\">\n<td data-v-78f6ea54=\"\"><b class=\"has-poppins\" data-v-78f6ea54=\"\">Niveau sonore\/b&gt;<\/b><\/td>\n<td data-v-78f6ea54=\"\">70 dB<\/td>\n<\/tr>\n<tr data-v-78f6ea54=\"\">\n<td data-v-78f6ea54=\"\"><b class=\"has-poppins\" data-v-78f6ea54=\"\">Mat\u00e9riau de la machine<\/b><\/td>\n<td data-v-78f6ea54=\"\">Acier inoxydable<\/td>\n<\/tr>\n<tr data-v-78f6ea54=\"\">\n<td data-v-78f6ea54=\"\"><b class=\"has-poppins\" data-v-78f6ea54=\"\">Auteur de la lame r\u00e9glable<\/b><\/td>\n<td data-v-78f6ea54=\"\">Oui<\/td>\n<\/tr>\n<tr data-v-78f6ea54=\"\">\n<td data-v-78f6ea54=\"\"><b class=\"has-poppins\" data-v-78f6ea54=\"\">Grille de 8 mm incluse<\/b><\/td>\n<td data-v-78f6ea54=\"\">Oui<\/td>\n<\/tr>\n<tr data-v-78f6ea54=\"\">\n<td data-v-78f6ea54=\"\"><b class=\"has-poppins\" data-v-78f6ea54=\"\">Grille de 10 mm inclus<\/b><\/td>\n<td data-v-78f6ea54=\"\">Oui<\/td>\n<\/tr>\n<tr data-v-78f6ea54=\"\">\n<td data-v-78f6ea54=\"\"><b class=\"has-poppins\" data-v-78f6ea54=\"\">Aspiration d&rsquo;air Oui<\/b><\/td>\n<td data-v-78f6ea54=\"\">Oui<\/td>\n<\/tr>\n<tr data-v-78f6ea54=\"\">\n<td data-v-78f6ea54=\"\"><b class=\"has-poppins\" data-v-78f6ea54=\"\">Garantie<\/b><\/td>\n<td data-v-78f6ea54=\"\">5 ans<\/td>\n<\/tr>\n<\/tbody>\n<\/table>\n<\/div><\/div><div class=\"w-separator size_small\"><\/div><\/div><\/div><\/div><\/div><\/div><div class=\"w-separator size_small\"><\/div><div class=\"w-hwrapper us_custom_ec6c63ac master-precio-banner valign_middle stack_on_mobiles align_center\"><p class=\"w-post-elm product_field price us_custom_9cbe97f1 has_text_color\"><span class=\"woocommerce-Price-amount amount\"><bdi>790,00&nbsp;<span class=\"woocommerce-Price-currencySymbol\">&euro;<\/span><\/bdi><\/span> <small class=\"woocommerce-price-suffix\">+ TVA<\/small><\/p><div class=\"w-post-elm add_to_cart us_custom_6df4bc3a has_text_color\">\n\t\n\t<form class=\"cart\" action=\"https:\/\/masterproducts.store\/fr\/producto\/mt-pocket\/\" method=\"post\" enctype='multipart\/form-data'>\n\t\t\n\t\t<div class=\"quantity\">\n\t\t<label class=\"screen-reader-text\" for=\"quantity_6a033967278a9\">quantit\u00e9 de MT POCKET<\/label>\n\t<input\n\t\ttype=\"number\"\n\t\t\t\tid=\"quantity_6a033967278a9\"\n\t\tclass=\"input-text qty text\"\n\t\tname=\"quantity\"\n\t\tvalue=\"1\"\n\t\taria-label=\"Quantit\u00e9 de produits\"\n\t\t\t\tmin=\"1\"\n\t\t\t\t\t\t\tstep=\"1\"\n\t\t\tplaceholder=\"\"\n\t\t\tinputmode=\"numeric\"\n\t\t\tautocomplete=\"off\"\n\t\t\t\/>\n\t<\/div>\n\n\t\t<button type=\"submit\" name=\"add-to-cart\" value=\"784\" class=\"single_add_to_cart_button button alt\">Ajouter au panier<\/button>\n\n\t\t\t<\/form>\n\n\t\n<div class=\"woocommerce-notices-wrapper\"><\/div><\/div><\/div><\/div><\/div><\/div><\/div><\/section>\n","protected":false},"excerpt":{"rendered":"Accueil\/PagesMT POCKET LA PLUS PETITE DES TRIMEUSES La plus petite de la famille, fabriqu\u00e9e en acier inoxydable et d\u2019un diam\u00e8tre de 25cm , est con\u00e7ue pour transformer rapidement n\u2019importe quel espace en salle de trimage. Son syst\u00e8me d\u2019ancrage lui permet d\u2019\u00eatre fix\u00e9e \u00e0 n\u2019importe quelle table sans vis ni outils. La MT Pocket est capable...","protected":false},"featured_media":3788,"comment_status":"open","ping_status":"closed","template":"","meta":[],"product_brand":[],"product_cat":[39],"product_tag":[],"class_list":{"0":"post-784","1":"product","2":"type-product","3":"status-publish","4":"has-post-thumbnail","6":"product_cat-professional-fr","8":"first","9":"instock","10":"taxable","11":"shipping-taxable","12":"purchasable","13":"product-type-simple"},"yoast_head":"<!-- This site is optimized with the Yoast SEO plugin v27.5 - https:\/\/yoast.com\/product\/yoast-seo-wordpress\/ -->\n<title>MT POCKET - Master Products Store<\/title>\n<meta name=\"robots\" content=\"index, follow, max-snippet:-1, max-image-preview:large, max-video-preview:-1\" \/>\n<link rel=\"canonical\" href=\"https:\/\/masterproducts.store\/fr\/producto\/mt-pocket\/\" \/>\n<meta property=\"og:locale\" content=\"fr_FR\" \/>\n<meta property=\"og:type\" content=\"article\" \/>\n<meta property=\"og:title\" content=\"MT POCKET - Master Products Store\" \/>\n<meta property=\"og:url\" content=\"https:\/\/masterproducts.store\/fr\/producto\/mt-pocket\/\" \/>\n<meta property=\"og:site_name\" content=\"Master Products Store\" \/>\n<meta property=\"article:publisher\" content=\"https:\/\/www.facebook.com\/masterproductsofficial\" \/>\n<meta property=\"article:modified_time\" content=\"2025-04-07T13:47:09+00:00\" \/>\n<meta property=\"og:image\" content=\"https:\/\/masterproducts.store\/wp-content\/uploads\/2024\/06\/0.webp\" \/>\n\t<meta property=\"og:image:width\" content=\"1000\" \/>\n\t<meta property=\"og:image:height\" content=\"1000\" \/>\n\t<meta property=\"og:image:type\" content=\"image\/webp\" \/>\n<meta name=\"twitter:card\" content=\"summary_large_image\" \/>\n<meta name=\"twitter:label1\" content=\"Dur\u00e9e de lecture estim\u00e9e\" \/>\n\t<meta name=\"twitter:data1\" content=\"3 minutes\" \/>\n<script type=\"application\/ld+json\" class=\"yoast-schema-graph\">{\"@context\":\"https:\\\/\\\/schema.org\",\"@graph\":[{\"@type\":\"WebPage\",\"@id\":\"https:\\\/\\\/masterproducts.store\\\/fr\\\/producto\\\/mt-pocket\\\/\",\"url\":\"https:\\\/\\\/masterproducts.store\\\/fr\\\/producto\\\/mt-pocket\\\/\",\"name\":\"MT POCKET - Master Products Store\",\"isPartOf\":{\"@id\":\"https:\\\/\\\/masterproducts.store\\\/fr\\\/#website\"},\"primaryImageOfPage\":{\"@id\":\"https:\\\/\\\/masterproducts.store\\\/fr\\\/producto\\\/mt-pocket\\\/#primaryimage\"},\"image\":{\"@id\":\"https:\\\/\\\/masterproducts.store\\\/fr\\\/producto\\\/mt-pocket\\\/#primaryimage\"},\"thumbnailUrl\":\"https:\\\/\\\/masterproducts.store\\\/wp-content\\\/uploads\\\/2024\\\/06\\\/0.webp\",\"datePublished\":\"2024-06-03T11:00:39+00:00\",\"dateModified\":\"2025-04-07T13:47:09+00:00\",\"breadcrumb\":{\"@id\":\"https:\\\/\\\/masterproducts.store\\\/fr\\\/producto\\\/mt-pocket\\\/#breadcrumb\"},\"inLanguage\":\"fr-FR\",\"potentialAction\":[{\"@type\":\"ReadAction\",\"target\":[\"https:\\\/\\\/masterproducts.store\\\/fr\\\/producto\\\/mt-pocket\\\/\"]}]},{\"@type\":\"ImageObject\",\"inLanguage\":\"fr-FR\",\"@id\":\"https:\\\/\\\/masterproducts.store\\\/fr\\\/producto\\\/mt-pocket\\\/#primaryimage\",\"url\":\"https:\\\/\\\/masterproducts.store\\\/wp-content\\\/uploads\\\/2024\\\/06\\\/0.webp\",\"contentUrl\":\"https:\\\/\\\/masterproducts.store\\\/wp-content\\\/uploads\\\/2024\\\/06\\\/0.webp\",\"width\":1000,\"height\":1000},{\"@type\":\"BreadcrumbList\",\"@id\":\"https:\\\/\\\/masterproducts.store\\\/fr\\\/producto\\\/mt-pocket\\\/#breadcrumb\",\"itemListElement\":[{\"@type\":\"ListItem\",\"position\":1,\"name\":\"Portada\",\"item\":\"https:\\\/\\\/masterproducts.store\\\/fr\\\/\"},{\"@type\":\"ListItem\",\"position\":2,\"name\":\"Boutique\",\"item\":\"https:\\\/\\\/masterproducts.store\\\/fr\\\/boutique\\\/\"},{\"@type\":\"ListItem\",\"position\":3,\"name\":\"MT POCKET\"}]},{\"@type\":\"WebSite\",\"@id\":\"https:\\\/\\\/masterproducts.store\\\/fr\\\/#website\",\"url\":\"https:\\\/\\\/masterproducts.store\\\/fr\\\/\",\"name\":\"Master Products Store\",\"description\":\"Equipos de Poscosecha para cannabis, \u00a1A tu alcance!\",\"publisher\":{\"@id\":\"https:\\\/\\\/masterproducts.store\\\/fr\\\/#organization\"},\"potentialAction\":[{\"@type\":\"SearchAction\",\"target\":{\"@type\":\"EntryPoint\",\"urlTemplate\":\"https:\\\/\\\/masterproducts.store\\\/fr\\\/?s={search_term_string}\"},\"query-input\":{\"@type\":\"PropertyValueSpecification\",\"valueRequired\":true,\"valueName\":\"search_term_string\"}}],\"inLanguage\":\"fr-FR\"},{\"@type\":\"Organization\",\"@id\":\"https:\\\/\\\/masterproducts.store\\\/fr\\\/#organization\",\"name\":\"Master Products Store\",\"url\":\"https:\\\/\\\/masterproducts.store\\\/fr\\\/\",\"logo\":{\"@type\":\"ImageObject\",\"inLanguage\":\"fr-FR\",\"@id\":\"https:\\\/\\\/masterproducts.store\\\/fr\\\/#\\\/schema\\\/logo\\\/image\\\/\",\"url\":\"https:\\\/\\\/masterproducts.store\\\/wp-content\\\/uploads\\\/2024\\\/06\\\/MP-Logotip_png-1024x188-1.png\",\"contentUrl\":\"https:\\\/\\\/masterproducts.store\\\/wp-content\\\/uploads\\\/2024\\\/06\\\/MP-Logotip_png-1024x188-1.png\",\"width\":1024,\"height\":188,\"caption\":\"Master Products Store\"},\"image\":{\"@id\":\"https:\\\/\\\/masterproducts.store\\\/fr\\\/#\\\/schema\\\/logo\\\/image\\\/\"},\"sameAs\":[\"https:\\\/\\\/www.facebook.com\\\/masterproductsofficial\"]}]}<\/script>\n<!-- \/ Yoast SEO plugin. -->","yoast_head_json":{"title":"MT POCKET - Master Products Store","robots":{"index":"index","follow":"follow","max-snippet":"max-snippet:-1","max-image-preview":"max-image-preview:large","max-video-preview":"max-video-preview:-1"},"canonical":"https:\/\/masterproducts.store\/fr\/producto\/mt-pocket\/","og_locale":"fr_FR","og_type":"article","og_title":"MT POCKET - Master Products Store","og_url":"https:\/\/masterproducts.store\/fr\/producto\/mt-pocket\/","og_site_name":"Master Products Store","article_publisher":"https:\/\/www.facebook.com\/masterproductsofficial","article_modified_time":"2025-04-07T13:47:09+00:00","og_image":[{"width":1000,"height":1000,"url":"https:\/\/masterproducts.store\/wp-content\/uploads\/2024\/06\/0.webp","type":"image\/webp"}],"twitter_card":"summary_large_image","twitter_misc":{"Dur\u00e9e de lecture estim\u00e9e":"3 minutes"},"schema":{"@context":"https:\/\/schema.org","@graph":[{"@type":"WebPage","@id":"https:\/\/masterproducts.store\/fr\/producto\/mt-pocket\/","url":"https:\/\/masterproducts.store\/fr\/producto\/mt-pocket\/","name":"MT POCKET - Master Products Store","isPartOf":{"@id":"https:\/\/masterproducts.store\/fr\/#website"},"primaryImageOfPage":{"@id":"https:\/\/masterproducts.store\/fr\/producto\/mt-pocket\/#primaryimage"},"image":{"@id":"https:\/\/masterproducts.store\/fr\/producto\/mt-pocket\/#primaryimage"},"thumbnailUrl":"https:\/\/masterproducts.store\/wp-content\/uploads\/2024\/06\/0.webp","datePublished":"2024-06-03T11:00:39+00:00","dateModified":"2025-04-07T13:47:09+00:00","breadcrumb":{"@id":"https:\/\/masterproducts.store\/fr\/producto\/mt-pocket\/#breadcrumb"},"inLanguage":"fr-FR","potentialAction":[{"@type":"ReadAction","target":["https:\/\/masterproducts.store\/fr\/producto\/mt-pocket\/"]}]},{"@type":"ImageObject","inLanguage":"fr-FR","@id":"https:\/\/masterproducts.store\/fr\/producto\/mt-pocket\/#primaryimage","url":"https:\/\/masterproducts.store\/wp-content\/uploads\/2024\/06\/0.webp","contentUrl":"https:\/\/masterproducts.store\/wp-content\/uploads\/2024\/06\/0.webp","width":1000,"height":1000},{"@type":"BreadcrumbList","@id":"https:\/\/masterproducts.store\/fr\/producto\/mt-pocket\/#breadcrumb","itemListElement":[{"@type":"ListItem","position":1,"name":"Portada","item":"https:\/\/masterproducts.store\/fr\/"},{"@type":"ListItem","position":2,"name":"Boutique","item":"https:\/\/masterproducts.store\/fr\/boutique\/"},{"@type":"ListItem","position":3,"name":"MT POCKET"}]},{"@type":"WebSite","@id":"https:\/\/masterproducts.store\/fr\/#website","url":"https:\/\/masterproducts.store\/fr\/","name":"Master Products Store","description":"Equipos de Poscosecha para cannabis, \u00a1A tu alcance!","publisher":{"@id":"https:\/\/masterproducts.store\/fr\/#organization"},"potentialAction":[{"@type":"SearchAction","target":{"@type":"EntryPoint","urlTemplate":"https:\/\/masterproducts.store\/fr\/?s={search_term_string}"},"query-input":{"@type":"PropertyValueSpecification","valueRequired":true,"valueName":"search_term_string"}}],"inLanguage":"fr-FR"},{"@type":"Organization","@id":"https:\/\/masterproducts.store\/fr\/#organization","name":"Master Products Store","url":"https:\/\/masterproducts.store\/fr\/","logo":{"@type":"ImageObject","inLanguage":"fr-FR","@id":"https:\/\/masterproducts.store\/fr\/#\/schema\/logo\/image\/","url":"https:\/\/masterproducts.store\/wp-content\/uploads\/2024\/06\/MP-Logotip_png-1024x188-1.png","contentUrl":"https:\/\/masterproducts.store\/wp-content\/uploads\/2024\/06\/MP-Logotip_png-1024x188-1.png","width":1024,"height":188,"caption":"Master Products Store"},"image":{"@id":"https:\/\/masterproducts.store\/fr\/#\/schema\/logo\/image\/"},"sameAs":["https:\/\/www.facebook.com\/masterproductsofficial"]}]}},"_links":{"self":[{"href":"https:\/\/masterproducts.store\/fr\/wp-json\/wp\/v2\/product\/784","targetHints":{"allow":["GET"]}}],"collection":[{"href":"https:\/\/masterproducts.store\/fr\/wp-json\/wp\/v2\/product"}],"about":[{"href":"https:\/\/masterproducts.store\/fr\/wp-json\/wp\/v2\/types\/product"}],"replies":[{"embeddable":true,"href":"https:\/\/masterproducts.store\/fr\/wp-json\/wp\/v2\/comments?post=784"}],"wp:featuredmedia":[{"embeddable":true,"href":"https:\/\/masterproducts.store\/fr\/wp-json\/wp\/v2\/media\/3788"}],"wp:attachment":[{"href":"https:\/\/masterproducts.store\/fr\/wp-json\/wp\/v2\/media?parent=784"}],"wp:term":[{"taxonomy":"product_brand","embeddable":true,"href":"https:\/\/masterproducts.store\/fr\/wp-json\/wp\/v2\/product_brand?post=784"},{"taxonomy":"product_cat","embeddable":true,"href":"https:\/\/masterproducts.store\/fr\/wp-json\/wp\/v2\/product_cat?post=784"},{"taxonomy":"product_tag","embeddable":true,"href":"https:\/\/masterproducts.store\/fr\/wp-json\/wp\/v2\/product_tag?post=784"}],"curies":[{"name":"wp","href":"https:\/\/api.w.org\/{rel}","templated":true}]}}