{"id":788,"date":"2024-06-03T11:01:04","date_gmt":"2024-06-03T11:01:04","guid":{"rendered":"https:\/\/masterproducts.store\/product\/mt-dry-200\/"},"modified":"2025-12-15T11:23:01","modified_gmt":"2025-12-15T10:23:01","slug":"mt-dry-200","status":"publish","type":"product","link":"https:\/\/masterproducts.store\/fr\/producto\/mt-dry-200\/","title":{"rendered":"MT DRY 200"},"content":{"rendered":"<section class=\"l-section wpb_row height_medium\"><div class=\"l-section-h i-cf\"><div class=\"g-cols vc_row via_grid cols_1 laptops-cols_inherit tablets-cols_inherit mobiles-cols_1 valign_top type_default stacking_default\"><div class=\"wpb_column vc_column_container\"><div class=\"vc_column-inner\"><nav class=\"g-breadcrumbs separator_custom align_none hide_current\" itemscope itemtype=\"http:\/\/schema.org\/BreadcrumbList\"><div class=\"g-breadcrumbs-item\" itemscope itemprop=\"itemListElement\" itemtype=\"http:\/\/schema.org\/ListItem\"><a itemprop=\"item\" href=\"https:\/\/masterproducts.store\/fr\/\"><span itemprop=\"name\">Accueil<\/span><\/a><meta itemprop=\"position\" content=\"1\"\/><\/div><div class=\"g-breadcrumbs-separator\">\/<\/div><div class=\"g-breadcrumbs-item\">Pages<\/div><\/nav><div class=\"w-separator size_small\"><\/div><h2 class=\"w-post-elm post_title entry-title color_link_inherit\">MT DRY 200<\/h2><div class=\"w-separator size_small\"><\/div><div class=\"wpb_text_column\"><div class=\"wpb_wrapper\"><h2 class=\"titulo-slider-destacado\">\u00a1Emportez-la partout!<\/h2>\n<\/div><\/div><div class=\"w-separator size_medium\"><\/div><div class=\"wpb_text_column\"><div class=\"wpb_wrapper\"><p><strong>Portable. Silencieuse. Versatile.<\/strong><\/p>\n<p>La MT Dry 200 est une trimeuse pour traiter les\u00a0fleurs de cannabis s\u00e9ch\u00e9es, dans une version\u00a0compacte, parfaite pour \u00eatre transport\u00e9e confortablement.<\/p>\n<p>Id\u00e9ale pour les petits et moyens cultivateurs, sa conception a \u00e9t\u00e9 cr\u00e9\u00e9e pour offrir de grandes performances dans une machine petite et l\u00e9g\u00e8re, avec une finition optimale du produit trait\u00e9. Les fleurs pr\u00e9servent la plus haute qualit\u00e9, sans endommager les trichomes ou la structure physique. Elle et la trimeuse parfaite pour un transport confortable.<\/p>\n<p>Facile \u00e0 assembler et \u00e0 nettoyer.<\/p>\n<p class=\"ql-align-justify\">Toujours pr\u00eate \u00e0 atteindre des productions jusqu&rsquo;\u00e0 3,5 kg \/ h.<\/p>\n<\/div><\/div><\/div><\/div><\/div><\/div><\/section><section class=\"l-section wpb_row us_custom_54635556 height_auto width_full\" id=\"descripcio\"><div class=\"l-section-h i-cf\"><div class=\"g-cols vc_row via_grid cols_1 laptops-cols_inherit tablets-cols_inherit mobiles-cols_1 valign_top type_boxes stacking_default\"><div class=\"wpb_column vc_column_container type_sticky\"><div class=\"vc_column-inner\"><div class=\"wpb_text_column\"><div class=\"wpb_wrapper\"><h3 style=\"text-align: left; font-size: 2rem;\"><strong>MT DRY 200<\/strong><br \/>\n<span style=\"color: #d90613; font-weight: bold;\">Maximum performance.<\/span><\/h3>\n<\/div><\/div><div class=\"w-separator size_small\"><\/div><div class=\"w-tabs style_default switch_click accordion has_scrolling\" style=\"--sections-title-size:inherit\"><div class=\"w-tabs-sections titles-align_none icon_chevron cpos_right\"><div class=\"w-tabs-section\" id=\"j4b8\"><button class=\"w-tabs-section-header\" aria-controls=\"content-j4b8\" aria-expanded=\"false\"><div class=\"w-tabs-section-title\">Description<\/div><div class=\"w-tabs-section-control\"><\/div><\/button><div  class=\"w-tabs-section-content\" id=\"content-j4b8\"><div class=\"w-tabs-section-content-h i-cf\"><div class=\"wpb_text_column cos\"><div class=\"wpb_wrapper\"><p>\u00b7 Tambour de 250 mm diam\u00e8tre.<\/p>\n<p>\u00b7 Moteur de 90 W.<\/p>\n<p>\u00b7 Production 3,5 kg \/ h (800g approx. \/ lot).<\/p>\n<p>\u00b7 Fabriqu\u00e9 en acier inoxydable.<\/p>\n<p>\u00b7 Poign\u00e9es pour un transport facile.<\/p>\n<p>\u00b7 Couvercle frontal facile \u00e0 monter.<\/p>\n<p>\u00b7 Bo\u00eete de collecte, pas besoin d&rsquo;aspiration.<\/p>\n<p>\u00b7 Lames en nylon alimentaire.<\/p>\n<p>\u00b7 Tendeur pour les lames.<\/p>\n<p>\u00b7 Support basculant pour le chargement de produit.<\/p>\n<p>\u00b7 D\u00e9montage sans outils.<\/p>\n<\/div><\/div><div class=\"w-separator size_custom\" style=\"height:15px\"><\/div><div class=\"g-cols wpb_row taula via_grid cols_4 laptops-cols_inherit tablets-cols_inherit mobiles-cols_1 valign_top type_default\" style=\"--gap:1rem;\"><div class=\"wpb_column vc_column_container\"><div class=\"vc_column-inner\"><style>\r\n        .production-card-container .text1 {\r\n            font-size: 5rem;\r\n            text-decoration: none;\r\n            text-transform: none;\r\n            line-height: 0.8;\r\n            color:#000;\r\n            font-weight:900;\r\n        }\r\n        a.production-card-holder {\r\n            text-decoration: none;\r\n            color:#000;\r\n        }\r\n        .production-card-footer{\r\n            font-size:1.2rem;\r\n            text-align:center;\r\n\t\t\tfont-weight:700;\r\n        }\r\n         a.production-card-holder:hover{\r\n            color:#000;\r\n        }\r\n        .production-card-head {\r\n            display: flex;\r\n            align-items: flex-end;\r\n            gap:4px;\r\n            justify-content: center;\r\n        }\r\n\t\t@media only screen and (max-width: 1500px) {\r\n\t\t.production-card-container .text1 {\r\n            font-size: 4rem;\r\n        }\r\n\t\t}\r\n    <\/style><a class=\"production-card-holder\">\r\n        <div class=\"production-card-container\">\r\n            <div class=\"production-card-head\">\r\n                <div class=\"image1\">\r\n                    <img decoding=\"async\" src=\"https:\/\/masterproducts.store\/wp-content\/uploads\/2024\/06\/kg-h-prof.png\"\/>\r\n                <\/div>\r\n                <div class=\"text1\">3.5<\/div>\r\n                <div class=\"image2\">\r\n                    <img decoding=\"async\" src=\"https:\/\/masterproducts.store\/wp-content\/uploads\/2024\/06\/kg-h.png\"\/>\r\n                <\/div>\r\n            <\/div>\r\n            <div class=\"production-card-footer\">PRODUCTION<\/div>\r\n        <\/div>\r\n    <\/a><\/div><\/div><div class=\"wpb_column vc_column_container\"><div class=\"vc_column-inner\"><style>\r\n        .production-card-container .text1 {\r\n            font-size: 5rem;\r\n            text-decoration: none;\r\n            text-transform: none;\r\n            line-height: 0.8;\r\n            color:#000;\r\n            font-weight:900;\r\n        }\r\n        a.production-card-holder {\r\n            text-decoration: none;\r\n            color:#000;\r\n        }\r\n        .production-card-footer{\r\n            font-size:1.2rem;\r\n            text-align:center;\r\n\t\t\tfont-weight:700;\r\n        }\r\n         a.production-card-holder:hover{\r\n            color:#000;\r\n        }\r\n        .production-card-head {\r\n            display: flex;\r\n            align-items: flex-end;\r\n            gap:4px;\r\n            justify-content: center;\r\n        }\r\n\t\t@media only screen and (max-width: 1500px) {\r\n\t\t.production-card-container .text1 {\r\n            font-size: 4rem;\r\n        }\r\n\t\t}\r\n    <\/style><a class=\"production-card-holder\">\r\n        <div class=\"production-card-container\">\r\n            <div class=\"production-card-head\">\r\n                <div class=\"image1\">\r\n                    <img decoding=\"async\" src=\"https:\/\/masterproducts.store\/wp-content\/uploads\/2024\/07\/pro-people.png\"\/>\r\n                <\/div>\r\n                <div class=\"text1\">4<\/div>\r\n                <div class=\"image2\">\r\n                    <img decoding=\"async\" src=\"https:\/\/masterproducts.store\/wp-content\/uploads\/2024\/07\/pers.png\"\/>\r\n                <\/div>\r\n            <\/div>\r\n            <div class=\"production-card-footer\">\u00c9QUIVALENT<\/div>\r\n        <\/div>\r\n    <\/a><\/div><\/div><div class=\"wpb_column vc_column_container\"><div class=\"vc_column-inner\"><div class=\"w-iconbox iconpos_top style_default color_primary align_center no_text icontype_img\"><a target=\"_blank\" rel=\"nofollow\" href=\"https:\/\/masterproducts.es\/wp-content\/uploads\/2023\/01\/ManualDry200649.pdf\" class=\"w-iconbox-link\" aria-label=\"Manuel de l\u2019utilisateur\"><div class=\"w-iconbox-icon\" style=\"font-size:5rem;\"><img loading=\"lazy\" decoding=\"async\" width=\"512\" height=\"382\" src=\"https:\/\/masterproducts.store\/wp-content\/uploads\/2024\/06\/logo-pdf-1.png\" class=\"attachment-full size-full\" alt=\"\" srcset=\"https:\/\/masterproducts.store\/wp-content\/uploads\/2024\/06\/logo-pdf-1.png 512w, https:\/\/masterproducts.store\/wp-content\/uploads\/2024\/06\/logo-pdf-1-300x224.png 300w\" sizes=\"auto, (max-width: 512px) 100vw, 512px\" \/><\/div><\/a><div class=\"w-iconbox-meta\"><a target=\"_blank\" rel=\"nofollow\" href=\"https:\/\/masterproducts.es\/wp-content\/uploads\/2023\/01\/ManualDry200649.pdf\" class=\"w-iconbox-link\" aria-label=\"Manuel de l\u2019utilisateur\"><span class=\"w-iconbox-title\">Manuel de l\u2019utilisateur<\/span><\/a><\/div><\/div><\/div><\/div><div class=\"wpb_column vc_column_container\"><div class=\"vc_column-inner\"><div class=\"w-iconbox iconpos_top style_default color_primary align_center no_text icontype_img\"><a target=\"_blank\" rel=\"nofollow\" href=\"https:\/\/masterproducts.es\/wp-content\/uploads\/2024\/05\/ESP_FT_MT_Dry_200.pdf\" class=\"w-iconbox-link\" aria-label=\"Sp\u00e9cifications techniques\"><div class=\"w-iconbox-icon\" style=\"font-size:5rem;\"><img loading=\"lazy\" decoding=\"async\" width=\"512\" height=\"382\" src=\"https:\/\/masterproducts.store\/wp-content\/uploads\/2024\/06\/logo-pdf-1.png\" class=\"attachment-full size-full\" alt=\"\" srcset=\"https:\/\/masterproducts.store\/wp-content\/uploads\/2024\/06\/logo-pdf-1.png 512w, https:\/\/masterproducts.store\/wp-content\/uploads\/2024\/06\/logo-pdf-1-300x224.png 300w\" sizes=\"auto, (max-width: 512px) 100vw, 512px\" \/><\/div><\/a><div class=\"w-iconbox-meta\"><a target=\"_blank\" rel=\"nofollow\" href=\"https:\/\/masterproducts.es\/wp-content\/uploads\/2024\/05\/ESP_FT_MT_Dry_200.pdf\" class=\"w-iconbox-link\" aria-label=\"Sp\u00e9cifications techniques\"><span class=\"w-iconbox-title\">Sp\u00e9cifications techniques<\/span><\/a><\/div><\/div><\/div><\/div><\/div><\/div><\/div><\/div><div class=\"w-tabs-section\" id=\"h006\"><button class=\"w-tabs-section-header\" aria-controls=\"content-h006\" aria-expanded=\"false\"><div class=\"w-tabs-section-title\">Donn\u00e9es techniques<\/div><div class=\"w-tabs-section-control\"><\/div><\/button><div  class=\"w-tabs-section-content\" id=\"content-h006\"><div class=\"w-tabs-section-content-h i-cf\"><div class=\"wpb_text_column cos\"><div class=\"wpb_wrapper\"><table class=\"t1\" cellspacing=\"0\" cellpadding=\"0\">\n<tbody>\n<tr>\n<td class=\"td1\" valign=\"top\">\n<p class=\"p1\"><b>Connexion \u00e9lectrique<\/b><\/p>\n<\/td>\n<td class=\"td1\" valign=\"top\">\n<p class=\"p1\">230 V 50\/60 Hz<\/p>\n<\/td>\n<\/tr>\n<tr>\n<td class=\"td1\" valign=\"top\">\n<p class=\"p1\"><b>Poids<\/b><\/p>\n<\/td>\n<td class=\"td1\" valign=\"top\">\n<p class=\"p1\">22 kg<\/p>\n<\/td>\n<\/tr>\n<tr>\n<td class=\"td1\" valign=\"top\">\n<p class=\"p1\"><b>Puissance du moteur<\/b><\/p>\n<\/td>\n<td class=\"td1\" valign=\"top\">\n<p class=\"p1\">90 W<\/p>\n<\/td>\n<\/tr>\n<tr>\n<td class=\"td1\" valign=\"top\">\n<p class=\"p1\"><b>Dimensions de la machine<\/b><\/p>\n<\/td>\n<td class=\"td1\" valign=\"top\">\n<p class=\"p1\">380 x 700 x 480 mm<\/p>\n<\/td>\n<\/tr>\n<tr>\n<td class=\"td1\" valign=\"top\">\n<p class=\"p1\"><b>Mat\u00e9riau de la machine<\/b><\/p>\n<\/td>\n<td class=\"td1\" valign=\"top\">\n<p class=\"p1\">Acier inoxydable 304<\/p>\n<\/td>\n<\/tr>\n<tr>\n<td class=\"td1\" valign=\"top\">\n<p class=\"p1\"><b>Mat\u00e9riau du tambour<\/b><\/p>\n<\/td>\n<td class=\"td1\" valign=\"top\">\n<p class=\"p1\">Acier inoxydable 304<\/p>\n<\/td>\n<\/tr>\n<tr>\n<td class=\"td1\" valign=\"top\">\n<p class=\"p1\"><b>Diam\u00e8tre du tambour<\/b><\/p>\n<\/td>\n<td class=\"td1\" valign=\"top\">\n<p class=\"p1\">250 mm<\/p>\n<\/td>\n<\/tr>\n<tr>\n<td class=\"td1\" valign=\"top\">\n<p class=\"p1\"><b>Longueur du tambour<\/b><\/p>\n<\/td>\n<td class=\"td1\" valign=\"top\">\n<p class=\"p1\">530 mm<\/p>\n<\/td>\n<\/tr>\n<tr>\n<td class=\"td1\" valign=\"top\">\n<p class=\"p1\"><b>Vitesse du canon<\/b><\/p>\n<\/td>\n<td class=\"td1\" valign=\"top\">\n<p class=\"p1\">45 RPM<\/p>\n<\/td>\n<\/tr>\n<tr>\n<td class=\"td1\" valign=\"top\">\n<p class=\"p1\"><b>Mat\u00e9riau de la lame<\/b><\/p>\n<\/td>\n<td class=\"td1\" valign=\"top\">\n<p class=\"p1\">Nylon<\/p>\n<\/td>\n<\/tr>\n<tr>\n<td class=\"td1\" valign=\"top\">\n<p class=\"p1\"><b>Inclinaison r\u00e9glable<\/b><\/p>\n<\/td>\n<td class=\"td1\" valign=\"top\">\n<p class=\"p1\">10\u00ba<\/p>\n<\/td>\n<\/tr>\n<tr>\n<td class=\"td1\" valign=\"top\">\n<p class=\"p1\"><b>Niveau sonore<\/b><\/p>\n<\/td>\n<td class=\"td1\" valign=\"top\">\n<p class=\"p1\">60 dB<\/p>\n<\/td>\n<\/tr>\n<tr>\n<td class=\"td1\" valign=\"top\">\n<p class=\"p1\"><b>Production \u00e0 sec<\/b><\/p>\n<\/td>\n<td class=\"td1\" valign=\"top\">\n<p class=\"p1\">3,5 kg\/h<\/p>\n<\/td>\n<\/tr>\n<tr>\n<td class=\"td1\" valign=\"top\">\n<p class=\"p1\"><b>Certifications<\/b><\/p>\n<\/td>\n<td class=\"td1\" valign=\"top\">\n<p class=\"p1\">CE<\/p>\n<\/td>\n<\/tr>\n<tr>\n<td class=\"td1\" valign=\"top\">\n<p class=\"p1\"><b>Garantie<\/b><\/p>\n<\/td>\n<td class=\"td1\" valign=\"top\">\n<p class=\"p1\">5 ans<\/p>\n<\/td>\n<\/tr>\n<\/tbody>\n<\/table>\n<\/div><\/div><div class=\"w-separator size_small\"><\/div><\/div><\/div><\/div><\/div><\/div><div class=\"w-separator size_small\"><\/div><div class=\"w-hwrapper us_custom_ec6c63ac master-precio-banner valign_middle stack_on_mobiles align_center\"><p class=\"w-post-elm product_field price us_custom_9cbe97f1 has_text_color\"><span class=\"woocommerce-Price-amount amount\"><bdi>2.300,00&nbsp;<span class=\"woocommerce-Price-currencySymbol\">&euro;<\/span><\/bdi><\/span> <small class=\"woocommerce-price-suffix\">+ TVA<\/small><\/p><div class=\"w-post-elm add_to_cart us_custom_6df4bc3a has_text_color\">\n\t\n\t<form class=\"cart\" action=\"https:\/\/masterproducts.store\/fr\/producto\/mt-dry-200\/\" method=\"post\" enctype='multipart\/form-data'>\n\t\t\n\t\t<div class=\"quantity\">\n\t\t<label class=\"screen-reader-text\" for=\"quantity_69f4cb924f541\">quantit\u00e9 de MT DRY 200<\/label>\n\t<input\n\t\ttype=\"number\"\n\t\t\t\tid=\"quantity_69f4cb924f541\"\n\t\tclass=\"input-text qty text\"\n\t\tname=\"quantity\"\n\t\tvalue=\"1\"\n\t\taria-label=\"Quantit\u00e9 de produits\"\n\t\t\t\tmin=\"1\"\n\t\t\t\t\t\t\tstep=\"1\"\n\t\t\tplaceholder=\"\"\n\t\t\tinputmode=\"numeric\"\n\t\t\tautocomplete=\"off\"\n\t\t\t\/>\n\t<\/div>\n\n\t\t<button type=\"submit\" name=\"add-to-cart\" value=\"788\" class=\"single_add_to_cart_button button alt\">Ajouter au panier<\/button>\n\n\t\t\t<\/form>\n\n\t\n<div class=\"woocommerce-notices-wrapper\"><\/div><\/div><\/div><\/div><\/div><\/div><\/div><\/section>\n","protected":false},"excerpt":{"rendered":"Accueil\/PagesMT DRY 200 \u00a1Emportez-la partout! Portable. Silencieuse. Versatile. La MT Dry 200 est une trimeuse pour traiter les\u00a0fleurs de cannabis s\u00e9ch\u00e9es, dans une version\u00a0compacte, parfaite pour \u00eatre transport\u00e9e confortablement. Id\u00e9ale pour les petits et moyens cultivateurs, sa conception a \u00e9t\u00e9 cr\u00e9\u00e9e pour offrir de grandes performances dans une machine petite et l\u00e9g\u00e8re, avec une finition...","protected":false},"featured_media":2409,"comment_status":"open","ping_status":"closed","template":"","meta":[],"product_brand":[],"product_cat":[39],"product_tag":[436],"class_list":{"0":"post-788","1":"product","2":"type-product","3":"status-publish","4":"has-post-thumbnail","6":"product_cat-professional-fr","7":"product_tag-mt-dry-200","9":"first","10":"instock","11":"taxable","12":"shipping-taxable","13":"purchasable","14":"product-type-simple"},"yoast_head":"<!-- This site is optimized with the Yoast SEO plugin v27.5 - https:\/\/yoast.com\/product\/yoast-seo-wordpress\/ -->\n<title>MT DRY 200 - Master Products Store<\/title>\n<meta name=\"robots\" content=\"index, follow, max-snippet:-1, max-image-preview:large, max-video-preview:-1\" \/>\n<link rel=\"canonical\" href=\"https:\/\/masterproducts.store\/fr\/producto\/mt-dry-200\/\" \/>\n<meta property=\"og:locale\" content=\"fr_FR\" \/>\n<meta property=\"og:type\" content=\"article\" \/>\n<meta property=\"og:title\" content=\"MT DRY 200 - Master Products Store\" \/>\n<meta property=\"og:url\" content=\"https:\/\/masterproducts.store\/fr\/producto\/mt-dry-200\/\" \/>\n<meta property=\"og:site_name\" content=\"Master Products Store\" \/>\n<meta property=\"article:publisher\" content=\"https:\/\/www.facebook.com\/masterproductsofficial\" \/>\n<meta property=\"article:modified_time\" content=\"2025-12-15T10:23:01+00:00\" \/>\n<meta property=\"og:image\" content=\"https:\/\/masterproducts.store\/wp-content\/uploads\/2024\/06\/mt-dry-200.png\" \/>\n\t<meta property=\"og:image:width\" content=\"1000\" \/>\n\t<meta property=\"og:image:height\" content=\"1000\" \/>\n\t<meta property=\"og:image:type\" content=\"image\/png\" \/>\n<meta name=\"twitter:card\" content=\"summary_large_image\" \/>\n<meta name=\"twitter:label1\" content=\"Dur\u00e9e de lecture estim\u00e9e\" \/>\n\t<meta name=\"twitter:data1\" content=\"3 minutes\" \/>\n<script type=\"application\/ld+json\" class=\"yoast-schema-graph\">{\"@context\":\"https:\\\/\\\/schema.org\",\"@graph\":[{\"@type\":\"WebPage\",\"@id\":\"https:\\\/\\\/masterproducts.store\\\/fr\\\/producto\\\/mt-dry-200\\\/\",\"url\":\"https:\\\/\\\/masterproducts.store\\\/fr\\\/producto\\\/mt-dry-200\\\/\",\"name\":\"MT DRY 200 - Master Products Store\",\"isPartOf\":{\"@id\":\"https:\\\/\\\/masterproducts.store\\\/fr\\\/#website\"},\"primaryImageOfPage\":{\"@id\":\"https:\\\/\\\/masterproducts.store\\\/fr\\\/producto\\\/mt-dry-200\\\/#primaryimage\"},\"image\":{\"@id\":\"https:\\\/\\\/masterproducts.store\\\/fr\\\/producto\\\/mt-dry-200\\\/#primaryimage\"},\"thumbnailUrl\":\"https:\\\/\\\/masterproducts.store\\\/wp-content\\\/uploads\\\/2024\\\/06\\\/mt-dry-200.png\",\"datePublished\":\"2024-06-03T11:01:04+00:00\",\"dateModified\":\"2025-12-15T10:23:01+00:00\",\"breadcrumb\":{\"@id\":\"https:\\\/\\\/masterproducts.store\\\/fr\\\/producto\\\/mt-dry-200\\\/#breadcrumb\"},\"inLanguage\":\"fr-FR\",\"potentialAction\":[{\"@type\":\"ReadAction\",\"target\":[\"https:\\\/\\\/masterproducts.store\\\/fr\\\/producto\\\/mt-dry-200\\\/\"]}]},{\"@type\":\"ImageObject\",\"inLanguage\":\"fr-FR\",\"@id\":\"https:\\\/\\\/masterproducts.store\\\/fr\\\/producto\\\/mt-dry-200\\\/#primaryimage\",\"url\":\"https:\\\/\\\/masterproducts.store\\\/wp-content\\\/uploads\\\/2024\\\/06\\\/mt-dry-200.png\",\"contentUrl\":\"https:\\\/\\\/masterproducts.store\\\/wp-content\\\/uploads\\\/2024\\\/06\\\/mt-dry-200.png\",\"width\":1000,\"height\":1000},{\"@type\":\"BreadcrumbList\",\"@id\":\"https:\\\/\\\/masterproducts.store\\\/fr\\\/producto\\\/mt-dry-200\\\/#breadcrumb\",\"itemListElement\":[{\"@type\":\"ListItem\",\"position\":1,\"name\":\"Portada\",\"item\":\"https:\\\/\\\/masterproducts.store\\\/fr\\\/\"},{\"@type\":\"ListItem\",\"position\":2,\"name\":\"Boutique\",\"item\":\"https:\\\/\\\/masterproducts.store\\\/fr\\\/boutique\\\/\"},{\"@type\":\"ListItem\",\"position\":3,\"name\":\"MT DRY 200\"}]},{\"@type\":\"WebSite\",\"@id\":\"https:\\\/\\\/masterproducts.store\\\/fr\\\/#website\",\"url\":\"https:\\\/\\\/masterproducts.store\\\/fr\\\/\",\"name\":\"Master Products Store\",\"description\":\"Equipos de Poscosecha para cannabis, \u00a1A tu alcance!\",\"publisher\":{\"@id\":\"https:\\\/\\\/masterproducts.store\\\/fr\\\/#organization\"},\"potentialAction\":[{\"@type\":\"SearchAction\",\"target\":{\"@type\":\"EntryPoint\",\"urlTemplate\":\"https:\\\/\\\/masterproducts.store\\\/fr\\\/?s={search_term_string}\"},\"query-input\":{\"@type\":\"PropertyValueSpecification\",\"valueRequired\":true,\"valueName\":\"search_term_string\"}}],\"inLanguage\":\"fr-FR\"},{\"@type\":\"Organization\",\"@id\":\"https:\\\/\\\/masterproducts.store\\\/fr\\\/#organization\",\"name\":\"Master Products Store\",\"url\":\"https:\\\/\\\/masterproducts.store\\\/fr\\\/\",\"logo\":{\"@type\":\"ImageObject\",\"inLanguage\":\"fr-FR\",\"@id\":\"https:\\\/\\\/masterproducts.store\\\/fr\\\/#\\\/schema\\\/logo\\\/image\\\/\",\"url\":\"https:\\\/\\\/masterproducts.store\\\/wp-content\\\/uploads\\\/2024\\\/06\\\/MP-Logotip_png-1024x188-1.png\",\"contentUrl\":\"https:\\\/\\\/masterproducts.store\\\/wp-content\\\/uploads\\\/2024\\\/06\\\/MP-Logotip_png-1024x188-1.png\",\"width\":1024,\"height\":188,\"caption\":\"Master Products Store\"},\"image\":{\"@id\":\"https:\\\/\\\/masterproducts.store\\\/fr\\\/#\\\/schema\\\/logo\\\/image\\\/\"},\"sameAs\":[\"https:\\\/\\\/www.facebook.com\\\/masterproductsofficial\"]}]}<\/script>\n<!-- \/ Yoast SEO plugin. -->","yoast_head_json":{"title":"MT DRY 200 - Master Products Store","robots":{"index":"index","follow":"follow","max-snippet":"max-snippet:-1","max-image-preview":"max-image-preview:large","max-video-preview":"max-video-preview:-1"},"canonical":"https:\/\/masterproducts.store\/fr\/producto\/mt-dry-200\/","og_locale":"fr_FR","og_type":"article","og_title":"MT DRY 200 - Master Products Store","og_url":"https:\/\/masterproducts.store\/fr\/producto\/mt-dry-200\/","og_site_name":"Master Products Store","article_publisher":"https:\/\/www.facebook.com\/masterproductsofficial","article_modified_time":"2025-12-15T10:23:01+00:00","og_image":[{"width":1000,"height":1000,"url":"https:\/\/masterproducts.store\/wp-content\/uploads\/2024\/06\/mt-dry-200.png","type":"image\/png"}],"twitter_card":"summary_large_image","twitter_misc":{"Dur\u00e9e de lecture estim\u00e9e":"3 minutes"},"schema":{"@context":"https:\/\/schema.org","@graph":[{"@type":"WebPage","@id":"https:\/\/masterproducts.store\/fr\/producto\/mt-dry-200\/","url":"https:\/\/masterproducts.store\/fr\/producto\/mt-dry-200\/","name":"MT DRY 200 - Master Products Store","isPartOf":{"@id":"https:\/\/masterproducts.store\/fr\/#website"},"primaryImageOfPage":{"@id":"https:\/\/masterproducts.store\/fr\/producto\/mt-dry-200\/#primaryimage"},"image":{"@id":"https:\/\/masterproducts.store\/fr\/producto\/mt-dry-200\/#primaryimage"},"thumbnailUrl":"https:\/\/masterproducts.store\/wp-content\/uploads\/2024\/06\/mt-dry-200.png","datePublished":"2024-06-03T11:01:04+00:00","dateModified":"2025-12-15T10:23:01+00:00","breadcrumb":{"@id":"https:\/\/masterproducts.store\/fr\/producto\/mt-dry-200\/#breadcrumb"},"inLanguage":"fr-FR","potentialAction":[{"@type":"ReadAction","target":["https:\/\/masterproducts.store\/fr\/producto\/mt-dry-200\/"]}]},{"@type":"ImageObject","inLanguage":"fr-FR","@id":"https:\/\/masterproducts.store\/fr\/producto\/mt-dry-200\/#primaryimage","url":"https:\/\/masterproducts.store\/wp-content\/uploads\/2024\/06\/mt-dry-200.png","contentUrl":"https:\/\/masterproducts.store\/wp-content\/uploads\/2024\/06\/mt-dry-200.png","width":1000,"height":1000},{"@type":"BreadcrumbList","@id":"https:\/\/masterproducts.store\/fr\/producto\/mt-dry-200\/#breadcrumb","itemListElement":[{"@type":"ListItem","position":1,"name":"Portada","item":"https:\/\/masterproducts.store\/fr\/"},{"@type":"ListItem","position":2,"name":"Boutique","item":"https:\/\/masterproducts.store\/fr\/boutique\/"},{"@type":"ListItem","position":3,"name":"MT DRY 200"}]},{"@type":"WebSite","@id":"https:\/\/masterproducts.store\/fr\/#website","url":"https:\/\/masterproducts.store\/fr\/","name":"Master Products Store","description":"Equipos de Poscosecha para cannabis, \u00a1A tu alcance!","publisher":{"@id":"https:\/\/masterproducts.store\/fr\/#organization"},"potentialAction":[{"@type":"SearchAction","target":{"@type":"EntryPoint","urlTemplate":"https:\/\/masterproducts.store\/fr\/?s={search_term_string}"},"query-input":{"@type":"PropertyValueSpecification","valueRequired":true,"valueName":"search_term_string"}}],"inLanguage":"fr-FR"},{"@type":"Organization","@id":"https:\/\/masterproducts.store\/fr\/#organization","name":"Master Products Store","url":"https:\/\/masterproducts.store\/fr\/","logo":{"@type":"ImageObject","inLanguage":"fr-FR","@id":"https:\/\/masterproducts.store\/fr\/#\/schema\/logo\/image\/","url":"https:\/\/masterproducts.store\/wp-content\/uploads\/2024\/06\/MP-Logotip_png-1024x188-1.png","contentUrl":"https:\/\/masterproducts.store\/wp-content\/uploads\/2024\/06\/MP-Logotip_png-1024x188-1.png","width":1024,"height":188,"caption":"Master Products Store"},"image":{"@id":"https:\/\/masterproducts.store\/fr\/#\/schema\/logo\/image\/"},"sameAs":["https:\/\/www.facebook.com\/masterproductsofficial"]}]}},"_links":{"self":[{"href":"https:\/\/masterproducts.store\/fr\/wp-json\/wp\/v2\/product\/788","targetHints":{"allow":["GET"]}}],"collection":[{"href":"https:\/\/masterproducts.store\/fr\/wp-json\/wp\/v2\/product"}],"about":[{"href":"https:\/\/masterproducts.store\/fr\/wp-json\/wp\/v2\/types\/product"}],"replies":[{"embeddable":true,"href":"https:\/\/masterproducts.store\/fr\/wp-json\/wp\/v2\/comments?post=788"}],"wp:featuredmedia":[{"embeddable":true,"href":"https:\/\/masterproducts.store\/fr\/wp-json\/wp\/v2\/media\/2409"}],"wp:attachment":[{"href":"https:\/\/masterproducts.store\/fr\/wp-json\/wp\/v2\/media?parent=788"}],"wp:term":[{"taxonomy":"product_brand","embeddable":true,"href":"https:\/\/masterproducts.store\/fr\/wp-json\/wp\/v2\/product_brand?post=788"},{"taxonomy":"product_cat","embeddable":true,"href":"https:\/\/masterproducts.store\/fr\/wp-json\/wp\/v2\/product_cat?post=788"},{"taxonomy":"product_tag","embeddable":true,"href":"https:\/\/masterproducts.store\/fr\/wp-json\/wp\/v2\/product_tag?post=788"}],"curies":[{"name":"wp","href":"https:\/\/api.w.org\/{rel}","templated":true}]}}