{"id":793,"date":"2024-06-03T11:02:41","date_gmt":"2024-06-03T11:02:41","guid":{"rendered":"https:\/\/masterproducts.store\/product\/master-sorter-100-lite\/"},"modified":"2025-04-07T15:28:47","modified_gmt":"2025-04-07T13:28:47","slug":"master-sorter-100-lite","status":"publish","type":"product","link":"https:\/\/masterproducts.store\/fr\/producto\/master-sorter-100-lite\/","title":{"rendered":"MS SORTER 100 LiTE"},"content":{"rendered":"<section class=\"l-section wpb_row us_custom_678a4f9f height_medium\"><div class=\"l-section-h i-cf\"><div class=\"g-cols vc_row via_grid cols_1 laptops-cols_inherit tablets-cols_inherit mobiles-cols_1 valign_top type_default stacking_default\"><div class=\"wpb_column vc_column_container\"><div class=\"vc_column-inner\"><nav class=\"g-breadcrumbs separator_custom align_none\" itemscope itemtype=\"http:\/\/schema.org\/BreadcrumbList\"><div class=\"g-breadcrumbs-item\" itemscope itemprop=\"itemListElement\" itemtype=\"http:\/\/schema.org\/ListItem\"><a itemprop=\"item\" href=\"https:\/\/masterproducts.store\/fr\/\"><span itemprop=\"name\">Accueil<\/span><\/a><meta itemprop=\"position\" content=\"1\"\/><\/div><div class=\"g-breadcrumbs-separator\">\/<\/div><div class=\"g-breadcrumbs-item\">Pages<\/div><\/nav><div class=\"w-separator size_small\"><\/div><h1 class=\"w-post-elm post_title entry-title color_link_inherit\">MS SORTER 100 LiTE<\/h1><div class=\"w-separator size_small\"><\/div><div class=\"wpb_text_column\"><div class=\"wpb_wrapper\"><h2 class=\"titulo-slider-destacado-lite\">TRIEZ VOS FLEURS DES FLEURS<br \/>\nDE CANNABIS EN UN TEMPS<br \/>\nRECORD ET SANS EFFORT!<\/h2>\n<\/div><\/div><div class=\"w-separator size_medium\"><\/div><div class=\"wpb_text_column\"><div class=\"wpb_wrapper\"><p><strong>Efficacit\u00e9 et pr\u00e9cision se conjuguent comme jamais !<\/strong><\/p>\n<p>D\u00e9couvrez tout le potentiel du MS Sorter 100 LiTE, la trieuse manuelle de fleurs de cannabis con\u00e7ue pour fournir des r\u00e9sultats de qualit\u00e9 sup\u00e9rieure.<\/p>\n<p>La MS Sorter 100 LiTE a \u00e9t\u00e9 desin\u00e9e pour \u00eatre extr\u00eamement facile \u00e0 utiliser et optimiser au maximum votre processus de tri. L\u00e9g\u00e8re et facile \u00e0 int\u00e9grer dans n&rsquo;importe quel espace. Id\u00e9ale pour les producteurs et les entrepreneurs comme vous, qui recherchent une solution abordable et efficace avec la plus haute qualit\u00e9 et la garantie que vous attendez. Int\u00e9gr\u00e9 \u00e0 la gamme LiTE, cet \u00e9quipement allie fonctionnalit\u00e9, simplicit\u00e9 et efficacit\u00e9, permettant un triage professionnel des fleurs \u00e0 la port\u00e9e de tous.<\/p>\n<p><strong>Facile, fonctionnel, LiTE.<\/strong><\/p>\n<\/div><\/div><\/div><\/div><\/div><\/div><\/section><section class=\"l-section wpb_row us_custom_54635556 height_auto width_full\"><div class=\"l-section-h i-cf\"><div class=\"g-cols vc_row via_grid cols_1 laptops-cols_inherit tablets-cols_inherit mobiles-cols_1 valign_top type_boxes stacking_default\" style=\"--gap:0rem;\"><div class=\"wpb_column vc_column_container type_sticky\"><div class=\"vc_column-inner\"><div class=\"wpb_text_column\"><div class=\"wpb_wrapper\"><h3 style=\"text-align: left; font-size: 2rem;\"><strong>MS SORTER 100 LiTE<\/strong><br \/>\n<span style=\"color: #49a186; font-weight: bold;\">Classifie avec distinction<\/span><\/h3>\n<\/div><\/div><div class=\"w-separator size_small\"><\/div><div class=\"w-tabs style_default switch_click accordion has_scrolling\" style=\"--sections-title-size:inherit\"><div class=\"w-tabs-sections titles-align_none icon_chevron cpos_right\"><div class=\"w-tabs-section\" id=\"uba2\"><button class=\"w-tabs-section-header\" aria-controls=\"content-uba2\" aria-expanded=\"false\"><div class=\"w-tabs-section-title\">Description<\/div><div class=\"w-tabs-section-control\"><\/div><\/button><div  class=\"w-tabs-section-content\" id=\"content-uba2\"><div class=\"w-tabs-section-content-h i-cf\"><div class=\"wpb_text_column\"><div class=\"wpb_wrapper\"><p>\u2022 4 bo\u00eetes de tri et de s\u00e9paration.<\/p>\n<p>\u2022 Construction en polycarbonate alimentaire de la plus haute qualit\u00e9.<\/p>\n<p>\u2022 Conception int\u00e9gr\u00e9e et compacte.<\/p>\n<p>\u2022 Grilles de tri de 20 mm, 13 mm et 5 mm.<\/p>\n<p>\u2022 Tri des fleurs en 4 tailles.<\/p>\n<p>\u2022 Syst\u00e8me d&rsquo;extraction des feuilles et du mat\u00e9riel v\u00e9g\u00e9tal pour une r\u00e9utilisation ult\u00e9rieure.<\/p>\n<p>\u2022 Vision \u00e0 360\u00b0 pour un meilleur r\u00e9sultat.<\/p>\n<p>\u2022 Nettoyage et entretien faciles.<\/p>\n<\/div><\/div><div class=\"w-separator size_small\"><\/div><div class=\"w-separator size_custom\" style=\"height:15px\"><\/div><div class=\"g-cols wpb_row taula via_grid cols_4 laptops-cols_inherit tablets-cols_inherit mobiles-cols_1 valign_top type_default\" style=\"--gap:1rem;\"><div class=\"wpb_column vc_column_container\"><div class=\"vc_column-inner\"><style>\r\n        .production-card-container .text1 {\r\n            font-size: 5rem;\r\n            text-decoration: none;\r\n            text-transform: none;\r\n            line-height: 0.8;\r\n            color:#000;\r\n            font-weight:900;\r\n        }\r\n        a.production-card-holder {\r\n            text-decoration: none;\r\n            color:#000;\r\n        }\r\n        .production-card-footer{\r\n            font-size:1.2rem;\r\n            text-align:center;\r\n\t\t\tfont-weight:700;\r\n        }\r\n         a.production-card-holder:hover{\r\n            color:#000;\r\n        }\r\n        .production-card-head {\r\n            display: flex;\r\n            align-items: flex-end;\r\n            gap:4px;\r\n            justify-content: center;\r\n        }\r\n\t\t@media only screen and (max-width: 1500px) {\r\n\t\t.production-card-container .text1 {\r\n            font-size: 4rem;\r\n        }\r\n\t\t}\r\n    <\/style><a class=\"production-card-holder\">\r\n        <div class=\"production-card-container\">\r\n            <div class=\"production-card-head\">\r\n                <div class=\"image1\">\r\n                    <img decoding=\"async\" src=\"https:\/\/masterproducts.store\/wp-content\/uploads\/2024\/06\/kg-lite.png\"\/>\r\n                <\/div>\r\n                <div class=\"text1\">1.8<\/div>\r\n                <div class=\"image2\">\r\n                    <img decoding=\"async\" src=\"https:\/\/masterproducts.store\/wp-content\/uploads\/2024\/06\/kg-h.png\"\/>\r\n                <\/div>\r\n            <\/div>\r\n            <div class=\"production-card-footer\">PRODUCTION<\/div>\r\n        <\/div>\r\n    <\/a><\/div><\/div><div class=\"wpb_column vc_column_container\"><div class=\"vc_column-inner\"><div class=\"w-iconbox iconpos_top style_default color_primary align_center no_text icontype_img\"><a target=\"_blank\" rel=\"nofollow\" href=\"&lt;p&gt;https:\/\/masterproducts.es\/wp-content\/uploads\/2024\/06\/MS-Sorter-100-LiTE_FR.pdf&lt;\/p&gt;\" class=\"w-iconbox-link\" aria-label=\"Sp\u00e9cifications techniques\"><div class=\"w-iconbox-icon\" style=\"font-size:5rem;\"><img loading=\"lazy\" decoding=\"async\" width=\"512\" height=\"382\" src=\"https:\/\/masterproducts.store\/wp-content\/uploads\/2024\/06\/logo-pdf-1.png\" class=\"attachment-full size-full\" alt=\"\" srcset=\"https:\/\/masterproducts.store\/wp-content\/uploads\/2024\/06\/logo-pdf-1.png 512w, https:\/\/masterproducts.store\/wp-content\/uploads\/2024\/06\/logo-pdf-1-300x224.png 300w\" sizes=\"auto, (max-width: 512px) 100vw, 512px\" \/><\/div><\/a><div class=\"w-iconbox-meta\"><a target=\"_blank\" rel=\"nofollow\" href=\"&lt;p&gt;https:\/\/masterproducts.es\/wp-content\/uploads\/2024\/06\/MS-Sorter-100-LiTE_FR.pdf&lt;\/p&gt;\" class=\"w-iconbox-link\" aria-label=\"Sp\u00e9cifications techniques\"><span class=\"w-iconbox-title\">Sp\u00e9cifications techniques<\/span><\/a><\/div><\/div><\/div><\/div><div class=\"wpb_column vc_column_container\"><div class=\"vc_column-inner\"><\/div><\/div><div class=\"wpb_column vc_column_container\"><div class=\"vc_column-inner\"><\/div><\/div><\/div><\/div><\/div><\/div><div class=\"w-tabs-section\" id=\"u25f\"><button class=\"w-tabs-section-header\" aria-controls=\"content-u25f\" aria-expanded=\"false\"><div class=\"w-tabs-section-title\">Donn\u00e9es techniques<\/div><div class=\"w-tabs-section-control\"><\/div><\/button><div  class=\"w-tabs-section-content\" id=\"content-u25f\"><div class=\"w-tabs-section-content-h i-cf\"><div class=\"wpb_text_column\"><div class=\"wpb_wrapper\"><table class=\"table is-fullwidth has-poppins p-6\" data-v-78f6ea54=\"\">\n<tbody data-v-78f6ea54=\"\">\n<tr data-v-78f6ea54=\"\">\n<td data-v-78f6ea54=\"\"><strong>Poids \u00a0\u00a0\u00a0\u00a0\u00a0\u00a0\u00a0\u00a0\u00a0\u00a0\u00a0\u00a0\u00a0\u00a0\u00a0\u00a0 <\/strong><\/td>\n<td data-v-78f6ea54=\"\">5 Kg<\/td>\n<\/tr>\n<tr data-v-78f6ea54=\"\">\n<td data-v-78f6ea54=\"\"><strong>Dimensions bo\u00eete 1 <\/strong><\/td>\n<td data-v-78f6ea54=\"\">45,7&#215;8,9&#215;30,5 cm (grid of 20mm slot)<\/td>\n<\/tr>\n<tr data-v-78f6ea54=\"\">\n<td data-v-78f6ea54=\"\"><strong>Dimensions bo\u00eete 2 \u00a0\u00a0<\/strong><\/td>\n<td data-v-78f6ea54=\"\">45,7&#215;15,2&#215;30,5 (grid of 13mm slots)<\/td>\n<\/tr>\n<tr data-v-78f6ea54=\"\">\n<td data-v-78f6ea54=\"\"><strong>Dimensions bo\u00eete 3<\/strong><\/td>\n<td data-v-78f6ea54=\"\">45,7&#215;8,9&#215;30,5 (grid of 5mm slots)<\/td>\n<\/tr>\n<tr data-v-78f6ea54=\"\">\n<td data-v-78f6ea54=\"\"><strong>Dimensions bo\u00eete 4 <\/strong><\/td>\n<td data-v-78f6ea54=\"\">45,7&#215;8,9&#215;30,5<\/td>\n<\/tr>\n<tr data-v-78f6ea54=\"\">\n<td data-v-78f6ea54=\"\"><strong>Grilles \u00e0 fente<\/strong><\/td>\n<td data-v-78f6ea54=\"\">20mm, 13mm, 5mm<\/td>\n<\/tr>\n<tr data-v-78f6ea54=\"\">\n<td data-v-78f6ea54=\"\"><strong>Mat\u00e9riau<\/strong><\/td>\n<td data-v-78f6ea54=\"\">Polycarbonate<\/td>\n<\/tr>\n<tr data-v-78f6ea54=\"\">\n<td data-v-78f6ea54=\"\"><strong>Capacit\u00e9 standard \u00a0 \u00a0 \u00a0 \u00a0 \u00a0 \u00a0 \u00a0 \u00a0 \u00a0 \u00a0 \u00a0 \u00a0\u00a0<\/strong><\/td>\n<td data-v-78f6ea54=\"\">1 Kg<\/td>\n<\/tr>\n<tr data-v-78f6ea54=\"\">\n<td data-v-78f6ea54=\"\"><strong>Certifications<\/strong><\/td>\n<td data-v-78f6ea54=\"\">\u00a0CE, RoHS<\/td>\n<\/tr>\n<tr data-v-78f6ea54=\"\">\n<td data-v-78f6ea54=\"\"><strong>Garantie <\/strong><\/td>\n<td data-v-78f6ea54=\"\">2 ann\u00e9s<\/td>\n<\/tr>\n<\/tbody>\n<\/table>\n<\/div><\/div><\/div><\/div><\/div><\/div><\/div><div class=\"w-separator size_small\"><\/div><div class=\"w-hwrapper us_custom_b2b33b1a master-precio-banner valign_middle stack_on_mobiles align_center\"><p class=\"w-post-elm product_field price us_custom_9cbe97f1 has_text_color\"><span class=\"woocommerce-Price-amount amount\"><bdi>175,00&nbsp;<span class=\"woocommerce-Price-currencySymbol\">&euro;<\/span><\/bdi><\/span> <small class=\"woocommerce-price-suffix\">+ TVA<\/small><\/p><div class=\"w-post-elm add_to_cart us_custom_6df4bc3a has_text_color\">\n\t\n\t<form class=\"cart\" action=\"https:\/\/masterproducts.store\/fr\/producto\/master-sorter-100-lite\/\" method=\"post\" enctype='multipart\/form-data'>\n\t\t\n\t\t<div class=\"quantity\">\n\t\t<label class=\"screen-reader-text\" for=\"quantity_69d448bda5d6e\">quantit\u00e9 de MS SORTER 100 LiTE<\/label>\n\t<input\n\t\ttype=\"number\"\n\t\t\t\tid=\"quantity_69d448bda5d6e\"\n\t\tclass=\"input-text qty text\"\n\t\tname=\"quantity\"\n\t\tvalue=\"1\"\n\t\taria-label=\"Quantit\u00e9 de produits\"\n\t\t\t\tmin=\"1\"\n\t\t\t\t\t\t\tstep=\"1\"\n\t\t\tplaceholder=\"\"\n\t\t\tinputmode=\"numeric\"\n\t\t\tautocomplete=\"off\"\n\t\t\t\/>\n\t<\/div>\n\n\t\t<button type=\"submit\" name=\"add-to-cart\" value=\"793\" class=\"single_add_to_cart_button button alt\">Ajouter au panier<\/button>\n\n\t\t\t<\/form>\n\n\t\n<div class=\"woocommerce-notices-wrapper\"><\/div><\/div><\/div><div class=\"w-separator size_small\"><\/div><\/div><\/div><\/div><\/div><\/section>\n","protected":false},"excerpt":{"rendered":"Accueil\/PagesMS SORTER 100 LiTE TRIEZ VOS FLEURS DES FLEURS DE CANNABIS EN UN TEMPS RECORD ET SANS EFFORT! Efficacit\u00e9 et pr\u00e9cision se conjuguent comme jamais ! D\u00e9couvrez tout le potentiel du MS Sorter 100 LiTE, la trieuse manuelle de fleurs de cannabis con\u00e7ue pour fournir des r\u00e9sultats de qualit\u00e9 sup\u00e9rieure. La MS Sorter 100 LiTE...","protected":false},"featured_media":3792,"comment_status":"open","ping_status":"closed","template":"","meta":[],"product_brand":[],"product_cat":[44],"product_tag":[],"class_list":{"0":"post-793","1":"product","2":"type-product","3":"status-publish","4":"has-post-thumbnail","6":"product_cat-lite-fr","8":"first","9":"instock","10":"taxable","11":"shipping-taxable","12":"purchasable","13":"product-type-simple"},"yoast_head":"<!-- This site is optimized with the Yoast SEO plugin v27.3 - https:\/\/yoast.com\/product\/yoast-seo-wordpress\/ -->\n<title>MS SORTER 100 LiTE - Master Products Store<\/title>\n<meta name=\"robots\" content=\"index, follow, max-snippet:-1, max-image-preview:large, max-video-preview:-1\" \/>\n<link rel=\"canonical\" href=\"https:\/\/masterproducts.store\/fr\/producto\/master-sorter-100-lite\/\" \/>\n<meta property=\"og:locale\" content=\"fr_FR\" \/>\n<meta property=\"og:type\" content=\"article\" \/>\n<meta property=\"og:title\" content=\"MS SORTER 100 LiTE - Master Products Store\" \/>\n<meta property=\"og:url\" content=\"https:\/\/masterproducts.store\/fr\/producto\/master-sorter-100-lite\/\" \/>\n<meta property=\"og:site_name\" content=\"Master Products Store\" \/>\n<meta property=\"article:publisher\" content=\"https:\/\/www.facebook.com\/masterproductsofficial\" \/>\n<meta property=\"article:modified_time\" content=\"2025-04-07T13:28:47+00:00\" \/>\n<meta property=\"og:image\" content=\"https:\/\/masterproducts.store\/wp-content\/uploads\/2024\/06\/mt-pocket-_1_.webp\" \/>\n\t<meta property=\"og:image:width\" content=\"1000\" \/>\n\t<meta property=\"og:image:height\" content=\"1000\" \/>\n\t<meta property=\"og:image:type\" content=\"image\/webp\" \/>\n<meta name=\"twitter:card\" content=\"summary_large_image\" \/>\n<meta name=\"twitter:label1\" content=\"Dur\u00e9e de lecture estim\u00e9e\" \/>\n\t<meta name=\"twitter:data1\" content=\"2 minutes\" \/>\n<script type=\"application\/ld+json\" class=\"yoast-schema-graph\">{\"@context\":\"https:\\\/\\\/schema.org\",\"@graph\":[{\"@type\":\"WebPage\",\"@id\":\"https:\\\/\\\/masterproducts.store\\\/fr\\\/producto\\\/master-sorter-100-lite\\\/\",\"url\":\"https:\\\/\\\/masterproducts.store\\\/fr\\\/producto\\\/master-sorter-100-lite\\\/\",\"name\":\"MS SORTER 100 LiTE - Master Products Store\",\"isPartOf\":{\"@id\":\"https:\\\/\\\/masterproducts.store\\\/fr\\\/#website\"},\"primaryImageOfPage\":{\"@id\":\"https:\\\/\\\/masterproducts.store\\\/fr\\\/producto\\\/master-sorter-100-lite\\\/#primaryimage\"},\"image\":{\"@id\":\"https:\\\/\\\/masterproducts.store\\\/fr\\\/producto\\\/master-sorter-100-lite\\\/#primaryimage\"},\"thumbnailUrl\":\"https:\\\/\\\/masterproducts.store\\\/wp-content\\\/uploads\\\/2024\\\/06\\\/mt-pocket-_1_.webp\",\"datePublished\":\"2024-06-03T11:02:41+00:00\",\"dateModified\":\"2025-04-07T13:28:47+00:00\",\"breadcrumb\":{\"@id\":\"https:\\\/\\\/masterproducts.store\\\/fr\\\/producto\\\/master-sorter-100-lite\\\/#breadcrumb\"},\"inLanguage\":\"fr-FR\",\"potentialAction\":[{\"@type\":\"ReadAction\",\"target\":[\"https:\\\/\\\/masterproducts.store\\\/fr\\\/producto\\\/master-sorter-100-lite\\\/\"]}]},{\"@type\":\"ImageObject\",\"inLanguage\":\"fr-FR\",\"@id\":\"https:\\\/\\\/masterproducts.store\\\/fr\\\/producto\\\/master-sorter-100-lite\\\/#primaryimage\",\"url\":\"https:\\\/\\\/masterproducts.store\\\/wp-content\\\/uploads\\\/2024\\\/06\\\/mt-pocket-_1_.webp\",\"contentUrl\":\"https:\\\/\\\/masterproducts.store\\\/wp-content\\\/uploads\\\/2024\\\/06\\\/mt-pocket-_1_.webp\",\"width\":1000,\"height\":1000},{\"@type\":\"BreadcrumbList\",\"@id\":\"https:\\\/\\\/masterproducts.store\\\/fr\\\/producto\\\/master-sorter-100-lite\\\/#breadcrumb\",\"itemListElement\":[{\"@type\":\"ListItem\",\"position\":1,\"name\":\"Portada\",\"item\":\"https:\\\/\\\/masterproducts.store\\\/fr\\\/\"},{\"@type\":\"ListItem\",\"position\":2,\"name\":\"Boutique\",\"item\":\"https:\\\/\\\/masterproducts.store\\\/fr\\\/boutique\\\/\"},{\"@type\":\"ListItem\",\"position\":3,\"name\":\"MS SORTER 100 LiTE\"}]},{\"@type\":\"WebSite\",\"@id\":\"https:\\\/\\\/masterproducts.store\\\/fr\\\/#website\",\"url\":\"https:\\\/\\\/masterproducts.store\\\/fr\\\/\",\"name\":\"Master Products Store\",\"description\":\"Equipos de Poscosecha para cannabis, \u00a1A tu alcance!\",\"publisher\":{\"@id\":\"https:\\\/\\\/masterproducts.store\\\/fr\\\/#organization\"},\"potentialAction\":[{\"@type\":\"SearchAction\",\"target\":{\"@type\":\"EntryPoint\",\"urlTemplate\":\"https:\\\/\\\/masterproducts.store\\\/fr\\\/?s={search_term_string}\"},\"query-input\":{\"@type\":\"PropertyValueSpecification\",\"valueRequired\":true,\"valueName\":\"search_term_string\"}}],\"inLanguage\":\"fr-FR\"},{\"@type\":\"Organization\",\"@id\":\"https:\\\/\\\/masterproducts.store\\\/fr\\\/#organization\",\"name\":\"Master Products Store\",\"url\":\"https:\\\/\\\/masterproducts.store\\\/fr\\\/\",\"logo\":{\"@type\":\"ImageObject\",\"inLanguage\":\"fr-FR\",\"@id\":\"https:\\\/\\\/masterproducts.store\\\/fr\\\/#\\\/schema\\\/logo\\\/image\\\/\",\"url\":\"https:\\\/\\\/masterproducts.store\\\/wp-content\\\/uploads\\\/2024\\\/06\\\/MP-Logotip_png-1024x188-1.png\",\"contentUrl\":\"https:\\\/\\\/masterproducts.store\\\/wp-content\\\/uploads\\\/2024\\\/06\\\/MP-Logotip_png-1024x188-1.png\",\"width\":1024,\"height\":188,\"caption\":\"Master Products Store\"},\"image\":{\"@id\":\"https:\\\/\\\/masterproducts.store\\\/fr\\\/#\\\/schema\\\/logo\\\/image\\\/\"},\"sameAs\":[\"https:\\\/\\\/www.facebook.com\\\/masterproductsofficial\"]}]}<\/script>\n<!-- \/ Yoast SEO plugin. -->","yoast_head_json":{"title":"MS SORTER 100 LiTE - Master Products Store","robots":{"index":"index","follow":"follow","max-snippet":"max-snippet:-1","max-image-preview":"max-image-preview:large","max-video-preview":"max-video-preview:-1"},"canonical":"https:\/\/masterproducts.store\/fr\/producto\/master-sorter-100-lite\/","og_locale":"fr_FR","og_type":"article","og_title":"MS SORTER 100 LiTE - Master Products Store","og_url":"https:\/\/masterproducts.store\/fr\/producto\/master-sorter-100-lite\/","og_site_name":"Master Products Store","article_publisher":"https:\/\/www.facebook.com\/masterproductsofficial","article_modified_time":"2025-04-07T13:28:47+00:00","og_image":[{"width":1000,"height":1000,"url":"https:\/\/masterproducts.store\/wp-content\/uploads\/2024\/06\/mt-pocket-_1_.webp","type":"image\/webp"}],"twitter_card":"summary_large_image","twitter_misc":{"Dur\u00e9e de lecture estim\u00e9e":"2 minutes"},"schema":{"@context":"https:\/\/schema.org","@graph":[{"@type":"WebPage","@id":"https:\/\/masterproducts.store\/fr\/producto\/master-sorter-100-lite\/","url":"https:\/\/masterproducts.store\/fr\/producto\/master-sorter-100-lite\/","name":"MS SORTER 100 LiTE - Master Products Store","isPartOf":{"@id":"https:\/\/masterproducts.store\/fr\/#website"},"primaryImageOfPage":{"@id":"https:\/\/masterproducts.store\/fr\/producto\/master-sorter-100-lite\/#primaryimage"},"image":{"@id":"https:\/\/masterproducts.store\/fr\/producto\/master-sorter-100-lite\/#primaryimage"},"thumbnailUrl":"https:\/\/masterproducts.store\/wp-content\/uploads\/2024\/06\/mt-pocket-_1_.webp","datePublished":"2024-06-03T11:02:41+00:00","dateModified":"2025-04-07T13:28:47+00:00","breadcrumb":{"@id":"https:\/\/masterproducts.store\/fr\/producto\/master-sorter-100-lite\/#breadcrumb"},"inLanguage":"fr-FR","potentialAction":[{"@type":"ReadAction","target":["https:\/\/masterproducts.store\/fr\/producto\/master-sorter-100-lite\/"]}]},{"@type":"ImageObject","inLanguage":"fr-FR","@id":"https:\/\/masterproducts.store\/fr\/producto\/master-sorter-100-lite\/#primaryimage","url":"https:\/\/masterproducts.store\/wp-content\/uploads\/2024\/06\/mt-pocket-_1_.webp","contentUrl":"https:\/\/masterproducts.store\/wp-content\/uploads\/2024\/06\/mt-pocket-_1_.webp","width":1000,"height":1000},{"@type":"BreadcrumbList","@id":"https:\/\/masterproducts.store\/fr\/producto\/master-sorter-100-lite\/#breadcrumb","itemListElement":[{"@type":"ListItem","position":1,"name":"Portada","item":"https:\/\/masterproducts.store\/fr\/"},{"@type":"ListItem","position":2,"name":"Boutique","item":"https:\/\/masterproducts.store\/fr\/boutique\/"},{"@type":"ListItem","position":3,"name":"MS SORTER 100 LiTE"}]},{"@type":"WebSite","@id":"https:\/\/masterproducts.store\/fr\/#website","url":"https:\/\/masterproducts.store\/fr\/","name":"Master Products Store","description":"Equipos de Poscosecha para cannabis, \u00a1A tu alcance!","publisher":{"@id":"https:\/\/masterproducts.store\/fr\/#organization"},"potentialAction":[{"@type":"SearchAction","target":{"@type":"EntryPoint","urlTemplate":"https:\/\/masterproducts.store\/fr\/?s={search_term_string}"},"query-input":{"@type":"PropertyValueSpecification","valueRequired":true,"valueName":"search_term_string"}}],"inLanguage":"fr-FR"},{"@type":"Organization","@id":"https:\/\/masterproducts.store\/fr\/#organization","name":"Master Products Store","url":"https:\/\/masterproducts.store\/fr\/","logo":{"@type":"ImageObject","inLanguage":"fr-FR","@id":"https:\/\/masterproducts.store\/fr\/#\/schema\/logo\/image\/","url":"https:\/\/masterproducts.store\/wp-content\/uploads\/2024\/06\/MP-Logotip_png-1024x188-1.png","contentUrl":"https:\/\/masterproducts.store\/wp-content\/uploads\/2024\/06\/MP-Logotip_png-1024x188-1.png","width":1024,"height":188,"caption":"Master Products Store"},"image":{"@id":"https:\/\/masterproducts.store\/fr\/#\/schema\/logo\/image\/"},"sameAs":["https:\/\/www.facebook.com\/masterproductsofficial"]}]}},"_links":{"self":[{"href":"https:\/\/masterproducts.store\/fr\/wp-json\/wp\/v2\/product\/793","targetHints":{"allow":["GET"]}}],"collection":[{"href":"https:\/\/masterproducts.store\/fr\/wp-json\/wp\/v2\/product"}],"about":[{"href":"https:\/\/masterproducts.store\/fr\/wp-json\/wp\/v2\/types\/product"}],"replies":[{"embeddable":true,"href":"https:\/\/masterproducts.store\/fr\/wp-json\/wp\/v2\/comments?post=793"}],"wp:featuredmedia":[{"embeddable":true,"href":"https:\/\/masterproducts.store\/fr\/wp-json\/wp\/v2\/media\/3792"}],"wp:attachment":[{"href":"https:\/\/masterproducts.store\/fr\/wp-json\/wp\/v2\/media?parent=793"}],"wp:term":[{"taxonomy":"product_brand","embeddable":true,"href":"https:\/\/masterproducts.store\/fr\/wp-json\/wp\/v2\/product_brand?post=793"},{"taxonomy":"product_cat","embeddable":true,"href":"https:\/\/masterproducts.store\/fr\/wp-json\/wp\/v2\/product_cat?post=793"},{"taxonomy":"product_tag","embeddable":true,"href":"https:\/\/masterproducts.store\/fr\/wp-json\/wp\/v2\/product_tag?post=793"}],"curies":[{"name":"wp","href":"https:\/\/api.w.org\/{rel}","templated":true}]}}